{"id":84,"date":"2020-08-04T12:21:36","date_gmt":"2020-08-04T10:21:36","guid":{"rendered":"https:\/\/businessschool.luiss.it\/board-academy\/?page_id=84"},"modified":"2022-07-14T14:46:34","modified_gmt":"2022-07-14T12:46:34","slug":"faculty","status":"publish","type":"page","link":"https:\/\/businessschool.luiss.it\/board-academy\/faculty\/","title":{"rendered":"Faculty"},"content":{"rendered":"\n<p>La faculty \u00e8 composta da accademici della Luiss Business School, oltre che da professionisti e manager con consolidata esperienza aziendale e didattica.<\/p>\n\n\n\n<h3 class=\"wp-block-heading\">Referenti Scientifici<\/h3>\n\n\n\n<ul class=\"wp-block-list\"><li><strong>Paolo Boccardelli, <\/strong>Professore Ordinario di Management e Strategie d\u2019Impresa, Luiss Guido Carli<\/li><li><strong>Massimo Menchini<\/strong>, Direttore Relazioni Istituzionali e Corporate Governance, Assogestioni<\/li><\/ul>\n\n\n\n<h3 class=\"wp-block-heading\">Comitato Scientifico<\/h3>\n\n\n\n<ul class=\"wp-block-list\"><li><strong>Luigi Abete<\/strong>, Presidente, Luiss Business School<\/li><li><strong>Lorenzo Bini Smaghi,<\/strong> Presidente, Soci\u00e9t\u00e9 G\u00e9n\u00e9rale<\/li><li><strong>Salvatore De Rienzo<\/strong>, Egon Zehnder<\/li><li><strong>Carmine Di Noia, <\/strong>OECD Directorate for Financial and Enterprise Affairs<\/li><li><strong>Fabio Galli<\/strong>, Direttore Generale, Assogestioni<\/li><li><strong>Patrizia Grieco,<\/strong> Presidente del Consiglio di Amministrazione, Banca Monte dei Paschi di Siena<\/li><li><strong>Giovanni Lo Storto<\/strong>, Direttore Generale, Luiss Guido Carli<\/li><li><strong>Marco Morelli<\/strong>, Presidente Esecutivo, Axa Investment Managers<\/li><li><strong>Francesca Pasinelli<\/strong>, Direttrice Generale, Fondazione Telethon<\/li><li><strong>Alessandra Perrazzelli, <\/strong>Membro del Direttorio e Vice Direttrice Generale, Banca d&#8217;Italia<\/li><li><strong>Paola Severino<\/strong>, Vice Presidente Luiss Guido Carli con delega all\u2019internazionalizzazione<\/li><\/ul>\n","protected":false},"excerpt":{"rendered":"<p>La faculty \u00e8 composta da accademici della Luiss Business School, oltre che da professionisti e manager con consolidata esperienza aziendale [&hellip;]<\/p>\n","protected":false},"author":5,"featured_media":0,"parent":0,"menu_order":0,"comment_status":"closed","ping_status":"closed","template":"","meta":{"_acf_changed":false,"footnotes":""},"categories":[],"tags":[],"docenti_teaching_area":[],"docenti_research_area":[],"tematiche":[],"lingue":[],"lunghezza_corsi":[],"class_list":["post-84","page","type-page","status-publish","hentry"],"acf":[],"aioseo_notices":[],"_links":{"self":[{"href":"https:\/\/businessschool.luiss.it\/board-academy\/wp-json\/wp\/v2\/pages\/84","targetHints":{"allow":["GET"]}}],"collection":[{"href":"https:\/\/businessschool.luiss.it\/board-academy\/wp-json\/wp\/v2\/pages"}],"about":[{"href":"https:\/\/businessschool.luiss.it\/board-academy\/wp-json\/wp\/v2\/types\/page"}],"author":[{"embeddable":true,"href":"https:\/\/businessschool.luiss.it\/board-academy\/wp-json\/wp\/v2\/users\/5"}],"replies":[{"embeddable":true,"href":"https:\/\/businessschool.luiss.it\/board-academy\/wp-json\/wp\/v2\/comments?post=84"}],"version-history":[{"count":4,"href":"https:\/\/businessschool.luiss.it\/board-academy\/wp-json\/wp\/v2\/pages\/84\/revisions"}],"predecessor-version":[{"id":256,"href":"https:\/\/businessschool.luiss.it\/board-academy\/wp-json\/wp\/v2\/pages\/84\/revisions\/256"}],"wp:attachment":[{"href":"https:\/\/businessschool.luiss.it\/board-academy\/wp-json\/wp\/v2\/media?parent=84"}],"wp:term":[{"taxonomy":"category","embeddable":true,"href":"https:\/\/businessschool.luiss.it\/board-academy\/wp-json\/wp\/v2\/categories?post=84"},{"taxonomy":"post_tag","embeddable":true,"href":"https:\/\/businessschool.luiss.it\/board-academy\/wp-json\/wp\/v2\/tags?post=84"},{"taxonomy":"docenti_teaching_area","embeddable":true,"href":"https:\/\/businessschool.luiss.it\/board-academy\/wp-json\/wp\/v2\/docenti_teaching_area?post=84"},{"taxonomy":"docenti_research_area","embeddable":true,"href":"https:\/\/businessschool.luiss.it\/board-academy\/wp-json\/wp\/v2\/docenti_research_area?post=84"},{"taxonomy":"tematiche","embeddable":true,"href":"https:\/\/businessschool.luiss.it\/board-academy\/wp-json\/wp\/v2\/tematiche?post=84"},{"taxonomy":"lingue","embeddable":true,"href":"https:\/\/businessschool.luiss.it\/board-academy\/wp-json\/wp\/v2\/lingue?post=84"},{"taxonomy":"lunghezza_corsi","embeddable":true,"href":"https:\/\/businessschool.luiss.it\/board-academy\/wp-json\/wp\/v2\/lunghezza_corsi?post=84"}],"curies":[{"name":"wp","href":"https:\/\/api.w.org\/{rel}","templated":true}]}}