{"id":103,"date":"2017-01-26T08:27:20","date_gmt":"2017-01-26T08:27:20","guid":{"rendered":"https:\/\/businessschool.luiss.it\/ershub\/?page_id=103"},"modified":"2017-01-26T08:27:20","modified_gmt":"2017-01-26T08:27:20","slug":"eventi","status":"publish","type":"page","link":"https:\/\/businessschool.luiss.it\/cesid\/eventi\/","title":{"rendered":"EVENTI"},"content":{"rendered":"<h3>Eventi sulla Sostenibilit\u00e0 in Luiss Business School<\/h3>\n<h4>2021<\/h4>\n<ul>\n<li><strong>SustainEconomy.24<\/strong> \u2013 continuazione dell\u2019appuntamento periodico<\/li>\n<li>22 Apr 21 \u2013 <a href=\"https:\/\/businessschool.luiss.it\/news\/data-girls-5-grow-finale\/\">Evento Finale della edizione 20-21 di <strong>GROW \u2013 Data Girls<\/strong><\/a><\/li>\n<li>13 Apr 21 \u2013 <a href=\"https:\/\/businessschool.luiss.it\/news\/ceo-meeting-elis-paolo-boccardelli\/\"><strong>CEO Meeting in cooperation with ELIS Consortium<\/strong><\/a><\/li>\n<li>23 Mar 21 <strong>&#8211; <\/strong><a href=\"https:\/\/businessschool.luiss.it\/evento\/supply-chain-webinar-23marzo\/\"><strong>Le Supply Chain in era Covid fra volatilit\u00e0 estrema, digitale e sostenibilit\u00e0<\/strong><\/a><\/li>\n<li>26 Feb 21 \u2013 <a href=\"https:\/\/businessschool.luiss.it\/news\/sustaineconomy24-arbolia\/\"><strong>Arbolia: polmoni verdi per ridurre la Co2. <\/strong><strong>Facciamo nascere boschi per migliorare gli ecosistemi<\/strong><\/a><\/li>\n<li>22 Feb 21 &#8211; <a href=\"https:\/\/businessschool.luiss.it\/evento\/il-piano-transizione-4-0-le-nuove-agevolazioni-fiscali\/\"><strong>Il Piano Transizione 4.0: le nuove agevolazioni fiscali<\/strong><\/a><\/li>\n<li>18 Feb 21 \u2013 <a href=\"https:\/\/businessschool.luiss.it\/evento\/il-welfare-del-futuro-dopo-la-pandemia\/\"><strong>Il Welfare del Futuro: dopo la pandemia<\/strong><\/a><\/li>\n<\/ul>\n<h4>2020<\/h4>\n<ul>\n<li>10-25 Dic 20 \u2013 <a href=\"https:\/\/businessschool.luiss.it\/news\/refolded-percorsi-meta-artistici\/\">Mostra <strong>Re-Folded<\/strong><\/a><\/li>\n<li>27 Nov 20 &#8211; Italia 2030 n. 13: <strong>Un salto di qualit\u00e0 nella governance dell&#8217;immigrazione e della sua valorizzazione economica<\/strong><\/li>\n<li>26 Nov 20 &#8211; Italia 2030 n. 12: <strong>Famiglia, fecondit\u00e0 e lavoro in Italia<\/strong><\/li>\n<li>24 Nov 20 &#8211; Italia 2030 n. 11: <strong>Active aging: produttivit\u00e0 e non-autosufficienza<\/strong><\/li>\n<li>23 Nov 20 &#8211; Italia 2030 n. 10: <strong>La finanza per la transizione delle PMI verso l\u2019economia circolare<\/strong><\/li>\n<li>13 Nov 20 &#8211; Italia 2030 n. 9: <strong>lI contributo delle piattaforme digitali allo sviluppo dell\u2019economia circolare e i problemi connessi al recupero dei materiali di supporto<\/strong><\/li>\n<li>10 Nov 20 &#8211; Italia 2030 n. 8: <strong>La chimica verde italiana: il ponte verso il futuro della bioeconomia alla luce del Green New Deal europeo<\/strong><\/li>\n<li>3 Nov 20 &#8211; Italia 2030 n. 7: <strong>Le innovazioni &#8220;circolari&#8221; nell\u2019agricoltura food e no-food<\/strong><\/li>\n<li>30 Ott 20 &#8211; Italia 2030 n. 6: <strong>La gestione sostenibile dei rifiuti<\/strong><\/li>\n<li>27 Ott 20 &#8211; Italia 2030 n. 5: <strong>Fonti rinnovabili, efficienza energetica nei programmi di medio termine<\/strong><\/li>\n<li>26 Ott 20 &#8211; Italia 2030 n. 4: <strong>Circular Blue economy: opportunit\u00e0 per la crescita<\/strong><\/li>\n<li>23 Ott 20 &#8211; Italia 2030 n.3: <strong>Il recupero dei brownfield e la transizione verde<\/strong><\/li>\n<li>22 Ott 20 &#8211; Italia 2030 n.2: <strong>L\u2019economia circolare: un\u2019opportunit\u00e0 per ripensare le costruzioni<\/strong><\/li>\n<li>20 Ott 20 \u2013 lancio ufficiale di <strong>Italia 2030<\/strong>: <strong>Innovazioni per la sostenibilit\u00e0 della mobilit\u00e0 e dell\u2019aerospazio<\/strong><\/li>\n<li>20 Lug 20 \u2013 webinar series: <strong>Il Piano Transizione 4.0: le nuove agevolazioni fiscali. Il credito d\u2019imposta per ricerca, sviluppo, innovazione, design e per l\u2019acquisto di beni strumentali<\/strong><\/li>\n<li>16 Lug 20\u2013 webinar series: <strong>Il Green Deal, un\u2019opportunit\u00e0 di rilancio e crescita per il nostro Paese<\/strong><\/li>\n<li>15 Lug 20 \u2013 webinar series: <strong>Leadership e gestione remota nella nuova impresa digitale<\/strong><\/li>\n<li>9 Lug 2020 \u2013 lancio di <a href=\"https:\/\/businessschool.luiss.it\/news\/sustaineconomy-24-01\/\"><strong>SustainEconomy.24<\/strong><\/a><\/li>\n<li>8 Lug 20 &#8211; webinar series: <strong>Edison e transizione energetica: strategia, progetti e innovazione<\/strong><\/li>\n<li>4 Giu 20 &#8211; webinar series: <strong>La transizione energetica e il ruolo dell\u2019idrogeno nel mondo post-Covid<\/strong><\/li>\n<li>8 Mag 20 &#8211; <a href=\"https:\/\/businessschool.luiss.it\/evento\/quale-finanza-senza-etica-il-caso-diavoli\/\"><strong>Quale finanza senza etica? Il caso Diavoli<\/strong><\/a><\/li>\n<li>6 Mag 20 &#8211; <strong>La trasformazione digitale del Paese tra infrastrutture e nuove competenze<\/strong><\/li>\n<li>6 Mag 20 &#8211; <a href=\"https:\/\/businessschool.luiss.it\/evento\/full-time-mba-online-masterclass-discovering-some-soft-skills-an-unusual-reflection-on-diversity-creativity-and-improvisation-e-qa\/\">Full-time MBA Online Masterclass<strong> \u201cDiscovering (some) soft skills: An unusual reflection on diversity, creativity and improvisation<\/strong>\u201d + Q&amp;A<\/a><\/li>\n<li>30 Gen 20 &#8211; conferenza <a href=\"https:\/\/businessschool.luiss.it\/evento\/traiettorie-evolutive-e-competenze-per-le-imprese-energy\/\"><strong>Traiettorie evolutive e competenze per le imprese energy<\/strong><\/a><\/li>\n<\/ul>\n<h4>2019<\/h4>\n<ul>\n<li>29 Nov 19 \u2013 Conferenza <strong>Dalla Crisi alla Trasformazione Sostenibile &#8211; Il Paradigma Tirreno Power<\/strong><\/li>\n<li>29 Ott 19 \u2013 <strong>Premio Italia Giovane<\/strong><\/li>\n<li>8 Ott 19 &#8211; <a href=\"https:\/\/businessschool.luiss.it\/evento\/towards-business2030-by-integrating-purpose-and-materiality-with-innovation-and-performance\/\"><strong>Towards Business2030 <\/strong>by integrating Purpose and Materiality with Innovation and Performance<\/a><\/li>\n<li>1 Ott 19 \u2013 lancio <a href=\"https:\/\/businessschool.luiss.it\/evento\/ethos-luiss-business-school-osservatorio-etica-pubblica\/\"><strong>Ethos Luiss Business Schoo<\/strong>l \u2013 Osservatorio Etica Pubblica<\/a><\/li>\n<li>1 Ott 19 &#8211; Fondazione Italia Sociale introduced the project <strong>Civic Gym<\/strong><\/li>\n<li>1 Lug 19 &#8211; <a href=\"https:\/\/businessschool.luiss.it\/en\/news-en\/the-cutting-edge-of-hybrid-organizations\/\"><strong>The Cutting Edge of Hybrid Organizations<\/strong><\/a><\/li>\n<li>3\u00b0 Workshop su <strong>Responsibility, Sustainability and Social Entrepreneurship<\/strong><\/li>\n<li>5 Giu 19 &#8211; <a href=\"https:\/\/formiche.net\/gallerie\/paglia-morcellini-luiss-foto-pizzi\/\"><strong>Fairness e sicurezza<\/strong><\/a><\/li>\n<li>31 Mag 19 &#8211; <strong>ERS tour<\/strong> dedicato a 40 accademici per <strong>INSEAD Business School<\/strong>, in collaborazione con <strong>CooperACTiva<\/strong> e <strong>OpenHeritage<\/strong><\/li>\n<li>31 Mag 19 \u2013 <a href=\"https:\/\/www.luiss.it\/evento\/2019\/05\/30\/ri-scatto-sociale-2nd-edition\"><strong>Ri-scatto Sociale<\/strong> &#8211; 2\u00b0 edizione<\/a><\/li>\n<li>31 Mag 19 &#8211; Business Plan per <strong>HummusTown<\/strong> (con gli studenti del progetto VolunteERS)<\/li>\n<li>29 Mag 19 &#8211; <strong>The Workshop for Solidarity and Integration<\/strong> \u2013 parte del Festival dello Sviluppo Sostenibile promosso da ASVIS<\/li>\n<li>20 Mag 19 \u2013 <a href=\"https:\/\/businessschool.luiss.it\/news\/global-sustainability-forum-2019\/\"><strong>Global Sustainability Forum 2019<\/strong><\/a><\/li>\n<li>2 Apr 19 &#8211; <a href=\"https:\/\/businessschool.luiss.it\/evento\/il-prezzo-della-gratuita\/\"><strong>Il prezzo della gratuit\u00e0: pirateria e rischi informatici<\/strong><\/a><\/li>\n<li>20 Mar 19 &#8211; <strong>Servizio Civile City Lab<\/strong> per il Festival Nazionale dell\u2019Economia Civile promosso da NeXt \u2013 Nuova Economia per Tutti \u2013 1\u00b0 parte<\/li>\n<li>16 Mar 19 &#8211; Keynote speech per <strong>Croce Rossa Italiana<\/strong> \u2013 Div. Campania<\/li>\n<li>12 Mar 19 &#8211; Stakeholder engagement session per <strong>WIND<\/strong><\/li>\n<li>8 Feb 19 \u2013 Pranzo Sociale per <strong>HummusTown<\/strong><\/li>\n<li>7 Feb 19 &#8211; <a href=\"https:\/\/www.macroasilo.it\/media\/paola-romoli-venturi-rovesciare-003\"><strong>How to integrate sustainability and business @ MACRO asilo<\/strong><\/a><\/li>\n<\/ul>\n<h4>2018<\/h4>\n<ul>\n<li>13 Dic 18 &#8211; <a href=\"http:\/\/www.roma.federmanager.it\/premio-minerva-donna-deccellenza-2018\/\"><strong>Premio Minerva Donna d&#8217;Eccellenza<\/strong> <strong>2018<\/strong><\/a><\/li>\n<li>8 Nov 18 \u2013 <strong>Premio Italia Giovane 2018<\/strong><\/li>\n<li>9 Ott 18 &#8211; <a href=\"https:\/\/businessschool.luiss.it\/evento\/sostenibilita-come-elemento-di-creazione-di-valore\/\"><strong>Sostenibilit\u00e0 come elemento di Creazione di Valore<\/strong><\/a><\/li>\n<li>13 Lug 18 &#8211; <a href=\"https:\/\/businessschool.luiss.it\/evento\/limprenditorialita-incontra-il-sociale-e-laccademia-incontra-il-mondo\/\"><strong>L\u2019imprenditorialit\u00e0 incontra il sociale e l\u2019accademia incontra il mondo<\/strong><\/a>: nascita di <strong>RiDaje, <\/strong>start-up sociale di inclusione, che lavora sul fenomeno degli homeless<\/li>\n<li>4 Giu 18 &#8211; Mostra fotografica <a href=\"https:\/\/businessschool.luiss.it\/news\/mostra-fotografica-ri-scatto-sociale\/\"><strong>Ri-scatto sociale<\/strong><\/a> \u2013 1 edizione<\/li>\n<li>30 Mag 18 &#8211; <a href=\"https:\/\/businessschool.luiss.it\/en\/news-en\/at-luiss-business-school-the-first-official-prme-chapter-italy-organized-by-ershub\/\"><strong>The first Official PRME Chapter Italy<\/strong><\/a><\/li>\n<li>22 Mag 18 \u2013 <strong>Retribuzioni Manageriali e Governo Societario <\/strong><\/li>\n<li>17 Apr 18 \u2013 <a href=\"https:\/\/businessschool.luiss.it\/en\/evento\/leader-for-talent-l4t-with-john-e-pepper-jr-retired-chairman-and-ceo-the-procter-gamble-company\/\"><strong>Leader for Talent #L4T with John E. Pepper, Jr<\/strong><\/a><strong>.<\/strong> \u2013 Retired Chairman and CEO, The Procter &amp; Gamble Company<\/li>\n<li>ERShub e San Patrignano presentano i risultati dello studio d\u2019impatto sociale sulle attivit\u00e0 di recupero dei tossicodipendenti<\/li>\n<\/ul>\n<h4><strong>\u00a0<\/strong>2017<\/h4>\n<ul>\n<li>12 Nov 17 &#8211; <a href=\"https:\/\/businessschool.luiss.it\/evento\/le-donne-la-trasformazione-digitale-e-la-pa\/\"><strong>Le donne, la trasformazione digitale e la PA<\/strong><\/a><\/li>\n<li>31 Ott 17 &#8211;<a href=\"https:\/\/businessschool.luiss.it\/evento\/studenti-oggi-professionisti-domani-il-valore-dellintelligenza-emotiva\/\"><strong> Studenti oggi, professionisti domani. Il valore dell\u2019intelligenza emotiva<\/strong><\/a><\/li>\n<li>20 Ott 17 &#8211; <a href=\"https:\/\/businessschool.luiss.it\/evento\/italia-giovane-2017\/\"><strong>Premio Italia Giovane 2017<\/strong><\/a><\/li>\n<li>19 Ott 17 &#8211; <a href=\"https:\/\/businessschool.luiss.it\/evento\/web-reputation-gestione-della-reputazione-aziendale-nellagroalimentare\/\"><strong>Web reputation: gestione della reputazione aziendale nell\u2019agroalimentare<\/strong><\/a><\/li>\n<li>10 Ott 17- <a href=\"https:\/\/businessschool.luiss.it\/evento\/microfinanza\/\"><strong>La Microfinanza come nuova asset class<\/strong><\/a><\/li>\n<li>20 Set 17 &#8211; <a href=\"https:\/\/www.eventbrite.com\/e\/make-sdgs-happen-through-integrated-thinking-tickets-36365290563\"><strong>Make SDGs happen through integrated thinking<\/strong><\/a><\/li>\n<li>19 Lug 17 &#8211; <a href=\"https:\/\/businessschool.luiss.it\/evento\/grow-talk-with-paul-vanderbroeck\/\"><strong>GROW Talk<\/strong> with Paul Vanderbroeck<\/a><\/li>\n<li>18-19 Apr 17 &#8211; <a href=\"https:\/\/businessschool.luiss.it\/en\/news-en\/the-1st-iese-luiss-conference-on-responsibility-sustainability-and-social-entrepreneurship\/\">1<sup>st<\/sup><strong>IESE-LUISS Conference on Responsibility, Sustainability and Social Entrepreneurship<\/strong>: Hybrid organizations: walking at the edge between economic performance and social &amp; environmental impact\u201d\u00a0<\/a><\/li>\n<\/ul>\n<h4><strong>\u00a0<\/strong>2016<\/h4>\n<ul>\n<li><a href=\"http:\/\/www.nexteconomia.org\/project\/salone-csr\/\">Salone della CSR e dell\u2019Innovazione Sociale 2016 (CSR and Social Innovation Fair 2016) &#8211; <strong>Prepararsi al Futuro: idee sostenibili al servizio del territorio<\/strong><\/a><\/li>\n<li><strong>Premio <\/strong><a href=\"http:\/\/www.nonsprecare.it\/premio\"><strong>Non Sprecare 2016<\/strong><\/a><\/li>\n<li>17-18 Nov 16 &#8211; <a href=\"http:\/\/www.integratedinpracticerome2016.com\/\"><strong>Integrated Thinking &amp; Reporting<\/strong><\/a><\/li>\n<\/ul>\n<h4>2015<\/h4>\n<ul>\n<li><a href=\"https:\/\/businessschool.luiss.it\/evento\/druid-2015-conference\/\">Druid Conference 2015, The Relevance of Innovation<\/a><\/li>\n<li><a href=\"http:\/\/www.animaperilsociale.it\/salone-csr-e-is-passione-e-ispirazione-prepararsi-al-futuro-6-maggio-2015-progetto\/\">Salone della CSR e dell\u2019Innovazione Sociale 2015 (CSR and Social Innovation Fair 2015) &#8211; <strong>Passione e Ispirazione: prepararsi al futuro<\/strong><\/a><\/li>\n<li><a href=\"https:\/\/businessschool.luiss.it\/en\/evento\/cross-meeting-university-luiss-guido-carli\/\">CROSS @ University<\/a><\/li>\n<li><strong>Premio Non Sprecare 2015<\/strong><\/li>\n<\/ul>\n<h4>2014<\/h4>\n<ul>\n<li><strong>Premio Non Sprecare 2014<\/strong><\/li>\n<li><a href=\"http:\/\/www.animaperilsociale.it\/responsabilita-sostenibilita-innovazione-sociale-quale-futuro\/\">Salone della CSR e dell\u2019Innovazione Sociale 2014 (CSR and Social Innovation Fair 2014) &#8211; <strong>Responsabilit\u00e0, Sostenibilit\u00e0 e Innovazione Sociale: quale futuro?<\/strong><\/a><\/li>\n<li><a href=\"https:\/\/businessschool.luiss.it\/evento\/smart-la-cultura-sostenibile\/\"><strong>SMART la cultura sostenibile. Un evento sul tema della citt\u00e0 che cambia. <\/strong>Primo appuntamento: citt\u00e0 e societ\u00e0 tra creativit\u00e0 e impresa sociale<\/a><\/li>\n<li>14 Dic 16 &#8211; Advisory Committee<\/li>\n<li>ERS meeting for researchers<\/li>\n<li>ERS meeting for administrators<\/li>\n<li><strong>ERShub General Assembly<\/strong><\/li>\n<\/ul>\n","protected":false},"excerpt":{"rendered":"<p>Eventi sulla Sostenibilit\u00e0 in Luiss Business School 2021 SustainEconomy.24 \u2013 continuazione dell\u2019appuntamento periodico 22 Apr 21 \u2013 Evento Finale della [&hellip;]<\/p>\n","protected":false},"author":5,"featured_media":0,"parent":0,"menu_order":0,"comment_status":"closed","ping_status":"closed","template":"","meta":{"_acf_changed":false,"footnotes":""},"categories":[],"tags":[],"docenti_teaching_area":[],"docenti_research_area":[],"tematiche":[],"lingue":[],"lunghezza_corsi":[],"class_list":["post-103","page","type-page","status-publish","hentry"],"acf":[],"aioseo_notices":[],"_links":{"self":[{"href":"https:\/\/businessschool.luiss.it\/cesid\/wp-json\/wp\/v2\/pages\/103","targetHints":{"allow":["GET"]}}],"collection":[{"href":"https:\/\/businessschool.luiss.it\/cesid\/wp-json\/wp\/v2\/pages"}],"about":[{"href":"https:\/\/businessschool.luiss.it\/cesid\/wp-json\/wp\/v2\/types\/page"}],"author":[{"embeddable":true,"href":"https:\/\/businessschool.luiss.it\/cesid\/wp-json\/wp\/v2\/users\/5"}],"replies":[{"embeddable":true,"href":"https:\/\/businessschool.luiss.it\/cesid\/wp-json\/wp\/v2\/comments?post=103"}],"version-history":[{"count":0,"href":"https:\/\/businessschool.luiss.it\/cesid\/wp-json\/wp\/v2\/pages\/103\/revisions"}],"wp:attachment":[{"href":"https:\/\/businessschool.luiss.it\/cesid\/wp-json\/wp\/v2\/media?parent=103"}],"wp:term":[{"taxonomy":"category","embeddable":true,"href":"https:\/\/businessschool.luiss.it\/cesid\/wp-json\/wp\/v2\/categories?post=103"},{"taxonomy":"post_tag","embeddable":true,"href":"https:\/\/businessschool.luiss.it\/cesid\/wp-json\/wp\/v2\/tags?post=103"},{"taxonomy":"docenti_teaching_area","embeddable":true,"href":"https:\/\/businessschool.luiss.it\/cesid\/wp-json\/wp\/v2\/docenti_teaching_area?post=103"},{"taxonomy":"docenti_research_area","embeddable":true,"href":"https:\/\/businessschool.luiss.it\/cesid\/wp-json\/wp\/v2\/docenti_research_area?post=103"},{"taxonomy":"tematiche","embeddable":true,"href":"https:\/\/businessschool.luiss.it\/cesid\/wp-json\/wp\/v2\/tematiche?post=103"},{"taxonomy":"lingue","embeddable":true,"href":"https:\/\/businessschool.luiss.it\/cesid\/wp-json\/wp\/v2\/lingue?post=103"},{"taxonomy":"lunghezza_corsi","embeddable":true,"href":"https:\/\/businessschool.luiss.it\/cesid\/wp-json\/wp\/v2\/lunghezza_corsi?post=103"}],"curies":[{"name":"wp","href":"https:\/\/api.w.org\/{rel}","templated":true}]}}