{"id":5,"date":"2017-01-25T18:15:26","date_gmt":"2017-01-25T18:15:26","guid":{"rendered":"https:\/\/businessschool.luiss.it\/ershub\/?page_id=5"},"modified":"2021-07-09T14:55:18","modified_gmt":"2021-07-09T14:55:18","slug":"sample-page-2","status":"publish","type":"page","link":"https:\/\/businessschool.luiss.it\/cesid\/","title":{"rendered":"HOME"},"content":{"rendered":"<h2>CeSID \u2013 Center for Sustainability, Innovation, Digitalization<\/h2>\n<p><span data-contrast=\"auto\">I temi di\u00a0<\/span><b><span data-contrast=\"auto\">Sostenibilit\u00e0<\/span><\/b><span data-contrast=\"auto\">,\u00a0<\/span><b><span data-contrast=\"auto\">Inclusione<\/span><\/b><span data-contrast=\"auto\">\u00a0e\u00a0<\/span><b><span data-contrast=\"auto\">Digitalizzazione<\/span><\/b><span data-contrast=\"auto\">\u00a0stanno trovando sempre pi\u00f9 risonanza nella didattica della scuola e della ricerca in tutto il mondo.<\/span><span data-ccp-props=\"{&quot;134233117&quot;:true,&quot;134233118&quot;:true,&quot;201341983&quot;:0,&quot;335559740&quot;:240}\">\u00a0<\/span><\/p>\n<p><span data-contrast=\"auto\">Dalla consapevolezza della rilevanza di tali questioni nasce nel 2020\u00a0<\/span><b><span data-contrast=\"auto\">CeSID<\/span><\/b><span data-contrast=\"auto\">, all\u2019interno della\u202f<\/span><b><span data-contrast=\"auto\">Luiss Business School<\/span><\/b><span data-contrast=\"auto\">, al fine di sviluppare e dare valore a tutte le attivit\u00e0 relative a tali virt\u00f9.<\/span><span data-ccp-props=\"{&quot;134233117&quot;:true,&quot;134233118&quot;:true,&quot;201341983&quot;:0,&quot;335559740&quot;:240}\">\u00a0<\/span><\/p>\n<p><span data-contrast=\"auto\">CeSID\u00a0succede a\u00a0ERShub, il centro di Etica, Responsabilit\u00e0 e Sostenibilit\u00e0 fondato nel 2013 dal prof. Francesco\u00a0Rullani\u00a0e il prof. Luca Mongelli, in collaborazione con il Dipartimento di Impresa e Management dell\u2019Universit\u00e0 Luiss Guido Carli.<\/span><span data-ccp-props=\"{&quot;134233117&quot;:true,&quot;134233118&quot;:true,&quot;201341983&quot;:0,&quot;335559740&quot;:240}\">\u00a0<\/span><\/p>\n<p><span data-contrast=\"auto\">CeSID\u00a0non ha completamente rivoluzionato le attivit\u00e0 di\u00a0ERShub: parte delle attivit\u00e0 stanno proseguendo, ma molti progetti hanno vissuto un\u2019evoluzione o sono stati aggiunti, pur mantenendo saldi i principi di diffusione della consapevolezza in merito alla sostenibilit\u00e0, all\u2019etica, alla responsabilit\u00e0.<\/span><span data-ccp-props=\"{&quot;134233117&quot;:true,&quot;134233118&quot;:true,&quot;201341983&quot;:0,&quot;335559740&quot;:240}\">\u00a0<\/span><\/p>\n<p><span data-contrast=\"auto\">Nel dettaglio, i concetti che abbraccia il\u00a0CeSID\u00a0vengono cos\u00ec definiti:<\/span><span data-ccp-props=\"{&quot;134233117&quot;:true,&quot;134233118&quot;:true,&quot;201341983&quot;:0,&quot;335559740&quot;:240}\">\u00a0<\/span><\/p>\n<ul>\n<li data-leveltext=\"\uf0b7\" data-font=\"Symbol\" data-listid=\"2\" aria-setsize=\"-1\" data-aria-posinset=\"1\" data-aria-level=\"1\"><b><span data-contrast=\"auto\">Sostenibilit\u00e0<\/span><\/b><span data-contrast=\"auto\">: \u201c<\/span><i><span data-contrast=\"auto\">Nelle scienze ambientali ed economiche, condizione di uno sviluppo in grado di assicurare il soddisfacimento dei bisogni della generazione presente senza compromettere la possibilit\u00e0 delle generazioni future di realizzare i propri<\/span><\/i><span data-contrast=\"auto\">\u201d\u00a0<\/span><i><span data-contrast=\"auto\">(fonte: Enciclopedia Treccani).\u00a0<\/span><\/i><span data-contrast=\"auto\">CeSID, in qualit\u00e0 di\u00a0Competence\u00a0Center focalizzato su questa tematica, si occupa di favorire studi e progetti che pongano la Sostenibilit\u00e0 al centro, agendo da facilitatore a supporto di ogni Area della Business School. Contribuendo cos\u00ec allo sviluppo di un mondo pi\u00f9 attento all\u2019umanit\u00e0, al rispetto del pianeta, a una sua fruttuosa crescita: People, Planet, Profit.<\/span><span data-ccp-props=\"{&quot;134233117&quot;:true,&quot;134233118&quot;:true,&quot;201341983&quot;:0,&quot;335559739&quot;:160,&quot;335559740&quot;:240}\">\u00a0<\/span><\/li>\n<li data-leveltext=\"\uf0b7\" data-font=\"Symbol\" data-listid=\"2\" aria-setsize=\"-1\" data-aria-posinset=\"2\" data-aria-level=\"1\"><b><span data-contrast=\"auto\">Inclusione<\/span><\/b><span data-contrast=\"auto\">: Il concetto di Inclusione \u00e8 strettamente legato a quello di etica, di sostenibilit\u00e0 e anche a quello di responsabilit\u00e0: oggigiorno idee, azioni, progetti, devono essere necessariamente rispettose delle diversit\u00e0, affinch\u00e9 siano davvero inclusive. Anche per dimostrare che la sostenibilit\u00e0 non \u00e8 un\u2019attivit\u00e0 di nicchia: tutti possiamo essere attori del cambiamento e dell\u2019impatto positivo che vogliamo vedere, osservare, vivere.<\/span><span data-ccp-props=\"{&quot;134233117&quot;:true,&quot;134233118&quot;:true,&quot;201341983&quot;:0,&quot;335559739&quot;:160,&quot;335559740&quot;:240}\">\u00a0<\/span><\/li>\n<\/ul>\n<ul>\n<li data-leveltext=\"\uf0b7\" data-font=\"Symbol\" data-listid=\"2\" aria-setsize=\"-1\" data-aria-posinset=\"1\" data-aria-level=\"1\"><b><span data-contrast=\"auto\">Digitalizzazione:\u00a0<\/span><\/b><span data-contrast=\"auto\">Se indirizzata in modo sostenibile, la Digitalizzazione \u00e8 definibile come un processo capace di rendere fruibili possibilit\u00e0 altrimenti inaccessibili. In altre parole, la digitalizzazione pu\u00f2 avere il nobile scopo di aiutare l\u2019umanit\u00e0 ad accelerare processi riducendo il consumo di energie, pur mantenendo l\u2019importanza della relazione interpersonale e non sostituendosi alle capacit\u00e0 umane. Chiaramente, deve andar di pari passo con la Sostenibilit\u00e0 affinch\u00e9 sia concreto aiuto al miglioramento della qualit\u00e0 della vita.<\/span><span data-ccp-props=\"{&quot;134233117&quot;:true,&quot;134233118&quot;:true,&quot;201341983&quot;:0,&quot;335559739&quot;:160,&quot;335559740&quot;:240}\">\u00a0<\/span><\/li>\n<\/ul>\n","protected":false},"excerpt":{"rendered":"<p>CeSID \u2013 Center for Sustainability, Innovation, Digitalization I temi di\u00a0Sostenibilit\u00e0,\u00a0Inclusione\u00a0e\u00a0Digitalizzazione\u00a0stanno trovando sempre pi\u00f9 risonanza nella didattica della scuola e della [&hellip;]<\/p>\n","protected":false},"author":5,"featured_media":0,"parent":0,"menu_order":0,"comment_status":"closed","ping_status":"closed","template":"index.php","meta":{"_acf_changed":false,"footnotes":""},"categories":[8],"tags":[],"docenti_teaching_area":[],"docenti_research_area":[],"tematiche":[],"lingue":[],"lunghezza_corsi":[],"class_list":["post-5","page","type-page","status-publish","hentry","category-no_dati_header"],"acf":[],"aioseo_notices":[],"_links":{"self":[{"href":"https:\/\/businessschool.luiss.it\/cesid\/wp-json\/wp\/v2\/pages\/5","targetHints":{"allow":["GET"]}}],"collection":[{"href":"https:\/\/businessschool.luiss.it\/cesid\/wp-json\/wp\/v2\/pages"}],"about":[{"href":"https:\/\/businessschool.luiss.it\/cesid\/wp-json\/wp\/v2\/types\/page"}],"author":[{"embeddable":true,"href":"https:\/\/businessschool.luiss.it\/cesid\/wp-json\/wp\/v2\/users\/5"}],"replies":[{"embeddable":true,"href":"https:\/\/businessschool.luiss.it\/cesid\/wp-json\/wp\/v2\/comments?post=5"}],"version-history":[{"count":3,"href":"https:\/\/businessschool.luiss.it\/cesid\/wp-json\/wp\/v2\/pages\/5\/revisions"}],"predecessor-version":[{"id":1021,"href":"https:\/\/businessschool.luiss.it\/cesid\/wp-json\/wp\/v2\/pages\/5\/revisions\/1021"}],"wp:attachment":[{"href":"https:\/\/businessschool.luiss.it\/cesid\/wp-json\/wp\/v2\/media?parent=5"}],"wp:term":[{"taxonomy":"category","embeddable":true,"href":"https:\/\/businessschool.luiss.it\/cesid\/wp-json\/wp\/v2\/categories?post=5"},{"taxonomy":"post_tag","embeddable":true,"href":"https:\/\/businessschool.luiss.it\/cesid\/wp-json\/wp\/v2\/tags?post=5"},{"taxonomy":"docenti_teaching_area","embeddable":true,"href":"https:\/\/businessschool.luiss.it\/cesid\/wp-json\/wp\/v2\/docenti_teaching_area?post=5"},{"taxonomy":"docenti_research_area","embeddable":true,"href":"https:\/\/businessschool.luiss.it\/cesid\/wp-json\/wp\/v2\/docenti_research_area?post=5"},{"taxonomy":"tematiche","embeddable":true,"href":"https:\/\/businessschool.luiss.it\/cesid\/wp-json\/wp\/v2\/tematiche?post=5"},{"taxonomy":"lingue","embeddable":true,"href":"https:\/\/businessschool.luiss.it\/cesid\/wp-json\/wp\/v2\/lingue?post=5"},{"taxonomy":"lunghezza_corsi","embeddable":true,"href":"https:\/\/businessschool.luiss.it\/cesid\/wp-json\/wp\/v2\/lunghezza_corsi?post=5"}],"curies":[{"name":"wp","href":"https:\/\/api.w.org\/{rel}","templated":true}]}}