{"id":856,"date":"2021-05-17T07:33:13","date_gmt":"2021-05-17T07:33:13","guid":{"rendered":"https:\/\/businessschool.luiss.it\/cesid\/?page_id=856"},"modified":"2021-05-17T07:33:13","modified_gmt":"2021-05-17T07:33:13","slug":"networks-partners","status":"publish","type":"page","link":"https:\/\/businessschool.luiss.it\/cesid\/networks-partners\/","title":{"rendered":"Networks &amp; Partners"},"content":{"rendered":"<h3>Networks<\/h3>\n<p><strong>GRLI \u2013 Globally Responsible Leadership Initiative<\/strong> \u2013 Organizzazione non-profit che riunisce aziende, business school e istituzioni legate alla formazione, avente scopo di catalizzare lo sviluppo di una leadership globalmente responsabile all\u2019interno delle organizzazioni e della societ\u00e0 pi\u00f9 in generale. Fondata nel 2004, \u00e8 partner ufficiale dei seguenti Obiettivi di Sviluppo Sostenibile dell\u2019Agenda 2030 delle Nazioni Unite: Istruzione di Qualit\u00e0, e Consumo e Produzione Responsabili.<\/p>\n<p><strong>PRME \u2013 Principles for Responsible Management Education <\/strong>\u2013 Iniziativa afferente al Global Compact delle Nazioni Unite, un movimento globale di business e formazione per il management attraverso la ricerca e l\u2019esercizio della leadership.<\/p>\n<p><strong>PIR \u2013 Positive Impact Rating <\/strong>\u2013 associazione internazionale che si propone di favorire la collaborazione, ispirare il cambiamento e rimuovere competizione e pressione rispetto a un rating tradizionale. Il PIR raccoglie le voci degli studenti per definire gli impatti positive delle business school; propone lo spostamento dalla competizione alla collaborazione; fornisce un nuovo strumento per diffondere il cambiamento; funge da leva per la trasformazione positiva del panorama delle business school.<\/p>\n<p><strong>NEXT \u2013 Nuova Economia X Tutti<\/strong> &#8211; Associazione di promozione sociale che crea network tra associazioni, imprese, amministrazioni pubbliche, scuole, universit\u00e0 e cittadini, che agiscono per il bene comune e una nuova economia: civile, partecipata e sostenibile.<\/p>\n<h3>Partners<\/h3>\n<p>Nello sviluppo delle sue attivit\u00e0 all\u2019interno della School, il CeSID ha coinvolto numerosi attori esterni: da grandi aziende, alle imprese sociali, da Istituzioni a ONG. \u00a0Tali collaborazioni apportano valore alle attivit\u00e0 di ricerca e didattica della School, inoltre sono fondamentali affinch\u00e9 le conoscenze in merito ai valori di Sostenibilit\u00e0, Inclusione e Digitalizzazione possano superare i confini della School e diffondersi grazie a organizzazione di conferenze, seminari, coinvolgimento degli studenti, sostegno finanziario alle attivit\u00e0 dei partner stessi.<\/p>\n<p>Qui di seguito viene riportata la lista dei nostri partner:<\/p>\n<ul>\n<li><strong><a href=\"https:\/\/www.actionaid.it\/\">ActionAid<\/a><\/strong>, un\u2019importante associazione che si occupa di promuovere l\u2019adozione internazionale a distanza, nonch\u00e9 eventi che sensibilizzino il tema dei diritti umani, ma anche la lotta contro le disuguaglianze.<\/li>\n<li><strong><a href=\"http:\/\/www.amrefuk.org\/\">Amref<\/a><\/strong>, una delle ONG pi\u00f9 grandi attive in Africa, impegnata nel miglioramento della salute.<\/li>\n<li><strong><a href=\"https:\/\/www.ashoka.org\/it\">ASHOKA<\/a><\/strong> organizzazione globale che identifica i principali imprenditori sociali e investe su di loro, valorizzando le idee pi\u00f9 innovative e attuabili.<\/li>\n<li><strong><a href=\"https:\/\/www.bimbieco.net\/chisiamo.asp\">Bimbi &amp; Co.<\/a><\/strong>, associazione allo scopo di diffondere la conoscenza di disturbi generalizzati legati allo sviluppo umano, al linguaggio, all\u2019apprendimento nella fase dell\u2019et\u00e0 evolutiva.<\/li>\n<li><strong><a href=\"http:\/\/www.comeunalbero.org\/chi-siamo\/\">Come un Albero<\/a><\/strong>, integrazione, disabilit\u00e0, e comunicazione sociale costituiscono i punti chiave su cui lavora questa associazione istituita a Roma nel 2004.<\/li>\n<li><strong><a href=\"http:\/\/dream.santegidio.org\/\">Comunit\u00e0 di Sant\u2019Egidio<\/a><\/strong>, un movimento mondiale di laici, basato sulla solidariet\u00e0 e il dialogo per mantenere la pace e combattere la povert\u00e0.<\/li>\n<li><strong><a href=\"https:\/\/www.sanpatrignano.org\/\">Comunit\u00e0 di San Patrignano<\/a><\/strong>, nata al fine di recuperare persone vittime della droga, fornendo loro e alle loro famiglie l\u2019opportunit\u00e0 di una vita migliore liberi dalle dipendenze.<\/li>\n<li><strong><a href=\"http:\/\/www.economiacarceraria.it\/home\">Economia Carceraria<\/a><\/strong> E-commerce per la raccolta, la distribuzione e la vendita di prodotti alimentari e manifatturieri realizzati in tutte le carceri italiane che hanno all\u2019interno il progetto di incentivare la creazione di nuovi posti di lavoro e il reinserimento dei detenuti come persone all\u2019interno della societ\u00e0.<\/li>\n<li><strong><a href=\"http:\/\/www.elis.org\/\">ELIS<\/a><\/strong>, organizzazione educativa senza scopo di lucro con particolare attenzione allo sviluppo personale e al miglioramento del lavoro. Si rivolge a giovani, professionisti e imprese nel tentativo di rispondere al divario tra scuola e lavoro, alla disoccupazione giovanile e allo sviluppo sostenibile delle organizzazioni.<\/li>\n<li><strong><a href=\"http:\/\/energiaperidirittiumani.it\/\">Energia per i Diritti Umani<\/a><\/strong>, si occupa di cooperazione e sviluppo internazionale, formazione e consapevolezza sociale in Senegal, Gambia e India.<\/li>\n<li><a href=\"http:\/\/www.fairlegals.com\/\"><strong>Fair Legals<\/strong><\/a>: studio legale che mette a disposizione i propri spazi quali luoghi di espressione ed esposizione per artisti esordienti, al duplice scopo di dare loro visibilit\u00e0 e risalto, e al contempo promuovere arte, cultura della legalit\u00e0 e diritti umani.<\/li>\n<li><strong>Humanistic Management<\/strong>, un\u2019associazione che si propone di diffondere un approccio umanista del management, sostenendo i principi di dignit\u00e0 umana, bene comune, solidariet\u00e0 e sussidiariet\u00e0.<\/li>\n<li><a href=\"https:\/\/www.hummustown.com\/it\/\"><strong>Hummus Town<\/strong><\/a>, un servizio catering interamente gestito da rifugiati siriani, combinando l\u2019opportunit\u00e0 di lavorare in maniera indipendente con l\u2019inizio di una nuova vita dignitosa, lontano dagli orrori della guerra.<\/li>\n<li><a href=\"https:\/\/www.interlogica.it\/\"><strong>Interlogica<\/strong><\/a>, azienda che realizza e integra sistemi informativi eterogenei con tecnologie d\u2019avanguardia, affrontando la complessit\u00e0 per restituire soluzioni evolute ai clienti.<\/li>\n<li><strong><a href=\"http:\/\/www.kukua.me\/\">KUKUA<\/a><\/strong>, una start-up che sfrutta nuovi mezzi e tecnologie per consentire ai bambini di imparare attraverso esperienze coinvolgenti.<\/li>\n<li><strong><a href=\"http:\/\/www.madeincarcere.it\/it\/\">Made in Carcere<\/a><\/strong>, un\u2019impresa sociale che produce cibo, ma soprattutto manufatti tessili all\u2019interno del carcere di Lecce, a partire da materiale riciclato. E\u2019 parte attiva del pi\u00f9 ampio contesto Economia Carceraria descritto sopra.<\/li>\n<li><strong><a href=\"https:\/\/marketplaceetico.it\/it\/\">Marketplace Etico<\/a><\/strong>, e-commerce di prodotti esclusivamente biologici, con annesso un blog finalizzato alla diffusione di una cultura della sostenibilit\u00e0.<\/li>\n<li><strong><a href=\"https:\/\/www.savethechildren.it\/\">Save The Children<\/a><\/strong>, una delle organizzazioni pi\u00f9 importanti il cui impegno riguarda un ampio ventaglio di tematiche: salute e nutrizione, povert\u00e0, istruzione, diritti umani e protezione.<\/li>\n<li><strong><a href=\"http:\/\/www.unicef.it\/\">UNICEF<\/a><\/strong>, il programma delle Nazioni Unite che fornisce assistenza umanitaria e di sviluppo a bambini e madri in tutto il mondo.<\/li>\n<\/ul>\n<p>Pi\u00f9 in generale, dietro ogni partenariato c\u2019\u00e8 un punto di vista fondamentale: gli studenti devono <strong>diventare<\/strong> <strong>leader per un mondo migliore<\/strong>. Ecco perch\u00e9 crediamo fortemente che la formazione alla Sostenibilit\u00e0 portata avanti dal CeSID debba essere sviluppata secondo le linee definite dalla comunit\u00e0 internazionale delle Business School e degli educatori che condividono questa visione.<\/p>\n<p>Al di l\u00e0 dell\u2019insegnamento, anche i partners hanno aiutato il CeSID ad accedere e studiare maggiormente organizzazioni e fenomeni all\u2019incrocio fra business, impatto sociale e impronta ambientale, creando spazio per lo sviluppo di ricerche che hanno formato case studies, documenti, pubblicazioni internazionali e nazionali, conferenze accademiche e scambio continuo con studiosi internazionali e nazionali attivi nel campo dei valori di Sostenibilit\u00e0, Inclusione e Digitalizzazione.<\/p>\n<p>Questa cooperazione estesa con i partner ha anche contribuito alla diffusione del sapere, su ci\u00f2 che lega la sostenibilit\u00e0 al business, ampliando l\u2019inserimento della School nella societ\u00e0.<\/p>\n","protected":false},"excerpt":{"rendered":"<p>Networks GRLI \u2013 Globally Responsible Leadership Initiative \u2013 Organizzazione non-profit che riunisce aziende, business school e istituzioni legate alla formazione, [&hellip;]<\/p>\n","protected":false},"author":5,"featured_media":0,"parent":0,"menu_order":0,"comment_status":"closed","ping_status":"closed","template":"","meta":{"_acf_changed":false,"footnotes":""},"categories":[],"tags":[],"docenti_teaching_area":[],"docenti_research_area":[],"tematiche":[],"lingue":[],"lunghezza_corsi":[],"class_list":["post-856","page","type-page","status-publish","hentry"],"acf":[],"aioseo_notices":[],"_links":{"self":[{"href":"https:\/\/businessschool.luiss.it\/cesid\/wp-json\/wp\/v2\/pages\/856","targetHints":{"allow":["GET"]}}],"collection":[{"href":"https:\/\/businessschool.luiss.it\/cesid\/wp-json\/wp\/v2\/pages"}],"about":[{"href":"https:\/\/businessschool.luiss.it\/cesid\/wp-json\/wp\/v2\/types\/page"}],"author":[{"embeddable":true,"href":"https:\/\/businessschool.luiss.it\/cesid\/wp-json\/wp\/v2\/users\/5"}],"replies":[{"embeddable":true,"href":"https:\/\/businessschool.luiss.it\/cesid\/wp-json\/wp\/v2\/comments?post=856"}],"version-history":[{"count":0,"href":"https:\/\/businessschool.luiss.it\/cesid\/wp-json\/wp\/v2\/pages\/856\/revisions"}],"wp:attachment":[{"href":"https:\/\/businessschool.luiss.it\/cesid\/wp-json\/wp\/v2\/media?parent=856"}],"wp:term":[{"taxonomy":"category","embeddable":true,"href":"https:\/\/businessschool.luiss.it\/cesid\/wp-json\/wp\/v2\/categories?post=856"},{"taxonomy":"post_tag","embeddable":true,"href":"https:\/\/businessschool.luiss.it\/cesid\/wp-json\/wp\/v2\/tags?post=856"},{"taxonomy":"docenti_teaching_area","embeddable":true,"href":"https:\/\/businessschool.luiss.it\/cesid\/wp-json\/wp\/v2\/docenti_teaching_area?post=856"},{"taxonomy":"docenti_research_area","embeddable":true,"href":"https:\/\/businessschool.luiss.it\/cesid\/wp-json\/wp\/v2\/docenti_research_area?post=856"},{"taxonomy":"tematiche","embeddable":true,"href":"https:\/\/businessschool.luiss.it\/cesid\/wp-json\/wp\/v2\/tematiche?post=856"},{"taxonomy":"lingue","embeddable":true,"href":"https:\/\/businessschool.luiss.it\/cesid\/wp-json\/wp\/v2\/lingue?post=856"},{"taxonomy":"lunghezza_corsi","embeddable":true,"href":"https:\/\/businessschool.luiss.it\/cesid\/wp-json\/wp\/v2\/lunghezza_corsi?post=856"}],"curies":[{"name":"wp","href":"https:\/\/api.w.org\/{rel}","templated":true}]}}