{"id":89,"date":"2017-01-26T08:23:00","date_gmt":"2017-01-26T08:23:00","guid":{"rendered":"https:\/\/businessschool.luiss.it\/ershub\/?page_id=89"},"modified":"2022-06-20T11:13:11","modified_gmt":"2022-06-20T11:13:11","slug":"team","status":"publish","type":"page","link":"https:\/\/businessschool.luiss.it\/cesid\/team\/","title":{"rendered":"TEAM"},"content":{"rendered":"<h3><span lang=\"EN-US\">Our Team<br \/>\n<\/span><\/h3>\n<p>CeSID \u00e8 un\u00a0Competence Center\u00a0di Ricercatori, Studenti, Accademici, Personale Amministrativo e Professionisti interessati alle tematiche di Sostenibilit\u00e0, Inclusione e Digitalizzazione, e allo scambio di idee, conoscenze e informazioni al fine di promuovere una collaborazione basata su progetti concreti, a supporto di ogni Area all\u2019interno della School, e come catalizzatore verso gli stakeholder.<br \/>\n<strong>CeSID<\/strong> \u00e8 coordinato dal team di <strong>Governance<\/strong>, incaricato di valorizzare tutte le attivit\u00e0 legate alle tematiche su Sostenibilit\u00e0, Inclusione e Digitalizzazione all\u2019interno della Luiss Business School.<\/p>\n<p>Inoltre, CeSID \u00e8 sostenuto sia da <strong>Scientific Collaborators<\/strong> che da un <strong>Advisory Board<\/strong>, i quali forniscono supporto su come sviluppare e implementare le attivit\u00e0 CeSID.<\/p>\n<h3>Governance<\/h3>\n<p><strong>Cristiano Busco,\u00a0<em>Head<br \/>\n<\/em><\/strong>Direttore MBA presso la Luiss Business Schoool, ma anche docente di Accounting and Integrated Reporting presso la Roehampton University di Londra, e precedentemente anche presso l\u2019Universit\u00e0 Luiss Guido Carli, Cristiano ha ottenuto il PhD in Accounting dall\u2019Universit\u00e0 di Manchester \u2013 UK \u2013 e svolge attivit\u00e0 di insegnamento e ricerca presso universit\u00e0 statunitensi (University of Southern California \u2013 LA -, e Babson College \u2013Boston -), inglesi (Manchester Business School), irlandesi (National University of Ireland \u2013 Galway -) e italiane (Universit\u00e0 di Siena). La sua ricerca si concentra sui temi di Accounting, Performance Measurement e Integrated Thinking and Reporting. Le sue pubblicazioni sono pubblicate su riviste di peer-review come Accounting, Organizations and Society, Contemporary Accounting Research, Management Accounting Research, Journal of Management and Governance, Qualitative Research in Accounting and Management, Journal of Accounting and Change and Business Horizons, cos\u00ec come su riviste professionali del calibro di Journal of Corporate Accounting and Finance, Strategic Finance and Financial Management.<br \/>\nUlteriori informazioni su Cristiano sono reperibili su questo\u00a0<a href=\"https:\/\/businessschool.luiss.it\/faculty-research\/docenti\/cristiano-busco\/\">sito<\/a>.<\/p>\n<p><strong>Simone Budini, <em>Project Leader<\/em> <em><br \/>\n<\/em><\/strong>Simone Budini \u00e8 Project Leader di CeSID e Assistant Professor di Filosofia Politica presso la Facolt\u00e0 di Filosofia dell\u2019Universit\u00e0 Pontificia Salesiana di Roma. Ha il titolo di dottore magistrale in Scienze Politiche ottenuto all\u2019Universit\u00e0 di Roma La Sapienza, e quello in Filosofia all\u2019Universit\u00e0 di Tor Vergata (Roma) oltre a un Dottorato di Ricerca in Filosofia Politica e Storia delle Dottrine Politiche (La Sapienza, Roma). La sua ricerca si incentra sul rapporto tra etica individuale, religiosa e politica; pensiero sociale cristiano; bioetica e post-umanesimo. All\u2019interno di Luiss Business School, ha ricoperto il ruolo di Project Manager per il centro di ricerca ERS hub, precedente al CeSID.<br \/>\nUlteriori informazioni su Simone sono reperibili su questo<a href=\"http:\/\/simonebudini.altervista.org\/\">\u00a0sito.<\/a><\/p>\n<p><strong>Sara Succhiarelli, <em>Project Coordinator<\/em> <em><br \/>\n<\/em><\/strong>Sara possiede Laurea Magistrale in Lingue per la Comunicazione Internazionale successivamente alla Laurea Triennale in Lingue per l\u2019Impresa e l\u2019Amministrazione, entrambe ottenute presso l\u2019Universit\u00e0 LUMSA di Roma. Grazie a una borsa di studio vinta sempre presso la LUMSA, ha svolto un periodo di studio universitario presso la Stony Brook University (NY &#8211; USA), e uno a Londra. Successivamente ha svolto attivit\u00e0 professionale presso aziende molto diverse fra loro per espansione e impatto sociale. Ha all\u2019attivo esperienza pregressa in Luiss Business School, nell\u2019area Custom Programs, e come Project Assistant presso ERShub. Attualmente, nel CeSID, \u00e8 Project Coordinator, oltre a far parte dello Staff di Recruitment Studenti.<\/p>\n<h3>Scientific Collaborators<\/h3>\n<p><strong>Luca Mongelli, <em>Head<\/em><\/strong><\/p>\n<p>Luca Mongelli \u00e8 Marie Curie Research Fellow (Horizon2020) presso IESE Business School di Barcellona e Direttore Esecutivo del centro di ricerca Market, Culture and Ethics (<a href=\"https:\/\/en.pusc.it\/centri\/mce\">MCE<\/a>) presso la Pontifica Universit\u00e0 della Santa Croce di Roma.<br \/>\nHa ottenuto il suo Dottorato di Ricerca in Management presso la Luiss ed \u00e8 stato visiting scholar presso la Royal School of Technology di Stoccolma (2010) e alla Stern Business School della New York University (2011). Presso la Luiss Business School \u00e8 stato co-fondatore (2014) e Coordinatore Scientifico dell\u2019ERSHub e Faculty Professor dei laboratori di Etica, Responsabilit\u00e0 e Sostenibilit\u00e0 (ERSLab). Nel 2017 \u00e8 stato anche Country Manager per il Progetto di Ricerca Europeo (7FP) \u201c<a href=\"http:\/\/www.seforis.eu\/\">Social Enterprise &#8211; SEFORIS<\/a>\u201d.<br \/>\nHa recentemente fondato Ridaje, una start-up sociale che lavora sul fenomeno degli homeless.<br \/>\nI suoi principali filoni di ricerca sono l\u2019innovazione e l\u2019imprenditorialit\u00e0 sociale, con un focus sui modelli di empowerment promossi delle imprese sociali ibride centrate sullo sviluppo integrale delle persone socialmente emarginate.<br \/>\nHa pubblicato diverse ricerche su giornali internazionali, tra i quali: Journal of Business Ethics, Business Ethics Quarterly, Social Innovation Journal, Industry and Innovation.<\/p>\n<p><strong><a href=\"https:\/\/www.linkedin.com\/in\/francescorullani\/?originalSubdomain=it\">Francesco Rullani<\/a><\/strong><\/p>\n<p><strong><a href=\"https:\/\/www.linkedin.com\/in\/robertodandi\/\">Roberto Dandi<\/a><\/strong><\/p>\n<p><strong><a href=\"https:\/\/www.linkedin.com\/in\/matteo-de-angelis-33751513\/\">Matteo De Angelis<\/a><\/strong><\/p>\n<p><strong><a href=\"https:\/\/www.linkedin.com\/in\/fabrizio-gran\u00e0\/\">Fabrizio Gran\u00e0<\/a><\/strong><\/p>\n<p><strong><a href=\"https:\/\/www.linkedin.com\/in\/andjela-pavlovic-a2739393\/\">Andjela Pavlovic<\/a><\/strong><\/p>\n<p><strong><a href=\"https:\/\/www.linkedin.com\/in\/adriana-rossi-0868b960\/\">Adriana Rossi<\/a><\/strong><\/p>\n","protected":false},"excerpt":{"rendered":"<p>Our Team CeSID \u00e8 un\u00a0Competence Center\u00a0di Ricercatori, Studenti, Accademici, Personale Amministrativo e Professionisti interessati alle tematiche di Sostenibilit\u00e0, Inclusione e [&hellip;]<\/p>\n","protected":false},"author":5,"featured_media":0,"parent":0,"menu_order":0,"comment_status":"closed","ping_status":"closed","template":"","meta":{"_acf_changed":false,"footnotes":""},"categories":[],"tags":[],"docenti_teaching_area":[],"docenti_research_area":[],"tematiche":[],"lingue":[],"lunghezza_corsi":[],"class_list":["post-89","page","type-page","status-publish","hentry"],"acf":[],"aioseo_notices":[],"_links":{"self":[{"href":"https:\/\/businessschool.luiss.it\/cesid\/wp-json\/wp\/v2\/pages\/89","targetHints":{"allow":["GET"]}}],"collection":[{"href":"https:\/\/businessschool.luiss.it\/cesid\/wp-json\/wp\/v2\/pages"}],"about":[{"href":"https:\/\/businessschool.luiss.it\/cesid\/wp-json\/wp\/v2\/types\/page"}],"author":[{"embeddable":true,"href":"https:\/\/businessschool.luiss.it\/cesid\/wp-json\/wp\/v2\/users\/5"}],"replies":[{"embeddable":true,"href":"https:\/\/businessschool.luiss.it\/cesid\/wp-json\/wp\/v2\/comments?post=89"}],"version-history":[{"count":1,"href":"https:\/\/businessschool.luiss.it\/cesid\/wp-json\/wp\/v2\/pages\/89\/revisions"}],"predecessor-version":[{"id":1024,"href":"https:\/\/businessschool.luiss.it\/cesid\/wp-json\/wp\/v2\/pages\/89\/revisions\/1024"}],"wp:attachment":[{"href":"https:\/\/businessschool.luiss.it\/cesid\/wp-json\/wp\/v2\/media?parent=89"}],"wp:term":[{"taxonomy":"category","embeddable":true,"href":"https:\/\/businessschool.luiss.it\/cesid\/wp-json\/wp\/v2\/categories?post=89"},{"taxonomy":"post_tag","embeddable":true,"href":"https:\/\/businessschool.luiss.it\/cesid\/wp-json\/wp\/v2\/tags?post=89"},{"taxonomy":"docenti_teaching_area","embeddable":true,"href":"https:\/\/businessschool.luiss.it\/cesid\/wp-json\/wp\/v2\/docenti_teaching_area?post=89"},{"taxonomy":"docenti_research_area","embeddable":true,"href":"https:\/\/businessschool.luiss.it\/cesid\/wp-json\/wp\/v2\/docenti_research_area?post=89"},{"taxonomy":"tematiche","embeddable":true,"href":"https:\/\/businessschool.luiss.it\/cesid\/wp-json\/wp\/v2\/tematiche?post=89"},{"taxonomy":"lingue","embeddable":true,"href":"https:\/\/businessschool.luiss.it\/cesid\/wp-json\/wp\/v2\/lingue?post=89"},{"taxonomy":"lunghezza_corsi","embeddable":true,"href":"https:\/\/businessschool.luiss.it\/cesid\/wp-json\/wp\/v2\/lunghezza_corsi?post=89"}],"curies":[{"name":"wp","href":"https:\/\/api.w.org\/{rel}","templated":true}]}}