{"id":169,"date":"2017-05-19T15:01:51","date_gmt":"2017-05-19T15:01:51","guid":{"rendered":"https:\/\/businessschool.luiss.it\/consulente-legale-impresa\/?page_id=169"},"modified":"2024-10-21T10:14:04","modified_gmt":"2024-10-21T10:14:04","slug":"come-iscriversi","status":"publish","type":"page","link":"https:\/\/businessschool.luiss.it\/consulente-legale-impresa\/come-iscriversi\/","title":{"rendered":"Come iscriversi"},"content":{"rendered":"\n<h3 class=\"wp-block-heading\">Ammissione e iscrizione<\/h3>\n\n\n\n<p>Per iscriversi al Corso in Consulente Legale d\u2019Impresa \u00e8 necessario superare il test di ammissione che valuta le capacit\u00e0, la motivazione e il potenziale dei candidati. Il test pu\u00f2 essere sostenuto in sede oppure da remoto.<\/p>\n\n\n\n<p><i><span lang=\"IT\">Per uno sguardo approfondito sulla procedura di ammissione, leggi la scheda informativa del <a href=\"https:\/\/businessschool.luiss.it\/wp-content\/uploads\/2024\/10\/Luiss_Admission-Process_IT_20241015_1120_web.pdf\" title=\"https:\/\/businessschool.luiss.it\/wp-content\/uploads\/2020\/03\/Admission-Process_ITA.pdf\">processo di ammissione<\/a> della Luiss Business School.<\/span><\/i><\/p>\n\n\n\n<h3 class=\"wp-block-heading\">Requisiti di ammissione<\/h3>\n\n\n\n<ul class=\"wp-block-list\">\n<li>Laureandi e laureati in Giurisprudenza<\/li>\n\n\n\n<li>Test di ammissione<\/li>\n<\/ul>\n\n\n\n<h3 class=\"wp-block-heading\">Test di ammissione<\/h3>\n\n\n\n<p>Il test di ammissione al Corso in Consulente Legale d\u2019Impresa \u00e8 composto da:<\/p>\n\n\n\n<ul class=\"wp-block-list\">\n<li>test di lingua inglese: due test scritti con domande a risposta aperta e multipla (i candidati in possesso di un certificato TOEFL\/IELTS con elevato punteggio e in corso di validit\u00e0, possono essere esonerati dal test d\u2019inglese)<\/li>\n\n\n\n<li>test di logica induttiva, numerica e verbale: un test scritto con domande a risposta multipla (i candidati in possesso di un certificato GMAT\/GRE con elevato punteggio e in corso di validit\u00e0, possono essere esonerati dal test di logica)<\/li>\n\n\n\n<li>colloqui motivazionali<\/li>\n<\/ul>\n\n\n\n<h3 class=\"wp-block-heading\">Documentazione richiesta<\/h3>\n\n\n\n<p>Per partecipare al test di ammissione \u00e8 necessario compilare il <strong><a href=\"https:\/\/businessschool.luiss.it\/application\/?pid=P-000022\" title=\"\">form<\/a><\/strong> e sar\u00e0 richiesta la seguente documentazione:<\/p>\n\n\n\n<ul class=\"wp-block-list\">\n<li>copia del certificato di laurea*<\/li>\n\n\n\n<li>CV<\/li>\n\n\n\n<li>copia di un documento di identit\u00e0<\/li>\n\n\n\n<li>fototessera digitale<\/li>\n\n\n\n<li>ricevuta di versamento della quota di partecipazione alle selezioni pari a \u20ac 100 (non rimborsabile)<\/li>\n\n\n\n<li>eventuale Certificato TOEFL\/IELTS (opzionale)<\/li>\n\n\n\n<li>eventuale Certificato GMAT\/GRE (opzionale)<\/li>\n<\/ul>\n\n\n\n<p><i>* i candidati non ancora in possesso del certificato di laurea potranno fornire l\u2019autocertificazione utilizzando il format Luiss Business School disponibile <\/i><strong><a href=\"https:\/\/businessschool.luiss.it\/wp-content\/uploads\/2024\/07\/Autocertificazione-2024_202567.pdf\" target=\"_blank\" rel=\"noopener\" title=\"\">QUI<\/a><\/strong><i>.<\/i><\/p>\n\n\n\n<p>I candidati con un <strong>titolo estero<\/strong>&nbsp;dovranno anche inviare la seguente documentazione aggiuntiva per la valutazione:<\/p>\n\n\n\n<ul class=\"wp-block-list\">\n<li>copia del certificato di laurea sia in lingua originale che in lingua inglese<\/li>\n\n\n\n<li>autocertificazione <em>disponibile <\/em><strong><em><a href=\"https:\/\/businessschool.luiss.it\/wp-content\/uploads\/2024\/07\/Autocertificazione-2024_202567.pdf\" title=\"\">QUI<\/a><\/em><\/strong><\/li>\n\n\n\n<li>transcript dei voti in lingua inglese<\/li>\n\n\n\n<li>diploma supplement (opzionale)<\/li>\n<\/ul>\n\n\n\n<h3 class=\"wp-block-heading\">Pagamento della quota d\u2019accesso alle selezioni<\/h3>\n\n\n\n<p>Il pagamento della quota d\u2019accesso alle selezioni pu\u00f2 essere effettuato&nbsp;<strong>online<\/strong>&nbsp;contestualmente all\u2019application.<\/p>\n","protected":false},"excerpt":{"rendered":"<p>Ammissione e iscrizione Per iscriversi al Corso in Consulente Legale d\u2019Impresa \u00e8 necessario superare il test di ammissione che valuta [&hellip;]<\/p>\n","protected":false},"author":5,"featured_media":0,"parent":0,"menu_order":0,"comment_status":"closed","ping_status":"closed","template":"page-default.php","meta":{"_acf_changed":false,"footnotes":""},"categories":[],"tags":[],"docenti_teaching_area":[],"docenti_research_area":[],"tematiche":[],"lingue":[],"lunghezza_corsi":[],"class_list":["post-169","page","type-page","status-publish","hentry"],"acf":[],"aioseo_notices":[],"_links":{"self":[{"href":"https:\/\/businessschool.luiss.it\/consulente-legale-impresa\/wp-json\/wp\/v2\/pages\/169","targetHints":{"allow":["GET"]}}],"collection":[{"href":"https:\/\/businessschool.luiss.it\/consulente-legale-impresa\/wp-json\/wp\/v2\/pages"}],"about":[{"href":"https:\/\/businessschool.luiss.it\/consulente-legale-impresa\/wp-json\/wp\/v2\/types\/page"}],"author":[{"embeddable":true,"href":"https:\/\/businessschool.luiss.it\/consulente-legale-impresa\/wp-json\/wp\/v2\/users\/5"}],"replies":[{"embeddable":true,"href":"https:\/\/businessschool.luiss.it\/consulente-legale-impresa\/wp-json\/wp\/v2\/comments?post=169"}],"version-history":[{"count":6,"href":"https:\/\/businessschool.luiss.it\/consulente-legale-impresa\/wp-json\/wp\/v2\/pages\/169\/revisions"}],"predecessor-version":[{"id":517,"href":"https:\/\/businessschool.luiss.it\/consulente-legale-impresa\/wp-json\/wp\/v2\/pages\/169\/revisions\/517"}],"wp:attachment":[{"href":"https:\/\/businessschool.luiss.it\/consulente-legale-impresa\/wp-json\/wp\/v2\/media?parent=169"}],"wp:term":[{"taxonomy":"category","embeddable":true,"href":"https:\/\/businessschool.luiss.it\/consulente-legale-impresa\/wp-json\/wp\/v2\/categories?post=169"},{"taxonomy":"post_tag","embeddable":true,"href":"https:\/\/businessschool.luiss.it\/consulente-legale-impresa\/wp-json\/wp\/v2\/tags?post=169"},{"taxonomy":"docenti_teaching_area","embeddable":true,"href":"https:\/\/businessschool.luiss.it\/consulente-legale-impresa\/wp-json\/wp\/v2\/docenti_teaching_area?post=169"},{"taxonomy":"docenti_research_area","embeddable":true,"href":"https:\/\/businessschool.luiss.it\/consulente-legale-impresa\/wp-json\/wp\/v2\/docenti_research_area?post=169"},{"taxonomy":"tematiche","embeddable":true,"href":"https:\/\/businessschool.luiss.it\/consulente-legale-impresa\/wp-json\/wp\/v2\/tematiche?post=169"},{"taxonomy":"lingue","embeddable":true,"href":"https:\/\/businessschool.luiss.it\/consulente-legale-impresa\/wp-json\/wp\/v2\/lingue?post=169"},{"taxonomy":"lunghezza_corsi","embeddable":true,"href":"https:\/\/businessschool.luiss.it\/consulente-legale-impresa\/wp-json\/wp\/v2\/lunghezza_corsi?post=169"}],"curies":[{"name":"wp","href":"https:\/\/api.w.org\/{rel}","templated":true}]}}