{"id":9,"date":"2015-04-26T13:58:32","date_gmt":"2015-04-26T13:58:32","guid":{"rendered":"https:\/\/businessschool.luiss.it\/consulente-legale-impresa\/?page_id=9"},"modified":"2026-03-02T16:21:19","modified_gmt":"2026-03-02T16:21:19","slug":"curriculum","status":"publish","type":"page","link":"https:\/\/businessschool.luiss.it\/consulente-legale-impresa\/curriculum\/","title":{"rendered":"Curriculum"},"content":{"rendered":"\n<p>Il curriculum del Corso di alta formazione in Consulente Legale d\u2019Impresa \u00e8 disegnato con l\u2019obiettivo di assicurare e supportare in maniera progressiva la crescita professionale e personale dei partecipanti. L\u2019esperienza formativa \u00e8 composta da lezioni, casi studio, sessioni di lavoro di gruppo. Prevede inoltre il coinvolgimento di una faculty di alto livello, composta da accademici e professionisti.<\/p>\n\n\n\n<p>Il Corso si conclude con il field project, che permette di combinare teoria e pratica.<\/p>\n\n\n\n<h3 class=\"wp-block-heading\">Induction week<\/h3>\n\n\n\n<p>L\u2019induction week \u00e8 la settimana introduttiva al Corso, durante la quale gli studenti potranno ambientarsi e prendere confidenza con la vita del campus. Verranno organizzati laboratori di ice-breaking, seminari, workshop e presentazioni. Gli studenti avranno l\u2019occasione di conoscere i propri compagni di corso, i servizi e le attivit\u00e0 curriculari ed extra-curriculari previste dal Corso.<\/p>\n\n\n\n<h3 class=\"wp-block-heading\">General management<\/h3>\n\n\n\n<p>I corsi in general management mirano a fornire a tutti gli studenti le basi di Business e Management necessarie per comprendere i concetti che verranno introdotti durante i corsi core e di specializzazione di ciascun programma.<\/p>\n\n\n\n<ul class=\"wp-block-list\">\n<li>Fondamenti di Marketing<\/li>\n\n\n\n<li>Strategia<\/li>\n\n\n\n<li>Contabilit\u00e0 e bilancio<\/li>\n\n\n\n<li>Organizzazione e People Management<\/li>\n\n\n\n<li>Economics of strategy<\/li>\n\n\n\n<li>Finanza<\/li>\n<\/ul>\n\n\n\n<h3 class=\"wp-block-heading\">Corsi core<\/h3>\n\n\n\n<p>I corsi core hanno lo scopo di introdurre agli studenti i concetti chiave legati alla industry del Programma. Tali corsi forniscono i principi e le competenze necessari per acquisire una conoscenza pi\u00f9 completa del settore.<\/p>\n\n\n\n<ul class=\"wp-block-list\">\n<li>Diritto Commerciale<\/li>\n\n\n\n<li>Diritto Fallimentare<\/li>\n\n\n\n<li>Diritto Industriale<\/li>\n\n\n\n<li>Diritto Penale dell\u2019Economia<\/li>\n\n\n\n<li>Contratti d\u2019Impresa e Rapporti tra Impresa e Consumatori<\/li>\n<\/ul>\n\n\n\n<h3 class=\"wp-block-heading\">Corsi di specializzazione<\/h3>\n\n\n\n<p>I corsi di specializzazione offrono una prospettiva approfondita degli aspetti specifici legati alla industry del Programma e forniscono un approccio prettamente pratico.<\/p>\n\n\n\n<ul class=\"wp-block-list\">\n<li>Common Law e il Trust nelle Operazioni Finanziarie<\/li>\n\n\n\n<li>Diritto del Lavoro<\/li>\n\n\n\n<li>Diritto della Concorrenza<\/li>\n\n\n\n<li>Diritto Tributario della Societ\u00e0<\/li>\n\n\n\n<li>Drafting a Legal Opinion Lab<\/li>\n\n\n\n<li>Negotiation Lab<\/li>\n\n\n\n<li>Legal English Lab<\/li>\n<\/ul>\n\n\n\n<h3 class=\"wp-block-heading\">Learning lab<\/h3>\n\n\n\n<p>I laboratori favoriscono la crescita personale dei partecipanti, guidandoli nello sviluppo di abilit\u00e0 trasversali e soft skill. Gli allievi prenderanno parte a sessioni pratiche, durante le quali potranno coltivare la flessibilit\u00e0 intellettuale, accrescere la capacit\u00e0 di problem solving e imparare ad adattarsi a situazioni diverse, perfezionando la propria sensibilit\u00e0 interculturale.<\/p>\n\n\n\n<h3 class=\"wp-block-heading\">Tirocinio<\/h3>\n\n\n\n<p>Il tirocinio curriculare \u00e8 generalmente svolto al termine del Corso in Consulente Legale d\u2019Impresa e rappresenta per gli studenti l\u2019opportunit\u00e0 di combinare teoria e pratica, entrando in contatto diretto con figure professionali di settore. Il Career Service fornisce supporto nella ricerca delle opportunit\u00e0 di tirocinio, contribuendo cos\u00ec a espandere le prospettive di carriera&nbsp;dei partecipanti, offrendo loro la possibilit\u00e0 di acquisire l\u2019esperienza lavorativa necessaria per incrementare e migliorare le proprie abilit\u00e0, ed estendere il proprio business network.<\/p>\n\n\n\n<h3 class=\"wp-block-heading\">Calendario Accademico<\/h3>\n\n\n\n<p>Il Corso di alta formazione in Consulente Legale d\u2019Impresa ha una durata di 12 mesi ed \u00e8 suddiviso in 4 term.<\/p>\n\n\n\n<p><strong>Term 1:\u00a0<\/strong>ottobre-dicembre 2026<strong><br>Term 2:\u00a0<\/strong>gennaio-marzo 2027<strong><br>Term 3:\u00a0<\/strong>aprile-maggio 2027<strong><br>Term 4:\u00a0<\/strong>maggio-giugno 2027 fino alla conclusione del tirocinio<br><br>Il calendario accademico potrebbe subire variazioni durante l\u2019anno. Per ricevere maggiori informazioni \u00e8 possibile inviare un\u2019e-mail all\u2019indirizzo\u00a0<a href=\"mailto:master@luissbusinessschool.it\"><strong>master@luissbusinessschool.it<\/strong><\/a>.<\/p>\n","protected":false},"excerpt":{"rendered":"<p>Il curriculum del Corso di alta formazione in Consulente Legale d\u2019Impresa \u00e8 disegnato con l\u2019obiettivo di assicurare e supportare in [&hellip;]<\/p>\n","protected":false},"author":1,"featured_media":0,"parent":0,"menu_order":0,"comment_status":"closed","ping_status":"closed","template":"page-default.php","meta":{"_acf_changed":false,"footnotes":""},"categories":[],"tags":[],"docenti_teaching_area":[],"docenti_research_area":[],"tematiche":[],"lingue":[],"lunghezza_corsi":[],"class_list":["post-9","page","type-page","status-publish","hentry"],"acf":[],"aioseo_notices":[],"_links":{"self":[{"href":"https:\/\/businessschool.luiss.it\/consulente-legale-impresa\/wp-json\/wp\/v2\/pages\/9","targetHints":{"allow":["GET"]}}],"collection":[{"href":"https:\/\/businessschool.luiss.it\/consulente-legale-impresa\/wp-json\/wp\/v2\/pages"}],"about":[{"href":"https:\/\/businessschool.luiss.it\/consulente-legale-impresa\/wp-json\/wp\/v2\/types\/page"}],"author":[{"embeddable":true,"href":"https:\/\/businessschool.luiss.it\/consulente-legale-impresa\/wp-json\/wp\/v2\/users\/1"}],"replies":[{"embeddable":true,"href":"https:\/\/businessschool.luiss.it\/consulente-legale-impresa\/wp-json\/wp\/v2\/comments?post=9"}],"version-history":[{"count":5,"href":"https:\/\/businessschool.luiss.it\/consulente-legale-impresa\/wp-json\/wp\/v2\/pages\/9\/revisions"}],"predecessor-version":[{"id":565,"href":"https:\/\/businessschool.luiss.it\/consulente-legale-impresa\/wp-json\/wp\/v2\/pages\/9\/revisions\/565"}],"wp:attachment":[{"href":"https:\/\/businessschool.luiss.it\/consulente-legale-impresa\/wp-json\/wp\/v2\/media?parent=9"}],"wp:term":[{"taxonomy":"category","embeddable":true,"href":"https:\/\/businessschool.luiss.it\/consulente-legale-impresa\/wp-json\/wp\/v2\/categories?post=9"},{"taxonomy":"post_tag","embeddable":true,"href":"https:\/\/businessschool.luiss.it\/consulente-legale-impresa\/wp-json\/wp\/v2\/tags?post=9"},{"taxonomy":"docenti_teaching_area","embeddable":true,"href":"https:\/\/businessschool.luiss.it\/consulente-legale-impresa\/wp-json\/wp\/v2\/docenti_teaching_area?post=9"},{"taxonomy":"docenti_research_area","embeddable":true,"href":"https:\/\/businessschool.luiss.it\/consulente-legale-impresa\/wp-json\/wp\/v2\/docenti_research_area?post=9"},{"taxonomy":"tematiche","embeddable":true,"href":"https:\/\/businessschool.luiss.it\/consulente-legale-impresa\/wp-json\/wp\/v2\/tematiche?post=9"},{"taxonomy":"lingue","embeddable":true,"href":"https:\/\/businessschool.luiss.it\/consulente-legale-impresa\/wp-json\/wp\/v2\/lingue?post=9"},{"taxonomy":"lunghezza_corsi","embeddable":true,"href":"https:\/\/businessschool.luiss.it\/consulente-legale-impresa\/wp-json\/wp\/v2\/lunghezza_corsi?post=9"}],"curies":[{"name":"wp","href":"https:\/\/api.w.org\/{rel}","templated":true}]}}