{"id":34,"date":"2025-05-05T15:32:33","date_gmt":"2025-05-05T13:32:33","guid":{"rendered":"https:\/\/businessschool.luiss.it\/cpu-patient-advocacy-and-engagement\/?page_id=34"},"modified":"2025-05-05T15:39:12","modified_gmt":"2025-05-05T13:39:12","slug":"metodologia-didattica","status":"publish","type":"page","link":"https:\/\/businessschool.luiss.it\/cpu-patient-advocacy-and-engagement\/metodologia-didattica\/","title":{"rendered":"Metodologia Didattica"},"content":{"rendered":"\n<p>I Corsi di Perfezionamento Universitario offrono un\u2019esperienza formativa di eccellenza, pensata per essere flessibile e adattabile sia alle esigenze personali che agli impegni professionali. L\u2019intero percorso si svolger\u00e0 online, consentendo ai partecipanti di seguire le lezioni con la massima autonomia e comodit\u00e0. Durante il corso, sar\u00e0 possibile interagire direttamente con i docenti attraverso esercitazioni pratiche, simulazioni, giochi di ruolo, analisi di business case e confronto su best practice.<\/p>\n","protected":false},"excerpt":{"rendered":"<p>I Corsi di Perfezionamento Universitario offrono un\u2019esperienza formativa di eccellenza, pensata per essere flessibile e adattabile sia alle esigenze personali [&hellip;]<\/p>\n","protected":false},"author":5,"featured_media":0,"parent":0,"menu_order":0,"comment_status":"closed","ping_status":"closed","template":"","meta":{"_acf_changed":false,"footnotes":""},"categories":[],"tags":[],"docenti_teaching_area":[],"docenti_research_area":[],"tematiche":[],"lingue":[],"lunghezza_corsi":[],"class_list":["post-34","page","type-page","status-publish","hentry"],"acf":[],"aioseo_notices":[],"_links":{"self":[{"href":"https:\/\/businessschool.luiss.it\/cpu-patient-advocacy-and-engagement\/wp-json\/wp\/v2\/pages\/34","targetHints":{"allow":["GET"]}}],"collection":[{"href":"https:\/\/businessschool.luiss.it\/cpu-patient-advocacy-and-engagement\/wp-json\/wp\/v2\/pages"}],"about":[{"href":"https:\/\/businessschool.luiss.it\/cpu-patient-advocacy-and-engagement\/wp-json\/wp\/v2\/types\/page"}],"author":[{"embeddable":true,"href":"https:\/\/businessschool.luiss.it\/cpu-patient-advocacy-and-engagement\/wp-json\/wp\/v2\/users\/5"}],"replies":[{"embeddable":true,"href":"https:\/\/businessschool.luiss.it\/cpu-patient-advocacy-and-engagement\/wp-json\/wp\/v2\/comments?post=34"}],"version-history":[{"count":2,"href":"https:\/\/businessschool.luiss.it\/cpu-patient-advocacy-and-engagement\/wp-json\/wp\/v2\/pages\/34\/revisions"}],"predecessor-version":[{"id":58,"href":"https:\/\/businessschool.luiss.it\/cpu-patient-advocacy-and-engagement\/wp-json\/wp\/v2\/pages\/34\/revisions\/58"}],"wp:attachment":[{"href":"https:\/\/businessschool.luiss.it\/cpu-patient-advocacy-and-engagement\/wp-json\/wp\/v2\/media?parent=34"}],"wp:term":[{"taxonomy":"category","embeddable":true,"href":"https:\/\/businessschool.luiss.it\/cpu-patient-advocacy-and-engagement\/wp-json\/wp\/v2\/categories?post=34"},{"taxonomy":"post_tag","embeddable":true,"href":"https:\/\/businessschool.luiss.it\/cpu-patient-advocacy-and-engagement\/wp-json\/wp\/v2\/tags?post=34"},{"taxonomy":"docenti_teaching_area","embeddable":true,"href":"https:\/\/businessschool.luiss.it\/cpu-patient-advocacy-and-engagement\/wp-json\/wp\/v2\/docenti_teaching_area?post=34"},{"taxonomy":"docenti_research_area","embeddable":true,"href":"https:\/\/businessschool.luiss.it\/cpu-patient-advocacy-and-engagement\/wp-json\/wp\/v2\/docenti_research_area?post=34"},{"taxonomy":"tematiche","embeddable":true,"href":"https:\/\/businessschool.luiss.it\/cpu-patient-advocacy-and-engagement\/wp-json\/wp\/v2\/tematiche?post=34"},{"taxonomy":"lingue","embeddable":true,"href":"https:\/\/businessschool.luiss.it\/cpu-patient-advocacy-and-engagement\/wp-json\/wp\/v2\/lingue?post=34"},{"taxonomy":"lunghezza_corsi","embeddable":true,"href":"https:\/\/businessschool.luiss.it\/cpu-patient-advocacy-and-engagement\/wp-json\/wp\/v2\/lunghezza_corsi?post=34"}],"curies":[{"name":"wp","href":"https:\/\/api.w.org\/{rel}","templated":true}]}}