{"id":251,"date":"2018-06-20T07:10:35","date_gmt":"2018-06-20T07:10:35","guid":{"rendered":"https:\/\/businessschool.luiss.it\/digital-business-strategy\/?page_id=251"},"modified":"2025-11-05T13:51:04","modified_gmt":"2025-11-05T13:51:04","slug":"curriculum","status":"publish","type":"page","link":"https:\/\/businessschool.luiss.it\/digital-business-strategy\/curriculum\/","title":{"rendered":"Curriculum"},"content":{"rendered":"<p>Il curriculum del Major in Digital Business Strategy, del <strong>Master in Digital Transformation for Corporate and Business Strategy<\/strong>, \u00e8 disegnato con l\u2019obiettivo di assicurare e supportare in maniera progressiva la crescita professionale e personale dei partecipanti. L\u2019esperienza formativa \u00e8 composta da lezioni, casi studio, sessioni di lavoro di gruppo. Prevede inoltre il coinvolgimento di una faculty di alto livello, composta da accademici e professionisti.<\/p>\n<p>Per tutta la durata del Programma, gli studenti riceveranno dal Career Service un supporto costante che li aiuti ad acquisire e sviluppare competenze utili a incrementare la propria spendibilit\u00e0 nel mercato del lavoro. Il Career Service offrir\u00e0 anche supporto diretto nella ricerca di un tirocinio curriculare.<\/p>\n<h3>Induction week<\/h3>\n<p>L\u2019induction week \u00e8 la settimana introduttiva al Programma, durante la quale gli studenti potranno ambientarsi e prendere confidenza con la vita del campus. Verranno organizzati laboratori di ice-breaking, seminari, workshop e presentazioni. Gli studenti avranno l\u2019occasione di conoscere i propri compagni di corso, i servizi e le attivit\u00e0 curriculari ed extra-curriculari previste dal Programma.<\/p>\n<h3>General management<\/h3>\n<p>I corsi in general management mirano a fornire a tutti gli studenti le basi di Business e Management necessarie per comprendere i concetti che verranno introdotti durante i corsi core e di specializzazione di ciascun master.<\/p>\n<ul>\n<li class=\"x_x_MsoNormal\" data-ogsc=\"rgb(0, 58, 112)\" data-ogsb=\"white\">Strategia<\/li>\n<li class=\"x_x_MsoNormal\" data-ogsc=\"rgb(0, 58, 112)\" data-ogsb=\"white\">Marketing<\/li>\n<li class=\"x_x_MsoNormal\" data-ogsc=\"rgb(0, 58, 112)\" data-ogsb=\"white\">Contabilit\u00e0<\/li>\n<li class=\"x_x_MsoNormal\" data-ogsc=\"rgb(0, 58, 112)\" data-ogsb=\"white\">Finanza<\/li>\n<li class=\"x_x_MsoNormal\" data-ogsc=\"rgb(0, 58, 112)\" data-ogsb=\"white\">Diritto d\u2019impresa<\/li>\n<li class=\"x_x_MsoNormal\" data-ogsc=\"rgb(0, 58, 112)\" data-ogsb=\"white\">Economics of Strategy<\/li>\n<li class=\"x_x_MsoNormal\" data-ogsc=\"rgb(0, 58, 112)\" data-ogsb=\"white\"><span lang=\"IT\">Organizzazione e Gestione delle Risorse Umane<\/span><\/li>\n<\/ul>\n<h3>Corsi core<\/h3>\n<p>I corsi core hanno lo scopo di introdurre agli studenti i concetti chiave legati alla industry del Master. Tali corsi forniscono i principi e le competenze necessari per acquisire una conoscenza pi\u00f9 completa del settore.<\/p>\n<ul>\n<li>Strategia d\u2019Impresa nell\u2019Era Digitale<\/li>\n<li>Gestire le Sfide del Digitale: Predire l\u2019Impatto Organizzativo<\/li>\n<li>Cybersecurity: Implicazioni strategiche e Legali<\/li>\n<li>Tutela della Propriet\u00e0 Intellettuale<\/li>\n<li>Digital Communication, Digital Positioning &amp; Digital Customer Experience<\/li>\n<\/ul>\n<h3>Corsi di specializzazione<\/h3>\n<p>I corsi di specializzazione offrono una prospettiva approfondita degli aspetti specifici legati alla industry del Master e forniscono un approccio prettamente pratico.<\/p>\n<ul>\n<li>Consumer Centric Approach<\/li>\n<li>Data Centric Approach<\/li>\n<li>Coding for non Dev<\/li>\n<li>Coding Web App<\/li>\n<li>Coding Mobile App<\/li>\n<li>Gestione degli Store Online<\/li>\n<li>Retail Transformation<\/li>\n<li>Digital Payments<\/li>\n<\/ul>\n<h3>Challenge<\/h3>\n<p>Durante le lezioni in aula, gli studenti saranno coinvolti in una challenge commissionata dalle aziende partner del Master, finalizzata a trovare soluzioni innovative a reali esigenze di business. Tale attivit\u00e0 prevedr\u00e0 la supervisione di un tutor aziendale e consentir\u00e0 agli allievi di sviluppare competenze trasversali, mettendo in pratica gli insegnamenti appresi.<\/p>\n<h3>Learning lab<\/h3>\n<p>I laboratori favoriscono la crescita personale dei partecipanti, guidandoli nello sviluppo di abilit\u00e0 trasversali e soft skill. Gli allievi prenderanno parte a sessioni pratiche, durante le quali potranno coltivare la flessibilit\u00e0 intellettuale, accrescere la capacit\u00e0 di problem solving e imparare ad adattarsi a situazioni diverse, perfezionando la propria sensibilit\u00e0 interculturale.<\/p>\n<h3>Tirocinio<\/h3>\n<p>Il tirocinio curriculare \u00e8 generalmente svolto al termine del Major in Digital Business Strategy e rappresenta per gli studenti l\u2019opportunit\u00e0 di combinare teoria e pratica, entrando in contatto diretto con figure professionali di settore. Il Career Service fornisce supporto nella ricerca delle opportunit\u00e0 di tirocinio, contribuendo cos\u00ec a espandere le prospettive di carriera\u00a0dei partecipanti, offrendo loro la possibilit\u00e0 di acquisire l\u2019esperienza lavorativa necessaria per incrementare e migliorare le proprie abilit\u00e0, ed estendere il proprio business network.<\/p>\n<h3>Calendario Accademico<\/h3>\n<p>Il <strong>Master in Digital Transformation for Corporate and Business Strategy<\/strong> \u2013 Major in Digital Business Strategy ha una durata di 12 mesi ed \u00e8 suddiviso in 4 term.<\/p>\n<p><b><span lang=\"IT\">Term 1: <\/span><\/b><span lang=\"IT\">ottobre<\/span><span lang=\"IT\">-dicembre 2026<br \/>\n<b>Term 2:\u00a0<\/b>gennaio-marzo 2027<br \/>\n<b>Term 3:\u00a0<\/b>aprile-maggio 2027<br \/>\n<b>Term 4:\u00a0<\/b>maggio-giugno 2027 fino alla conclusione del tirocinio<\/span><\/p>\n<p>Il calendario accademico potrebbe subire variazioni durante l\u2019anno. Per ricevere maggiori informazioni \u00e8 possibile inviare un\u2019e-mail all\u2019indirizzo <a href=\"mailto:master@luissbusinessschool.it\">master@luissbusinessschool.it<\/a>.<\/p>\n","protected":false},"excerpt":{"rendered":"<p>Il curriculum del Major in Digital Business Strategy, del Master in Digital Transformation for Corporate and Business Strategy, \u00e8 disegnato [&hellip;]<\/p>\n","protected":false},"author":5,"featured_media":0,"parent":0,"menu_order":0,"comment_status":"closed","ping_status":"closed","template":"page-default.php","meta":{"_acf_changed":false,"footnotes":""},"categories":[],"tags":[],"docenti_teaching_area":[],"docenti_research_area":[],"tematiche":[],"lingue":[],"lunghezza_corsi":[],"class_list":["post-251","page","type-page","status-publish","hentry"],"acf":[],"aioseo_notices":[],"_links":{"self":[{"href":"https:\/\/businessschool.luiss.it\/digital-business-strategy\/wp-json\/wp\/v2\/pages\/251","targetHints":{"allow":["GET"]}}],"collection":[{"href":"https:\/\/businessschool.luiss.it\/digital-business-strategy\/wp-json\/wp\/v2\/pages"}],"about":[{"href":"https:\/\/businessschool.luiss.it\/digital-business-strategy\/wp-json\/wp\/v2\/types\/page"}],"author":[{"embeddable":true,"href":"https:\/\/businessschool.luiss.it\/digital-business-strategy\/wp-json\/wp\/v2\/users\/5"}],"replies":[{"embeddable":true,"href":"https:\/\/businessschool.luiss.it\/digital-business-strategy\/wp-json\/wp\/v2\/comments?post=251"}],"version-history":[{"count":6,"href":"https:\/\/businessschool.luiss.it\/digital-business-strategy\/wp-json\/wp\/v2\/pages\/251\/revisions"}],"predecessor-version":[{"id":713,"href":"https:\/\/businessschool.luiss.it\/digital-business-strategy\/wp-json\/wp\/v2\/pages\/251\/revisions\/713"}],"wp:attachment":[{"href":"https:\/\/businessschool.luiss.it\/digital-business-strategy\/wp-json\/wp\/v2\/media?parent=251"}],"wp:term":[{"taxonomy":"category","embeddable":true,"href":"https:\/\/businessschool.luiss.it\/digital-business-strategy\/wp-json\/wp\/v2\/categories?post=251"},{"taxonomy":"post_tag","embeddable":true,"href":"https:\/\/businessschool.luiss.it\/digital-business-strategy\/wp-json\/wp\/v2\/tags?post=251"},{"taxonomy":"docenti_teaching_area","embeddable":true,"href":"https:\/\/businessschool.luiss.it\/digital-business-strategy\/wp-json\/wp\/v2\/docenti_teaching_area?post=251"},{"taxonomy":"docenti_research_area","embeddable":true,"href":"https:\/\/businessschool.luiss.it\/digital-business-strategy\/wp-json\/wp\/v2\/docenti_research_area?post=251"},{"taxonomy":"tematiche","embeddable":true,"href":"https:\/\/businessschool.luiss.it\/digital-business-strategy\/wp-json\/wp\/v2\/tematiche?post=251"},{"taxonomy":"lingue","embeddable":true,"href":"https:\/\/businessschool.luiss.it\/digital-business-strategy\/wp-json\/wp\/v2\/lingue?post=251"},{"taxonomy":"lunghezza_corsi","embeddable":true,"href":"https:\/\/businessschool.luiss.it\/digital-business-strategy\/wp-json\/wp\/v2\/lunghezza_corsi?post=251"}],"curies":[{"name":"wp","href":"https:\/\/api.w.org\/{rel}","templated":true}]}}