{"id":2,"date":"2019-11-14T12:15:12","date_gmt":"2019-11-14T11:15:12","guid":{"rendered":"https:\/\/businessschool.luiss.it\/digital-business-strategy-belluno\/?page_id=2"},"modified":"2024-02-08T10:05:09","modified_gmt":"2024-02-08T09:05:09","slug":"pagina-di-esempio","status":"publish","type":"page","link":"https:\/\/businessschool.luiss.it\/digital-marketing-social-media-data\/","title":{"rendered":"Overview"},"content":{"rendered":"\n<p>Il Master in Marketing \u2013 Major in Digital Marketing and Social Media Data \u00e8 un percorso altamente formativo e specializzante offerto dalla Luiss Business School per fornire strumenti e conoscenze per capire, gestire e sfruttare la complessit\u00e0 dello scenario competitivo.<\/p>\n\n\n\n<p>Con la digitalizzazione sono rapidamente cambiati gli strumenti di azione: i social media hanno scardinato le strutture e le logiche tradizionali di comunicazione; l\u2019omnichannel si \u00e8 imposto come nuova logica di gestione dei canali distributivi; le piattaforme hanno introdotto nuovi modelli di business flessibili e potenti. Trasversalmente a tutto ci\u00f2 si affermano i big data, fenomeno multiforme e caratterizzante il marketing presente e futuro.<\/p>\n\n\n\n<p>\u00c8 necessario oggi adeguare il pensiero e l\u2019attitudine del marketing a questi strumenti, sfruttandone la potenza per migliorare la capacit\u00e0 dell\u2019impresa di relazionarsi con i propri clienti, in un quadro di fiducia e vantaggio reciproco.<\/p>\n\n\n\n<p>Nel corso delle lezioni si ricorrer\u00e0 a differenti \u201clinguaggi\u201d e si forniranno diverse \u201cchiavi di lettura\u201d grazie alla partecipazione di docenti del mondo accademico e di professionisti specializzati nelle singole tematiche di riferimento.<\/p>\n\n\n\n<p>La ricchezza del processo di apprendimento \u00e8 garantita dalla combinazione di attivit\u00e0 didattiche in aula, incontri con leader e top manager, laboratori, Coaching individuale e incontri di Career Advisory.<\/p>\n\n\n\n<p>Il programma \u00e8 un Master Universitario di I livello che consente di ottenere fino a 60 CFU e viene erogato in formula part-time nel fine settimana. Offre inoltre agli studenti migliori e pi\u00f9 motivati l&#8217;opportunit\u00e0 di studiare all&#8217;estero presso le istituzioni partner della Luiss Business School.<\/p>\n\n\n\n<h3 class=\"wp-block-heading\">Obiettivi del Major in Digital Marketing &amp; Social Media Data<\/h3>\n\n\n\n<p>Il Master permetter\u00e0 al partecipante di migliorare le sue capacit\u00e0 di:<\/p>\n\n\n\n<ul class=\"wp-block-list\">\n<li>comprendere il quadro generale entro il quale oggi le imprese sono chiamate a compiere le loro scelte di produzione;<\/li>\n\n\n\n<li>comprendere le logiche e gli strumenti che consentono ai manager di assumere, condurre e controllare scelte di mercato significative ed efficienti;<\/li>\n\n\n\n<li>acquisire le conoscenze e il metodo per ideare product offering efficaci;<\/li>\n\n\n\n<li>conoscere e comprendere le strutture del mercato e ispirare a esse i comportamenti di marketing;<\/li>\n\n\n\n<li>acquisire dimestichezza con le dimensioni relazionali del marketing e conoscerne il potenziamento grazie al digitale;<\/li>\n\n\n\n<li>utilizzare fruttuosamente le tecnologie digitali, dai social ai big data, all\u2019interno dei programmi di marketing;<\/li>\n\n\n\n<li>conoscere il settore e il mercato e saperne misurare le performance;<\/li>\n\n\n\n<li>redigere un piano di marketing;<\/li>\n\n\n\n<li>ideare e pianificare una campagna di comunicazione integrata, con particolare riferimento ai social media;<\/li>\n\n\n\n<li>esplorare le nuove risorse web-specific (come le app, le piattaforme collaborative e i tool) e imparare a usarle, integrandole nel marketing aziendale;<\/li>\n\n\n\n<li>potenziare la capacit\u00e0 distributiva e di contatto diretto, disegnando un approccio omnichannel integrando mondo fisico e rete;<\/li>\n\n\n\n<li>conoscere l\u2019universo big data, le sue applicazioni in chiave di personalizzazione dell\u2019offerta.<\/li>\n<\/ul>\n\n\n\n<h3 class=\"wp-block-heading\">A chi \u00e8 rivolto<\/h3>\n\n\n\n<p>Il Master \u00e8 rivolto a professionisti che abbiano gi\u00e0 acquisito un\u2019esperienza lavorativa, non necessariamente nell\u2019Area Digital Marketing &amp; Social Media Data, e che desiderano acquisire il know-how necessario a gestire la comunicazione digitale, focalizzandone i protagonisti principali.<\/p>\n\n\n\n<p>Il Master risponde a esigenze professionali di diversa natura e facilita il raggiungimento di importanti progressi nel proprio percorso di carriera di:<\/p>\n\n\n\n<ul class=\"wp-block-list\">\n<li>executive manager di imprese e organizzazioni no profit, pubbliche e private;<\/li>\n\n\n\n<li>imprenditori e startupper;<\/li>\n\n\n\n<li>professionisti del marketing e della comunicazione;<\/li>\n\n\n\n<li>responsabili area vendite e sales manager;<\/li>\n\n\n\n<li>liberi professionisti e, in generale, chiunque debba fare self-branding (attori, autori, sportivi e relativi manager);<\/li>\n\n\n\n<li>responsabili della comunicazione per associazioni, partiti, sindacati, imprese sociali, think-tank, organizzazioni pubbliche.<\/li>\n\n\n\n<li>dipendenti di aziende o istituzioni pubbliche.<\/li>\n<\/ul>\n\n\n\n<p>Sono requisiti fondamentali:<\/p>\n\n\n\n<ul class=\"wp-block-list\">\n<li>laurea triennale, magistrale o vecchio ordinamento*;<\/li>\n\n\n\n<li>significativa esperienza di lavoro (non necessariamente nell\u2019aree Marketing);<\/li>\n\n\n\n<li>buona conoscenza della lingua inglese;<\/li>\n\n\n\n<li>forte motivazione.<\/li>\n<\/ul>\n\n\n\n<p>*Coloro che, pur non essendo in possesso di un diploma di laurea, sono comunque interessati ad approfondire le tematiche oggetto del Master, potranno frequentare l\u2019intero programma o parti di esso (singolo modulo o combinazione di moduli). In questo caso non sar\u00e0 rilasciato il diploma di Master, n\u00e9 i CFU ad esso connessi ma un attestato di partecipazione. Per maggiori informazioni sulle modalit\u00e0 di adesione: <a href=\"mailto:executive@luissbusinessschool.it\">executive@luissbusinessschool.it<\/a>.<\/p>\n\n\n\n<h3 class=\"wp-block-heading\">Diploma e CFU<\/h3>\n\n\n\n<p>L\u2019Executive Master in Marketing \u2013 Major in Digital Marketing &amp; Social Media Data \u00e8 un Master di Primo Livello. Il superamento di verifiche periodiche e la valutazione della prova finale, consentiranno ai partecipanti di ottenere il Diploma con riconoscimento dei relativi <strong>60 Crediti Formativi Universitari (CFU)<\/strong>.<\/p>\n","protected":false},"excerpt":{"rendered":"<p>Il Master in Marketing \u2013 Major in Digital Marketing and Social Media Data \u00e8 un percorso altamente formativo e specializzante [&hellip;]<\/p>\n","protected":false},"author":1,"featured_media":0,"parent":0,"menu_order":0,"comment_status":"closed","ping_status":"open","template":"page-default.php","meta":{"_acf_changed":false,"footnotes":""},"categories":[],"tags":[],"docenti_teaching_area":[],"docenti_research_area":[],"tematiche":[],"lingue":[],"lunghezza_corsi":[],"class_list":["post-2","page","type-page","status-publish","hentry"],"acf":[],"aioseo_notices":[],"_links":{"self":[{"href":"https:\/\/businessschool.luiss.it\/digital-marketing-social-media-data\/wp-json\/wp\/v2\/pages\/2","targetHints":{"allow":["GET"]}}],"collection":[{"href":"https:\/\/businessschool.luiss.it\/digital-marketing-social-media-data\/wp-json\/wp\/v2\/pages"}],"about":[{"href":"https:\/\/businessschool.luiss.it\/digital-marketing-social-media-data\/wp-json\/wp\/v2\/types\/page"}],"author":[{"embeddable":true,"href":"https:\/\/businessschool.luiss.it\/digital-marketing-social-media-data\/wp-json\/wp\/v2\/users\/1"}],"replies":[{"embeddable":true,"href":"https:\/\/businessschool.luiss.it\/digital-marketing-social-media-data\/wp-json\/wp\/v2\/comments?post=2"}],"version-history":[{"count":6,"href":"https:\/\/businessschool.luiss.it\/digital-marketing-social-media-data\/wp-json\/wp\/v2\/pages\/2\/revisions"}],"predecessor-version":[{"id":175,"href":"https:\/\/businessschool.luiss.it\/digital-marketing-social-media-data\/wp-json\/wp\/v2\/pages\/2\/revisions\/175"}],"wp:attachment":[{"href":"https:\/\/businessschool.luiss.it\/digital-marketing-social-media-data\/wp-json\/wp\/v2\/media?parent=2"}],"wp:term":[{"taxonomy":"category","embeddable":true,"href":"https:\/\/businessschool.luiss.it\/digital-marketing-social-media-data\/wp-json\/wp\/v2\/categories?post=2"},{"taxonomy":"post_tag","embeddable":true,"href":"https:\/\/businessschool.luiss.it\/digital-marketing-social-media-data\/wp-json\/wp\/v2\/tags?post=2"},{"taxonomy":"docenti_teaching_area","embeddable":true,"href":"https:\/\/businessschool.luiss.it\/digital-marketing-social-media-data\/wp-json\/wp\/v2\/docenti_teaching_area?post=2"},{"taxonomy":"docenti_research_area","embeddable":true,"href":"https:\/\/businessschool.luiss.it\/digital-marketing-social-media-data\/wp-json\/wp\/v2\/docenti_research_area?post=2"},{"taxonomy":"tematiche","embeddable":true,"href":"https:\/\/businessschool.luiss.it\/digital-marketing-social-media-data\/wp-json\/wp\/v2\/tematiche?post=2"},{"taxonomy":"lingue","embeddable":true,"href":"https:\/\/businessschool.luiss.it\/digital-marketing-social-media-data\/wp-json\/wp\/v2\/lingue?post=2"},{"taxonomy":"lunghezza_corsi","embeddable":true,"href":"https:\/\/businessschool.luiss.it\/digital-marketing-social-media-data\/wp-json\/wp\/v2\/lunghezza_corsi?post=2"}],"curies":[{"name":"wp","href":"https:\/\/api.w.org\/{rel}","templated":true}]}}