{"id":2,"date":"2017-07-21T13:28:00","date_gmt":"2017-07-21T13:28:00","guid":{"rendered":"https:\/\/businessschool.luiss.it\/digital-marketing\/?page_id=2"},"modified":"2025-04-29T08:27:55","modified_gmt":"2025-04-29T08:27:55","slug":"sample-page","status":"publish","type":"page","link":"https:\/\/businessschool.luiss.it\/digital-marketing\/","title":{"rendered":"Overview"},"content":{"rendered":"\n<figure class=\"wp-block-embed is-type-video is-provider-youtube wp-block-embed-youtube wp-embed-aspect-16-9 wp-has-aspect-ratio\"><div class=\"wp-block-embed__wrapper\">\n<iframe loading=\"lazy\" title=\"Executive Programme in New Digital Marketing \u2013 Luiss Business School\" width=\"500\" height=\"281\" src=\"https:\/\/www.youtube.com\/embed\/EayzMuqxFpc?list=PLGCmI97XkO8iN1SN9WPAywoFTDozzfio3\" frameborder=\"0\" allow=\"accelerometer; autoplay; clipboard-write; encrypted-media; gyroscope; picture-in-picture; web-share\" referrerpolicy=\"strict-origin-when-cross-origin\" allowfullscreen><\/iframe>\n<\/div><\/figure>\n\n\n\n<p>La digitalizzazione \u00e8 uno dei fenomeni di maggiore discontinuit\u00e0 della nostra epoca e promette di investire ogni aspetto della vita economica e sociale. Il digitale ha gi\u00e0 cambiato tutti noi, donne e uomini del XXI Secolo: siamo pi\u00f9 informati, veloci, multitasking -insomma pi\u00f9 potenti. Sono cambiate le attivit\u00e0 umane: comunicare, lavorare, informarsi, divertirsi, fare shopping, non c\u2019\u00e8 ormai nulla che non passi per uno smartphone connesso. Una immaginaria coperta digitale, fatta di bit e dati, si estende cos\u00ec su un numero sempre maggiore di ore della nostra giornata.<\/p>\n\n\n\n<p>Quell\u2019insieme speciale di pensiero, strumenti e attivit\u00e0 che chiamiamo Marketing \u00e8 stato fra i primi a cogliere i segnali della digitalizzazione e a trasformarsi nel profondo, per coglierne le opportunit\u00e0 e prepararsi ai molti futuri possibili.<\/p>\n\n\n\n<p>La nostra missione \u00e8 adeguare il pensiero e l\u2019attitudine dei marketer a questo scenario, offrendo loro gli strumenti per crescere in consapevolezza, conoscenza e capacit\u00e0 d\u2019immaginazione.<\/p>\n\n\n\n<h3 class=\"wp-block-heading\">Obiettivi<\/h3>\n\n\n\n<p>L\u2019Executive Programme in&nbsp;<strong>New<\/strong>&nbsp;<strong>Digital Marketing<\/strong>&nbsp;\u00e8 disegnato per dotare ciascun marketer delle capacit\u00e0 di sfruttare al massimo le nuove potenzialit\u00e0 del digitale.&nbsp;<\/p>\n\n\n\n<p>Il programma si basa su una strategia formativa innovativa, fondata sul&nbsp;<strong>Modello 4F<\/strong>, che raccoglie e organizza quanto di pi\u00f9 meglio la digitalizzazione ha finora apportato al management di mercato. Gli strumenti del digital marketing sono presentati secondo il contributo distintivo che sono capaci di generare a beneficio dell\u2019azione di mercato dell\u2019impresa e secondo un approccio tecnico-manageriale che ne garantisce il massimo di efficacia ed efficienza<\/p>\n\n\n\n<p>Il programma&nbsp;include la preparazione, la simulazione e il conseguimento in aula di alcune certificazioni&nbsp;(vedi sotto) che certificano la capacit\u00e0 del marketer di gestire specifici tool digitali.&nbsp;Superare i test delle certificazioni, consente di valorizzare il proprio curriculum un set di skill fondamentali e molto richieste dal mercato del lavoro.<\/p>\n\n\n\n<p>Il programma consente all\u2019allievo di:<\/p>\n\n\n\n<ul class=\"wp-block-list\">\n<li>sentirsi in linea con i tempi, acquisendo capacit\u00e0 di lettura dello scenario competitivo e delle sue trasformazioni;<\/li>\n\n\n\n<li>capire e saper interloquire con i tecnici e i partner, grazie a un pieno possesso delle conoscenze digitali;<\/li>\n\n\n\n<li>ideare e pianificare la digitalizzazione delle attivit\u00e0 di mercato, con chiarezza di obiettivi e strumenti;<\/li>\n\n\n\n<li>saper scegliere i partner esterni e conoscere le fonti per aggiornarsi sulle innovazioni digitali.<\/li>\n<\/ul>\n\n\n\n<h3 class=\"wp-block-heading\">A chi \u00e8 rivolto<\/h3>\n\n\n\n<p>Il programma si rivolge a chiunque desideri potenziare le proprie conoscenze e abilit\u00e0 digitali, nello specifico:<\/p>\n\n\n\n<ul class=\"wp-block-list\">\n<li>professionisti del marketing e della comunicazione;<\/li>\n\n\n\n<li>responsabili area vendite e sales manager;<\/li>\n\n\n\n<li>liberi professionisti e, in generale, chiunque debba fare self-branding (attori, autori, sportivi e relativi manager);<\/li>\n\n\n\n<li>responsabili della comunicazione per associazioni, partiti, sindacati, imprese sociali, think-tank, organizzazioni pubbliche.<\/li>\n<\/ul>\n\n\n\n<h3 class=\"wp-block-heading\">Certificazioni Google<\/h3>\n\n\n\n<p>L\u2019Executive Programme in Digital Marketing consente di acquisire, attraverso la preparazione, la simulazione del test e il conseguimento delle certificazioni in aula, le seguenti certificazioni:<\/p>\n\n\n\n<ul class=\"wp-block-list\">\n<li><strong>Google Ads Search<\/strong><\/li>\n\n\n\n<li><strong>Google Ads Display&nbsp;<\/strong><\/li>\n\n\n\n<li><strong>Google Analytics&nbsp;<\/strong><\/li>\n<\/ul>\n\n\n\n<p>La preparazione e partecipazione agli esami di certificazione Google&nbsp;<strong>\u00e8 inclusa nella quota di iscrizione<\/strong>.<\/p>\n\n\n\n<h3 class=\"wp-block-heading\">Attestato di partecipazione<\/h3>\n\n\n\n<p>Al termine del corso verr\u00e0 rilasciato un attestato di partecipazione a coloro che avranno frequentato almeno l\u201980% delle attivit\u00e0 di formazione previste dal programma.<\/p>\n","protected":false},"excerpt":{"rendered":"<p>La digitalizzazione \u00e8 uno dei fenomeni di maggiore discontinuit\u00e0 della nostra epoca e promette di investire ogni aspetto della vita [&hellip;]<\/p>\n","protected":false},"author":1,"featured_media":0,"parent":0,"menu_order":0,"comment_status":"closed","ping_status":"closed","template":"page-default.php","meta":{"_acf_changed":false,"footnotes":""},"categories":[],"tags":[],"docenti_teaching_area":[],"docenti_research_area":[],"tematiche":[],"lingue":[],"lunghezza_corsi":[],"class_list":["post-2","page","type-page","status-publish","hentry"],"acf":[],"aioseo_notices":[],"_links":{"self":[{"href":"https:\/\/businessschool.luiss.it\/digital-marketing\/wp-json\/wp\/v2\/pages\/2","targetHints":{"allow":["GET"]}}],"collection":[{"href":"https:\/\/businessschool.luiss.it\/digital-marketing\/wp-json\/wp\/v2\/pages"}],"about":[{"href":"https:\/\/businessschool.luiss.it\/digital-marketing\/wp-json\/wp\/v2\/types\/page"}],"author":[{"embeddable":true,"href":"https:\/\/businessschool.luiss.it\/digital-marketing\/wp-json\/wp\/v2\/users\/1"}],"replies":[{"embeddable":true,"href":"https:\/\/businessschool.luiss.it\/digital-marketing\/wp-json\/wp\/v2\/comments?post=2"}],"version-history":[{"count":6,"href":"https:\/\/businessschool.luiss.it\/digital-marketing\/wp-json\/wp\/v2\/pages\/2\/revisions"}],"predecessor-version":[{"id":711,"href":"https:\/\/businessschool.luiss.it\/digital-marketing\/wp-json\/wp\/v2\/pages\/2\/revisions\/711"}],"wp:attachment":[{"href":"https:\/\/businessschool.luiss.it\/digital-marketing\/wp-json\/wp\/v2\/media?parent=2"}],"wp:term":[{"taxonomy":"category","embeddable":true,"href":"https:\/\/businessschool.luiss.it\/digital-marketing\/wp-json\/wp\/v2\/categories?post=2"},{"taxonomy":"post_tag","embeddable":true,"href":"https:\/\/businessschool.luiss.it\/digital-marketing\/wp-json\/wp\/v2\/tags?post=2"},{"taxonomy":"docenti_teaching_area","embeddable":true,"href":"https:\/\/businessschool.luiss.it\/digital-marketing\/wp-json\/wp\/v2\/docenti_teaching_area?post=2"},{"taxonomy":"docenti_research_area","embeddable":true,"href":"https:\/\/businessschool.luiss.it\/digital-marketing\/wp-json\/wp\/v2\/docenti_research_area?post=2"},{"taxonomy":"tematiche","embeddable":true,"href":"https:\/\/businessschool.luiss.it\/digital-marketing\/wp-json\/wp\/v2\/tematiche?post=2"},{"taxonomy":"lingue","embeddable":true,"href":"https:\/\/businessschool.luiss.it\/digital-marketing\/wp-json\/wp\/v2\/lingue?post=2"},{"taxonomy":"lunghezza_corsi","embeddable":true,"href":"https:\/\/businessschool.luiss.it\/digital-marketing\/wp-json\/wp\/v2\/lunghezza_corsi?post=2"}],"curies":[{"name":"wp","href":"https:\/\/api.w.org\/{rel}","templated":true}]}}