{"id":250,"date":"2017-07-19T10:16:54","date_gmt":"2017-07-19T10:16:54","guid":{"rendered":"https:\/\/businessschool.luiss.it\/emba\/?page_id=250"},"modified":"2024-09-12T13:54:41","modified_gmt":"2024-09-12T13:54:41","slug":"testimonianze","status":"publish","type":"page","link":"https:\/\/businessschool.luiss.it\/emba\/testimonianze\/","title":{"rendered":"Testimonianze"},"content":{"rendered":"\n<figure class=\"wp-block-embed is-type-video is-provider-youtube wp-block-embed-youtube wp-embed-aspect-16-9 wp-has-aspect-ratio\"><div class=\"wp-block-embed__wrapper\">\n<iframe loading=\"lazy\" title=\"Executive MBA\" width=\"500\" height=\"281\" src=\"https:\/\/www.youtube.com\/embed\/9p8qFnqH_zE?feature=oembed\" frameborder=\"0\" allow=\"accelerometer; autoplay; clipboard-write; encrypted-media; gyroscope; picture-in-picture; web-share\" referrerpolicy=\"strict-origin-when-cross-origin\" allowfullscreen><\/iframe>\n<\/div><\/figure>\n\n\n\n<p><strong>Fabio Bianchi<\/strong>, General Manager, Milan Office, Leo Burnett Company Allievo<\/p>\n\n\n\n<p>Lezioni, testimonianze, approfondimenti, confronti e poi collegamenti, libri, esami, per tanti mesi, per una pi\u00f9 approfondita conoscenza degli studi di management: insomma una vera e propria crescita, una vera e propria scoperta. Ma la scoperta pi\u00f9 importante non l\u2019ho fatta in aula con i professori e tra i banchi o nei lavori di gruppo con i colleghi. La scoperta pi\u00f9 bella l\u2019ho fatta tra le pareti di casa. La mia decisione di affrontare questo EMBA si era basata esclusivamente su valutazioni di tipo tecnico, di contenuto e il confronto, per essere certo di quello che stavo facendo, l\u2019ho cercato nei manager di cui mi fidavo e di cui apprezzavo le doti e le capacit\u00e0 professionali. Avevo, per\u00f2, dimenticato una cosa importante. Non si affronta l\u2019EMBA da soli. Solo per il fatto che ti impegna per mesi, per molte giornate e spesso nottate, non si limita a cambiare la tua vita, ma necessariamente anche quella di chi ti sta accanto e condivide la sua vita con te.<\/p>\n\n\n\n<hr class=\"wp-block-separator has-alpha-channel-opacity\"\/>\n\n\n\n<p><strong>Fabiola Ciaralli<\/strong>, Responsabile Energy Management, Acea<\/p>\n\n\n\n<p>Pensavo che un master fosse un modo per imparare ci\u00f2 che non avevo studiato. Invece, durante l\u2019EMBA ho imparato a guardare le cose da un altro punto di vista, a non perdermi mai d\u2019animo, a credere che in ciascuno di noi c\u2019\u00e8 qualcosa di meraviglioso, a pensare che nei momenti difficili si annidano le occasioni migliori. Ho scoperto che il tempo \u00e8 un elemento importante e ogni cosa deve avere il giusto tempo e ho scoperto tante, tante altre cose. E poi\u2026 ho trovato degli amici fantastici!<\/p>\n\n\n\n<hr class=\"wp-block-separator has-alpha-channel-opacity\"\/>\n\n\n\n<p><strong>Beniamino De Simone<\/strong>, International Business Advisor, SAS Institute EMEA<\/p>\n\n\n\n<p>Quando ho solcato l\u2019ingresso della Luiss Business School per frequentare il primo giorno di EMBA ho provato una forte emozione: ero tornato ad essere uno studente! Basterebbe quell\u2019emozione per ripagare gli sforzi e l\u2019impegno sostenuti per la frequenza del Corso. Ma l\u2019EMBA \u00e8 molto di pi\u00f9. \u00c8 un\u2019occasione per applicare al proprio lavoro i concetti appresi durante corsi e lecture e vederne rapidamente il frutto in termini di risultati e crescita professionale. \u00c8 un\u2019occasione per discutere, confrontarsi, fare gruppo e divertirsi con colleghi provenienti da realt\u00e0 ed esperienze profondamente diverse. Ma soprattutto \u00e8 un\u2019occasione unica per riflettere sulle proprie capacit\u00e0, desideri e obiettivi. E cos\u00ec pu\u00f2 capitare, come \u00e8 successo a me, di avere nuovamente la stessa energia di quando si \u00e8 iniziata la propria carriera.<\/p>\n\n\n\n<hr class=\"wp-block-separator has-alpha-channel-opacity\"\/>\n\n\n\n<p><strong>Alessandro Ercolani<\/strong>, Quality &amp; Continuous Improvement Director, Elettronica<\/p>\n\n\n\n<p>L\u2019EMBA non \u00e8 solo un percorso formativo ma una riflessione, una pausa lunga 18 mesi durante i quali ci si confronta con un gruppo, si impara, si cresce, si soffre ed infine si sogna. L\u2019EMBA \u00e8 anche un lungo viaggio dove si scoprono vie diverse, complementari, che non si sa dove conducono. Solo alla fine tutto diventa chiaro e si \u00e8 certi di essere arrivati in un posto lontano dal punto di partenza. Allora \u00e8 tanta la soddisfazione di essere arrivati, per averci provato e per esserci riusciti. E proprio alla fine rimangono tante sensazioni, tante emozioni e ricordi di questo continuo confronto con la scuola e l\u2019aula. Quasi viene la voglia di ricominciare. Ma tutte le cose prima o poi finiscono. E come in una rappresentazione, quando lo spettacolo termina e si \u00e8 giunti alla fine, soddisfatti ed emozionati, come si usava nel teatro antico romano, vale la pena pronunciare: Acta est fabula, plaudite.<\/p>\n\n\n\n<hr class=\"wp-block-separator has-alpha-channel-opacity\"\/>\n\n\n\n<p><strong>Michela Fioravanti<\/strong>, Strategy &amp; Operations, Deloitte Consulting Spa<\/p>\n\n\n\n<p>Consapevolezza, coraggio, fiducia, amicizia. Cercavo una storia. Ma non una qualunque. Cercavo la storia di una donna che rimette in gioco le sue scelte, che vuole percorrere un\u2019altra strada oltre quella che conosce gi\u00e0. Appassionata di letteratura, con una laurea umanistica alle spalle, caratterialmente votata alla comunicazione, lavoravo in un settore che amavo, e in un ruolo che perlomeno all\u2019inizio mi faceva sentire tranquilla tra le mura del mio sapere. Ma io volevo di pi\u00f9, volevo crescere e conoscere di pi\u00f9, volevo migliorare. Per farlo dovevo ripartire da me, investire, imparare. E cos\u00ec \u00e8 arrivato l\u2019EMBA, ad aprirmi nuove porte, a darmi nuove competenze, a regalarmi consapevolezza, coraggio, fiducia, amicizia. A farmi capire che se lo vuoi, se ti impegni, se ci metti l\u2019anima, puoi cambiare qualche carta e puntare su altri piatti pure tu. A farmi credere che quello che si desidera e che a volte si combatte, va semplicemente accolto, provando a dargli nuova forma, nuovi punti di vista. L\u2019EMBA mi ha regalato una storia nuova, fatta di un percorso, di grandi maestri, di incredibili emozioni e che per fortuna non \u00e8 finita l\u00ec.<\/p>\n\n\n\n<hr class=\"wp-block-separator has-alpha-channel-opacity\"\/>\n\n\n\n<p><strong>Melina Fiorillo<\/strong>, Process coordinator, Technip Italy SpA<\/p>\n\n\n\n<p>\u201cI giovani non sono vasi da riempire ma fiaccole da accendere\u201d. Non so se le cose accadono solo per caso, so per\u00f2 che la frase di Quintiliano, citata dal Professor Lando alla presentazione dell\u2019EMBA Luiss, era quello che volevo sentire, era quello che cercavo. Focalizzava precisamente ci\u00f2 che sentivo: l\u2019inquietudine di chi, dopo un periodo all\u2019estero, non riesce a riadattarsi completamente all\u2019Italia e cerca un motivo per restare o per lasciare definitivamente il nostro paese. Capii che l\u2019idea, che avevo accarezzato negli Stati Uniti, di continuare ad investire in conoscenza potevo realizzarla in Italia decidendo di frequentare l\u2019EMBA. In fondo sentivo la necessit\u00e0 di crescere, che il mio percorso di formazione non era terminato; avevo ancora bisogno di accendermi, di appassionarmi a qualcosa di nuovo, di cercare una nuova prospettiva. Pensai che quella frase non era stata detta per caso, ma che volesse esplicitamente indicarmi la direzione da prendere.<\/p>\n\n\n\n<hr class=\"wp-block-separator has-alpha-channel-opacity\"\/>\n\n\n\n<p><strong>Irene Formica<\/strong>, Finance Manager, Gruppo Atlantia<\/p>\n\n\n\n<p>Continuare a Imparare. Serve l\u2019umilt\u00e0 di mettersi in gioco e di ammettere di avere dei punti di debolezza da superare e che c\u2019\u00e8 ancora qualcosa che possiamo imparare, non solo dal punto di vista tecnico-professionale, ma anche nello stile, nel modo di fare, di porsi e di relazionarsi, e perch\u00e9 no anche ci\u00f2 che non vogliamo essere o diventare. Serve anche una forte motivazione personale e il coraggio di credere in se stessi, tanto da decidere di sottrarre alla vita privata parte di quel poco tempo che rimane dopo il lavoro, magari affinando le proprie capacit\u00e0 organizzative.<\/p>\n\n\n\n<hr class=\"wp-block-separator has-alpha-channel-opacity\"\/>\n\n\n\n<p><strong>Pedro Jos\u00e9 Ca\u00f1amero Gonz\u00e1lez<\/strong>, Investor Relations Coordination, Enel<\/p>\n\n\n\n<p>L\u2019Executive MBA proposto dalla Luiss presenta un insieme di caratteristiche che lo fanno brillare di luce propria. Durante la mia edizione, la numero VII, ho trovato molto utile l\u2019approccio didattico e pratico offerto. Se dovessi riassumere le mie sensazioni in due parole direi \u201cpadronanza e sicurezza\u201d. I professori hanno trasmesso in modo molto efficace i contenuti del programma didattico, non \u00e8 mancato l\u2019appoggio di tutta la struttura e la qualit\u00e0 della classe \u00e8 stata molto elevata. Inoltre, come studente straniero, mi sono sentito perfettamente integrato fin dal primo momento. Consiglio fortemente quest\u2019esperienza a chiunque senta il bisogno di migliorare il proprio percorso di vita, lavorativo e non. Nel mio caso specifico, la determinazione con la quale ho affrontato i problemi, gli esercizi continui con i gruppi di lavoro, le diverse attivit\u00e0 di coinvolgimento e le testimonianze dei grandi manager invitati hanno creato un mix perfetto per raggiungere la padronanza e sicurezza a cui prima accennavo. Una bella sfida, coinvolgente, piena di soddisfazioni e di arricchimento manageriale.<\/p>\n\n\n\n<hr class=\"wp-block-separator has-alpha-channel-opacity\"\/>\n\n\n\n<p><strong>Marella Lanari<\/strong>, Head of HR Eastern Europe, Middle East &amp; Africa, BARD<\/p>\n\n\n\n<p>Ho iniziato per curiosit\u00e0, per conoscere qualcosa in pi\u00f9, per poter essere in grado di offrire qualcosa di meglio domani. \u00c8 stato il modo per cercare un cambiamento\u2026 e che cambiamento! \u00c8 stato veramente un gran lavoro: imprigionata sui banchi di scuola tra il gelo dell\u2019aria condizionata e il caldo africano dei sabati estivi, tutti quei weekend rubati a mio figlio Riccardo e al sonno! L\u2019EMBA ha richiesto una grande concentrazione, una grande pazienza. Tanti bravi docenti, tante testimonianze illustri, tante teste da mettere d\u2019accordo ognuno con un talento differente, tante risate e qualche lacrima, sono stati ingredienti di una bellissima avventura che mi ha aiutato a comprendere meglio la realt\u00e0 con i suoi cambiamenti sociali, economici e culturali.<\/p>\n\n\n\n<hr class=\"wp-block-separator has-alpha-channel-opacity\"\/>\n\n\n\n<p><strong>Christian Lombardi<\/strong>, Project Controller investimenti rete ferroviaria AV\/AC, Rete Ferroviaria Italiana<\/p>\n\n\n\n<p>Vorrei sintetizzare la mia esperienza al Master con la parola \u201cpassione\u201d. Per me Passione vedere persone provenienti da tutta Italia (e non solo) correre il venerd\u00ec pomeriggio in aula per seguire una lezione fino alle 19.00 e poi decidere di passare la serata insieme per condividere le emozioni e l\u2019esperienza vissuta insieme. Passione \u00e8 affrontare ogni piccola sfida del Master con la voglia di portare a casa un risultato, una bella esperienza e qualche piccolo segreto di cui fare tesoro. Passione vuol dire vedersi a fine giornata, dopo il lavoro, a casa di qualche collega del Master per lavorare alla business idea o al piano economico-finanziario del momento. Passione significa studiare dopo cena, la notte, il sabato, la domenica. Passione significa trovare sempre nuove energie per andare avanti e superare tutti gli ostacoli che si presentano nella vita di ognuno di noi. Questa esperienza mi ha insegnato che, con la passione, ogni traguardo pu\u00f2 essere raggiunto!<\/p>\n\n\n\n<hr class=\"wp-block-separator has-alpha-channel-opacity\"\/>\n\n\n\n<p><strong>Giuseppe Mammola<\/strong>, Owner and Managing Director, NEW ENERGY Group<\/p>\n\n\n\n<p>Se fossi costretto a circoscrivere in quattro parole i sentimenti e le sensazioni che personalmente mi porto a casa dopo questo Master, direi \u201cemotivamente coinvolgente e professionalmente stimolante\u201d. Ma \u00e8 difficile esprimere con poche parole le bellissime emozioni che ho provato durante questo cammino formativo. Un\u2019esperienza resa speciale ed unica grazie ad un coinvolgimento emotivo che cresceva lezione dopo lezione parallelamente all\u2019impegno formativo. La fatica per tutti noi \u00e8 stata moltissima ed \u00e8 stata davvero dura portare avanti un percorso cos\u00ec prestigioso e sfidante, mentre la nostra vita lavorativa e familiare continuava a rivendicare il proprio spazio; tuttavia grande \u00e8 stata la ricompensa che traevamo dal costante confronto e dal piacere di crescere insieme guidati da una Business School sempre attenta a lasciarci vivere l\u2019esperienza con equilibrio e serenit\u00e0.<\/p>\n\n\n\n<hr class=\"wp-block-separator has-alpha-channel-opacity\"\/>\n\n\n\n<p><strong>Giuseppe Martelli<\/strong>, Managing Director, Haupt Pharma<\/p>\n\n\n\n<p>Ho iniziato il Master dopo numerose riflessioni e ripensamenti soprattutto a causa degli impegni lavorativi sempre pi\u00f9 intensi, alla fine mi sono iscritto all\u2019EMBA perch\u00e9 ho avuto sempre interesse per le discipline manageriali, ma assicuro a chiunque che rimettersi sui libri a 41 anni non \u00e8 un\u2019impresa da ridere. Certo, la scelta temporale non \u00e8 stata delle migliori per quanto riguarda i miei \u201cimpegni\u201d extra master: ho infatti a carico tre bellissime bambine e inoltre a maggio 2010 sono stato nominato Managing Director della societ\u00e0 per cui lavoro, ma devo riconoscere che senza questo Master non sarei stato in grado di ricoprire con tranquillit\u00e0 il mio attuale ruolo. Ho infatti sempre creduto che un professionista pu\u00f2 avvalersi dei collaboratori sugli ambiti che non conosce, ma deve essere sempre comunque in grado di avere le basi per capire, e questo Master mi ha dato le basi su argomenti che altrimenti non avrei mai affrontato con rigore.<\/p>\n\n\n\n<hr class=\"wp-block-separator has-alpha-channel-opacity\"\/>\n\n\n\n<p><strong>Andrea Pietrini<\/strong>, Chief Financial Officer &amp; Chief Operating Officer, Sacom<\/p>\n\n\n\n<p>Considero il mio percorso all\u2019EMBA straordinario sotto tanti punti di vista. Innanzitutto, le competenze tecniche: seppure provenissi da una formazione economica, con alcune esperienze di general management, l\u2019EMBA ha inserito le mie esperienze professionali precedenti in un contesto strutturato, come una sorta di directory dove inserirle in maniera ordinata e ricondurle ad un fil rouge nascosto. Le competenze personali: tecniche di presentazione, teamwork, coaching e self coaching sono state utilissime nella mia vita professionale successiva. Il network: da quando ho concluso l\u2019esperienza sto collaborando con tanti colleghi del mio EMBA e di quelli precedenti. La carriera: aver partecipato all\u2019EMBA, mi ha permesso di ottenere ruoli a cui finora avevo solo aspirato, non solo per le competenze acquisite, ma soprattutto per la consapevolezza di poterli svolgere con maggiore sicurezza. Infine, l\u2019amicizia: ho trovato tanti amici brillanti e preparati, con cui ho condiviso 19 mesi bellissimi, amici tutti entusiasti di aver frequentato un\u2019aula straordinaria, che ricomincerebbero, come me, tutto daccapo.<\/p>\n\n\n\n<hr class=\"wp-block-separator has-alpha-channel-opacity\"\/>\n\n\n\n<p><strong>Paolo Rozera<\/strong>, Responsabile Area Capitale e Organizzazione, Comitato Italiano per l\u2019UNICEF<\/p>\n\n\n\n<p>Durante tutto l\u2019EMBA mi sono capitate tante di quelle cose belle, come la nascita del mio secondo figlio, e di cose meno belle che hanno richiesto la mia attenzione e il mio tempo. Ho comunque fatto di tutto per frequentare sempre le ore d\u2019aula, il coaching, i team building, il leadership program e tutto quello che l\u2019EMBA mi ha offerto. Questo perch\u00e9 ogni momento all\u2019EMBA \u00e8 stato l\u2019occasione per allargare a dismisura i miei orizzonti e cambiare continuamente la mia prospettiva nel vedere le cose, sempre in meglio. L\u2019EMBA ha il grande merito di avermi arricchito personalmente e professionalmente.<\/p>\n\n\n\n<hr class=\"wp-block-separator has-alpha-channel-opacity\"\/>\n\n\n\n<p><strong>Daniele Tagliarini<\/strong>, Director of Operations, Europe, Middle East, Africa &amp; Asia Pacific, MoneyGram International<\/p>\n\n\n\n<p>Il primo giorno d\u2019aula ognuno degli studenti si \u00e9 presentato al gruppo, e ci \u00e8 stato chiesto perch\u00e9 avevamo scelto di fare questo percorso. Ricordo che feci riferimento al desiderio di apprendere cose nuove, ampliando il ventaglio di competenze professionali, oltre che alla possibilit\u00e0 di mettersi alla prova duramente e allargare il proprio network professionale. In seguito, la domanda ricorrente in aula era \u201cRiuscir\u00f2 nel breve\/medio termine a ricoprire, nella mia azienda o altrove, un ruolo di maggiori responsabilit\u00e0 grazie alla spinta dell\u2019EMBA Luiss?\u201d Ho potuto verificare di persona che in Italia vi \u00e8 ora una maggiore attenzione e consapevolezza sulla efficacia di uno strumento formativo cos\u00ec potente come l\u2019EMBA, che in un contesto estremamente selettivo pu\u00f2 rappresentare il mezzo migliore per potersi presentare sul mercato con un bagaglio professionale pi\u00f9 pesante. La mia azienda ha dimostrato di apprezzare lo sforzo formativo da me sostenuto, e ha ben compreso che l\u2019offerta formativa Luiss \u00e8 di livello e mi \u00e8 stato offerto il ruolo di Director of Operations, Europe, Middle East, Africa, Asia Pacific.<\/p>\n\n\n\n<hr class=\"wp-block-separator has-alpha-channel-opacity\"\/>\n\n\n\n<p><strong>Ignazio Vacca<\/strong>, Dirigente in Strategic Planning, Poste Italiane<\/p>\n\n\n\n<p>Avevo bisogno di ritrovare \u2013 da qualche parte dentro di me \u2013 nei confronti della vita lavorativa quell\u2019entusiasmo, quello sguardo ottimistico, quel festoso buonumore che si provava da bambini al momento di partire per le vacanze. Ma l\u2019EMBA non \u00e8 solo motivazione, \u00e8 controllo degli eventi esterni: imparare a guardare lontano, dove i problemi si gonfiano come cavalloni, prepararsi, non chiudere gli occhi al loro arrivo ma lasciarsi investire dall\u2019onda e scoprire che, se si \u00e8 lavorato bene, da quel flusso puoi lasciarti scuotere, puoi farti attraversare senza timore dell\u2019impatto, fisico ed emotivo\u2026 l\u2019EMBA \u2013 e credo in particolare quello della Luiss \u2013 \u00e8 una scuola importante, dove puoi imparare a fare tutte le parti in commedia con misura, gentilezza, consapevolezza, efficienza, e (perch\u00e9 no?) la giusta dose di autoironia ed eleganza.<\/p>\n\n\n\n<hr class=\"wp-block-separator has-alpha-channel-opacity\"\/>\n\n\n\n<p><strong>Matilde Vecchione<\/strong>, Responsabile organizzazione e controllo, De Luca Group Italy<\/p>\n\n\n\n<p>Ho affrontato l\u2019EMBA dopo circa 10 anni di esperienza professionale. Cosa mi aspettavo: rimettermi in gioco tra i banchi, affrontando esami, prove, test e valutazioni, \u201csistematizzare\u201d e ordinare le variegate conoscenze accumulate durante l\u2019esperienza professionale e arricchire la mia cultura manageriale in quelle aree nelle quali ancora non mi era capitato di lavorare. Cosa ho ricevuto? Molto di pi\u00f9! Ho trovato un\u2019aula composta da compagni di viaggio straordinari, provenienti da professioni, ambienti lavorativi e Paesi cos\u00ec diversi dai miei e tra di loro da rappresentare un ricchissimo bacino per un proficuo e mai scontato confronto. I docenti, oltre alla straordinaria professionalit\u00e0, mi hanno colpita per entusiasmo e dedizione. Lo staff della Luiss Business School ha coordinato il tutto con instancabile efficienza, senza mai tralasciare di \u201cfarci sentire a casa\u201d. Questa bellissima esperienza mi ha fatta crescere molto e mi ha portato fortuna, facendo crescere anche la mia famiglia: durante il master \u00e8 nato il mio secondo bambino!<\/p>\n","protected":false},"excerpt":{"rendered":"<p>Fabio Bianchi, General Manager, Milan Office, Leo Burnett Company Allievo Lezioni, testimonianze, approfondimenti, confronti e poi collegamenti, libri, esami, per [&hellip;]<\/p>\n","protected":false},"author":5,"featured_media":0,"parent":0,"menu_order":0,"comment_status":"closed","ping_status":"closed","template":"page-default.php","meta":{"_acf_changed":false,"footnotes":""},"categories":[],"tags":[],"docenti_teaching_area":[],"docenti_research_area":[],"tematiche":[],"lingue":[],"lunghezza_corsi":[],"class_list":["post-250","page","type-page","status-publish","hentry"],"acf":[],"aioseo_notices":[],"_links":{"self":[{"href":"https:\/\/businessschool.luiss.it\/emba\/wp-json\/wp\/v2\/pages\/250","targetHints":{"allow":["GET"]}}],"collection":[{"href":"https:\/\/businessschool.luiss.it\/emba\/wp-json\/wp\/v2\/pages"}],"about":[{"href":"https:\/\/businessschool.luiss.it\/emba\/wp-json\/wp\/v2\/types\/page"}],"author":[{"embeddable":true,"href":"https:\/\/businessschool.luiss.it\/emba\/wp-json\/wp\/v2\/users\/5"}],"replies":[{"embeddable":true,"href":"https:\/\/businessschool.luiss.it\/emba\/wp-json\/wp\/v2\/comments?post=250"}],"version-history":[{"count":3,"href":"https:\/\/businessschool.luiss.it\/emba\/wp-json\/wp\/v2\/pages\/250\/revisions"}],"predecessor-version":[{"id":707,"href":"https:\/\/businessschool.luiss.it\/emba\/wp-json\/wp\/v2\/pages\/250\/revisions\/707"}],"wp:attachment":[{"href":"https:\/\/businessschool.luiss.it\/emba\/wp-json\/wp\/v2\/media?parent=250"}],"wp:term":[{"taxonomy":"category","embeddable":true,"href":"https:\/\/businessschool.luiss.it\/emba\/wp-json\/wp\/v2\/categories?post=250"},{"taxonomy":"post_tag","embeddable":true,"href":"https:\/\/businessschool.luiss.it\/emba\/wp-json\/wp\/v2\/tags?post=250"},{"taxonomy":"docenti_teaching_area","embeddable":true,"href":"https:\/\/businessschool.luiss.it\/emba\/wp-json\/wp\/v2\/docenti_teaching_area?post=250"},{"taxonomy":"docenti_research_area","embeddable":true,"href":"https:\/\/businessschool.luiss.it\/emba\/wp-json\/wp\/v2\/docenti_research_area?post=250"},{"taxonomy":"tematiche","embeddable":true,"href":"https:\/\/businessschool.luiss.it\/emba\/wp-json\/wp\/v2\/tematiche?post=250"},{"taxonomy":"lingue","embeddable":true,"href":"https:\/\/businessschool.luiss.it\/emba\/wp-json\/wp\/v2\/lingue?post=250"},{"taxonomy":"lunghezza_corsi","embeddable":true,"href":"https:\/\/businessschool.luiss.it\/emba\/wp-json\/wp\/v2\/lunghezza_corsi?post=250"}],"curies":[{"name":"wp","href":"https:\/\/api.w.org\/{rel}","templated":true}]}}