{"id":24785,"date":"2018-03-27T09:41:09","date_gmt":"2018-03-27T09:41:09","guid":{"rendered":"https:\/\/businessschool.luiss.it\/en\/?page_id=24785"},"modified":"2022-01-10T11:47:28","modified_gmt":"2022-01-10T11:47:28","slug":"paolo-bonolis","status":"publish","type":"page","link":"https:\/\/businessschool.luiss.it\/en\/faculty-research\/faculty\/adjunct-faculty\/paolo-bonolis\/","title":{"rendered":"Paolo Bonolis"},"content":{"rendered":"<p>Paolo Bonolis has been the head of the Banking and Financial Law Department of the Legal and Tax Firm CMS Adonnino Ascoli Cavasola Scamoni since 2005. He leads a team of over 20 people.<br \/>\nHe is member of the Board of Directors of the Firm and he is the Italian representative in the Banking &amp; Finance Steering Committee of CMS, a network of major legal and tax firms featuring more than 4.500 professionals.<br \/>\nHe regularly assists some of the top Italian and foreign banks and financial institutions on complex banking and financial transactions and regulatory matters.<br \/>\nHe also assists globally-active clients in insurance, investment and financial services and insolvency law related matters.<br \/>\nHis clients include Unicredit, Commerzbank, Intesa Sanpaolo, Soci\u00e9t\u00e9 G\u00e9n\u00e9rale Aareal Bank AG, Natixis, HSBC, Monte Paschi di Siena, Barclays Bank, Bank of America, RBS, Banca Fideuram, Wells Fargo, Lloyds Bank, Deutsche Bank, Banca Farmafactoring, ING, IBRC, Columna Holding, Global Solar Fund.<br \/>\nBefore joining the Firm in 2002 Paolo worked as in house counsel for the Luxembourg branch of a Swiss Bank and Banca Fideuram from 1995 until 2002<\/p>\n","protected":false},"excerpt":{"rendered":"<p>Paolo Bonolis has been the head of the Banking and Financial Law Department of the Legal and Tax Firm CMS [&hellip;]<\/p>\n","protected":false},"author":5,"featured_media":24928,"parent":11110,"menu_order":0,"comment_status":"closed","ping_status":"closed","template":"page-docente.php","meta":{"_acf_changed":false,"footnotes":""},"categories":[105],"tags":[],"docenti_teaching_area":[],"docenti_research_area":[],"tematiche":[],"lingue":[],"lunghezza_corsi":[],"class_list":["post-24785","page","type-page","status-publish","has-post-thumbnail","hentry","category-adjunct"],"acf":[],"aioseo_notices":[],"_links":{"self":[{"href":"https:\/\/businessschool.luiss.it\/en\/wp-json\/wp\/v2\/pages\/24785","targetHints":{"allow":["GET"]}}],"collection":[{"href":"https:\/\/businessschool.luiss.it\/en\/wp-json\/wp\/v2\/pages"}],"about":[{"href":"https:\/\/businessschool.luiss.it\/en\/wp-json\/wp\/v2\/types\/page"}],"author":[{"embeddable":true,"href":"https:\/\/businessschool.luiss.it\/en\/wp-json\/wp\/v2\/users\/5"}],"replies":[{"embeddable":true,"href":"https:\/\/businessschool.luiss.it\/en\/wp-json\/wp\/v2\/comments?post=24785"}],"version-history":[{"count":3,"href":"https:\/\/businessschool.luiss.it\/en\/wp-json\/wp\/v2\/pages\/24785\/revisions"}],"predecessor-version":[{"id":65152,"href":"https:\/\/businessschool.luiss.it\/en\/wp-json\/wp\/v2\/pages\/24785\/revisions\/65152"}],"up":[{"embeddable":true,"href":"https:\/\/businessschool.luiss.it\/en\/wp-json\/wp\/v2\/pages\/11110"}],"wp:featuredmedia":[{"embeddable":true,"href":"https:\/\/businessschool.luiss.it\/en\/wp-json\/wp\/v2\/media\/24928"}],"wp:attachment":[{"href":"https:\/\/businessschool.luiss.it\/en\/wp-json\/wp\/v2\/media?parent=24785"}],"wp:term":[{"taxonomy":"category","embeddable":true,"href":"https:\/\/businessschool.luiss.it\/en\/wp-json\/wp\/v2\/categories?post=24785"},{"taxonomy":"post_tag","embeddable":true,"href":"https:\/\/businessschool.luiss.it\/en\/wp-json\/wp\/v2\/tags?post=24785"},{"taxonomy":"docenti_teaching_area","embeddable":true,"href":"https:\/\/businessschool.luiss.it\/en\/wp-json\/wp\/v2\/docenti_teaching_area?post=24785"},{"taxonomy":"docenti_research_area","embeddable":true,"href":"https:\/\/businessschool.luiss.it\/en\/wp-json\/wp\/v2\/docenti_research_area?post=24785"},{"taxonomy":"tematiche","embeddable":true,"href":"https:\/\/businessschool.luiss.it\/en\/wp-json\/wp\/v2\/tematiche?post=24785"},{"taxonomy":"lingue","embeddable":true,"href":"https:\/\/businessschool.luiss.it\/en\/wp-json\/wp\/v2\/lingue?post=24785"},{"taxonomy":"lunghezza_corsi","embeddable":true,"href":"https:\/\/businessschool.luiss.it\/en\/wp-json\/wp\/v2\/lunghezza_corsi?post=24785"}],"curies":[{"name":"wp","href":"https:\/\/api.w.org\/{rel}","templated":true}]}}