{"id":2685,"date":"2015-03-18T12:18:40","date_gmt":"2015-03-18T11:18:40","guid":{"rendered":"https:\/\/businessschool.luiss.it\/service-facilities\/assistenza-sanitaria\/"},"modified":"2024-02-29T15:55:21","modified_gmt":"2024-02-29T15:55:21","slug":"healthcare","status":"publish","type":"page","link":"https:\/\/businessschool.luiss.it\/en\/service-facilities\/healthcare\/","title":{"rendered":"Health Care"},"content":{"rendered":"\n<h3 class=\"wp-block-heading\">Hub di Consultazione e Orientamento Medico<\/h3>\n\n\n\n<p>Presso il&nbsp;<strong>Borghetto del Campus di Viale Romania<\/strong>&nbsp;\u00e8 a disposizione il nuovo&nbsp;<strong>Hub di Consultazione e Orientamento Medico<\/strong>.<\/p>\n\n\n\n<p>L\u2019Hub, coordinato dal Professore Maurizio Evangelista, oltre ad offrire un servizio di consultazione generale, garantir\u00e0 la presenza di specialisti di livello nazionale sulle aree a maggiore impatto bio-psico-sociale, con particolare attenzione alla corretta informazione e prevenzione delle principali \u201ccronicit\u00e0\u201d, inclusa la sindrome da Long Covid.<br>&nbsp;<br>Gli studenti, i docenti e lo staff potranno prenotare i seguenti consulti gratuiti:&nbsp;<\/p>\n\n\n\n<ul class=\"wp-block-list\">\n<li><strong>Consultazione generale<\/strong><br><em>Consultazione generale in coordinamento con gli Specialisti afferenti all\u2019Hub ed orientamento medico<\/em><br>&nbsp;<\/li>\n\n\n\n<li><strong>Orientamento nutrizionale<\/strong><br><em>Servizio di Orientamento Nutrizionale, con l\u2019obiettivo di offrire assistenza personalizzata e specializzata in grado di sostenere i fabbisogni e le esigenze nutrizionali di ciascuno<\/em><br>&nbsp;<\/li>\n\n\n\n<li><strong>Cardiologia, ECG ed Ecocardiografia<\/strong><br><em>Cardiologia: Ipertensione, ECG ed EcoCardiografia<\/em><br>&nbsp;<\/li>\n\n\n\n<li><strong>Ecografia addominale, apparato uro-genitale, osteo-artromuscolare<\/strong><br>&nbsp;<\/li>\n\n\n\n<li><strong>Ginecologia e&nbsp;Osteoporosi<\/strong><br><em>Menopausa: Osteoporosi, Ginecologia endocrinologica<\/em><br>&nbsp;<\/li>\n\n\n\n<li><strong>Endocrinologia ed Ecografia tiroidea<\/strong><br><em>Disfunzioni ormonali: tiroide, apparato uro-genitale<\/em><br>&nbsp;<\/li>\n\n\n\n<li><strong>Medicina del dolore e&nbsp;Osservatorio Long Covid<\/strong><br><em>Medicina del Dolore: Cefalee, Fibromialgia, Osteoartrosi, Rachialgie (Cervicale e Lombare), Dolore Pelvico, Sindrome del Colon Irritabile, Nevralgia Post-Erpetica, Turbe del Ritmo Sonno-Veglia e del tono dell\u2019umore<br>Osservatorio per la rilevazione clinica precoce dei segni e sintomi, l\u2019informazione e la gestione finalizzata alla mitigazione dell\u2019impatto biopsicosociale della sindrome LONG COVID<\/em><\/li>\n<\/ul>\n\n\n\n<p><strong><em>Per prenotare un appuntamento utilizzare il<\/em><\/strong><a href=\"https:\/\/pianificazionespazi.luiss.it\/portalePlanning\/LUISS%20-%20Test%20posto\/index.php\"><strong><em>&nbsp;servizio online di prenotazione<\/em><\/strong><\/a><em>&nbsp;<strong>e seleziona &#8220;Hub di Consultazione e Orientamento Medico&#8221;<\/strong><\/em><\/p>\n\n\n\n<p><em>Per ulteriori informazioni contattare&nbsp;<\/em><a href=\"mailto:campusservices@luiss.it\"><strong><em>campusservices@luiss.it&nbsp;<\/em><\/strong><\/a><\/p>\n\n\n\n<h3 class=\"wp-block-heading\">Medicina preventiva<\/h3>\n\n\n\n<p>Tra le iniziative messe in atto dalla Luiss per il benessere dei propri studenti \u00e8 previsto&nbsp;il<strong>&nbsp;SERVIZIO GRATUITO DI MEDICINA PREVENTIVA&nbsp;<\/strong>volto ad accertare il proprio stato di salute mediante una serie di analisi cliniche da effettuare presso il seguente centro convenzionato con l\u2019Universit\u00e0:<\/p>\n\n\n\n<ul class=\"wp-block-list\">\n<li><a href=\"http:\/\/www.cghlab.com\/\" target=\"_blank\" rel=\"noreferrer noopener\"><strong>Laboratorio CGH \u2013 Compagnie G\u00e9n\u00e9rale des Hopitaux&nbsp;<\/strong><\/a>in&nbsp;<em>Via Nomentana n. 173<\/em>&nbsp;\u2013 Tel. &nbsp;06.44252747 \u2013 nei seguenti orari:&nbsp;dal luned\u00ec al sabato, dalle ore 07.30 alle ore 10.30, senza necessit\u00e0 di prenotazione<\/li>\n<\/ul>\n\n\n\n<p><strong>Si potr\u00e0 usufruire gratuitamente del servizio una sola volta nell\u2019arco dell\u2019anno<\/strong>, recandosi direttamente al laboratorio.<\/p>\n\n\n\n<p><strong>Il servizio gratuito prevede<\/strong>:<\/p>\n\n\n\n<ul class=\"wp-block-list\">\n<li>di&nbsp;effettuare le&nbsp;<strong>seguenti analisi<\/strong>:&nbsp;<em>Emocromo con formula, Azotemia, Glicemia, Esame urine, Ves, Colesterolo totale, Colesterolo HDL, Colesterolo LDL, Trigliceridi, Uricemia, Sideremia, Sodio, Potassio, Proteine totali, GOT, GPT, Creatinina, Bilirubina totale e frazionata, Gamma GT, TSH, Ferritina (solo studentesse); s<\/em>i ricorda di presentarsi al mattino a digiuno e di consegnare in un contenitore sterile le urine;<\/li>\n\n\n\n<li>di effettuare,&nbsp;su prenotazione&nbsp;ai numeri telefonici sopra indicati,&nbsp;anche l\u2019<strong>elettrocardiogramma a riposo;<\/strong><\/li>\n\n\n\n<li>di effettuare, su richiesta,&nbsp;<strong>anche i seguenti esami<\/strong>:&nbsp;<em>Anticorpi Hiv<\/em>&nbsp;e&nbsp;<em>Pap test o Tampone vaginale con antibiogramma.<\/em><\/li>\n<\/ul>\n\n\n\n<p>Eventuali ulteriori esami, a tariffe convenzionate Luiss, non compresi nell\u2019elenco di cui sopra, potranno essere richiesti prima del prelievo direttamente ai centri d\u2019analisi.<\/p>\n\n\n\n<p>I referti potranno essere consultati on line oppure inviati all\u2019indirizzo e-mail indicato al momento dell\u2019accettazione.<\/p>\n\n\n\n<h3 class=\"wp-block-heading\">Servizio di assistenza medica domiciliare<\/h3>\n\n\n\n<p>\u00c8 disponibile un servizio di assistenza medica domiciliare a pagamento. Per richiedere una&nbsp;<strong>visita medica domiciliare<\/strong>&nbsp;e conoscere i costi, \u00e8 necessario compilare il seguente&nbsp;<a href=\"https:\/\/luiss.formstack.com\/forms\/assistenza_medica_domiciliare\">form<\/a>.<\/p>\n\n\n\n<p>Il servizio \u00e8 disponibile&nbsp;<strong>dal luned\u00ec al venerd\u00ec,<\/strong>&nbsp;dalle 10:00 alle 20:00 e<strong>&nbsp;sabato,&nbsp;<\/strong>dalle 10:00 alle 18:00.<\/p>\n","protected":false},"excerpt":{"rendered":"<p>Hub di Consultazione e Orientamento Medico Presso il&nbsp;Borghetto del Campus di Viale Romania&nbsp;\u00e8 a disposizione il nuovo&nbsp;Hub di Consultazione e [&hellip;]<\/p>\n","protected":false},"author":1,"featured_media":0,"parent":17519,"menu_order":2,"comment_status":"closed","ping_status":"closed","template":"info-utili-interna.php","meta":{"_acf_changed":false,"footnotes":""},"categories":[],"tags":[],"docenti_teaching_area":[],"docenti_research_area":[],"tematiche":[],"lingue":[],"lunghezza_corsi":[],"class_list":["post-2685","page","type-page","status-publish","hentry"],"acf":[],"aioseo_notices":[],"_links":{"self":[{"href":"https:\/\/businessschool.luiss.it\/en\/wp-json\/wp\/v2\/pages\/2685","targetHints":{"allow":["GET"]}}],"collection":[{"href":"https:\/\/businessschool.luiss.it\/en\/wp-json\/wp\/v2\/pages"}],"about":[{"href":"https:\/\/businessschool.luiss.it\/en\/wp-json\/wp\/v2\/types\/page"}],"author":[{"embeddable":true,"href":"https:\/\/businessschool.luiss.it\/en\/wp-json\/wp\/v2\/users\/1"}],"replies":[{"embeddable":true,"href":"https:\/\/businessschool.luiss.it\/en\/wp-json\/wp\/v2\/comments?post=2685"}],"version-history":[{"count":2,"href":"https:\/\/businessschool.luiss.it\/en\/wp-json\/wp\/v2\/pages\/2685\/revisions"}],"predecessor-version":[{"id":85288,"href":"https:\/\/businessschool.luiss.it\/en\/wp-json\/wp\/v2\/pages\/2685\/revisions\/85288"}],"up":[{"embeddable":true,"href":"https:\/\/businessschool.luiss.it\/en\/wp-json\/wp\/v2\/pages\/17519"}],"wp:attachment":[{"href":"https:\/\/businessschool.luiss.it\/en\/wp-json\/wp\/v2\/media?parent=2685"}],"wp:term":[{"taxonomy":"category","embeddable":true,"href":"https:\/\/businessschool.luiss.it\/en\/wp-json\/wp\/v2\/categories?post=2685"},{"taxonomy":"post_tag","embeddable":true,"href":"https:\/\/businessschool.luiss.it\/en\/wp-json\/wp\/v2\/tags?post=2685"},{"taxonomy":"docenti_teaching_area","embeddable":true,"href":"https:\/\/businessschool.luiss.it\/en\/wp-json\/wp\/v2\/docenti_teaching_area?post=2685"},{"taxonomy":"docenti_research_area","embeddable":true,"href":"https:\/\/businessschool.luiss.it\/en\/wp-json\/wp\/v2\/docenti_research_area?post=2685"},{"taxonomy":"tematiche","embeddable":true,"href":"https:\/\/businessschool.luiss.it\/en\/wp-json\/wp\/v2\/tematiche?post=2685"},{"taxonomy":"lingue","embeddable":true,"href":"https:\/\/businessschool.luiss.it\/en\/wp-json\/wp\/v2\/lingue?post=2685"},{"taxonomy":"lunghezza_corsi","embeddable":true,"href":"https:\/\/businessschool.luiss.it\/en\/wp-json\/wp\/v2\/lunghezza_corsi?post=2685"}],"curies":[{"name":"wp","href":"https:\/\/api.w.org\/{rel}","templated":true}]}}