{"id":48760,"date":"2021-06-21T15:16:21","date_gmt":"2021-06-21T15:16:21","guid":{"rendered":"https:\/\/businessschool.luiss.it\/?page_id=48760"},"modified":"2025-09-11T09:54:01","modified_gmt":"2025-09-11T09:54:01","slug":"comunicazione-integrata-csr-cultural-engagement-e-stakeholder-management-per-comunicare-la-post-pandemic-era","status":"publish","type":"page","link":"https:\/\/businessschool.luiss.it\/en\/programs\/executive-program\/comunicazione-integrata-csr-cultural-engagement-e-stakeholder-management-per-comunicare-la-post-pandemic-era\/","title":{"rendered":"Comunicazione integrata: CSR, Cultural engagement e stakeholder management per comunicare la post pandemic era"},"content":{"rendered":"\n<h3 class=\"wp-block-heading\">Obiettivi<\/h3>\n\n\n\n<p>La responsabilit\u00e0 sociale d\u2019impresa e la gestione del rapporto con gli stakeholder rappresentano un orientamento gestionale che va oltre il rispetto delle normative e la ricerca del profitto e che determina delle implicazioni etiche nella visione strategica d\u2019impresa: dimensione sociale, ambientale e umanitaria affiancano l\u2019obiettivo economico-finanziario. Il Corso si propone di fornire strategie, strumenti e tattiche per costruire e comunicare un modello di sviluppo sostenibile finalizzato alla creazione di un valore sociale e condiviso, anche attraverso il confronto con diversi professionisti del settore. Sono previste esercitazioni di gruppo per mettere in pratica quanto recepito e discusso. Il Corso inoltre si propone di fornire metodologie e strumenti per valorizzare e comunicare il patrimonio culturale in un mondo globale secondo un approccio integrato e multitarget con un focus specifico sulle tecniche di fundraising e di partnership tra il settore pubblico e privato.<\/p>\n\n\n\n<h3 class=\"wp-block-heading\">A chi \u00e8 rivolto<\/h3>\n\n\n\n<p>Il Programma si rivolge a:<\/p>\n\n\n\n<ul class=\"wp-block-list\">\n<li>high potential o middle manager (sia senior che junior) gi\u00e0 operanti nel mondo della comunicazione che vogliono innovare, approfondire ed irrobustire le proprie competenze per valorizzarle al meglio all\u2019interno dell\u2019organizzazione presso cui lavorano e renderle sempre pi\u00f9 efficaci<\/li>\n\n\n\n<li>professionisti che vogliono reinventarsi e lavorare nel mondo della comunicazione integrando il loro bagaglio di competenze core<\/li>\n<\/ul>\n\n\n\n<h3 class=\"wp-block-heading\">Curriculum<\/h3>\n\n\n\n<ul class=\"wp-block-list\">\n<li>La Corporate Social Responsibility: perch\u00e9 non \u00e8 pi\u00f9 un\u2019opzione<\/li>\n\n\n\n<li>L\u2019ecosistema dei portatori di interesse interni ed esterni all\u2019impresa<\/li>\n\n\n\n<li>Normativa e codice etico, bilancio sociale e bilancio integrato<\/li>\n\n\n\n<li>CSR come Partnership: testimonianze e case study<\/li>\n\n\n\n<li>Le Strategie di comunicazione culturale<\/li>\n\n\n\n<li>Cultura: il rapporto pubblico privato<\/li>\n\n\n\n<li>Il digitale a sostegno della promozione culturale<\/li>\n\n\n\n<li>Corporate Culture Responsability<\/li>\n<\/ul>\n\n\n\n<p><strong>Frequenza<\/strong><\/p>\n\n\n\n<p>Il Corso ha una durata complessiva di 2 incontri, 14 ore di formazione.<\/p>\n\n\n\n<p>Il Corso si svolge on campus presso la sede Luiss Business School di&nbsp;<strong>Roma<\/strong>, ma&nbsp;<strong>\u00e8 fruibile anche a distanza (streaming)<\/strong>&nbsp;in base a specifiche esigenze personali o professionali.<\/p>\n\n\n\n<h3 class=\"wp-block-heading\">Faculty<\/h3>\n\n\n\n<p>La faculty \u00e8 composta da accademici dell\u2019Universit\u00e0 Luiss Guido Carli e di altri prestigiosi atenei, oltre che da professionisti e manager con consolidata esperienza aziendale e didattica. \u00c8 possibile richiedere informazioni sul corpo docente scrivendo a <a href=\"mailto:executive@luissbusinessschool.it\">executive@luissbusinessschool.it<\/a><\/p>\n\n\n\n<h4 class=\"wp-block-heading\">Referente Scientifico<\/h4>\n\n\n\n<p><strong>Gianluca Comin<\/strong>, Professore di Strategie di Comunicazione, Universit\u00e0 Luiss Guido Carli e Fondatore, Comin &amp; Partners<\/p>\n\n\n\n<h3 class=\"wp-block-heading\">Iscrizione<\/h3>\n\n\n\n<p><strong>Quota di iscrizione<\/strong><\/p>\n\n\n\n<p>La quota di iscrizione per l\u2019Executive Course in Comunicazione integrata: CSR, Cultural Engagement e Stakeholder Management per Comunicare la Post Pandemic Era \u00e8 pari a \u20ac 1.500 + IVA.<\/p>\n\n\n\n<p><strong>Come iscriversi<\/strong><\/p>\n\n\n\n<p>Per iscriversi \u00e8 necessario compilare il&nbsp;<a href=\"https:\/\/businessschool.luiss.it\/wp-content\/uploads\/2020\/05\/Modulo-di-Iscrizione_EE_2020.pdf\"><strong>Modulo di Iscrizione<\/strong><\/a> e inviarlo a&nbsp;<a href=\"mailto:executive@luissbusinessschool.it\"><strong>executive@luissbusinessschool.it<\/strong><\/a>, allegando il proprio curriculum vitae.<\/p>\n\n\n\n<p><strong>Attestato di partecipazione<\/strong><\/p>\n\n\n\n<p>Al termine del corso verr\u00e0 rilasciato un attestato di partecipazione a coloro che avranno frequentato almeno l\u201980% delle attivit\u00e0 di formazione previste dal programma.<\/p>\n\n\n\n<h3 class=\"wp-block-heading\">Agevolazioni finanziarie<\/h3>\n\n\n\n<p>La Luiss Business School offre diverse opzioni di agevolazioni finanziarie per l\u2019iscrizione ai programmi executive:<\/p>\n\n\n\n<ul class=\"wp-block-list\">\n<li>I partecipanti che hanno gi\u00e0 frequentato a titolo personale un corso Luiss Business School e i laureati Luiss Guido Carli potranno usufruire di una riduzione delle rispettive quote d\u2019iscrizione pari al 10%<\/li>\n\n\n\n<li>Imprese, Istituzioni, Enti o Amministrazioni Pubbliche che perfezioneranno iscrizioni multiple per lo stesso percorso formativo potranno usufruire di una riduzione della quota d\u2019iscrizione pari al 10%<\/li>\n\n\n\n<li>Early bird 30 giorni. Per le richieste di iscrizione pervenute almeno 30 giorni prima della data di inizio del percorso formativo si applica una riduzione della quota di iscrizione pari al 5%<\/li>\n\n\n\n<li>Early bird 60 giorni. Per le richieste di iscrizione pervenute almeno 60 giorni prima della data di inizio del percorso formativo si applica una riduzione della quota di iscrizione pari al 10%<\/li>\n<\/ul>\n\n\n\n<p>Le riduzioni elencate non sono cumulabili con altre riduzioni previste nel Programma.<\/p>\n","protected":false},"excerpt":{"rendered":"<p>Obiettivi La responsabilit\u00e0 sociale d\u2019impresa e la gestione del rapporto con gli stakeholder rappresentano un orientamento gestionale che va oltre [&hellip;]<\/p>\n","protected":false},"author":5,"featured_media":0,"parent":86198,"menu_order":0,"comment_status":"closed","ping_status":"closed","template":"corso.php","meta":{"_acf_changed":false,"footnotes":""},"categories":[62,16],"tags":[648,659,681,693,754,764,786,643,567,517],"docenti_teaching_area":[],"docenti_research_area":[],"tematiche":[97],"lingue":[616],"lunghezza_corsi":[620],"class_list":["post-48760","page","type-page","status-publish","hentry","category-executive-program-en","category-course","tag-__conf_ex_0001001001030000300000000-en","tag-__conf_ex_0001001100030000300000000-en","tag-__conf_ex_0001100001030000300000000-en","tag-__conf_ex_0001100100030000300000000-en","tag-__conf_ex_1000001001030000300000000-en","tag-__conf_ex_1000001100030000300000000-en","tag-__conf_ex_1000100001030000300000000-en","tag-__conf_ex_1000100100030000300000000-en","tag-__executive-en","tag-__product-en","tematiche-communication-lobbying","lingue-it-en","lunghezza_corsi-short_course-en"],"acf":[],"aioseo_notices":[],"_links":{"self":[{"href":"https:\/\/businessschool.luiss.it\/en\/wp-json\/wp\/v2\/pages\/48760","targetHints":{"allow":["GET"]}}],"collection":[{"href":"https:\/\/businessschool.luiss.it\/en\/wp-json\/wp\/v2\/pages"}],"about":[{"href":"https:\/\/businessschool.luiss.it\/en\/wp-json\/wp\/v2\/types\/page"}],"author":[{"embeddable":true,"href":"https:\/\/businessschool.luiss.it\/en\/wp-json\/wp\/v2\/users\/5"}],"replies":[{"embeddable":true,"href":"https:\/\/businessschool.luiss.it\/en\/wp-json\/wp\/v2\/comments?post=48760"}],"version-history":[{"count":6,"href":"https:\/\/businessschool.luiss.it\/en\/wp-json\/wp\/v2\/pages\/48760\/revisions"}],"predecessor-version":[{"id":93036,"href":"https:\/\/businessschool.luiss.it\/en\/wp-json\/wp\/v2\/pages\/48760\/revisions\/93036"}],"up":[{"embeddable":true,"href":"https:\/\/businessschool.luiss.it\/en\/wp-json\/wp\/v2\/pages\/86198"}],"wp:attachment":[{"href":"https:\/\/businessschool.luiss.it\/en\/wp-json\/wp\/v2\/media?parent=48760"}],"wp:term":[{"taxonomy":"category","embeddable":true,"href":"https:\/\/businessschool.luiss.it\/en\/wp-json\/wp\/v2\/categories?post=48760"},{"taxonomy":"post_tag","embeddable":true,"href":"https:\/\/businessschool.luiss.it\/en\/wp-json\/wp\/v2\/tags?post=48760"},{"taxonomy":"docenti_teaching_area","embeddable":true,"href":"https:\/\/businessschool.luiss.it\/en\/wp-json\/wp\/v2\/docenti_teaching_area?post=48760"},{"taxonomy":"docenti_research_area","embeddable":true,"href":"https:\/\/businessschool.luiss.it\/en\/wp-json\/wp\/v2\/docenti_research_area?post=48760"},{"taxonomy":"tematiche","embeddable":true,"href":"https:\/\/businessschool.luiss.it\/en\/wp-json\/wp\/v2\/tematiche?post=48760"},{"taxonomy":"lingue","embeddable":true,"href":"https:\/\/businessschool.luiss.it\/en\/wp-json\/wp\/v2\/lingue?post=48760"},{"taxonomy":"lunghezza_corsi","embeddable":true,"href":"https:\/\/businessschool.luiss.it\/en\/wp-json\/wp\/v2\/lunghezza_corsi?post=48760"}],"curies":[{"name":"wp","href":"https:\/\/api.w.org\/{rel}","templated":true}]}}