{"id":49809,"date":"2017-06-28T17:17:22","date_gmt":"2017-06-28T17:17:22","guid":{"rendered":"https:\/\/businessschool.luiss.it\/media-relations\/"},"modified":"2025-03-04T10:48:34","modified_gmt":"2025-03-04T10:48:34","slug":"media-relations","status":"publish","type":"page","link":"https:\/\/businessschool.luiss.it\/en\/programs\/executive-program\/media-relations\/","title":{"rendered":"Media &#038; Investor Relations"},"content":{"rendered":"\n<h3 class=\"wp-block-heading\">Obiettivi<\/h3>\n\n\n\n<p>Le relazioni con i media riguardano tanto la capacit\u00e0 di contribuire a costruire la reputazione di un brand, quanto la chiave per progettare una relazione costruttiva e sostenibile, attraverso i media, con i diversi pubblici di riferimento. Ci\u00f2 \u00e8 ancor pi\u00f9 vero se si pensa alla molteplicit\u00e0 di attori e alla centralit\u00e0 del contenuto e del suo contesto di produzione e ricezione in epoca interattiva. Da qui la necessit\u00e0 di un approccio trasversale alla materia, di una visione multidisciplinare e di una gestione integrata della comunicazione.<\/p>\n\n\n\n<p>Il corso si propone di analizzarne le dinamiche, permettendo di acquisire conoscenze, competenze e strumenti, che vanno dall\u2019Ufficio Stampa tradizionale ad una relazione con i media pi\u00f9 evoluta e digitale, grazie a buone pratiche e saperi distinti e complementari \u2013 utili a qualsiasi tipo di organizzazione e di interlocutore. Inoltre, il Corso intende fornire un quadro sulla comunicazione economico-finanziaria nel contesto normativo di settore. In particolare, intende mettere a fuoco la comunicazione finanziaria delle societ\u00e0 quotate in Borsa, con riferimento anche alle imprese quotate e al processo di ammissione a quotazione. Il punto di partenza sar\u00e0 la comunicazione obbligatoria e regolamentata, con cenni alla comunicazione volontaria. Oltre a dare la veduta d\u2019insieme, il Corso presenter\u00e0 anche alcune \u201ccase history\u201d, scelte tra gli episodi pi\u00f9 significativi nel panorama nazionale.<\/p>\n\n\n\n<h3 class=\"wp-block-heading\">A chi \u00e8 rivolto<\/h3>\n\n\n\n<p>Il Programma si rivolge a:<\/p>\n\n\n\n<ul class=\"wp-block-list\">\n<li>high potential o middle manager (sia senior che junior) gi\u00e0 operanti nel mondo della comunicazione che vogliono innovare, approfondire ed irrobustire le proprie competenze per valorizzarle al meglio all\u2019interno dell\u2019organizzazione presso cui lavorano e renderle sempre pi\u00f9 efficaci<\/li>\n\n\n\n<li>professionisti che vogliono reinventarsi e lavorare nel mondo della comunicazione integrando il loro bagaglio di competenze core<\/li>\n<\/ul>\n\n\n\n<h3 class=\"wp-block-heading\">Curriculum<\/h3>\n\n\n\n<ul class=\"wp-block-list\">\n<li>Il sistema dei Media nella societ\u00e0 contemporanea<\/li>\n\n\n\n<li>Strategia e strumenti per la gestione della comunicazione<\/li>\n\n\n\n<li>Scrittura digitale, creativa, e consapevole<\/li>\n\n\n\n<li>Dall\u2019informazione alla narrazione<\/li>\n\n\n\n<li>La TV nell\u2019era di Internet<\/li>\n\n\n\n<li>Mercati e regolamentazione<\/li>\n\n\n\n<li>La comunicazione finanziaria in un gruppo bancario<\/li>\n\n\n\n<li>La comunicazione finanziaria regolamentata<\/li>\n\n\n\n<li>L\u2019importanza della comunicazione delle societ\u00e0 quotate: il ruolo dell\u2019IR<\/li>\n<\/ul>\n\n\n\n<p><strong>Frequenza<\/strong><\/p>\n\n\n\n<p>Il Corso ha una durata complessiva di<strong>&nbsp;<\/strong>3 incontri, 21 ore di formazione.<\/p>\n\n\n\n<p>Il Corso si svolge on campus presso la sede Luiss Business School di&nbsp;<strong>Roma<\/strong>, ma&nbsp;<strong>\u00e8 fruibile anche a distanza (streaming)<\/strong>&nbsp;in base a specifiche esigenze personali o professionali.<\/p>\n\n\n\n<h3 class=\"wp-block-heading\">Faculty<\/h3>\n\n\n\n<p>La faculty \u00e8 composta da accademici dell\u2019Universit\u00e0 Luiss Guido Carli e di altri prestigiosi atenei, oltre che da professionisti e manager con consolidata esperienza aziendale e didattica. \u00c8 possibile richiedere informazioni sul corpo docente scrivendo a <a href=\"mailto:executive@luissbusinessschool.it\">executive@luissbusinessschool.it<\/a><\/p>\n\n\n\n<h4 class=\"wp-block-heading\">Referente Scientifico<\/h4>\n\n\n\n<p><strong>Gianluca Comin<\/strong>, Professore di Strategie di Comunicazione, Universit\u00e0 Luiss Guido Carli e Fondatore, Comin &amp; Partners<\/p>\n\n\n\n<h3 class=\"wp-block-heading\">Iscrizione<\/h3>\n\n\n\n<p><strong>Quota di iscrizione<\/strong><\/p>\n\n\n\n<p>La quota di iscrizione per l\u2019Executive Course in Media &amp; Investor Relations \u00e8 pari a \u20ac 2.000 + IVA.<\/p>\n\n\n\n<p><strong>Come iscriversi<\/strong><\/p>\n\n\n\n<p>Per iscriversi \u00e8 necessario compilare il&nbsp;<a href=\"https:\/\/businessschool.luiss.it\/wp-content\/uploads\/2020\/05\/Modulo-di-Iscrizione_EE_2020.pdf\"><strong>Modulo di Iscrizione<\/strong><\/a> e inviarlo a&nbsp;<a href=\"mailto:executive@luissbusinessschool.it\"><strong>executive@luissbusinessschool.it<\/strong><\/a>, allegando il proprio curriculum vitae.<\/p>\n\n\n\n<p><strong>Attestato di partecipazione<\/strong><\/p>\n\n\n\n<p>Al termine del corso verr\u00e0 rilasciato un attestato di partecipazione a coloro che avranno frequentato almeno l\u201980% delle attivit\u00e0 di formazione previste dal programma.<\/p>\n\n\n\n<h3 class=\"wp-block-heading\">Agevolazioni finanziarie<\/h3>\n\n\n\n<p>La Luiss Business School offre diverse opzioni di agevolazioni finanziarie per l\u2019iscrizione ai programmi executive:<\/p>\n\n\n\n<ul class=\"wp-block-list\">\n<li>I partecipanti che hanno gi\u00e0 frequentato a titolo personale un corso Luiss Business School e i laureati Luiss Guido Carli potranno usufruire di una riduzione delle rispettive quote d\u2019iscrizione pari al 10%<\/li>\n\n\n\n<li>Imprese, Istituzioni, Enti o Amministrazioni Pubbliche che perfezioneranno iscrizioni multiple per lo stesso percorso formativo potranno usufruire di una riduzione della quota d\u2019iscrizione pari al 10%<\/li>\n\n\n\n<li>Early bird 30 giorni. Per le richieste di iscrizione pervenute almeno 30 giorni prima della data di inizio del percorso formativo si applica una riduzione della quota di iscrizione pari al 5%<\/li>\n\n\n\n<li>Early bird 60 giorni. Per le richieste di iscrizione pervenute almeno 60 giorni prima della data di inizio del percorso formativo si applica una riduzione della quota di iscrizione pari al 10%<\/li>\n<\/ul>\n\n\n\n<p>Le riduzioni elencate non sono cumulabili con altre riduzioni previste nel Programma.<\/p>\n","protected":false},"excerpt":{"rendered":"<p>Obiettivi Le relazioni con i media riguardano tanto la capacit\u00e0 di contribuire a costruire la reputazione di un brand, quanto [&hellip;]<\/p>\n","protected":false},"author":5,"featured_media":0,"parent":86198,"menu_order":0,"comment_status":"closed","ping_status":"closed","template":"corso.php","meta":{"_acf_changed":false,"footnotes":""},"categories":[15,61,62,16],"tags":[648,659,681,693,754,764,786,643,567,517],"docenti_teaching_area":[],"docenti_research_area":[],"tematiche":[97],"lingue":[616],"lunghezza_corsi":[620],"class_list":["post-49809","page","type-page","status-publish","hentry","category-corso","category-executive-program","category-executive-program-en","category-course","tag-__conf_ex_0001001001030000300000000-en","tag-__conf_ex_0001001100030000300000000-en","tag-__conf_ex_0001100001030000300000000-en","tag-__conf_ex_0001100100030000300000000-en","tag-__conf_ex_1000001001030000300000000-en","tag-__conf_ex_1000001100030000300000000-en","tag-__conf_ex_1000100001030000300000000-en","tag-__conf_ex_1000100100030000300000000-en","tag-__executive-en","tag-__product-en","tematiche-communication-lobbying","lingue-it-en","lunghezza_corsi-short_course-en"],"acf":[],"aioseo_notices":[],"_links":{"self":[{"href":"https:\/\/businessschool.luiss.it\/en\/wp-json\/wp\/v2\/pages\/49809","targetHints":{"allow":["GET"]}}],"collection":[{"href":"https:\/\/businessschool.luiss.it\/en\/wp-json\/wp\/v2\/pages"}],"about":[{"href":"https:\/\/businessschool.luiss.it\/en\/wp-json\/wp\/v2\/types\/page"}],"author":[{"embeddable":true,"href":"https:\/\/businessschool.luiss.it\/en\/wp-json\/wp\/v2\/users\/5"}],"replies":[{"embeddable":true,"href":"https:\/\/businessschool.luiss.it\/en\/wp-json\/wp\/v2\/comments?post=49809"}],"version-history":[{"count":6,"href":"https:\/\/businessschool.luiss.it\/en\/wp-json\/wp\/v2\/pages\/49809\/revisions"}],"predecessor-version":[{"id":89300,"href":"https:\/\/businessschool.luiss.it\/en\/wp-json\/wp\/v2\/pages\/49809\/revisions\/89300"}],"up":[{"embeddable":true,"href":"https:\/\/businessschool.luiss.it\/en\/wp-json\/wp\/v2\/pages\/86198"}],"wp:attachment":[{"href":"https:\/\/businessschool.luiss.it\/en\/wp-json\/wp\/v2\/media?parent=49809"}],"wp:term":[{"taxonomy":"category","embeddable":true,"href":"https:\/\/businessschool.luiss.it\/en\/wp-json\/wp\/v2\/categories?post=49809"},{"taxonomy":"post_tag","embeddable":true,"href":"https:\/\/businessschool.luiss.it\/en\/wp-json\/wp\/v2\/tags?post=49809"},{"taxonomy":"docenti_teaching_area","embeddable":true,"href":"https:\/\/businessschool.luiss.it\/en\/wp-json\/wp\/v2\/docenti_teaching_area?post=49809"},{"taxonomy":"docenti_research_area","embeddable":true,"href":"https:\/\/businessschool.luiss.it\/en\/wp-json\/wp\/v2\/docenti_research_area?post=49809"},{"taxonomy":"tematiche","embeddable":true,"href":"https:\/\/businessschool.luiss.it\/en\/wp-json\/wp\/v2\/tematiche?post=49809"},{"taxonomy":"lingue","embeddable":true,"href":"https:\/\/businessschool.luiss.it\/en\/wp-json\/wp\/v2\/lingue?post=49809"},{"taxonomy":"lunghezza_corsi","embeddable":true,"href":"https:\/\/businessschool.luiss.it\/en\/wp-json\/wp\/v2\/lunghezza_corsi?post=49809"}],"curies":[{"name":"wp","href":"https:\/\/api.w.org\/{rel}","templated":true}]}}