{"id":543,"date":"2015-03-18T14:43:54","date_gmt":"2015-03-18T13:43:54","guid":{"rendered":"https:\/\/businessschool.luiss.it\/?page_id=543"},"modified":"2015-03-18T14:44:22","modified_gmt":"2015-03-18T13:44:22","slug":"network-di-conoscenze-nelle-comunita-di-pratica","status":"publish","type":"page","link":"https:\/\/businessschool.luiss.it\/en\/network-di-conoscenze-nelle-comunita-di-pratica\/","title":{"rendered":"Knowledge networks in communities of practice: the impact of social capital on innovation diffusion"},"content":{"rendered":"<p>Research project funded by Ministero dell\u2019Universit\u00e0 e della Ricerca (Italian Ministry of University and Research) under the PRIN 2007 programme Duration: September 2008 \u2013 September 2010<\/p>\n<h2>Research aims<\/h2>\n<p>The project aims to analyzing the knowledge exchange networks and the diffusion of innovation in the paediatric professional communities. In particular, the main goals are: (i) testing social network theories on the exchange of knowledge and advices within professional communities, (ii) developing a theoretical model of the occurrence of knowledge exchange networks in paediatric care and their impact on the professional practice as well as on the diffusion of innovation; (iii) producing recommendations about the organisational models for the integration of primary care and hospital paediatricians through the assessment of knowledge integration and innovation diffusion results.<\/p>\n<h2>Partners<\/h2>\n<p>Luiss Business School, Area PA e Sanit\u00e0 (Prof. Franco Fontana): coordinator Universit\u00e0 Cattolica del Sacro Cuore, Facolt\u00e0 di Economia di Roma (Prof. Americo Cicchetti): partner Universit\u00e0 degli Studi di Bologna, Facolt\u00e0 di Medicina (Prof.ssa Maria Pia Fantini): partner<\/p>\n<h2>Results<\/h2>\n<p>Mascia, D., Dandi, R., Di Vincenzo, F. (2014). Professional Networks and EBM Use: A Study of Inter-physician Interaction Across Levels of Care. <em>Health Policy<\/em> 118 (1): 24-36 Huerta, T.R. and Dandi, R. (2014). Social Network Analysis and the Integration of Care: Theory and Method. In Mick, S.S., and Shay, P. D., Editors<em>, Advances in Health Care Organization Theory<\/em>, 2nd Edition, (pp. 229-258), Jossey-Bass Inc., Publishers Dandi, R., D\u2019Alise, C., Mascia, D. (2013). Network professionali e uso delle linee guida: il caso della pediatria di libera scelta. <em>Mecosan<\/em>, 87: 9-28 Dandi, R., Mascia, D., D\u2019Alise, C. (2013). Pediatrician networks and evidence-based medicine. Proceedings of WOA 2013 <em>Organizing in Turbolent Times: The Challenges Ahead<\/em>, ISBN 978-88-6787-055-4 Mascia, D., Dandi, R., Di Vincenzo, F. (2013). Inter-physician interaction across levels of care and EBM adoption in pediatric care. Presented at the 73rd <em>Annual Meeting of the Academy of Management<\/em> \u2013 Lake Buena Vista (Orlando), FL (USA) \u2013 August 9-13 Mascia, D., Dandi, R., Di Vincenzo, F. (2013). Innovating Healthcare by Crossing Boundaries: Implementing Evidence-Based Medicine Across Levels of Care. Presented at the 29th <em>EGOS Colloquium \u201cBridging Continents, Cultures and Worldviews<\/em>\u201c, Montr\u00e9al, Canada, July 4\u20136 Mascia, D., Dandi, R., Di Vincenzo, F. (2012). Professional networks and EBM adoption in pediatric care: Exploring the impact of inter-physician interaction across levels of care. Accepted abstract at <em>AIES 2012<\/em> XVII Convegno Nazionale dell\u2019 Associazione Italiana di Economia Sanitaria, Rome, November 15-16. Dandi, R. &amp; Mascia, D. (2011). Regional Differences in Paediatric Care Networks. Presented at the AIES Annual Conference, Rimini, Italy, Sept. 29-30 2011[<a title=\"Regional Differences in Paediatric Care Networks\" href=\"\/pdf\/Dandi-Mascia-AIES.pdf\">slides<\/a>] Brunetta, F., &amp; Dandi, R. (2010). Communities of Clinical Practice: Knowledge Exchange in Paediatric Communities. Paper presented at the 26th EGOS Colloquium, Lisbon (Portugal) June 30-July 3, 2010 [<a title=\"26th EGOS Colloquium 2010\" href=\"\/pdf\/ABS-DALISE-ET-AL-OS-010.pdf\">abstract<\/a>] Fontana, F., Cicchetti, A., Fantini, M.P., Dandi, R., Mascia, D. &amp; Dall\u2019Osso, T. (2010). Primary Care Integration: the Case of Advice Networks among Pediatricians. Paper presented at the XXX SUNBELT Conference, Riva del Garda, Italy, June 29-July 4, 2010 [<a title=\"SunBelt XXX Riva del Garda, ItalyJune 29, 2010 - July 04, 2010\" href=\"\/pdf\/ABS-FONTANA-ET-AL-SUNBELT-2010.pdf\">abstract<\/a>] [<a title=\"Primary Care Integration: the Case of Advice Networks among Pediatricians\" href=\"\/pdf\/sunbelt2010.pdf\">slides<\/a>] Dandi, R., Cicchetti, A., Fantini, M.P., Mascia, D. &amp; Mattia, S. (2010). Integrating Knowledge in Paediatric Care. Paper presented at the 6th UK Social Networks Conference, Manchester April 14-16, 2010 [<a title=\"6th UK Social Networks Conference, Manchester 14th \u2013 16th April 2010\" href=\"\/pdf\/ABS-DANDI-ET-AL-UK-SNA-2010.pdf\">abstract<\/a>] [<a title=\"6th UK Social Networks Conference, Manchester 14th \u2013 16th April 2010\" href=\"\/pdf\/ABS-DANDI-ET-AL-UK-SNA-2010_1.pdf\">slides<\/a>] Mascia D., Cicchetti A. &amp; Fantini M.P., (2009). Birds of a feather\u2026 use the same knowledge. An empirical study of physicians\u2019 collaborative relations and utilization of evidence-based knowledge. Paper presented at the XXIX SUNBELT Conference, San Diego, March 10 \u2013 14, 2009 Cicchetti, A. &amp; Mascia, D. (2009). Social Capital e Innovazione: Network Professionali e utilizzo di conoscenze Evidence-Based\u201d, Paper presentato al 32\u00b0 Convegno AIDEA, 24-25 Settembre 2009. Mascia, D. (2009). Organizzare le reti in sanit\u00e0: Teoria, metodi e strumenti di social network analysis. Roma: Franco Angeli<\/p>\n<h2>Events<\/h2>\n<p align=\"justify\">Workshop: Knowledge Networks in Primary Care (Network di conoscenze nell\u2019assistenza primaria). November 12th 2010, LUISS Business School, viale Pola 12, Roma.<\/p>\n<p align=\"justify\">Workshop: Primary Care from Isolation to Network (Le cure primarie dall\u2019isolamento alla rete). June 11th 2009, LUISS Business School, viale Pola 12, Roma.<\/p>\n<h2>Press release<\/h2>\n<p>Dandi, R. &amp; Mascia D. Le linee guida funzionano se c\u2019\u00e8 collaborazione (Clinical guidelines work through networks). Sole 24 Ore Sanit\u00e0, November 2, 2010<\/p>\n<h2>Contacts<\/h2>\n<p>Dr. Roberto Dandi: +39 0685222356, <a href=\"mailto:rdandi@luiss.it\">rdandi@luiss.it<\/a><\/p>\n","protected":false},"excerpt":{"rendered":"<p>Research project funded by Ministero dell\u2019Universit\u00e0 e della Ricerca (Italian Ministry of University and Research) under the PRIN 2007 programme [&hellip;]<\/p>\n","protected":false},"author":1,"featured_media":0,"parent":0,"menu_order":0,"comment_status":"closed","ping_status":"closed","template":"page-3-col.php","meta":{"_acf_changed":false,"footnotes":""},"categories":[],"tags":[],"docenti_teaching_area":[],"docenti_research_area":[],"tematiche":[],"lingue":[],"lunghezza_corsi":[],"class_list":["post-543","page","type-page","status-publish","hentry"],"acf":[],"aioseo_notices":[],"_links":{"self":[{"href":"https:\/\/businessschool.luiss.it\/en\/wp-json\/wp\/v2\/pages\/543","targetHints":{"allow":["GET"]}}],"collection":[{"href":"https:\/\/businessschool.luiss.it\/en\/wp-json\/wp\/v2\/pages"}],"about":[{"href":"https:\/\/businessschool.luiss.it\/en\/wp-json\/wp\/v2\/types\/page"}],"author":[{"embeddable":true,"href":"https:\/\/businessschool.luiss.it\/en\/wp-json\/wp\/v2\/users\/1"}],"replies":[{"embeddable":true,"href":"https:\/\/businessschool.luiss.it\/en\/wp-json\/wp\/v2\/comments?post=543"}],"version-history":[{"count":0,"href":"https:\/\/businessschool.luiss.it\/en\/wp-json\/wp\/v2\/pages\/543\/revisions"}],"wp:attachment":[{"href":"https:\/\/businessschool.luiss.it\/en\/wp-json\/wp\/v2\/media?parent=543"}],"wp:term":[{"taxonomy":"category","embeddable":true,"href":"https:\/\/businessschool.luiss.it\/en\/wp-json\/wp\/v2\/categories?post=543"},{"taxonomy":"post_tag","embeddable":true,"href":"https:\/\/businessschool.luiss.it\/en\/wp-json\/wp\/v2\/tags?post=543"},{"taxonomy":"docenti_teaching_area","embeddable":true,"href":"https:\/\/businessschool.luiss.it\/en\/wp-json\/wp\/v2\/docenti_teaching_area?post=543"},{"taxonomy":"docenti_research_area","embeddable":true,"href":"https:\/\/businessschool.luiss.it\/en\/wp-json\/wp\/v2\/docenti_research_area?post=543"},{"taxonomy":"tematiche","embeddable":true,"href":"https:\/\/businessschool.luiss.it\/en\/wp-json\/wp\/v2\/tematiche?post=543"},{"taxonomy":"lingue","embeddable":true,"href":"https:\/\/businessschool.luiss.it\/en\/wp-json\/wp\/v2\/lingue?post=543"},{"taxonomy":"lunghezza_corsi","embeddable":true,"href":"https:\/\/businessschool.luiss.it\/en\/wp-json\/wp\/v2\/lunghezza_corsi?post=543"}],"curies":[{"name":"wp","href":"https:\/\/api.w.org\/{rel}","templated":true}]}}