{"id":55952,"date":"2021-05-10T18:57:00","date_gmt":"2021-05-10T18:57:00","guid":{"rendered":"https:\/\/businessschool.luiss.it\/?page_id=55952"},"modified":"2021-07-13T19:01:46","modified_gmt":"2021-07-13T19:01:46","slug":"myluissbusiness-dalia-caterino","status":"publish","type":"page","link":"https:\/\/businessschool.luiss.it\/en\/perche-luiss-bs\/storie\/myluissbusiness-dalia-caterino\/","title":{"rendered":"Dalia Caterino: \u00abIl boost per la mia carriera? Competenze, competizione e soft skill\u00bb"},"content":{"rendered":"\n<h2 class=\"wp-block-heading\">I valori della Luiss Business School non si raccontano solo attraverso l&#8217;offerta formativa, ma soprattutto attraverso le persone che hanno fatto un pezzo di strada nelle nostre aule e hanno sintetizzato l&#8217;eccellenza nel proprio percorso professionale. La storia di Dalia Caterino, Creative Office Library &amp; Vintage di Gucci, per la serie #MyLuissBusiness<\/h2>\n\n\n\n<figure class=\"wp-block-image size-large\"><img loading=\"lazy\" decoding=\"async\" width=\"1080\" height=\"630\" src=\"https:\/\/businessschool.luiss.it\/wp-content\/uploads\/2021\/07\/Dalia_FB.jpg\" alt=\"\" class=\"wp-image-53707\" srcset=\"https:\/\/businessschool.luiss.it\/wp-content\/uploads\/2021\/07\/Dalia_FB.jpg 1080w, https:\/\/businessschool.luiss.it\/wp-content\/uploads\/2021\/07\/Dalia_FB-810x473.jpg 810w, https:\/\/businessschool.luiss.it\/wp-content\/uploads\/2021\/07\/Dalia_FB-768x448.jpg 768w\" sizes=\"auto, (max-width: 1080px) 100vw, 1080px\" \/><\/figure>\n\n\n\n<p>Uno studio del World Economic Forum sostiene che il 65 per cento dei bambini che oggi frequentano le elementari, in futuro faranno dei lavori che ancora non esistono. Ne \u00e8 la prova <strong>Dalia Caterino, alumna di&nbsp;Fashion and <a href=\"https:\/\/businessschool.luiss.it\/fashion-and-luxury-business\/\">Luxury Business \u2013 Major of the Master in Fashion, Luxury and Tourism Management<\/a>&nbsp;di Luiss Business School, oggi parte del team dell&#8217;Ufficio Stile di Gucci<\/strong>&nbsp;a Roma, impegnata nel Creative Office Library &amp; Vintage.<\/p>\n\n\n\n<p>Arrivata per un colloquio nel settore comunicazione, Dalia ha raccontato la visita all&#8217;Ufficio Stile di Valentino, vissuta grazie al master, attirando l&#8217;attenzione dei suoi recruiter, che le hanno permesso di adattare sulle sue competenze una figura professionale che oggi supporta i designer nel processo creativo.&nbsp;Dopo una laurea triennale in Moda e Costume a La Sapienza, Dalia ha scelto il master in Fashion &amp; Luxury per potenziare la sua formazione. Oggi ha 28 anni ed \u00e8 un&#8217;alumna nel vero senso del termine: \u00ab<strong>Parlo del mio percorso in Luiss sempre con la luce negli occhi<\/strong>\u00bb. Offerta formativa, focus sulle competenze linguistiche e sviluppo delle soft skill in aula: ecco i boost che hanno accelerato la carriera di Dalia nel mondo della moda.<\/p>\n\n\n\n<h3 class=\"wp-block-heading\"><strong>Dalia Caterino, perch\u00e9 hai scelto Luiss Business School?&nbsp;<\/strong><\/h3>\n\n\n\n<p>Avevo gi\u00e0 dei feedback positivi da altre persone, che l&#8217;avevano frequentata in passato. Ho messo a confronto varie universit\u00e0 che offrivano questo tipo di percorso, ma gi\u00e0 dall&#8217;Open Day sono stata catturata dall&#8217;incontro con i docenti.<\/p>\n\n\n\n<h3 class=\"wp-block-heading\"><strong>Quali pensi siano i punti di forza dell&#8217;offerta formativa del master in Fashion &amp; Luxury?&nbsp;<\/strong><\/h3>\n\n\n\n<p>Il focus sulla lingua inglese: penso sia indispensabile per l&#8217;industria della moda. Quando ho iniziato ero a un buon livello e all&#8217;inizio avevo un po&#8217; di timore, ma il master mi ha permesso di accrescere moltissimo il mio inglese. \u00c8 stato molto prezioso anche il confronto con persone provenienti da culture diverse: nel mio anno di master eravamo in diciassette. In pi\u00f9, il piano di studi \u2013 molto ampio, ma non generalizzato \u2013 mi ha convinto: ogni aspetto era approfondito nello specifico e non lasciato a una trattazione generica. Durante il percorso questo mi ha aiutato a capire cosa volevo fare davvero.<\/p>\n\n\n\n<h3 class=\"wp-block-heading\"><strong>In che modo?<\/strong><\/h3>\n\n\n\n<p>Quando si inizia un master per un&#8217;industria come quella della moda, dove le figure sono davvero tante e varie, \u00e8 difficile individuarne alcune specifiche. Con questo master sono stata guidata verso la comprensione sul dove collocarmi nel prossimo futuro.<\/p>\n\n\n\n<h3 class=\"wp-block-heading\"><strong>Quanto \u00e8 stato importante lo sviluppo delle soft skill previsto nel curriculum?<\/strong><\/h3>\n\n\n\n<p>Ero una persona molto chiusa: con il master sono riuscita a fare un passo avanti. Il doversi confrontare non solo con professori, ma anche con professionisti, d\u00e0 un assaggio di ci\u00f2 che si andr\u00e0 a vivere fuori. Spesso la paura dei giovani \u00e8 quella di non essere abbastanza: ti dicono sempre che o&nbsp;non hai studiato a sufficienza o non sei completamente formata su un aspetto specifico. Invece credo che con il master in Luiss Business School, grazie alla sua offerta formativa ampia ma sempre specifica, si riesca sempre a cogliere il necessario. Non c&#8217;\u00e8 mai del superfluo.<\/p>\n\n\n\n<h3 class=\"wp-block-heading\"><strong>Quali sono stati i momenti pi\u00f9 significativi del tuo percorso in Luiss Business School?<\/strong><\/h3>\n\n\n\n<p>L&#8217;esame finale, dove siamo riusciti a mettere in atto tutto quello che avevamo imparato. \u00c8 un lavoro di gruppo: devi sia far combaciare le tue idee con quelle del tuo team sia metterti in competizione. Quest&#8217;ultima cosa \u00e8 molto importante: se non c&#8217;\u00e8, non cresci. Permette di superare i propri limiti, altrimenti rimani sempre nella tua comfort zone. Un altro aspetto molto importante di questo percorso sono le visite alle aziende.<\/p>\n\n\n\n<h3 class=\"wp-block-heading\"><strong>Cosa ricordi di queste esperienze?<\/strong><\/h3>\n\n\n\n<p>Tra tutte, l&#8217;Ufficio Stile di Valentino, a Roma, ha segnato il mio percorso. L\u00ec abbiamo visitato il loro archivio storico. Durante il colloquio con Gucci per lo stage stavo raccontando proprio quell&#8217;esperienza. Quel racconto li ha spinti ad offrirmi la posizione che ricopro oggi, anche se mi ero candidata per altro.<\/p>\n\n\n\n<h3 class=\"wp-block-heading\"><strong>Per quale posizione ti eri candidata?<\/strong><\/h3>\n\n\n\n<p>Volevo lavorare nella comunicazione e public relation. Ma proprio attraverso i laboratori soft skill e i corsi che approfondivano questi aspetti, mi sono accorta che tutto quello che ci viene raccontato sul mondo della moda \u00e8 un po&#8217; fumoso. Nessuno ti dice cosa vai a fare davvero dopo, qual \u00e8 il lavoro vero. Quindi \u00e8 possibile avere il sogno di ricoprire una posizione che magari non esiste. Confrontarci con il responsabile comunicazione di McQueen \u00e8 stato utilissimo: ci ha aiutati a comprendere quali sono i meccanismi fondamentali di quella posizione. Ho sempre cercato di rubare con gli occhi: dai professori, dai professionisti, ma anche dai colleghi. Fino a oggi non mi sono mai fermata a pensare dove sono arrivata. Volevo entrare in Gucci da sempre e ci sono riuscita, in una posizione che non sapevo esistesse.<\/p>\n\n\n\n<h3 class=\"wp-block-heading\"><strong>Cosa ti ha insegnato questa consapevolezza?<\/strong><\/h3>\n\n\n\n<p>Che bisogna porsi un obiettivo e arrivarci a piccoli passi, concentrandosi su quello che si sta facendo nel qui e ora, a cosa possiamo fare e a cosa possiamo portare con noi nel futuro.<\/p>\n\n\n\n<h3 class=\"wp-block-heading\"><strong>Lavori nell&#8217;Ufficio Stile library &amp; vintage di Gucci: di cosa ti occupi esattamente?<\/strong><\/h3>\n\n\n\n<p>Il mio Team collabora alla gestione della biblioteca, supportando i designer nel processo di sviluppo inziale della collezione, e della gestione del Vintage di propriet\u00e0 dell\u2019azienda. \u00c8 una posizione trasversale a tutto l\u2019Ufficio Stile. In due anni e mezzo la posizione \u00e8 cresciuta tantissimo: non esiste in altre aziende. Io e la mia responsabile la stiamo plasmando sulle nostre figure, sulle esigenze dell&#8217;azienda e sento di star crescendo tantissimo. E credo che gran parte del merito sia anche del mio percorso in Luiss.<\/p>\n\n\n\n<h3 class=\"wp-block-heading\"><strong>Venire dal mondo Luiss ha fatto la differenza nel tuo ingresso nel mondo del lavoro? Hai notato qualche differenza?<\/strong><\/h3>\n\n\n\n<p>Assolutamente s\u00ec. Luiss Business School \u00e8 una realt\u00e0 riconosciuta a livello nazionale e internazionale. Sei a contatto con il mondo del lavoro sempre e questo conta. Senza una specializzazione non sarei stata in grado di affrontarla, anche se fossi stata la persona pi\u00f9 preparata del mondo.<\/p>\n\n\n\n<h3 class=\"wp-block-heading\"><strong>In apparenza il mondo della moda e del lusso sembra meno maschili di altri, ma in certe posizioni permangono delle difficolt\u00e0. L&#8217;essere donna e il percorso formativo in Luiss ti hanno aiutata a crearti una sorta di corazza?<\/strong><\/h3>\n\n\n\n<p>S\u00ec: anche il solo confrontarci in aula, anche i laboratori soft skill mi sono serviti. L&#8217;Ufficio Stile \u00e8 una realt\u00e0 molto impegnativa: \u00e8 il mondo della moda al mille per mille. Il master mi ha aiutato a rafforzarmi. Mettersi in gioco e in competizione con gli altri d\u00e0 maggiore sicurezza in se stessi e aiuta a superare certe barriere, mostrandoti per quello che sei, senza sentirsi svantaggiata perch\u00e9 si \u00e8 donne.<\/p>\n\n\n\n<h3 class=\"wp-block-heading\"><strong>Pensi che in futuro continuerai a costruirti sul campo o pensi di tornare sui banchi per acquisire nuove competenze?<\/strong><\/h3>\n\n\n\n<p>Vorrei farlo gi\u00e0 adesso! Sono uscita da due anni e mezzo e da allora sono in Gucci. Ma sono molto curiosa, mi piace imparare e mi piacerebbe tornare a formarmi.<\/p>\n\n\n\n<h3 class=\"wp-block-heading\"><strong>La moda non \u00e8 pi\u00f9 quella di vent&#8217;anni fa. Ci sono tante tematiche \u2013 sostenibilit\u00e0 e innovazione, tra le altre \u2013 che stanno cambiando la governance delle aziende. In che modo si sta muovendo Gucci su questi argomenti?<\/strong><\/h3>\n\n\n\n<p>Gucci \u00e8 la prima azienda che si espone su temi come ambiente e sostenibilit\u00e0. Come Ufficio Stile facciamo dei corsi di aggiornamenti su questi argomenti. Quando lavori a determinati ritmi non hai molto tempo per aggiornarti ed \u00e8 molto positivo che invece l&#8217;azienda ti spinge a prenderti del tempo per formarti e informarti.<\/p>\n\n\n\n<h3 class=\"wp-block-heading\"><strong>Hai fatto anche il mentor per Coursera: cosa hai messo della tua formazione in Luiss in questa esperienza?<\/strong><\/h3>\n\n\n\n<p>Tutte le conoscenze che avevo acquisito! Fare il mentore a persone come me, anche se ero appena uscita dall&#8217;universit\u00e0, \u00e8 stato molto interessante.<\/p>\n\n\n\n<p>Fornire spunti su come informarsi, cosa che abbiamo sempre fatto in Luiss, \u00e8 fondamentale: la curiosit\u00e0 e l&#8217;informarsi sempre su ci\u00f2 che accade non devono mancare.<\/p>\n\n\n\n<h3 class=\"wp-block-heading\"><strong>Un consiglio per chi deve iniziare.<\/strong><\/h3>\n\n\n\n<p>Rubate con gli occhi e fate tante domande ai professionisti. Cercate da subito le esperienze di stage. Prima della fine del master c&#8217;era molta ansia per la ricerca dello stage. Bisogna non darsi subito per vinti cercando uno stage. Bisogna cercare di non mollare, credere che qualcosa arrivi. Anche perch\u00e9 il team Luiss affianca gli studenti nella preparazione dei colloqui: c&#8217;\u00e8 il massimo sostegno lungo tutto il percorso.<\/p>\n\n\n\n<p>10\/5\/2021<\/p>\n","protected":false},"excerpt":{"rendered":"<p>I valori della Luiss Business School non si raccontano solo attraverso l&#8217;offerta formativa, ma soprattutto attraverso le persone che hanno [&hellip;]<\/p>\n","protected":false},"author":5,"featured_media":53705,"parent":125,"menu_order":0,"comment_status":"closed","ping_status":"closed","template":"","meta":{"_acf_changed":false,"footnotes":""},"categories":[],"tags":[],"docenti_teaching_area":[],"docenti_research_area":[],"tematiche":[],"lingue":[],"lunghezza_corsi":[],"class_list":["post-55952","page","type-page","status-publish","has-post-thumbnail","hentry"],"acf":[],"aioseo_notices":[],"_links":{"self":[{"href":"https:\/\/businessschool.luiss.it\/en\/wp-json\/wp\/v2\/pages\/55952","targetHints":{"allow":["GET"]}}],"collection":[{"href":"https:\/\/businessschool.luiss.it\/en\/wp-json\/wp\/v2\/pages"}],"about":[{"href":"https:\/\/businessschool.luiss.it\/en\/wp-json\/wp\/v2\/types\/page"}],"author":[{"embeddable":true,"href":"https:\/\/businessschool.luiss.it\/en\/wp-json\/wp\/v2\/users\/5"}],"replies":[{"embeddable":true,"href":"https:\/\/businessschool.luiss.it\/en\/wp-json\/wp\/v2\/comments?post=55952"}],"version-history":[{"count":0,"href":"https:\/\/businessschool.luiss.it\/en\/wp-json\/wp\/v2\/pages\/55952\/revisions"}],"up":[{"embeddable":true,"href":"https:\/\/businessschool.luiss.it\/en\/wp-json\/wp\/v2\/pages\/125"}],"wp:featuredmedia":[{"embeddable":true,"href":"https:\/\/businessschool.luiss.it\/en\/wp-json\/wp\/v2\/media\/53705"}],"wp:attachment":[{"href":"https:\/\/businessschool.luiss.it\/en\/wp-json\/wp\/v2\/media?parent=55952"}],"wp:term":[{"taxonomy":"category","embeddable":true,"href":"https:\/\/businessschool.luiss.it\/en\/wp-json\/wp\/v2\/categories?post=55952"},{"taxonomy":"post_tag","embeddable":true,"href":"https:\/\/businessschool.luiss.it\/en\/wp-json\/wp\/v2\/tags?post=55952"},{"taxonomy":"docenti_teaching_area","embeddable":true,"href":"https:\/\/businessschool.luiss.it\/en\/wp-json\/wp\/v2\/docenti_teaching_area?post=55952"},{"taxonomy":"docenti_research_area","embeddable":true,"href":"https:\/\/businessschool.luiss.it\/en\/wp-json\/wp\/v2\/docenti_research_area?post=55952"},{"taxonomy":"tematiche","embeddable":true,"href":"https:\/\/businessschool.luiss.it\/en\/wp-json\/wp\/v2\/tematiche?post=55952"},{"taxonomy":"lingue","embeddable":true,"href":"https:\/\/businessschool.luiss.it\/en\/wp-json\/wp\/v2\/lingue?post=55952"},{"taxonomy":"lunghezza_corsi","embeddable":true,"href":"https:\/\/businessschool.luiss.it\/en\/wp-json\/wp\/v2\/lunghezza_corsi?post=55952"}],"curies":[{"name":"wp","href":"https:\/\/api.w.org\/{rel}","templated":true}]}}