{"id":75150,"date":"2022-11-28T13:58:16","date_gmt":"2022-11-28T13:58:16","guid":{"rendered":"https:\/\/businessschool.luiss.it\/?page_id=75150"},"modified":"2025-03-04T10:48:00","modified_gmt":"2025-03-04T10:48:00","slug":"comunicazionenterna","status":"publish","type":"page","link":"https:\/\/businessschool.luiss.it\/en\/programs\/comunicazionenterna\/","title":{"rendered":"Comunicazione Interna"},"content":{"rendered":"\n<h3 class=\"wp-block-heading\">Obiettivi<\/h3>\n\n\n\n<p>Per un\u2019organizzazione \u00e8 di fondamentale importanza sapersi comunicare bene verso l\u2019esterno, puntando sulla visibilit\u00e0 e il coinvolgimento di potenziali clienti e stakeholder in un processo a cascata che avr\u00e0 riflessi sul proprio business. Al contempo, una strategia competitiva efficace richiede un impegno da parte dell\u2019organizzazione nel favorire la qualit\u00e0 di vita nell\u2019ambiente lavorativo, lo sviluppo di identit\u00e0 di visioni e obiettivi che accomunano il brand ai suoi dipendenti, facendo s\u00ec che questi ultimi possano ergersi ad \u201cambasciatori\u201d del ruolo che questa riveste nel contesto in cui opera. Arrivare alle persone per farle sentire coinvolte in un progetto ambizioso il cui successo sar\u00e0 tanto pi\u00f9 grande quanto maggiore sar\u00e0 il loro l\u2019ingaggio e la motivazione che li anima.<\/p>\n\n\n\n<h4 class=\"wp-block-heading\"><strong>A chi \u00e8 rivolto<\/strong><\/h4>\n\n\n\n<p>Il Programma si rivolge a:<\/p>\n\n\n\n<ul class=\"wp-block-list\">\n<li>high potential o middle manager (sia senior che junior) gi\u00e0 operanti nel mondo della comunicazione che vogliono innovare, approfondire ed irrobustire le proprie competenze per valorizzarle al meglio all\u2019interno dell\u2019organizzazione presso cui lavorano e renderle sempre pi\u00f9 efficaci<\/li>\n\n\n\n<li>professionisti che vogliono reinventarsi e lavorare nel mondo della comunicazione integrando il loro bagaglio di competenze core<\/li>\n<\/ul>\n\n\n\n<h3 class=\"wp-block-heading\">Curriculum<\/h3>\n\n\n\n<ul class=\"wp-block-list\">\n<li>Il mondo della comunicazione interna: come si \u00e8 evoluta negli ultimi anni<\/li>\n\n\n\n<li>Lo sviluppo di una cultura organizzativa: strumenti e canali<\/li>\n\n\n\n<li>Comunicazione interna come elemento chiave per la gestione del cambiamento<\/li>\n\n\n\n<li>Il piano di comunicazione interna<\/li>\n\n\n\n<li>L\u2019engagement e la sua misurazione<\/li>\n\n\n\n<li>Il personal branding<\/li>\n<\/ul>\n\n\n\n<h4 class=\"wp-block-heading\"><strong>Frequenza<\/strong><\/h4>\n\n\n\n<p>Il corso ha una durata complessiva di 2 incontri, 16 ore di formazione.<\/p>\n\n\n\n<h3 class=\"wp-block-heading\">Faculty<\/h3>\n\n\n\n<p>La faculty \u00e8 composta da accademici dell\u2019Universit\u00e0 Luiss Guido Carli e di altri prestigiosi atenei, oltre che da professionisti e manager con consolidata esperienza aziendale e didattica. \u00c8 possibile richiedere sul corpo docente scrivendo a <a href=\"mailto:executive@luissbusinessschool.it\">executive@luissbusinessschool.it<\/a><\/p>\n\n\n\n<h3 class=\"wp-block-heading\">Referente Scientifico<\/h3>\n\n\n\n<p><strong>Gianluca Comin<\/strong>, Professore di Strategie di Comunicazione, Universit\u00e0 Luiss Guido Carli e Fondatore, Comin &amp; Partners<\/p>\n\n\n\n<h3 class=\"wp-block-heading\">Iscrizione<\/h3>\n\n\n\n<h4 class=\"wp-block-heading\"><strong>Quota di iscrizione <\/strong><strong><\/strong><\/h4>\n\n\n\n<p>La quota di iscrizione per l\u2019Executive Course in Comunicazione Interna \u00e8 pari a \u20ac 1500 + IVA.<\/p>\n\n\n\n<h4 class=\"wp-block-heading\"><strong>Come iscriversi<\/strong><strong><\/strong><\/h4>\n\n\n\n<p>Per iscriversi \u00e8 necessario compilare il&nbsp;<a href=\"https:\/\/businessschool.luiss.it\/wp-content\/uploads\/2023\/03\/Moduli_ISCRIZIONE_-Executive_ITA_2023.pdf\">Modulo di Iscrizione<\/a>&nbsp;e inviarla&nbsp;<a href=\"mailto:executive@luissbusinessschool.it\">executive@luissbusinessschool.it<\/a> allegando il proprio curriculum vitae.<\/p>\n\n\n\n<h4 class=\"wp-block-heading\"><strong>Attestato di partecipazione <\/strong><strong><\/strong><\/h4>\n\n\n\n<p>Al termine del corso verr\u00e0 rilasciato un attestato di partecipazione a coloro che avranno frequentato almeno l\u201980% delle attivit\u00e0 di formazione previste dal programma.<\/p>\n\n\n\n<h3 class=\"wp-block-heading\">Agevolazioni Finanziarie<\/h3>\n\n\n\n<p>La Luiss Business School offre diverse opzioni di agevolazioni finanziarie per l\u2019iscrizione ai programmi executive:<\/p>\n\n\n\n<ul class=\"wp-block-list\">\n<li>I partecipanti che hanno gi\u00e0 frequentato a titolo personale un corso Luiss Business School e i laureati Luiss Guido Carli potranno usufruire di una riduzione delle rispettive quote d\u2019iscrizione pari al 10%<\/li>\n\n\n\n<li>Imprese, Istituzioni, Enti o Amministrazioni Pubbliche che perfezioneranno iscrizioni multiple per lo stesso percorso formativo potranno usufruire di una riduzione della quota d\u2019iscrizione pari al 10%<\/li>\n\n\n\n<li>Early bird 30 giorni. Per le richieste di iscrizione pervenute almeno 30 giorni prima della data di inizio del percorso formativo si applica una riduzione della quota di iscrizione pari al 5%<\/li>\n\n\n\n<li>Early bird 60 giorni. Per le richieste di iscrizione pervenute almeno 60 giorni prima della data di inizio del percorso formativo si applica una riduzione della quota di iscrizione pari al 10%<\/li>\n<\/ul>\n\n\n\n<p>Le riduzioni non sono cumulabili con altre riduzioni, sponsorship o borse di studio previste per il Programma.<\/p>\n","protected":false},"excerpt":{"rendered":"<p>Obiettivi Per un\u2019organizzazione \u00e8 di fondamentale importanza sapersi comunicare bene verso l\u2019esterno, puntando sulla visibilit\u00e0 e il coinvolgimento di potenziali [&hellip;]<\/p>\n","protected":false},"author":5,"featured_media":0,"parent":17461,"menu_order":0,"comment_status":"closed","ping_status":"closed","template":"corso.php","meta":{"_acf_changed":false,"footnotes":""},"categories":[15,61,62,16],"tags":[648,659,681,754,764,786],"docenti_teaching_area":[],"docenti_research_area":[],"tematiche":[97],"lingue":[616],"lunghezza_corsi":[620,641],"class_list":["post-75150","page","type-page","status-publish","hentry","category-corso","category-executive-program","category-executive-program-en","category-course","tag-__conf_ex_0001001001030000300000000-en","tag-__conf_ex_0001001100030000300000000-en","tag-__conf_ex_0001100001030000300000000-en","tag-__conf_ex_1000001001030000300000000-en","tag-__conf_ex_1000001100030000300000000-en","tag-__conf_ex_1000100001030000300000000-en","tematiche-communication-lobbying","lingue-it-en","lunghezza_corsi-short_course-en","lunghezza_corsi-seasonal-programme-en"],"acf":[],"aioseo_notices":[],"_links":{"self":[{"href":"https:\/\/businessschool.luiss.it\/en\/wp-json\/wp\/v2\/pages\/75150","targetHints":{"allow":["GET"]}}],"collection":[{"href":"https:\/\/businessschool.luiss.it\/en\/wp-json\/wp\/v2\/pages"}],"about":[{"href":"https:\/\/businessschool.luiss.it\/en\/wp-json\/wp\/v2\/types\/page"}],"author":[{"embeddable":true,"href":"https:\/\/businessschool.luiss.it\/en\/wp-json\/wp\/v2\/users\/5"}],"replies":[{"embeddable":true,"href":"https:\/\/businessschool.luiss.it\/en\/wp-json\/wp\/v2\/comments?post=75150"}],"version-history":[{"count":6,"href":"https:\/\/businessschool.luiss.it\/en\/wp-json\/wp\/v2\/pages\/75150\/revisions"}],"predecessor-version":[{"id":89294,"href":"https:\/\/businessschool.luiss.it\/en\/wp-json\/wp\/v2\/pages\/75150\/revisions\/89294"}],"up":[{"embeddable":true,"href":"https:\/\/businessschool.luiss.it\/en\/wp-json\/wp\/v2\/pages\/17461"}],"wp:attachment":[{"href":"https:\/\/businessschool.luiss.it\/en\/wp-json\/wp\/v2\/media?parent=75150"}],"wp:term":[{"taxonomy":"category","embeddable":true,"href":"https:\/\/businessschool.luiss.it\/en\/wp-json\/wp\/v2\/categories?post=75150"},{"taxonomy":"post_tag","embeddable":true,"href":"https:\/\/businessschool.luiss.it\/en\/wp-json\/wp\/v2\/tags?post=75150"},{"taxonomy":"docenti_teaching_area","embeddable":true,"href":"https:\/\/businessschool.luiss.it\/en\/wp-json\/wp\/v2\/docenti_teaching_area?post=75150"},{"taxonomy":"docenti_research_area","embeddable":true,"href":"https:\/\/businessschool.luiss.it\/en\/wp-json\/wp\/v2\/docenti_research_area?post=75150"},{"taxonomy":"tematiche","embeddable":true,"href":"https:\/\/businessschool.luiss.it\/en\/wp-json\/wp\/v2\/tematiche?post=75150"},{"taxonomy":"lingue","embeddable":true,"href":"https:\/\/businessschool.luiss.it\/en\/wp-json\/wp\/v2\/lingue?post=75150"},{"taxonomy":"lunghezza_corsi","embeddable":true,"href":"https:\/\/businessschool.luiss.it\/en\/wp-json\/wp\/v2\/lunghezza_corsi?post=75150"}],"curies":[{"name":"wp","href":"https:\/\/api.w.org\/{rel}","templated":true}]}}