{"id":92494,"date":"2025-08-01T12:41:32","date_gmt":"2025-08-01T12:41:32","guid":{"rendered":"https:\/\/businessschool.luiss.it\/alessandro-napolitano\/"},"modified":"2025-08-01T12:42:24","modified_gmt":"2025-08-01T12:42:24","slug":"alessandro-napolitano","status":"publish","type":"page","link":"https:\/\/businessschool.luiss.it\/en\/alessandro-napolitano\/","title":{"rendered":"Alessandro Napolitano"},"content":{"rendered":"\n<p>Alessandro Napolitano, Adjunct Faculty Member presso la Luiss Business School, \u00e8 un avvocato del Foro di Roma con una consolidata esperienza nella gestione degli affari legali, maturata in posizioni di crescente responsabilit\u00e0 in contesti nazionali e multinazionali diversificati.<\/p>\n\n\n\n<p>Nel corso della sua carriera ha gestito con successo complessi progetti di banking, restructuring e riorganizzazione aziendale, svolgendo parallelamente attivit\u00e0 di docenza in master e seminari presso universit\u00e0 italiane e straniere, con un focus particolare in tema di export credit, attivit\u00e0 finanziaria e white collar crimes. Gi\u00e0 Senior Banking Associate nello Studio Hogan Lovells e responsabile affari legali in Atradius Credit Insurance, Alessandro Napolitano ha maturato una vasta esperienza nel Gruppo SACE, dove \u00e8 stato responsabile in diversi periodi sia per la consulenza legale al business che per la gestione del contenzioso e della contrattualistica.<\/p>\n\n\n\n<p>Oltre a molteplici pubblicazioni di diritto bancario e finanziario, ha maturato ampie e diversificate competenze in materia di tutela concorsuale dei crediti e gestione della crisi di impresa, unitamente ad elevate capacit\u00e0 di public speaking e soft skills quali leadership, empatia e responsabilit\u00e0.<\/p>\n","protected":false},"excerpt":{"rendered":"<p>Alessandro Napolitano, Adjunct Faculty Member presso la Luiss Business School, \u00e8 un avvocato del Foro di Roma con una consolidata [&hellip;]<\/p>\n","protected":false},"author":5,"featured_media":92491,"parent":0,"menu_order":0,"comment_status":"closed","ping_status":"closed","template":"page-docente.php","meta":{"_acf_changed":false,"footnotes":""},"categories":[105],"tags":[],"docenti_teaching_area":[],"docenti_research_area":[],"tematiche":[],"lingue":[],"lunghezza_corsi":[],"class_list":["post-92494","page","type-page","status-publish","has-post-thumbnail","hentry","category-adjunct"],"acf":[],"aioseo_notices":[],"_links":{"self":[{"href":"https:\/\/businessschool.luiss.it\/en\/wp-json\/wp\/v2\/pages\/92494","targetHints":{"allow":["GET"]}}],"collection":[{"href":"https:\/\/businessschool.luiss.it\/en\/wp-json\/wp\/v2\/pages"}],"about":[{"href":"https:\/\/businessschool.luiss.it\/en\/wp-json\/wp\/v2\/types\/page"}],"author":[{"embeddable":true,"href":"https:\/\/businessschool.luiss.it\/en\/wp-json\/wp\/v2\/users\/5"}],"replies":[{"embeddable":true,"href":"https:\/\/businessschool.luiss.it\/en\/wp-json\/wp\/v2\/comments?post=92494"}],"version-history":[{"count":1,"href":"https:\/\/businessschool.luiss.it\/en\/wp-json\/wp\/v2\/pages\/92494\/revisions"}],"predecessor-version":[{"id":92495,"href":"https:\/\/businessschool.luiss.it\/en\/wp-json\/wp\/v2\/pages\/92494\/revisions\/92495"}],"wp:featuredmedia":[{"embeddable":true,"href":"https:\/\/businessschool.luiss.it\/en\/wp-json\/wp\/v2\/media\/92491"}],"wp:attachment":[{"href":"https:\/\/businessschool.luiss.it\/en\/wp-json\/wp\/v2\/media?parent=92494"}],"wp:term":[{"taxonomy":"category","embeddable":true,"href":"https:\/\/businessschool.luiss.it\/en\/wp-json\/wp\/v2\/categories?post=92494"},{"taxonomy":"post_tag","embeddable":true,"href":"https:\/\/businessschool.luiss.it\/en\/wp-json\/wp\/v2\/tags?post=92494"},{"taxonomy":"docenti_teaching_area","embeddable":true,"href":"https:\/\/businessschool.luiss.it\/en\/wp-json\/wp\/v2\/docenti_teaching_area?post=92494"},{"taxonomy":"docenti_research_area","embeddable":true,"href":"https:\/\/businessschool.luiss.it\/en\/wp-json\/wp\/v2\/docenti_research_area?post=92494"},{"taxonomy":"tematiche","embeddable":true,"href":"https:\/\/businessschool.luiss.it\/en\/wp-json\/wp\/v2\/tematiche?post=92494"},{"taxonomy":"lingue","embeddable":true,"href":"https:\/\/businessschool.luiss.it\/en\/wp-json\/wp\/v2\/lingue?post=92494"},{"taxonomy":"lunghezza_corsi","embeddable":true,"href":"https:\/\/businessschool.luiss.it\/en\/wp-json\/wp\/v2\/lunghezza_corsi?post=92494"}],"curies":[{"name":"wp","href":"https:\/\/api.w.org\/{rel}","templated":true}]}}