{"id":96870,"date":"2026-05-06T09:04:41","date_gmt":"2026-05-06T09:04:41","guid":{"rendered":"https:\/\/businessschool.luiss.it\/?page_id=96870"},"modified":"2026-05-06T09:04:42","modified_gmt":"2026-05-06T09:04:42","slug":"blerina-sinaimeri","status":"publish","type":"page","link":"https:\/\/businessschool.luiss.it\/en\/faculty-research\/faculty\/teachers\/blerina-sinaimeri\/","title":{"rendered":"Blerina Sinaimeri"},"content":{"rendered":"\n<p>I am \u00a0an Associate Professor of Computer Science at Luiss Guido Carli University. Before joining Luiss, I was a permanent researcher (Charge\u00e8 de rechercher) at the \u00a0French National Institute for Research in Digital Science and Technology (INRIA). \u00a0I got my Ph.D. in Computer Science at Sapienza University of Rome in 2010. \u00a0My research interests lie mostly in algorithmic and computational aspects of graph theory. This includes applications \u00a0in areas as wide ranging as computational biology and social sciences. Within this framework I study the reciprocal evolution of interacting systems. \u00a0My papers have appeared in journals such as Algorithmica, \u00a0Theoretical Computer Science, Bioinformatics, IEEE\/ACM Transactions on Computational Biology and Bioinformatics.\u00a0<\/p>\n\n\n\n<p>During my career I have taught a number of courses including: Network Algorithms, Advanced Algorithms, Programming, Discrete Mathematics, Algorithms and Data Structures, Combinatorics. &nbsp;I have taught both at the undergraduate (bachelor) and graduate (master) level both in Italy and in France &nbsp;Universit_\u00e9 Lyon 1, _\u00c9cole Normale Sup_\u00e9rieure de Lyon (ENS), Institut National des Sciences Appliqu\u00e9es de Lyon (INSA)).&nbsp;<\/p>\n\n\n\n<p>I am also very interested in public dissemination of science and I have been involved in a range of educational activities for different audiences.&nbsp;<\/p>\n","protected":false},"excerpt":{"rendered":"<p>I am \u00a0an Associate Professor of Computer Science at Luiss Guido Carli University. Before joining Luiss, I was a permanent [&hellip;]<\/p>\n","protected":false},"author":5,"featured_media":96874,"parent":2356,"menu_order":0,"comment_status":"closed","ping_status":"closed","template":"page-docente.php","meta":{"_acf_changed":false,"footnotes":""},"categories":[51],"tags":[],"docenti_teaching_area":[],"docenti_research_area":[],"tematiche":[],"lingue":[617],"lunghezza_corsi":[],"class_list":["post-96870","page","type-page","status-publish","has-post-thumbnail","hentry","category-docenti-en","lingue-en-en"],"acf":[],"aioseo_notices":[],"_links":{"self":[{"href":"https:\/\/businessschool.luiss.it\/en\/wp-json\/wp\/v2\/pages\/96870","targetHints":{"allow":["GET"]}}],"collection":[{"href":"https:\/\/businessschool.luiss.it\/en\/wp-json\/wp\/v2\/pages"}],"about":[{"href":"https:\/\/businessschool.luiss.it\/en\/wp-json\/wp\/v2\/types\/page"}],"author":[{"embeddable":true,"href":"https:\/\/businessschool.luiss.it\/en\/wp-json\/wp\/v2\/users\/5"}],"replies":[{"embeddable":true,"href":"https:\/\/businessschool.luiss.it\/en\/wp-json\/wp\/v2\/comments?post=96870"}],"version-history":[{"count":2,"href":"https:\/\/businessschool.luiss.it\/en\/wp-json\/wp\/v2\/pages\/96870\/revisions"}],"predecessor-version":[{"id":96877,"href":"https:\/\/businessschool.luiss.it\/en\/wp-json\/wp\/v2\/pages\/96870\/revisions\/96877"}],"up":[{"embeddable":true,"href":"https:\/\/businessschool.luiss.it\/en\/wp-json\/wp\/v2\/pages\/2356"}],"wp:featuredmedia":[{"embeddable":true,"href":"https:\/\/businessschool.luiss.it\/en\/wp-json\/wp\/v2\/media\/96874"}],"wp:attachment":[{"href":"https:\/\/businessschool.luiss.it\/en\/wp-json\/wp\/v2\/media?parent=96870"}],"wp:term":[{"taxonomy":"category","embeddable":true,"href":"https:\/\/businessschool.luiss.it\/en\/wp-json\/wp\/v2\/categories?post=96870"},{"taxonomy":"post_tag","embeddable":true,"href":"https:\/\/businessschool.luiss.it\/en\/wp-json\/wp\/v2\/tags?post=96870"},{"taxonomy":"docenti_teaching_area","embeddable":true,"href":"https:\/\/businessschool.luiss.it\/en\/wp-json\/wp\/v2\/docenti_teaching_area?post=96870"},{"taxonomy":"docenti_research_area","embeddable":true,"href":"https:\/\/businessschool.luiss.it\/en\/wp-json\/wp\/v2\/docenti_research_area?post=96870"},{"taxonomy":"tematiche","embeddable":true,"href":"https:\/\/businessschool.luiss.it\/en\/wp-json\/wp\/v2\/tematiche?post=96870"},{"taxonomy":"lingue","embeddable":true,"href":"https:\/\/businessschool.luiss.it\/en\/wp-json\/wp\/v2\/lingue?post=96870"},{"taxonomy":"lunghezza_corsi","embeddable":true,"href":"https:\/\/businessschool.luiss.it\/en\/wp-json\/wp\/v2\/lunghezza_corsi?post=96870"}],"curies":[{"name":"wp","href":"https:\/\/api.w.org\/{rel}","templated":true}]}}