{"id":2,"date":"2018-05-03T14:06:32","date_gmt":"2018-05-03T14:06:32","guid":{"rendered":"https:\/\/businessschool.luiss.it\/entrepreneurship\/?page_id=2"},"modified":"2025-05-28T13:16:45","modified_gmt":"2025-05-28T13:16:45","slug":"sample-page","status":"publish","type":"page","link":"https:\/\/businessschool.luiss.it\/entrepreneurship\/","title":{"rendered":"Overview"},"content":{"rendered":"\n<h3 class=\"wp-block-heading\">Obiettivi del Major in\u00a0<strong>Imprenditorialit\u00e0 e Start Up Management<\/strong><\/h3>\n\n\n\n<p>Il Major in\u00a0<strong>Imprenditorialit\u00e0 e Start Up Management<\/strong>, attraverso un mix di apprendimento, di esperienze sul campo e di potenziamento delle conoscenze, contribuisce allo sviluppo dello spirito imprenditoriale in giovani motivati.<\/p>\n\n\n\n<p>I partecipanti avranno la possibilit\u00e0 di trasformare le conoscenze apprese durante il Master, in iniziative concrete di start up imprenditoriale. La dinamicit\u00e0 e l\u2019incertezza tipiche del mondo delle start up obbliga gli imprenditori a trovare soluzioni creative ai problemi pi\u00f9 comuni che possono presentarsi in azienda.<\/p>\n\n\n\n<p>Prendere parte a un percorso altamente professionalizzante nell\u2019ambito dell\u2019entrepreneurship e delle start up sta assumendo un\u2019importanza sempre maggiore. Infatti, la rapida evoluzione tecnologica necessita di capacit\u00e0 gestionali specifiche per essere gestita. Inoltre, il venture capital \u00e8 diventato un meccanismo di finanziamento efficiente, riuscendo a dare vita alle idee ai i progetti pi\u00f9 innovativi.<\/p>\n\n\n\n<p>In particolare, al termine del Master, i partecipanti avranno imparato a:<\/p>\n\n\n\n<ul class=\"wp-block-list\">\n<li>sviluppare nuove idee imprenditoriali, dal concept design sino alla sua esecuzione;<\/li>\n\n\n\n<li>gestire le abilit\u00e0 di leadership<strong>&nbsp;<\/strong>e di<strong>&nbsp;<\/strong>decision making<strong>&nbsp;<\/strong>al fine di ottenere<strong>&nbsp;<\/strong>risultati sostenibili<strong>;<\/strong><\/li>\n\n\n\n<li>identificare le giuste opportunit\u00e0 di mercato per le nuove imprese e per quelle esistenti;<\/li>\n\n\n\n<li>valutare rischi e opportunit\u00e0 connessi alle nuove tecnologie, ia nuovi mercati e alle start up.<\/li>\n<\/ul>\n\n\n\n<h3 class=\"wp-block-heading\">CFU<\/h3>\n\n\n\n<p>Il Master in Entrepreneurship \u00e8 un Master Universitario di I livello che conferisce 65 Crediti Formativi Universitari (CFU).<\/p>\n\n\n\n<h3 class=\"wp-block-heading\">A chi \u00e8 rivolto il Major<\/h3>\n\n\n\n<p>Il Major in\u00a0<strong>Imprenditorialit\u00e0 e Start Up Management<\/strong> \u00e8 indirizzato a laureandi e neolaureati di I e II livello, o con ordinamento a ciclo unico.<\/p>\n\n\n\n<h3 class=\"wp-block-heading\">Prospettive di carriera<\/h3>\n\n\n\n<p>I partecipanti al Master in Entrepreneurship &amp; Start up avranno la possibilit\u00e0 di progettare la propria startup, o in alternativa partecipare al processo si selezione per l\u2019attivazione di un tirocinio curriculare.<\/p>\n\n\n\n<h3 class=\"wp-block-heading\">Direzione e Coordinamento<\/h3>\n\n\n\n<h4 class=\"wp-block-heading\"><strong>Direttore scientifico Major<\/strong><\/h4>\n\n\n\n<p><strong>Christian Lechner<\/strong>, Full Professor&nbsp;<em>Luiss University<\/em><\/p>\n","protected":false},"excerpt":{"rendered":"<p>Obiettivi del Major in\u00a0Imprenditorialit\u00e0 e Start Up Management Il Major in\u00a0Imprenditorialit\u00e0 e Start Up Management, attraverso un mix di apprendimento, [&hellip;]<\/p>\n","protected":false},"author":1,"featured_media":0,"parent":0,"menu_order":0,"comment_status":"closed","ping_status":"closed","template":"page-default.php","meta":{"_acf_changed":false,"footnotes":""},"categories":[],"tags":[],"docenti_teaching_area":[],"docenti_research_area":[],"tematiche":[],"lingue":[],"lunghezza_corsi":[],"class_list":["post-2","page","type-page","status-publish","hentry"],"acf":[],"aioseo_notices":[],"_links":{"self":[{"href":"https:\/\/businessschool.luiss.it\/entrepreneurship\/wp-json\/wp\/v2\/pages\/2","targetHints":{"allow":["GET"]}}],"collection":[{"href":"https:\/\/businessschool.luiss.it\/entrepreneurship\/wp-json\/wp\/v2\/pages"}],"about":[{"href":"https:\/\/businessschool.luiss.it\/entrepreneurship\/wp-json\/wp\/v2\/types\/page"}],"author":[{"embeddable":true,"href":"https:\/\/businessschool.luiss.it\/entrepreneurship\/wp-json\/wp\/v2\/users\/1"}],"replies":[{"embeddable":true,"href":"https:\/\/businessschool.luiss.it\/entrepreneurship\/wp-json\/wp\/v2\/comments?post=2"}],"version-history":[{"count":6,"href":"https:\/\/businessschool.luiss.it\/entrepreneurship\/wp-json\/wp\/v2\/pages\/2\/revisions"}],"predecessor-version":[{"id":684,"href":"https:\/\/businessschool.luiss.it\/entrepreneurship\/wp-json\/wp\/v2\/pages\/2\/revisions\/684"}],"wp:attachment":[{"href":"https:\/\/businessschool.luiss.it\/entrepreneurship\/wp-json\/wp\/v2\/media?parent=2"}],"wp:term":[{"taxonomy":"category","embeddable":true,"href":"https:\/\/businessschool.luiss.it\/entrepreneurship\/wp-json\/wp\/v2\/categories?post=2"},{"taxonomy":"post_tag","embeddable":true,"href":"https:\/\/businessschool.luiss.it\/entrepreneurship\/wp-json\/wp\/v2\/tags?post=2"},{"taxonomy":"docenti_teaching_area","embeddable":true,"href":"https:\/\/businessschool.luiss.it\/entrepreneurship\/wp-json\/wp\/v2\/docenti_teaching_area?post=2"},{"taxonomy":"docenti_research_area","embeddable":true,"href":"https:\/\/businessschool.luiss.it\/entrepreneurship\/wp-json\/wp\/v2\/docenti_research_area?post=2"},{"taxonomy":"tematiche","embeddable":true,"href":"https:\/\/businessschool.luiss.it\/entrepreneurship\/wp-json\/wp\/v2\/tematiche?post=2"},{"taxonomy":"lingue","embeddable":true,"href":"https:\/\/businessschool.luiss.it\/entrepreneurship\/wp-json\/wp\/v2\/lingue?post=2"},{"taxonomy":"lunghezza_corsi","embeddable":true,"href":"https:\/\/businessschool.luiss.it\/entrepreneurship\/wp-json\/wp\/v2\/lunghezza_corsi?post=2"}],"curies":[{"name":"wp","href":"https:\/\/api.w.org\/{rel}","templated":true}]}}