{"id":307,"date":"2018-03-12T15:30:11","date_gmt":"2018-03-12T15:30:11","guid":{"rendered":"https:\/\/businessschool.luiss.it\/eref\/?page_id=307"},"modified":"2024-11-15T11:03:00","modified_gmt":"2024-11-15T11:03:00","slug":"come-iscriversi","status":"publish","type":"page","link":"https:\/\/businessschool.luiss.it\/eref\/come-iscriversi\/","title":{"rendered":"Come iscriversi"},"content":{"rendered":"\n<h3 class=\"wp-block-heading\">Ammissione e iscrizione<\/h3>\n\n\n\n<p>Per iscriversi all\u2019Executive Programme \u00e8 necessario superare il test di ammissione che valuta le capacit\u00e0, la motivazione e il potenziale dei candidati. Il test pu\u00f2 essere sostenuto in sede oppure da remoto.<\/p>\n\n\n\n<h3 class=\"wp-block-heading\">Requisiti<\/h3>\n\n\n\n<p>Sono requisiti fondamentali per partecipare all\u2019Executive Programme:<\/p>\n\n\n\n<ul class=\"wp-block-list\">\n<li>significativa esperienza di lavoro<\/li>\n\n\n\n<li>buona conoscenza della lingua inglese<\/li>\n\n\n\n<li>forte motivazione<\/li>\n<\/ul>\n\n\n\n<p><\/p>\n\n\n\n<h3 class=\"wp-block-heading\">Test di ammissione<\/h3>\n\n\n\n<p>Il test di ammissione \u00e8 composto da:<\/p>\n\n\n\n<ul class=\"wp-block-list\">\n<li><strong>test di lingua inglese<\/strong>: un test scritto con domande a risposta multipla (i candidati in possesso di un certificato TOEFL\/IELTS con elevato punteggio e in corso di validit\u00e0, possono essere esonerati dal test d\u2019inglese)<\/li>\n\n\n\n<li><strong>test di logica induttiva, numerica e deduttiva<\/strong>: un test scritto con domande a risposta multipla (i candidati in possesso di un certificato GMAT\/GRE con elevato punteggio e in corso di validit\u00e0, possono essere esonerati dal test di logica)<\/li>\n\n\n\n<li><strong>colloquio motivazionale <\/strong><\/li>\n<\/ul>\n\n\n\n<h3 class=\"wp-block-heading\">Cos\u2019\u00e8 lo strumento di valutazione SHL (test di logica)<\/h3>\n\n\n\n<p>Per il test di logica, la Luiss Business School si avvale della piattaforma SHL che supporta migliaia di organizzazioni in tutto il mondo per raggiungere determinate performance aziendali nel processo di valutazione, selezione e sviluppo delle risorse. Gli employer valutano quali comportamenti e abilit\u00e0 si richiedono per raggiungere una buona performance, e a questi ci si riferisce spesso in termini di competenze. Dal momento che il lavoro occupa da un quarto a un terzo del nostro tempo, \u00e8 importante che le nostre capacit\u00e0 e gli interessi siano coerenti con le esigenze del ruolo che andiamo a ricoprire. Chiunque, da un neolaureato a un manager, pu\u00f2 imbattersi in uno di questi test durante il processo di assunzione. Per questa ragione da Luiss Business School utilizza questa piattaforma nella selezione dei propri studenti.<\/p>\n\n\n\n<h3 class=\"wp-block-heading\">Documentazione richiesta<\/h3>\n\n\n\n<p>Per partecipare al test di ammissione \u00e8 necessario <a href=\"https:\/\/businessschool.luiss.it\/application\/?pid=P-000060\" title=\"\"><strong>compilare il form<\/strong><\/a> e sar\u00e0 richiesta&nbsp;la seguente documentazione:<\/p>\n\n\n\n<ul class=\"wp-block-list\">\n<li>copia del certificato di laurea o certificato di diploma*<\/li>\n\n\n\n<li>CV<\/li>\n\n\n\n<li>copia di un documento di identit\u00e0<\/li>\n\n\n\n<li>fototessera digitale<\/li>\n\n\n\n<li>ricevuta di versamento della quota di partecipazione alle selezioni pari a \u20ac 100 (non rimborsabile)<\/li>\n\n\n\n<li>eventuale Certificato TOEFL\/IELTS (opzionale)<\/li>\n\n\n\n<li>eventuale Certificato GMAT\/GRE (opzionale)<\/li>\n<\/ul>\n\n\n\n<p>*i candidati possono fornire un\u2019autocertificazione e inviare i documenti richiesti in un momento successivo.<\/p>\n\n\n\n<h3 class=\"wp-block-heading\">Pagamento della quota d\u2019accesso alle selezioni<\/h3>\n\n\n\n<p>Il pagamento della quota d\u2019accesso alle selezioni pu\u00f2 essere effettuato&nbsp;<strong>online<\/strong>&nbsp;contestualmente all\u2019application.<\/p>\n","protected":false},"excerpt":{"rendered":"<p>Ammissione e iscrizione Per iscriversi all\u2019Executive Programme \u00e8 necessario superare il test di ammissione che valuta le capacit\u00e0, la motivazione [&hellip;]<\/p>\n","protected":false},"author":5,"featured_media":0,"parent":0,"menu_order":0,"comment_status":"closed","ping_status":"closed","template":"page-default.php","meta":{"_acf_changed":false,"footnotes":""},"categories":[],"tags":[],"docenti_teaching_area":[],"docenti_research_area":[],"tematiche":[],"lingue":[],"lunghezza_corsi":[],"class_list":["post-307","page","type-page","status-publish","hentry"],"acf":[],"aioseo_notices":[],"_links":{"self":[{"href":"https:\/\/businessschool.luiss.it\/eref\/wp-json\/wp\/v2\/pages\/307","targetHints":{"allow":["GET"]}}],"collection":[{"href":"https:\/\/businessschool.luiss.it\/eref\/wp-json\/wp\/v2\/pages"}],"about":[{"href":"https:\/\/businessschool.luiss.it\/eref\/wp-json\/wp\/v2\/types\/page"}],"author":[{"embeddable":true,"href":"https:\/\/businessschool.luiss.it\/eref\/wp-json\/wp\/v2\/users\/5"}],"replies":[{"embeddable":true,"href":"https:\/\/businessschool.luiss.it\/eref\/wp-json\/wp\/v2\/comments?post=307"}],"version-history":[{"count":6,"href":"https:\/\/businessschool.luiss.it\/eref\/wp-json\/wp\/v2\/pages\/307\/revisions"}],"predecessor-version":[{"id":571,"href":"https:\/\/businessschool.luiss.it\/eref\/wp-json\/wp\/v2\/pages\/307\/revisions\/571"}],"wp:attachment":[{"href":"https:\/\/businessschool.luiss.it\/eref\/wp-json\/wp\/v2\/media?parent=307"}],"wp:term":[{"taxonomy":"category","embeddable":true,"href":"https:\/\/businessschool.luiss.it\/eref\/wp-json\/wp\/v2\/categories?post=307"},{"taxonomy":"post_tag","embeddable":true,"href":"https:\/\/businessschool.luiss.it\/eref\/wp-json\/wp\/v2\/tags?post=307"},{"taxonomy":"docenti_teaching_area","embeddable":true,"href":"https:\/\/businessschool.luiss.it\/eref\/wp-json\/wp\/v2\/docenti_teaching_area?post=307"},{"taxonomy":"docenti_research_area","embeddable":true,"href":"https:\/\/businessschool.luiss.it\/eref\/wp-json\/wp\/v2\/docenti_research_area?post=307"},{"taxonomy":"tematiche","embeddable":true,"href":"https:\/\/businessschool.luiss.it\/eref\/wp-json\/wp\/v2\/tematiche?post=307"},{"taxonomy":"lingue","embeddable":true,"href":"https:\/\/businessschool.luiss.it\/eref\/wp-json\/wp\/v2\/lingue?post=307"},{"taxonomy":"lunghezza_corsi","embeddable":true,"href":"https:\/\/businessschool.luiss.it\/eref\/wp-json\/wp\/v2\/lunghezza_corsi?post=307"}],"curies":[{"name":"wp","href":"https:\/\/api.w.org\/{rel}","templated":true}]}}