{"id":140,"date":"2024-03-26T15:38:30","date_gmt":"2024-03-26T14:38:30","guid":{"rendered":"https:\/\/businessschool.luiss.it\/executive-bid-proposal-management\/?page_id=140"},"modified":"2025-08-29T15:27:23","modified_gmt":"2025-08-29T13:27:23","slug":"partner","status":"publish","type":"page","link":"https:\/\/businessschool.luiss.it\/executive-bid-proposal-management\/partner\/","title":{"rendered":"Partner"},"content":{"rendered":"\n<figure class=\"wp-block-image size-full is-resized\"><a href=\"https:\/\/lutech.group\/\/it\"><img loading=\"lazy\" decoding=\"async\" width=\"800\" height=\"137\" src=\"https:\/\/businessschool.luiss.it\/executive-bid-proposal-management\/wp-content\/uploads\/sites\/271\/2024\/09\/Logo_Lutech.jpg\" alt=\"\" class=\"wp-image-157\" style=\"width:274px;height:auto\" srcset=\"https:\/\/businessschool.luiss.it\/executive-bid-proposal-management\/wp-content\/uploads\/sites\/271\/2024\/09\/Logo_Lutech.jpg 800w, https:\/\/businessschool.luiss.it\/executive-bid-proposal-management\/wp-content\/uploads\/sites\/271\/2024\/09\/Logo_Lutech-300x51.jpg 300w, https:\/\/businessschool.luiss.it\/executive-bid-proposal-management\/wp-content\/uploads\/sites\/271\/2024\/09\/Logo_Lutech-768x132.jpg 768w\" sizes=\"auto, (max-width: 800px) 100vw, 800px\" \/><\/a><\/figure>\n\n\n\n<p>Il <strong>Gruppo Lutech<\/strong>, leader in Italia e player europeo del digitale e dell\u2019AI, progetta, realizza e gestisce soluzioni per la trasformazione digitale, l\u2019innovazione e la crescita di aziende e Istituzioni, grazie ad una conoscenza approfondita dei processi specifici delle diverse industry.\u00a0<\/p>\n\n\n\n<p>Con 5.500 professionisti e ricavi per circa 850 milioni di euro, il Gruppo Lutech guida il cambiamento attraverso un percorso end-to-end in cui business consulting, execution e governance massimizzano i risultati delle aziende, per un\u2019offerta completa ed integrata.&nbsp;Per evolvere e trasformare \u00e8 necessario un nuovo modo di interagire e connettere persone, dati&nbsp;e&nbsp;tecnologie.<\/p>\n\n\n\n<p>Lutech espande e aggiorna la propria offerta di soluzioni e servizi, grazie ad acquisizioni strategiche e investimenti continui in persone, piattaforme e aree geografiche.<\/p>\n\n\n\n<p><\/p>\n\n\n\n<figure class=\"wp-block-image size-full is-resized\"><img loading=\"lazy\" decoding=\"async\" width=\"966\" height=\"330\" src=\"https:\/\/businessschool.luiss.it\/executive-bid-proposal-management\/wp-content\/uploads\/sites\/271\/2025\/08\/anitec-assiform-logo-1.png\" alt=\"\" class=\"wp-image-240\" style=\"width:354px;height:auto\" srcset=\"https:\/\/businessschool.luiss.it\/executive-bid-proposal-management\/wp-content\/uploads\/sites\/271\/2025\/08\/anitec-assiform-logo-1.png 966w, https:\/\/businessschool.luiss.it\/executive-bid-proposal-management\/wp-content\/uploads\/sites\/271\/2025\/08\/anitec-assiform-logo-1-300x102.png 300w, https:\/\/businessschool.luiss.it\/executive-bid-proposal-management\/wp-content\/uploads\/sites\/271\/2025\/08\/anitec-assiform-logo-1-768x262.png 768w\" sizes=\"auto, (max-width: 966px) 100vw, 966px\" \/><\/figure>\n\n\n\n<p><strong>Anitec-Assinform&nbsp;<\/strong>\u00e8 la principale associazione di settore delle imprese che operano in Italia nella produzione di software, sistemi e apparecchiature elettroniche e nella fornitura di soluzioni applicative e di reti, di servizi a valore aggiunto e contenuti connessi all\u2019uso dell<strong>\u2019ICT&nbsp;<\/strong>e allo sviluppo dell\u2019<strong>innovazione digitale<\/strong>.<\/p>\n\n\n\n<p><\/p>\n\n\n\n<figure class=\"wp-block-image size-full is-resized\"><img loading=\"lazy\" decoding=\"async\" width=\"700\" height=\"256\" src=\"https:\/\/businessschool.luiss.it\/executive-bid-proposal-management\/wp-content\/uploads\/sites\/271\/2025\/08\/aidi-logo.png\" alt=\"\" class=\"wp-image-237\" style=\"width:318px;height:auto\" srcset=\"https:\/\/businessschool.luiss.it\/executive-bid-proposal-management\/wp-content\/uploads\/sites\/271\/2025\/08\/aidi-logo.png 700w, https:\/\/businessschool.luiss.it\/executive-bid-proposal-management\/wp-content\/uploads\/sites\/271\/2025\/08\/aidi-logo-300x110.png 300w\" sizes=\"auto, (max-width: 700px) 100vw, 700px\" \/><\/figure>\n\n\n\n<p><\/p>\n\n\n\n<figure class=\"wp-block-image size-large is-resized\"><img loading=\"lazy\" decoding=\"async\" width=\"1024\" height=\"352\" src=\"https:\/\/businessschool.luiss.it\/executive-bid-proposal-management\/wp-content\/uploads\/sites\/271\/2025\/02\/Logo_esteso_blu-1024x352.png\" alt=\"\" class=\"wp-image-178\" style=\"width:287px;height:auto\" srcset=\"https:\/\/businessschool.luiss.it\/executive-bid-proposal-management\/wp-content\/uploads\/sites\/271\/2025\/02\/Logo_esteso_blu-1024x352.png 1024w, https:\/\/businessschool.luiss.it\/executive-bid-proposal-management\/wp-content\/uploads\/sites\/271\/2025\/02\/Logo_esteso_blu-300x103.png 300w, https:\/\/businessschool.luiss.it\/executive-bid-proposal-management\/wp-content\/uploads\/sites\/271\/2025\/02\/Logo_esteso_blu-768x264.png 768w, https:\/\/businessschool.luiss.it\/executive-bid-proposal-management\/wp-content\/uploads\/sites\/271\/2025\/02\/Logo_esteso_blu-1536x529.png 1536w, https:\/\/businessschool.luiss.it\/executive-bid-proposal-management\/wp-content\/uploads\/sites\/271\/2025\/02\/Logo_esteso_blu-2048x705.png 2048w\" sizes=\"auto, (max-width: 1024px) 100vw, 1024px\" \/><\/figure>\n\n\n\n<p><strong>ASSISTAL<\/strong> \u00e8 l\u2019Associazione imprenditoriale di categoria, nata nel 1946 e aderente a Confindustria, che rappresenta le imprese specializzate nella progettazione, fornitura, installazione, gestione e manutenzione di impianti tecnologici, fornitura di Servizi di Efficienza Energetica (ESCo) e Facility Management.<\/p>\n\n\n\n<p>Ad essa aderiscono circa 1200 imprese, con un fatturato medio annuo di circa 60 miliardi di euro, con circa 120.000 dipendenti; le imprese aderenti rappresentano oltre il 30% del mercato delle costruzioni e manutenzioni degli impianti tecnologici, nonch\u00e9 il 75% dell\u2019offerta di Facility Management (servizi integrati agli edifici ed alle infrastrutture) e il 90% della domanda pubblica di servizi energetici.<\/p>\n\n\n\n<p>Associazione metalmeccanica con delega sindacale, ASSISTAL \u00e8 firmataria del Contratto Collettivo Nazionale di Lavoro dell\u2019Industria Metalmeccanica e dell\u2019Installazione d\u2019Impianti.<\/p>\n\n\n\n<figure class=\"wp-block-image size-full is-resized\"><img loading=\"lazy\" decoding=\"async\" width=\"602\" height=\"210\" src=\"https:\/\/businessschool.luiss.it\/executive-bid-proposal-management\/wp-content\/uploads\/sites\/271\/2025\/03\/image.jpeg\" alt=\"ASSOCONSULT\" class=\"wp-image-188\" style=\"width:317px;height:auto\" srcset=\"https:\/\/businessschool.luiss.it\/executive-bid-proposal-management\/wp-content\/uploads\/sites\/271\/2025\/03\/image.jpeg 602w, https:\/\/businessschool.luiss.it\/executive-bid-proposal-management\/wp-content\/uploads\/sites\/271\/2025\/03\/image-300x105.jpeg 300w\" sizes=\"auto, (max-width: 602px) 100vw, 602px\" \/><\/figure>\n\n\n\n<p>Costituita nel 1997, <strong>Confindustria Assoconsult<\/strong> \u00e8 l&#8217;Associazione che rappresenta le imprese di Consulenza presenti in Italia.&nbsp;<\/p>\n\n\n\n<p>Un settore che oggi vale 6 MLD di euro di fatturato e occupa quasi cinquantamila addetti.&nbsp;<\/p>\n\n\n\n<p>Assoconsult, oltre ad essere socia diretta in Confindustria, aderisce a FEACO, la&nbsp;Federazione Europea delle Associazioni di Management Consulting&nbsp;e a ECSSA,&nbsp;la&nbsp;Federazione Europea delle Associazioni di Ricerca e Selezione.<\/p>\n\n\n\n<p>La mission \u00e8 dare valore alla Consulenza, supportando in modo visibile ed efficace le organizzazioni di tutti i comparti pubblici e privati per accrescere la capacit\u00e0 competitiva globale del sistema Italia, promuovendo il ruolo e l\u2019immagine dei consulenti.<\/p>\n\n\n\n<p>Il suo impegno \u00e8 diffondere in Italia la conoscenza delle migliori tecniche di management per accrescere efficienza e competitivit\u00e0 delle aziende e della Pubblica Amministrazione. Ci\u00f2 significa anche rafforzare e sviluppare internamente maggiore consapevolezza della professione e potenziarne costantemente la qualificazione.<\/p>\n\n\n\n<p>Per questo l\u2019Associazione \u00e8 attiva nel promuovere la qualit\u00e0 dell\u2019immagine e la difesa del ruolo delle imprese di consulenza.<\/p>\n","protected":false},"excerpt":{"rendered":"<p>Il Gruppo Lutech, leader in Italia e player europeo del digitale e dell\u2019AI, progetta, realizza e gestisce soluzioni per la [&hellip;]<\/p>\n","protected":false},"author":13,"featured_media":0,"parent":0,"menu_order":0,"comment_status":"closed","ping_status":"closed","template":"","meta":{"_acf_changed":false,"footnotes":""},"categories":[],"tags":[],"docenti_teaching_area":[],"docenti_research_area":[],"tematiche":[],"lingue":[],"lunghezza_corsi":[],"class_list":["post-140","page","type-page","status-publish","hentry"],"acf":[],"aioseo_notices":[],"_links":{"self":[{"href":"https:\/\/businessschool.luiss.it\/executive-bid-proposal-management\/wp-json\/wp\/v2\/pages\/140","targetHints":{"allow":["GET"]}}],"collection":[{"href":"https:\/\/businessschool.luiss.it\/executive-bid-proposal-management\/wp-json\/wp\/v2\/pages"}],"about":[{"href":"https:\/\/businessschool.luiss.it\/executive-bid-proposal-management\/wp-json\/wp\/v2\/types\/page"}],"author":[{"embeddable":true,"href":"https:\/\/businessschool.luiss.it\/executive-bid-proposal-management\/wp-json\/wp\/v2\/users\/13"}],"replies":[{"embeddable":true,"href":"https:\/\/businessschool.luiss.it\/executive-bid-proposal-management\/wp-json\/wp\/v2\/comments?post=140"}],"version-history":[{"count":6,"href":"https:\/\/businessschool.luiss.it\/executive-bid-proposal-management\/wp-json\/wp\/v2\/pages\/140\/revisions"}],"predecessor-version":[{"id":244,"href":"https:\/\/businessschool.luiss.it\/executive-bid-proposal-management\/wp-json\/wp\/v2\/pages\/140\/revisions\/244"}],"wp:attachment":[{"href":"https:\/\/businessschool.luiss.it\/executive-bid-proposal-management\/wp-json\/wp\/v2\/media?parent=140"}],"wp:term":[{"taxonomy":"category","embeddable":true,"href":"https:\/\/businessschool.luiss.it\/executive-bid-proposal-management\/wp-json\/wp\/v2\/categories?post=140"},{"taxonomy":"post_tag","embeddable":true,"href":"https:\/\/businessschool.luiss.it\/executive-bid-proposal-management\/wp-json\/wp\/v2\/tags?post=140"},{"taxonomy":"docenti_teaching_area","embeddable":true,"href":"https:\/\/businessschool.luiss.it\/executive-bid-proposal-management\/wp-json\/wp\/v2\/docenti_teaching_area?post=140"},{"taxonomy":"docenti_research_area","embeddable":true,"href":"https:\/\/businessschool.luiss.it\/executive-bid-proposal-management\/wp-json\/wp\/v2\/docenti_research_area?post=140"},{"taxonomy":"tematiche","embeddable":true,"href":"https:\/\/businessschool.luiss.it\/executive-bid-proposal-management\/wp-json\/wp\/v2\/tematiche?post=140"},{"taxonomy":"lingue","embeddable":true,"href":"https:\/\/businessschool.luiss.it\/executive-bid-proposal-management\/wp-json\/wp\/v2\/lingue?post=140"},{"taxonomy":"lunghezza_corsi","embeddable":true,"href":"https:\/\/businessschool.luiss.it\/executive-bid-proposal-management\/wp-json\/wp\/v2\/lunghezza_corsi?post=140"}],"curies":[{"name":"wp","href":"https:\/\/api.w.org\/{rel}","templated":true}]}}