{"id":17,"date":"2025-02-04T14:53:45","date_gmt":"2025-02-04T13:53:45","guid":{"rendered":"https:\/\/businessschool.luiss.it\/executive-financial-management-major-accounting-finance\/?page_id=17"},"modified":"2025-02-04T15:06:33","modified_gmt":"2025-02-04T14:06:33","slug":"come-iscriversi","status":"publish","type":"page","link":"https:\/\/businessschool.luiss.it\/executive-financial-management-major-accounting-finance\/come-iscriversi\/","title":{"rendered":"Come Iscriversi"},"content":{"rendered":"\n<h3 class=\"wp-block-heading\"><strong>Ammissione e iscrizione<\/strong><\/h3>\n\n\n\n<p>Per iscriversi all\u2019Executive Master \u00e8 necessario superare il test di ammissione che valuta le capacit\u00e0, la motivazione e il potenziale dei candidati. Il test pu\u00f2 essere sostenuto in sede oppure da remoto.<\/p>\n\n\n\n<h4 class=\"wp-block-heading\"><strong>Requisiti di ammissione<\/strong><\/h4>\n\n\n\n<ul class=\"wp-block-list\">\n<li>Laurea magistrale, magistrale a ciclo unico, vecchio ordinamento\u00a0<\/li>\n\n\n\n<li>Test di ammissione Luiss Business School<\/li>\n<\/ul>\n\n\n\n<h4 class=\"wp-block-heading\"><strong>Test di ammissione<\/strong><\/h4>\n\n\n\n<p>Il test di ammissione \u00e8 composto da:&nbsp;<\/p>\n\n\n\n<ul class=\"wp-block-list\">\n<li><strong>test di lingua inglese<\/strong>: un test scritto con domande a risposta multipla (i candidati in possesso di un certificato TOEFL\/IELTS con elevato punteggio e in corso di validit\u00e0, possono essere esonerati dal test d\u2019inglese)<\/li>\n\n\n\n<li><strong>test di logica induttiva, numerica e deduttiva<\/strong>: un test scritto con domande a risposta multipla (i candidati in possesso di un certificato GMAT\/GRE con elevato punteggio e in corso di validit\u00e0, possono essere esonerati dal test di logica)<\/li>\n\n\n\n<li>colloquio motivazionale\u00a0<\/li>\n<\/ul>\n\n\n\n<h4 class=\"wp-block-heading\"><strong>Esonero dal Test di Ammissione<\/strong><\/h4>\n\n\n\n<ul class=\"wp-block-list\">\n<li><strong>GMAT\/GRE per il Test di Logica<\/strong><\/li>\n<\/ul>\n\n\n\n<p>Non \u00e8 richiesto un punteggio minimo. Gli score GMAT e GRE dei candidati ammessi variano a seconda delle classi, tuttavia, \u00e8 insolito ammettere candidati con un punteggio complessivo inferiore a 550 per il GMAT e 145 per il GRE.<\/p>\n\n\n\n<ul class=\"wp-block-list\">\n<li><strong>IELTS\/TOEFL per il Test di lingua inglese<\/strong><\/li>\n<\/ul>\n\n\n\n<p>\u00c8 richiesto un punteggio minimo di 7.0 per l\u2019IELTS e 100 per il TOEFL che attesti il livello avanzato di conoscenza della lingua inglese.<\/p>\n\n\n\n<h3 class=\"wp-block-heading\"><strong>Documentazione richiesta<\/strong><\/h3>\n\n\n\n<p>Per partecipare al test di ammissione \u00e8 necessario\u00a0<a href=\"https:\/\/businessschool.luiss.it\/application\/?pid=P-100370\" title=\"\"><strong>compilare il form\u00a0<\/strong><\/a>e sar\u00e0 richiesta la seguente documentazione:<\/p>\n\n\n\n<ul class=\"wp-block-list\">\n<li>copia del certificato di laurea*<\/li>\n\n\n\n<li>CV<\/li>\n\n\n\n<li>copia di un documento di identit\u00e0<\/li>\n\n\n\n<li>fototessera digitale<\/li>\n\n\n\n<li>ricevuta di pagamento della quota di partecipazione alle selezioni pari a \u20ac 100 (non rimborsabile)<\/li>\n\n\n\n<li>eventuale Certificato TOEFL\/IELTS (opzionale)<\/li>\n\n\n\n<li>eventuale Certificato GMAT\/GRE (opzionale)<\/li>\n<\/ul>\n\n\n\n<p>I candidati con un&nbsp;<strong>titolo estero<\/strong>&nbsp;dovranno anche inviare la seguente documentazione aggiuntiva per la valutazione:<\/p>\n\n\n\n<ul class=\"wp-block-list\">\n<li>copia del certificato di laurea sia in lingua originale che in lingua inglese*<\/li>\n\n\n\n<li>transcript dei voti in lingua inglese<\/li>\n\n\n\n<li>diploma supplement (opzionale)<\/li>\n<\/ul>\n\n\n\n<p>* i candidati non ancora in possesso del certificato di laurea potranno fornire l\u2019autocertificazione utilizzando il format Luiss Business School disponibile&nbsp;<a href=\"https:\/\/businessschool.luiss.it\/wp-content\/uploads\/2021\/01\/Autocertificazione-2021.pdf\"><strong>QUI<\/strong><\/a>.<\/p>\n\n\n\n<h3 class=\"wp-block-heading\"><strong>Pagamento della quota d\u2019accesso alle selezioni<\/strong><\/h3>\n\n\n\n<p>Il pagamento della quota d\u2019accesso alle selezioni pu\u00f2 essere effettuato&nbsp;<strong>online<\/strong>&nbsp;contestualmente all\u2019application<strong>.<\/strong><\/p>\n\n\n\n<h3 class=\"wp-block-heading\"><strong>Titolo di studio conseguito all\u2019estero<\/strong><\/h3>\n\n\n\n<p>I titoli di studio conseguiti all\u2019estero dovranno essere valutati dall\u2019Admission Office per l\u2019ammissibilit\u00e0 al percorso accademico.<\/p>\n\n\n\n<p>A tale proposito, si ricorda che:<\/p>\n\n\n\n<ul class=\"wp-block-list\">\n<li>i\u00a0<em>Master Universitari di I livello<\/em>\u00a0sono corsi di 2\u02da ciclo di perfezionamento e il titolo di accesso \u00e8 una Laurea, una Laurea del vecchio ordinamento o un titolo estero comparabile;<\/li>\n\n\n\n<li>i\u00a0<em>Master Universitari di II livello\u00a0<\/em>sono corsi di 3\u00b0 ciclo di perfezionamento e il titolo di accesso \u00e8 una Laurea Magistrale, una Laurea del vecchio ordinamento o un titolo estero comparabile.<\/li>\n<\/ul>\n\n\n\n<p>L\u2019idoneit\u00e0 del titolo d\u2019accesso al Master Universitario \u00e8 valutata in autonomia dall\u2019Istituzione che riceve la richiesta di riconoscimento del titolo estero, in applicazione degli Artt. 2 e 3 della Legge 148\/02, stabilendo i criteri di valutazione e i documenti necessari all\u2019ammissione al percorso accademico.<\/p>\n\n\n\n<p>Ai candidati con titolo di accesso estero, viene richiesto di presentare in fase di ammissione i seguenti documenti:<\/p>\n\n\n\n<ul class=\"wp-block-list\">\n<li><em>Diploma<\/em>\u00a0(in lingua originale e in inglese)<\/li>\n\n\n\n<li><em>Transcript dei voti<\/em>\u00a0(in inglese)<\/li>\n\n\n\n<li><em>Autocertificazione\u00a0<\/em>(disponibile<a href=\"https:\/\/businessschool.luiss.it\/wp-content\/uploads\/2021\/05\/LUISS-Autocertificazione.pdf\"><strong>\u00a0qui<\/strong><\/a>)<\/li>\n\n\n\n<li><em>Diploma supplement<\/em>\u00a0(se disponibile, fortemente consigliato)<\/li>\n<\/ul>\n\n\n\n<p>La Luiss Business School si riserva la possibilit\u00e0 di chiedere documentazione aggiuntiva se necessario.<\/p>\n\n\n\n<p>Ai candidati con titolo estero che avranno superato con successo i test di ammissione, verr\u00e0 richiesto di presentare l\u2019Attestato di Comparabilit\u00e0 prodotto dal CIMEA, centro NARIC per il riconoscimento dei titoli stranieri.<\/p>\n\n\n\n<p>CIMEA \u00e8 un servizio esterno e i tempi di consegna possono variare. Nell\u2019attesa di ricevere tale documento, il candidato potr\u00e0 finalizzare l\u2019iscrizione e riservare il proprio posto in aula dimostrando di aver iniziato la procedura tramite il CIMEA. L\u2019iscrizione sar\u00e0 intesa \u201ccon riserva\u201d fino alla ricezione e alla valutazione di tale documento da parte dell\u2019Admission Office.<\/p>\n\n\n\n<p>Il servizio CIMEA \u00e8 fruibile attraverso il portale DiploMe dedicato ai candidati e agli studenti della Luiss, accessibile al seguente&nbsp;<a href=\"https:\/\/cimea.diplo-me.eu\/luiss\/#\/auth\/login\"><strong>link<\/strong><\/a>.<\/p>\n","protected":false},"excerpt":{"rendered":"<p>Ammissione e iscrizione Per iscriversi all\u2019Executive Master \u00e8 necessario superare il test di ammissione che valuta le capacit\u00e0, la motivazione [&hellip;]<\/p>\n","protected":false},"author":5,"featured_media":0,"parent":0,"menu_order":0,"comment_status":"closed","ping_status":"closed","template":"","meta":{"_acf_changed":false,"footnotes":""},"categories":[],"tags":[],"docenti_teaching_area":[],"docenti_research_area":[],"tematiche":[],"lingue":[],"lunghezza_corsi":[],"class_list":["post-17","page","type-page","status-publish","hentry"],"acf":[],"aioseo_notices":[],"_links":{"self":[{"href":"https:\/\/businessschool.luiss.it\/executive-financial-management-major-accounting-finance\/wp-json\/wp\/v2\/pages\/17","targetHints":{"allow":["GET"]}}],"collection":[{"href":"https:\/\/businessschool.luiss.it\/executive-financial-management-major-accounting-finance\/wp-json\/wp\/v2\/pages"}],"about":[{"href":"https:\/\/businessschool.luiss.it\/executive-financial-management-major-accounting-finance\/wp-json\/wp\/v2\/types\/page"}],"author":[{"embeddable":true,"href":"https:\/\/businessschool.luiss.it\/executive-financial-management-major-accounting-finance\/wp-json\/wp\/v2\/users\/5"}],"replies":[{"embeddable":true,"href":"https:\/\/businessschool.luiss.it\/executive-financial-management-major-accounting-finance\/wp-json\/wp\/v2\/comments?post=17"}],"version-history":[{"count":2,"href":"https:\/\/businessschool.luiss.it\/executive-financial-management-major-accounting-finance\/wp-json\/wp\/v2\/pages\/17\/revisions"}],"predecessor-version":[{"id":68,"href":"https:\/\/businessschool.luiss.it\/executive-financial-management-major-accounting-finance\/wp-json\/wp\/v2\/pages\/17\/revisions\/68"}],"wp:attachment":[{"href":"https:\/\/businessschool.luiss.it\/executive-financial-management-major-accounting-finance\/wp-json\/wp\/v2\/media?parent=17"}],"wp:term":[{"taxonomy":"category","embeddable":true,"href":"https:\/\/businessschool.luiss.it\/executive-financial-management-major-accounting-finance\/wp-json\/wp\/v2\/categories?post=17"},{"taxonomy":"post_tag","embeddable":true,"href":"https:\/\/businessschool.luiss.it\/executive-financial-management-major-accounting-finance\/wp-json\/wp\/v2\/tags?post=17"},{"taxonomy":"docenti_teaching_area","embeddable":true,"href":"https:\/\/businessschool.luiss.it\/executive-financial-management-major-accounting-finance\/wp-json\/wp\/v2\/docenti_teaching_area?post=17"},{"taxonomy":"docenti_research_area","embeddable":true,"href":"https:\/\/businessschool.luiss.it\/executive-financial-management-major-accounting-finance\/wp-json\/wp\/v2\/docenti_research_area?post=17"},{"taxonomy":"tematiche","embeddable":true,"href":"https:\/\/businessschool.luiss.it\/executive-financial-management-major-accounting-finance\/wp-json\/wp\/v2\/tematiche?post=17"},{"taxonomy":"lingue","embeddable":true,"href":"https:\/\/businessschool.luiss.it\/executive-financial-management-major-accounting-finance\/wp-json\/wp\/v2\/lingue?post=17"},{"taxonomy":"lunghezza_corsi","embeddable":true,"href":"https:\/\/businessschool.luiss.it\/executive-financial-management-major-accounting-finance\/wp-json\/wp\/v2\/lunghezza_corsi?post=17"}],"curies":[{"name":"wp","href":"https:\/\/api.w.org\/{rel}","templated":true}]}}