{"id":6,"date":"2025-02-04T14:51:41","date_gmt":"2025-02-04T13:51:41","guid":{"rendered":"https:\/\/businessschool.luiss.it\/executive-financial-management-major-accounting-finance\/?page_id=6"},"modified":"2025-05-08T16:00:36","modified_gmt":"2025-05-08T14:00:36","slug":"overview","status":"publish","type":"page","link":"https:\/\/businessschool.luiss.it\/executive-financial-management-major-accounting-finance\/","title":{"rendered":"Overview"},"content":{"rendered":"\n<p>Il Master in Financial management \u2013 Major in Accounting &amp; Finance \u00e8 un percorso altamente formativo e specializzante offerto dalla Luiss Business School per fornire strumenti e conoscenze per capire, gestire e sfruttare la complessit\u00e0 dello scenario competitivo.<\/p>\n\n\n\n<p>L\u2019obiettivo principale del programma \u00e8 fornire ai partecipanti riferimenti teorici e metodologie applicative, avanzate ed innovative, per affrontare le decisioni concernenti il reperimento delle risorse finanziarie e il loro impiego nelle attivit\u00e0 aziendali con ambito applicativo anche della filiera Real Estate e nel settore Assicurativo.<\/p>\n\n\n\n<p>Attraverso un approccio didattico innovativo e multidisciplinare, il programma si propone di formare figure in grado di assumere ruoli di direzione nell\u2019ambito dei dipartimenti Finance sia di aziende di grandi dimensioni che PMI e rafforzare e consolidare le conoscenze in ambito finanziario dei professionisti in studi professionali e in realt\u00e0 della consulenza aziendale, nonch\u00e9 di chi vuole intraprendere percorsi di sviluppo professionale nella gestione di transazioni finanziarie complesse nell\u2019ambito del Capital Market, del M&amp;A e del Private Equity.<\/p>\n\n\n\n<p>Sostenere la crescita e la trasformazione dei partner aziendali e istituzionali, formando talenti in grado di affrontare le sfide emergenti nel mercato del lavoro. Questo approccio all\u2019analisi delle decisioni concernenti il reperimento delle risorse finanziarie e il loro impiego nelle attivit\u00e0 aziendali \u00e8 unico se analizzato attraverso varie prospettive quali: quella imprenditoriale combinata con la risoluzione dei problemi; quella del pensiero critico; quella della sostenibilit\u00e0, non solo finanziaria, ma legata all&#8217;impatto sociale e della diversit\u00e0; infine quella delle opportunit\u00e0 offerte dalle tecnologie digitali in grado di rivoluzionare le transazioni finanziarie.<\/p>\n\n\n\n<p>La ricchezza del processo di apprendimento \u00e8 garantita dalla combinazione di attivit\u00e0 didattiche in aula, incontri con leader e top manager, laboratori, Coaching individuale e incontri di Career Advisory.<\/p>\n\n\n\n<p>Il programma \u00e8 un Master Universitario di II livello che consente di ottenere fino a 60 CFU e viene erogato in formula part-time nel fine settimana. Offre inoltre agli studenti migliori e pi\u00f9 motivati l&#8217;opportunit\u00e0 di studiare all&#8217;estero presso le istituzioni partner della Luiss Business School.<\/p>\n\n\n\n<h3 class=\"wp-block-heading\"><strong>Obiettivi del Major in Accounting &amp; Finance<\/strong><\/h3>\n\n\n\n<p>Il Master permetter\u00e0 al partecipante di migliorare le sue capacit\u00e0 di acquisire:<\/p>\n\n\n\n<ul class=\"wp-block-list\">\n<li>gli strumenti che consentiranno loro di porsi come protagonisti in un mercato nuovo rispetto alla situazione pre-crisi;<\/li>\n\n\n\n<li>gli strumenti operativi per governare la crescente complessit\u00e0 dell\u2019ambiente competitivo: da quelli tecnico-manageriali a quelli economico-finanziari<\/li>\n\n\n\n<li>i riferimenti teorici e le metodologie applicative, avanzate ed innovative, per affrontare le decisioni concernenti il reperimento delle risorse finanziarie e il loro impiego nelle attivit\u00e0 aziendali<\/li>\n\n\n\n<li>una visione complessiva di come gestire i fabbisogni finanziari e le politiche di crescita delle aziende attingendo da molteplici strumenti disponibili nel sistema creditizio e dei mercati finanziari<\/li>\n<\/ul>\n\n\n\n<h3 class=\"wp-block-heading\"><strong>A chi \u00e8 rivolto<\/strong><\/h3>\n\n\n\n<p>Il Master \u00e8 rivolto a Professionisti con esperienza nell\u2019ambito della gestione amministrativa e finanziaria aziendale. Professionisti in ambito di studi professionali, societ\u00e0 di consulenza, studi legali e societ\u00e0 di investimento.<\/p>\n\n\n\n<p>Il Master risponde a esigenze professionali di diversa natura e facilita il raggiungimento di importanti progressi nel proprio percorso di carriera di:<\/p>\n\n\n\n<ul class=\"wp-block-list\">\n<li>Professionisti inseriti nell\u2019Area Amministrazione Finanza e Controllo di aziende che sentono la necessit\u00e0 di arricchire, aggiornare e sistematizzare organicamente le proprie competenze<\/li>\n\n\n\n<li>Dipendenti ad alto potenziale della funzione Corporate Finance di una grande azienda<\/li>\n\n\n\n<li>Imprenditori e dirigenti di piccole o medie aziende<\/li>\n\n\n\n<li>Commercialisti e consulenti<\/li>\n\n\n\n<li>Figure professionali che a vario titolo intendono acquisire una visione complessiva e competenze professionali multidisciplinari in ambito Real Estate<\/li>\n\n\n\n<li>Figure professionali che intendono acquisire una visione complessiva e competenze professionali in ambito Assicurativo<\/li>\n\n\n\n<li>Figure professionali nell\u2019ambito dell\u2019advisory finanziaria e del capital market<\/li>\n<\/ul>\n\n\n\n<h3 class=\"wp-block-heading\"><strong>Sono requisiti fondamentali<\/strong>:<\/h3>\n\n\n\n<ul class=\"wp-block-list\">\n<li>laurea magistrale, magistrale a ciclo unico o vecchio ordinamento*<\/li>\n\n\n\n<li>significativa esperienza lavorativa (non necessariamente nell\u2019area di indirizzo)<\/li>\n\n\n\n<li>buona conoscenza della lingua inglese<\/li>\n\n\n\n<li>forte motivazione<\/li>\n<\/ul>\n\n\n\n<p>*Coloro che, pur non essendo in possesso di un diploma di laurea, sono comunque interessati ad approfondire le tematiche oggetto del Master, potranno frequentare l\u2019intero programma o parti di esso (singolo modulo o combinazione di moduli). In questo caso non sar\u00e0 rilasciato il diploma di Master, n\u00e9 i CFU ad esso connessi ma un attestato di partecipazione. Per maggiori informazioni sulle modalit\u00e0 di adesione:&nbsp;<a href=\"mailto:executive@luissbusinessschool.it\">executive@luissbusinessschool.it<\/a>.<\/p>\n\n\n\n<h3 class=\"wp-block-heading\"><strong>Diploma e CFU<\/strong><\/h3>\n\n\n\n<p>L\u2019Executive Master in Financial Management \u2013 Major in Accounting &amp; Finance \u00e8 un master universitario di II livello. Al termine del percorso i partecipanti riceveranno il Diploma di Master e verranno rilasciati&nbsp;<strong>60 Crediti Formativi Universitari<\/strong>&nbsp;(CFU).<\/p>\n\n\n\n<p>Per ottenere il Diploma e i CFU sar\u00e0 necessario frequentare almeno l\u201980% delle attivit\u00e0 di formazione, superare le verifiche periodiche e la valutazione della prova finale.<\/p>\n\n\n\n<h3 class=\"wp-block-heading\"><strong>ANDAF<\/strong><\/h3>\n\n\n\n<p>I partecipanti interessati potranno usufruire di tariffe agevolate per il sostenimento dell\u2019esame di certificazione, pari a quella riconosciuta al socio ANDAF (fatti salvi i criteri di ammissione alla certificazione stessa) e per il primo anno di iscrizione ad ANDAF.<\/p>\n","protected":false},"excerpt":{"rendered":"<p>Il Master in Financial management \u2013 Major in Accounting &amp; Finance \u00e8 un percorso altamente formativo e specializzante offerto dalla [&hellip;]<\/p>\n","protected":false},"author":5,"featured_media":0,"parent":0,"menu_order":0,"comment_status":"closed","ping_status":"closed","template":"","meta":{"_acf_changed":false,"footnotes":""},"categories":[],"tags":[],"docenti_teaching_area":[],"docenti_research_area":[],"tematiche":[],"lingue":[],"lunghezza_corsi":[],"class_list":["post-6","page","type-page","status-publish","hentry"],"acf":[],"aioseo_notices":[],"_links":{"self":[{"href":"https:\/\/businessschool.luiss.it\/executive-financial-management-major-accounting-finance\/wp-json\/wp\/v2\/pages\/6","targetHints":{"allow":["GET"]}}],"collection":[{"href":"https:\/\/businessschool.luiss.it\/executive-financial-management-major-accounting-finance\/wp-json\/wp\/v2\/pages"}],"about":[{"href":"https:\/\/businessschool.luiss.it\/executive-financial-management-major-accounting-finance\/wp-json\/wp\/v2\/types\/page"}],"author":[{"embeddable":true,"href":"https:\/\/businessschool.luiss.it\/executive-financial-management-major-accounting-finance\/wp-json\/wp\/v2\/users\/5"}],"replies":[{"embeddable":true,"href":"https:\/\/businessschool.luiss.it\/executive-financial-management-major-accounting-finance\/wp-json\/wp\/v2\/comments?post=6"}],"version-history":[{"count":3,"href":"https:\/\/businessschool.luiss.it\/executive-financial-management-major-accounting-finance\/wp-json\/wp\/v2\/pages\/6\/revisions"}],"predecessor-version":[{"id":78,"href":"https:\/\/businessschool.luiss.it\/executive-financial-management-major-accounting-finance\/wp-json\/wp\/v2\/pages\/6\/revisions\/78"}],"wp:attachment":[{"href":"https:\/\/businessschool.luiss.it\/executive-financial-management-major-accounting-finance\/wp-json\/wp\/v2\/media?parent=6"}],"wp:term":[{"taxonomy":"category","embeddable":true,"href":"https:\/\/businessschool.luiss.it\/executive-financial-management-major-accounting-finance\/wp-json\/wp\/v2\/categories?post=6"},{"taxonomy":"post_tag","embeddable":true,"href":"https:\/\/businessschool.luiss.it\/executive-financial-management-major-accounting-finance\/wp-json\/wp\/v2\/tags?post=6"},{"taxonomy":"docenti_teaching_area","embeddable":true,"href":"https:\/\/businessschool.luiss.it\/executive-financial-management-major-accounting-finance\/wp-json\/wp\/v2\/docenti_teaching_area?post=6"},{"taxonomy":"docenti_research_area","embeddable":true,"href":"https:\/\/businessschool.luiss.it\/executive-financial-management-major-accounting-finance\/wp-json\/wp\/v2\/docenti_research_area?post=6"},{"taxonomy":"tematiche","embeddable":true,"href":"https:\/\/businessschool.luiss.it\/executive-financial-management-major-accounting-finance\/wp-json\/wp\/v2\/tematiche?post=6"},{"taxonomy":"lingue","embeddable":true,"href":"https:\/\/businessschool.luiss.it\/executive-financial-management-major-accounting-finance\/wp-json\/wp\/v2\/lingue?post=6"},{"taxonomy":"lunghezza_corsi","embeddable":true,"href":"https:\/\/businessschool.luiss.it\/executive-financial-management-major-accounting-finance\/wp-json\/wp\/v2\/lunghezza_corsi?post=6"}],"curies":[{"name":"wp","href":"https:\/\/api.w.org\/{rel}","templated":true}]}}