{"id":6,"date":"2021-01-26T16:43:18","date_gmt":"2021-01-26T15:43:18","guid":{"rendered":"https:\/\/businessschool.luiss.it\/executive-hotel-management\/curriculum\/"},"modified":"2022-09-14T11:43:38","modified_gmt":"2022-09-14T09:43:38","slug":"curriculum","status":"publish","type":"page","link":"https:\/\/businessschool.luiss.it\/executive-hotel-management\/curriculum\/","title":{"rendered":"Curriculum"},"content":{"rendered":"\n<p><strong><span lang=\"EN-US\">Modulo 1:<\/span><\/strong><span lang=\"EN-US\">&nbsp;Hotel Strategic Plan<br><\/span><strong><span lang=\"EN-US\">Modulo 2:<\/span><\/strong><span lang=\"EN-US\">&nbsp;Hotel Operation Management<br><\/span><strong>Modulo 3:<\/strong>&nbsp;Contabilit\u00e0 e Controllo di Gestione delle Imprese Alberghiere<br><strong><span lang=\"EN-US\">Modulo 4:<\/span><\/strong><span lang=\"EN-US\">&nbsp;HR &amp; Leadership<br><\/span><strong><span lang=\"EN-US\">Modulo 5:<\/span><\/strong><span lang=\"EN-US\">&nbsp;Hotel Marketing, Sales &amp; Revenue Management<br><\/span><strong>Modulo 6:<\/strong>&nbsp;Asset management e Sviluppo Sostenibile<\/p>\n\n\n\n<h3 class=\"wp-block-heading\">Calendario e sedi<\/h3>\n\n\n\n<p><strong>Roma<\/strong><\/p>\n\n\n\n<p>Le lezioni si terranno il marted\u00ec, mercoled\u00ec e gioved\u00ec dalle ore 09:30 alle 17:30 presso la Luiss Business School \u2013 Villa Blanc, Via Nomentana 216, 00162 Roma.<\/p>\n\n\n\n<p><strong>Milano <\/strong><\/p>\n\n\n\n<p>Le lezioni si terranno il marted\u00ec, mercoled\u00ec e gioved\u00ec dalle ore 09:30 alle 17:30 presso il Milano Luiss Hub, Via Massimo D\u2019Azeglio 3, 20154, Milano.<\/p>\n\n\n\n<p><strong>Belluno <\/strong><\/p>\n\n\n\n<p>Le lezioni si terranno il marted\u00ec, mercoled\u00ec e gioved\u00ec dalle ore 09:30 alle 17:30 presso il Luiss Hub Veneto delle Dolomiti \u2013 Palazzo Bembo, Via Loreto 34, 32100, Belluno. Tutte le lezioni verranno erogate in distance learning in collegamento con la sede Luiss di Villa Blanc.<\/p>\n\n\n\n<p>Per maggiori informazioni sulle date degli incontri scrivere a <a href=\"mailto:executive@luissbusinessschool.it\"><a href=\"mailto:executive@luissbusinessschool.it\">executive@luissbusinessschool.it<\/a><\/a>.<\/p>\n\n\n\n<p><em>Salvo disposizioni di legge che impediscano lo svolgimento degli incontri in presenza, per cui la Scuola si riserva il diritto di modificare la modalit\u00e0 di erogazione delle stesse, queste si terranno presso le sedi indicate e previste per il programma in oggetto.<\/em><\/p>\n","protected":false},"excerpt":{"rendered":"<p>Modulo 1:&nbsp;Hotel Strategic PlanModulo 2:&nbsp;Hotel Operation ManagementModulo 3:&nbsp;Contabilit\u00e0 e Controllo di Gestione delle Imprese AlberghiereModulo 4:&nbsp;HR &amp; LeadershipModulo 5:&nbsp;Hotel Marketing, [&hellip;]<\/p>\n","protected":false},"author":1,"featured_media":0,"parent":0,"menu_order":0,"comment_status":"closed","ping_status":"closed","template":"page-default.php","meta":{"_acf_changed":false,"footnotes":""},"categories":[],"tags":[],"docenti_teaching_area":[],"docenti_research_area":[],"tematiche":[],"lingue":[],"lunghezza_corsi":[],"class_list":["post-6","page","type-page","status-publish","hentry"],"acf":[],"aioseo_notices":[],"_links":{"self":[{"href":"https:\/\/businessschool.luiss.it\/executive-hotel-management\/wp-json\/wp\/v2\/pages\/6","targetHints":{"allow":["GET"]}}],"collection":[{"href":"https:\/\/businessschool.luiss.it\/executive-hotel-management\/wp-json\/wp\/v2\/pages"}],"about":[{"href":"https:\/\/businessschool.luiss.it\/executive-hotel-management\/wp-json\/wp\/v2\/types\/page"}],"author":[{"embeddable":true,"href":"https:\/\/businessschool.luiss.it\/executive-hotel-management\/wp-json\/wp\/v2\/users\/1"}],"replies":[{"embeddable":true,"href":"https:\/\/businessschool.luiss.it\/executive-hotel-management\/wp-json\/wp\/v2\/comments?post=6"}],"version-history":[{"count":3,"href":"https:\/\/businessschool.luiss.it\/executive-hotel-management\/wp-json\/wp\/v2\/pages\/6\/revisions"}],"predecessor-version":[{"id":72,"href":"https:\/\/businessschool.luiss.it\/executive-hotel-management\/wp-json\/wp\/v2\/pages\/6\/revisions\/72"}],"wp:attachment":[{"href":"https:\/\/businessschool.luiss.it\/executive-hotel-management\/wp-json\/wp\/v2\/media?parent=6"}],"wp:term":[{"taxonomy":"category","embeddable":true,"href":"https:\/\/businessschool.luiss.it\/executive-hotel-management\/wp-json\/wp\/v2\/categories?post=6"},{"taxonomy":"post_tag","embeddable":true,"href":"https:\/\/businessschool.luiss.it\/executive-hotel-management\/wp-json\/wp\/v2\/tags?post=6"},{"taxonomy":"docenti_teaching_area","embeddable":true,"href":"https:\/\/businessschool.luiss.it\/executive-hotel-management\/wp-json\/wp\/v2\/docenti_teaching_area?post=6"},{"taxonomy":"docenti_research_area","embeddable":true,"href":"https:\/\/businessschool.luiss.it\/executive-hotel-management\/wp-json\/wp\/v2\/docenti_research_area?post=6"},{"taxonomy":"tematiche","embeddable":true,"href":"https:\/\/businessschool.luiss.it\/executive-hotel-management\/wp-json\/wp\/v2\/tematiche?post=6"},{"taxonomy":"lingue","embeddable":true,"href":"https:\/\/businessschool.luiss.it\/executive-hotel-management\/wp-json\/wp\/v2\/lingue?post=6"},{"taxonomy":"lunghezza_corsi","embeddable":true,"href":"https:\/\/businessschool.luiss.it\/executive-hotel-management\/wp-json\/wp\/v2\/lunghezza_corsi?post=6"}],"curies":[{"name":"wp","href":"https:\/\/api.w.org\/{rel}","templated":true}]}}