{"id":8,"date":"2023-06-21T17:50:30","date_gmt":"2023-06-21T15:50:30","guid":{"rendered":"https:\/\/businessschool.luiss.it\/executive-master-advanced-management-trasporti\/?page_id=8"},"modified":"2023-07-13T12:23:41","modified_gmt":"2023-07-13T10:23:41","slug":"overview","status":"publish","type":"page","link":"https:\/\/businessschool.luiss.it\/executive-master-advanced-management-trasporti\/","title":{"rendered":"Overview"},"content":{"rendered":"\n<p>L\u2019iniziativa didattica si inserisce all\u2019interno del Master in Advanced Management per poi svilupparsi in un percorso autonomo interamente dedicato al settore dei trasporti. Il Major in Management dei Trasporti infatti si propone di formare i manager per il settore dei trasporti e della mobilit\u00e0 in grado di guidare e coordinare gruppi di lavoro compositi e di gestire situazioni complesse, assumendo le relative responsabilit\u00e0 organizzative di natura direzionale per perseguire obiettivi di efficacia, efficienza ed economicit\u00e0 delle aziende e\/o di strutture pubbliche del settore. In particolare, saranno trattati i profili gestionali, economico-finanziari e strategici delle imprese operanti nel trasporto ferroviario e intermodale.<\/p>\n\n\n\n<p>Il percorso formativo \u00e8 strutturato per offrire una didattica avanzata e dinamica attraverso docenze e testimonianze aziendali che favoriscano un confronto diretto e un approccio concreto a quelle che sono le sfide che i manager del settore dei trasporti si troveranno ad affronatre. L\u2019esperienza di apprendimento \u00e8 costruita intorno alla persona e ad ogni percorso sono associati attivit\u00e0 e progetti che si sviluppano durante e dopo la fase di aula<\/p>\n\n\n\n<h3 class=\"wp-block-heading\">Obiettivi<\/h3>\n\n\n\n<p>L\u2019obiettivo del Major in Management dei Trasporti \u00e8 fornire metodi e strumenti teorici ed operativi necessari per operare all\u2019interno di questo specifico settore con il fine di formare delle figure professionali che abbiano un elevato taglio specialistico fornendo loro competenze manageriali necessarie alla pianificazione e gestione dei processi core del settore dei trasporti, della mobilit\u00e0, della logistica e delle infrastrutture. Il Major si pone inoltre l\u2019obiettivo di fornire un pacchetto di conoscenze con uno spettro molto ampio, approfondendo il tema delle imprese, degli operatori di settore specializzati, delle authorities e delle grandi infrastrutture di base e rafforzare le capacit\u00e0 programmatorie, organizzative e gestionali di chi gi\u00e0 opera nel settore ed intenda assumere posizioni di responsabilit\u00e0 sempre pi\u00f9 articolate.<\/p>\n\n\n\n<h3 class=\"wp-block-heading\">A chi \u00e8 rivolto<\/h3>\n\n\n\n<p>Il Master si rivolge a&nbsp; tutti coloro che operano, o dovranno operare, all\u2019interno dell\u2019industry dei trasporti e che desiderano sviluppare un taglio professionale grazie all\u2019acquisizione di conoscenze e competenze manageriali necessarie alla pianificazione e gestione dei processi core del settore dei trasporti, della mobilit\u00e0, della logistica e delle infrastrutture.&nbsp; Nello specifico:<\/p>\n\n\n\n<ul class=\"wp-block-list\">\n<li>Manager di aziende private e pubbliche<\/li>\n\n\n\n<li>Giovani professionisti che vogliono specializzarsi nell\u2019ambito del Trasport Management<\/li>\n\n\n\n<li>Responsabili funzionali o di Business Unit<\/li>\n\n\n\n<li>Operatori del settore specializzati<\/li>\n<\/ul>\n\n\n\n<h3 class=\"wp-block-heading\">Diploma<\/h3>\n\n\n\n<p>Al termine delle attivit\u00e0 didattiche a coloro che avranno frequentato almeno l\u201980% delle attivit\u00e0 di formazione previste e previo superamento di tutti gli esami, verranno rilasciati 60 Crediti Formativi Universitari (CFU) e il Diploma di Master Universitario di Primo Livello.<\/p>\n","protected":false},"excerpt":{"rendered":"<p>L\u2019iniziativa didattica si inserisce all\u2019interno del Master in Advanced Management per poi svilupparsi in un percorso autonomo interamente dedicato al [&hellip;]<\/p>\n","protected":false},"author":13,"featured_media":51,"parent":0,"menu_order":0,"comment_status":"closed","ping_status":"closed","template":"","meta":{"_acf_changed":false,"footnotes":""},"categories":[],"tags":[],"docenti_teaching_area":[],"docenti_research_area":[],"tematiche":[],"lingue":[],"lunghezza_corsi":[],"class_list":["post-8","page","type-page","status-publish","has-post-thumbnail","hentry"],"acf":[],"aioseo_notices":[],"_links":{"self":[{"href":"https:\/\/businessschool.luiss.it\/executive-master-advanced-management-trasporti\/wp-json\/wp\/v2\/pages\/8","targetHints":{"allow":["GET"]}}],"collection":[{"href":"https:\/\/businessschool.luiss.it\/executive-master-advanced-management-trasporti\/wp-json\/wp\/v2\/pages"}],"about":[{"href":"https:\/\/businessschool.luiss.it\/executive-master-advanced-management-trasporti\/wp-json\/wp\/v2\/types\/page"}],"author":[{"embeddable":true,"href":"https:\/\/businessschool.luiss.it\/executive-master-advanced-management-trasporti\/wp-json\/wp\/v2\/users\/13"}],"replies":[{"embeddable":true,"href":"https:\/\/businessschool.luiss.it\/executive-master-advanced-management-trasporti\/wp-json\/wp\/v2\/comments?post=8"}],"version-history":[{"count":3,"href":"https:\/\/businessschool.luiss.it\/executive-master-advanced-management-trasporti\/wp-json\/wp\/v2\/pages\/8\/revisions"}],"predecessor-version":[{"id":59,"href":"https:\/\/businessschool.luiss.it\/executive-master-advanced-management-trasporti\/wp-json\/wp\/v2\/pages\/8\/revisions\/59"}],"wp:featuredmedia":[{"embeddable":true,"href":"https:\/\/businessschool.luiss.it\/executive-master-advanced-management-trasporti\/wp-json\/wp\/v2\/media\/51"}],"wp:attachment":[{"href":"https:\/\/businessschool.luiss.it\/executive-master-advanced-management-trasporti\/wp-json\/wp\/v2\/media?parent=8"}],"wp:term":[{"taxonomy":"category","embeddable":true,"href":"https:\/\/businessschool.luiss.it\/executive-master-advanced-management-trasporti\/wp-json\/wp\/v2\/categories?post=8"},{"taxonomy":"post_tag","embeddable":true,"href":"https:\/\/businessschool.luiss.it\/executive-master-advanced-management-trasporti\/wp-json\/wp\/v2\/tags?post=8"},{"taxonomy":"docenti_teaching_area","embeddable":true,"href":"https:\/\/businessschool.luiss.it\/executive-master-advanced-management-trasporti\/wp-json\/wp\/v2\/docenti_teaching_area?post=8"},{"taxonomy":"docenti_research_area","embeddable":true,"href":"https:\/\/businessschool.luiss.it\/executive-master-advanced-management-trasporti\/wp-json\/wp\/v2\/docenti_research_area?post=8"},{"taxonomy":"tematiche","embeddable":true,"href":"https:\/\/businessschool.luiss.it\/executive-master-advanced-management-trasporti\/wp-json\/wp\/v2\/tematiche?post=8"},{"taxonomy":"lingue","embeddable":true,"href":"https:\/\/businessschool.luiss.it\/executive-master-advanced-management-trasporti\/wp-json\/wp\/v2\/lingue?post=8"},{"taxonomy":"lunghezza_corsi","embeddable":true,"href":"https:\/\/businessschool.luiss.it\/executive-master-advanced-management-trasporti\/wp-json\/wp\/v2\/lunghezza_corsi?post=8"}],"curies":[{"name":"wp","href":"https:\/\/api.w.org\/{rel}","templated":true}]}}