{"id":88,"date":"2024-09-18T13:40:18","date_gmt":"2024-09-18T11:40:18","guid":{"rendered":"https:\/\/businessschool.luiss.it\/executive-master-advanced-management-trasporti\/?page_id=88"},"modified":"2025-07-04T11:59:47","modified_gmt":"2025-07-04T09:59:47","slug":"partner","status":"publish","type":"page","link":"https:\/\/businessschool.luiss.it\/executive-master-advanced-management-trasporti\/partner\/","title":{"rendered":"Partner"},"content":{"rendered":"\n<figure class=\"wp-block-image size-large is-resized\"><img loading=\"lazy\" decoding=\"async\" width=\"1024\" height=\"335\" src=\"https:\/\/businessschool.luiss.it\/executive-master-advanced-management-trasporti\/wp-content\/uploads\/sites\/274\/2024\/09\/asstra_colore_rgb-1024x335.png\" alt=\"\" class=\"wp-image-89\" style=\"width:373px;height:auto\" srcset=\"https:\/\/businessschool.luiss.it\/executive-master-advanced-management-trasporti\/wp-content\/uploads\/sites\/274\/2024\/09\/asstra_colore_rgb-1024x335.png 1024w, https:\/\/businessschool.luiss.it\/executive-master-advanced-management-trasporti\/wp-content\/uploads\/sites\/274\/2024\/09\/asstra_colore_rgb-300x98.png 300w, https:\/\/businessschool.luiss.it\/executive-master-advanced-management-trasporti\/wp-content\/uploads\/sites\/274\/2024\/09\/asstra_colore_rgb-768x251.png 768w, https:\/\/businessschool.luiss.it\/executive-master-advanced-management-trasporti\/wp-content\/uploads\/sites\/274\/2024\/09\/asstra_colore_rgb.png 1359w\" sizes=\"auto, (max-width: 1024px) 100vw, 1024px\" \/><\/figure>\n\n\n\n<p><strong>ASSTRA &#8211; Associazione Trasporti <\/strong>&#8211; \u00e8 l\u2019associazione datoriale, nazionale, delle aziende di trasporto pubblico regionale e locale in Italia, sia&nbsp; a capitale pubblico sia a capitale privato. Nasce nel 2001 dalla&nbsp; fusioni delle due associazioni di categoria <strong>Federtrasporti<\/strong> (federazione delle aziende municipalizzate) e Fenit (federazione delle ferrovie concesse).<\/p>\n\n\n\n<p>Entrambe le associazioni esistevano da pi\u00f9 di 60 anni. Aderiscono ad ASSTRA le aziende del trasporto urbano ed extraurbano, esercenti servizi con autobus, tram, metropolitane, impianti a fune, nonch\u00e9 trasporti ferroviari locali e regionali e sistemi di navigazione lagunare e lacuale. ASSTRA aderisce, a livello internazionale, a UITP (Unione Internazionale del Trasporto Pubblico) e, a livello nazionale confederale, a CONFSERVIZI ed a CONFINDUSTRIA.<\/p>\n\n\n\n<p>Rappresenta le esigenze e gli interessi degli operatori del trasporto pubblico nelle adeguate sedi istituzionali, a livello nazionale ed internazionale. Stipula il Contratto Collettivo Nazionale di Lavoro della categoria degli autoferrotranvieri e assiste i propri associati nella stipula di accordi aziendali e nelle vertenze locali di lavoro. Svolge a livello internazionale e nazionale azioni di sostegno a favore della mobilit\u00e0 collettiva e sostenibile.<\/p>\n\n\n\n<p>ASSTRA promuove e sostiene ogni attivit\u00e0 volta allo sviluppo delle imprese associate facendo opera di sensibilizzazione degli stakeholders sui valori ambientali, sociali ed economici della mobilit\u00e0 collettiva e sulla sua centralit\u00e0 per lo sviluppo del Paese. ASSTRA tutela gli interessi delle aziende associate fornendo assistenza tecnica in ambito legale, sindacale, economico, amministrativo, fiscale e delle innovazioni tecnologiche.<\/p>\n\n\n\n<figure class=\"wp-block-image size-full is-resized\"><img loading=\"lazy\" decoding=\"async\" width=\"906\" height=\"228\" src=\"https:\/\/businessschool.luiss.it\/executive-master-advanced-management-trasporti\/wp-content\/uploads\/sites\/274\/2024\/12\/anita_logo.jpg\" alt=\"\" class=\"wp-image-104\" style=\"width:375px;height:auto\" srcset=\"https:\/\/businessschool.luiss.it\/executive-master-advanced-management-trasporti\/wp-content\/uploads\/sites\/274\/2024\/12\/anita_logo.jpg 906w, https:\/\/businessschool.luiss.it\/executive-master-advanced-management-trasporti\/wp-content\/uploads\/sites\/274\/2024\/12\/anita_logo-300x75.jpg 300w, https:\/\/businessschool.luiss.it\/executive-master-advanced-management-trasporti\/wp-content\/uploads\/sites\/274\/2024\/12\/anita_logo-768x193.jpg 768w\" sizes=\"auto, (max-width: 906px) 100vw, 906px\" \/><\/figure>\n\n\n\n<p><strong>ANITA<\/strong>&nbsp;\u00e8 la prima Associazione nata in Italia per rappresentare le imprese di autotrasporto merci e logistica. Fondata nel 1944, da 80 anni \u00e8 impegnata a favorire la crescita dell\u2019intero settore con l\u2019obiettivo di rafforzare la competitivit\u00e0 delle imprese associate e di tutto il sistema logistico nazionale.&nbsp;Aggrega oltre&nbsp;<strong>1.700 aziende<\/strong>&nbsp;che operano in Italia e all\u2019estero con circa&nbsp;<strong>100.000 addetti<\/strong>&nbsp;e che danno vita a pi\u00f9 del&nbsp;<strong>50% del traffico merci<\/strong>.<\/p>\n\n\n\n<p>ANITA \u00e8 l\u2019Associazione di categoria di&nbsp;<strong>Confindustria<\/strong>, aderisce a&nbsp;<strong>Federtrasporto<\/strong>&nbsp;ed \u00e8 presente sull\u2019intero territorio nazionale attraverso le articolazioni della Confederazione. Svolge attivit\u00e0 di rappresentanza nei confronti delle Istituzioni nazionali ed europee, dinanzi alle quali si fa portavoce delle istanze della categoria e promuove la parit\u00e0 di condizioni competitive tra i diversi Stati membri. Figura tra le parti datoriali firmatarie del CCNL per il settore trasporto merci, logistica e spedizioni; rileva dati sul trasporto delle merci; promuove convegni, studi e cura pubblicazioni per incoraggiare l\u2019adozione di politiche virtuose, a vantaggio del comparto.&nbsp;<\/p>\n\n\n\n<p>ANITA supporta la crescita imprenditoriale delle aziende italiane di autotrasporto e logistica, sostiene politiche di sviluppo per il settore orientate alla sicurezza e alla legalit\u00e0. Crede nel progresso, nell\u2019innovazione tecnologica e digitale, promuove la sostenibilit\u00e0 declinata nelle tre dimensioni: ambientale, economica e sociale. Incoraggia l\u2019intermodalit\u00e0 e costruisce sinergie con tutti gli attori della filiera logistica.&nbsp;<\/p>\n\n\n\n<p>ANITA aderisce a Transfrigoroute International, l\u2019Associazione europea per il trasporto di prodotti alimentari costituita da operatori, costruttori, allestitori di veicoli e di attrezzatura del freddo detenendone la rappresentanza italiana.<\/p>\n\n\n\n<figure class=\"wp-block-image size-large is-resized\"><img loading=\"lazy\" decoding=\"async\" width=\"1024\" height=\"502\" src=\"https:\/\/businessschool.luiss.it\/executive-master-advanced-management-trasporti\/wp-content\/uploads\/sites\/274\/2025\/06\/Combination-EU1-vertical_1-Copy-1024x502.png\" alt=\"EIT Urban Mobility\nCo-funded by the Eyrpean Union\" class=\"wp-image-134\" style=\"width:362px;height:auto\" srcset=\"https:\/\/businessschool.luiss.it\/executive-master-advanced-management-trasporti\/wp-content\/uploads\/sites\/274\/2025\/06\/Combination-EU1-vertical_1-Copy-1024x502.png 1024w, https:\/\/businessschool.luiss.it\/executive-master-advanced-management-trasporti\/wp-content\/uploads\/sites\/274\/2025\/06\/Combination-EU1-vertical_1-Copy-300x147.png 300w, https:\/\/businessschool.luiss.it\/executive-master-advanced-management-trasporti\/wp-content\/uploads\/sites\/274\/2025\/06\/Combination-EU1-vertical_1-Copy-768x376.png 768w, https:\/\/businessschool.luiss.it\/executive-master-advanced-management-trasporti\/wp-content\/uploads\/sites\/274\/2025\/06\/Combination-EU1-vertical_1-Copy-1536x753.png 1536w, https:\/\/businessschool.luiss.it\/executive-master-advanced-management-trasporti\/wp-content\/uploads\/sites\/274\/2025\/06\/Combination-EU1-vertical_1-Copy.png 1579w\" sizes=\"auto, (max-width: 1024px) 100vw, 1024px\" \/><\/figure>\n\n\n\n<p>EIT Urban Mobility \u00e8 la pi\u00f9 grande comunit\u00e0 d\u2019innovazione per la mobilit\u00e0 urbana in Europa<\/p>\n\n\n\n<p>Fondata nel 2019 come iniziativa dell\u2019Istituto Europeo di Innovazione e Tecnologia (EIT), un organismo dell\u2019Unione Europea, EIT Urban Mobility si impegna ad accelerare la transizione verso una mobilit\u00e0 sostenibile.<\/p>\n\n\n\n<p>Accelera la transizione verso una mobilit\u00e0 urbana sostenibile offrendo a imprese consolidate, startup, universit\u00e0, istituti di ricerca e al settore pubblico l\u2019accesso a mercati, talenti, finanziamenti e conoscenze. D\u00e0 potere ai suoi partner affinch\u00e9 possano sviluppare e implementare nuove soluzioni per affrontare le sfide della mobilit\u00e0 che le citt\u00e0 europee devono fronteggiare.<\/p>\n\n\n\n<p>Collaborano con oltre 250 organizzazioni e con una rete pi\u00f9 ampia di oltre 1.100 organizzazioni in 35 paesi. Il suo lavoro sostiene la visione di una mobilit\u00e0 urbana sostenibile e decarbonizzata e di spazi urbani pi\u00f9 vivibili per tutti.<\/p>\n\n\n\n<figure class=\"wp-block-image size-full is-resized\"><img loading=\"lazy\" decoding=\"async\" width=\"251\" height=\"114\" src=\"https:\/\/businessschool.luiss.it\/executive-master-advanced-management-trasporti\/wp-content\/uploads\/sites\/274\/2025\/07\/image.png\" alt=\"Italiacamp\" class=\"wp-image-140\" style=\"width:379px;height:auto\"\/><\/figure>\n\n\n\n<p>Italiacamp \u00e8 un\u2019organizzazione che sviluppa processi di&nbsp;innovazione sociale ad impatto positivo per il Paese, creando&nbsp;connessioni tra Istituzioni, Aziende, Associazioni e Universit\u00e0.&nbsp;Da 10 anni rispondiamo ai fabbisogni di innovazione e di&nbsp;trasformazione di Istituzioni, imprese, persone e comunit\u00e0.&nbsp;La capacit\u00e0 di lettura del contesto, di anticipare nuovi trend e di&nbsp;abilitare lo sviluppo di relazioni anche complesse, sono elementi&nbsp;caratterizzanti della nostra identit\u00e0. Per questo \u2013 negli anni \u2013 abbiamo dato vita a una Impact&nbsp;Organization in cui obiettivi di business e impatti sociali, ambientali&nbsp;e culturali generati sono coerenti e complementari.&nbsp;<\/p>\n","protected":false},"excerpt":{"rendered":"<p>ASSTRA &#8211; Associazione Trasporti &#8211; \u00e8 l\u2019associazione datoriale, nazionale, delle aziende di trasporto pubblico regionale e locale in Italia, sia&nbsp; [&hellip;]<\/p>\n","protected":false},"author":5,"featured_media":0,"parent":0,"menu_order":0,"comment_status":"closed","ping_status":"closed","template":"","meta":{"_acf_changed":false,"footnotes":""},"categories":[],"tags":[],"docenti_teaching_area":[],"docenti_research_area":[],"tematiche":[],"lingue":[],"lunghezza_corsi":[],"class_list":["post-88","page","type-page","status-publish","hentry"],"acf":[],"aioseo_notices":[],"_links":{"self":[{"href":"https:\/\/businessschool.luiss.it\/executive-master-advanced-management-trasporti\/wp-json\/wp\/v2\/pages\/88","targetHints":{"allow":["GET"]}}],"collection":[{"href":"https:\/\/businessschool.luiss.it\/executive-master-advanced-management-trasporti\/wp-json\/wp\/v2\/pages"}],"about":[{"href":"https:\/\/businessschool.luiss.it\/executive-master-advanced-management-trasporti\/wp-json\/wp\/v2\/types\/page"}],"author":[{"embeddable":true,"href":"https:\/\/businessschool.luiss.it\/executive-master-advanced-management-trasporti\/wp-json\/wp\/v2\/users\/5"}],"replies":[{"embeddable":true,"href":"https:\/\/businessschool.luiss.it\/executive-master-advanced-management-trasporti\/wp-json\/wp\/v2\/comments?post=88"}],"version-history":[{"count":5,"href":"https:\/\/businessschool.luiss.it\/executive-master-advanced-management-trasporti\/wp-json\/wp\/v2\/pages\/88\/revisions"}],"predecessor-version":[{"id":142,"href":"https:\/\/businessschool.luiss.it\/executive-master-advanced-management-trasporti\/wp-json\/wp\/v2\/pages\/88\/revisions\/142"}],"wp:attachment":[{"href":"https:\/\/businessschool.luiss.it\/executive-master-advanced-management-trasporti\/wp-json\/wp\/v2\/media?parent=88"}],"wp:term":[{"taxonomy":"category","embeddable":true,"href":"https:\/\/businessschool.luiss.it\/executive-master-advanced-management-trasporti\/wp-json\/wp\/v2\/categories?post=88"},{"taxonomy":"post_tag","embeddable":true,"href":"https:\/\/businessschool.luiss.it\/executive-master-advanced-management-trasporti\/wp-json\/wp\/v2\/tags?post=88"},{"taxonomy":"docenti_teaching_area","embeddable":true,"href":"https:\/\/businessschool.luiss.it\/executive-master-advanced-management-trasporti\/wp-json\/wp\/v2\/docenti_teaching_area?post=88"},{"taxonomy":"docenti_research_area","embeddable":true,"href":"https:\/\/businessschool.luiss.it\/executive-master-advanced-management-trasporti\/wp-json\/wp\/v2\/docenti_research_area?post=88"},{"taxonomy":"tematiche","embeddable":true,"href":"https:\/\/businessschool.luiss.it\/executive-master-advanced-management-trasporti\/wp-json\/wp\/v2\/tematiche?post=88"},{"taxonomy":"lingue","embeddable":true,"href":"https:\/\/businessschool.luiss.it\/executive-master-advanced-management-trasporti\/wp-json\/wp\/v2\/lingue?post=88"},{"taxonomy":"lunghezza_corsi","embeddable":true,"href":"https:\/\/businessschool.luiss.it\/executive-master-advanced-management-trasporti\/wp-json\/wp\/v2\/lunghezza_corsi?post=88"}],"curies":[{"name":"wp","href":"https:\/\/api.w.org\/{rel}","templated":true}]}}