{"id":53,"date":"2022-03-23T17:29:33","date_gmt":"2022-03-23T16:29:33","guid":{"rendered":"https:\/\/businessschool.luiss.it\/executive-master-in-hr\/?page_id=53"},"modified":"2024-11-07T11:07:50","modified_gmt":"2024-11-07T10:07:50","slug":"come-iscriversi","status":"publish","type":"page","link":"https:\/\/businessschool.luiss.it\/executive-master-in-hr\/come-iscriversi\/","title":{"rendered":"Come iscriversi"},"content":{"rendered":"\n<p>Per iscriversi all\u2019Executive Master \u00e8 necessario superare il test di ammissione che valuta le capacit\u00e0, la motivazione e il potenziale dei candidati. Il test sar\u00e0 sostenuto da remoto.<\/p>\n\n\n\n<p><em>Per uno sguardo approfondito sulla procedura di ammissione, leggi la scheda informativa del <\/em><a href=\"https:\/\/businessschool.luiss.it\/wp-content\/uploads\/2024\/10\/Luiss_Admission-Process_IT_20241015_1120_web.pdf\"><em>processo di ammissione<\/em><\/a><em>della Luiss Business School.<\/em><\/p>\n\n\n\n<h3 class=\"wp-block-heading\">Requisiti di ammissione<\/h3>\n\n\n\n<ul class=\"wp-block-list\">\n<li>Laurea di II livello, magistrale a ciclo unico, vecchio ordinamento<\/li>\n\n\n\n<li>Buona conoscenza della lingua inglese;<\/li>\n\n\n\n<li>Forte motivazione.<\/li>\n\n\n\n<li>* Coloro che, pur non essendo in possesso di un diploma di laurea, sono comunque interessati ad approfondire le tematiche oggetto del Master, potranno frequentare l\u2019intero programma o parti di esso (singolo modulo o combinazione di moduli). In questo caso non sar\u00e0 rilasciato il diploma di Master, n\u00e9 i CFU ad esso connessi ma un attestato di partecipazione. Per maggiori informazioni sulle modalit\u00e0 di adesione:&nbsp; <a href=\"mailto:executive@luissbusinessschool.it\"><em>executive@luissbusinessschool.it<\/em><\/a>.<\/li>\n<\/ul>\n\n\n\n<h3 class=\"wp-block-heading\">Test di ammissione<\/h3>\n\n\n\n<p>Il test di ammissione \u00e8 composto da:<\/p>\n\n\n\n<ul class=\"wp-block-list\">\n<li>test di lingua inglese: un test scritto con domande a risposta multipla (i candidati in possesso di un certificato TOEFL\/IELTS con elevato punteggio e in corso di validit\u00e0, possono essere esonerati dal test d\u2019inglese)<\/li>\n\n\n\n<li>test di logica induttiva, numerica e deduttiva: un test scritto con domande a risposta multipla (i candidati in possesso di un certificato GMAT\/GRE con elevato punteggio e in corso di validit\u00e0, possono essere esonerati dal test di logica)<\/li>\n\n\n\n<li>colloquio motivazionale<\/li>\n<\/ul>\n\n\n\n<h4 class=\"wp-block-heading\"><strong>Esonero dal Test di Ammissione<\/strong><\/h4>\n\n\n\n<p>GMAT\/GRE per il Test di Logica<\/p>\n\n\n\n<p>Non \u00e8 richiesto un punteggio minimo. Gli score GMAT e GRE dei candidati ammessi variano a seconda delle classi, tuttavia, \u00e8 insolito ammettere candidati con un punteggio complessivo inferiore a 515 per il GMAT e 145 per il GRE.<\/p>\n\n\n\n<h4 class=\"wp-block-heading\"><strong>IELTS\/TOEFL per il Test di lingua inglese<\/strong><\/h4>\n\n\n\n<p>\u00c8 richiesto un punteggio minimo di 7.0 per l\u2019IELTS e 100 per il TOEFL che attesti il livello avanzato di conoscenza della lingua inglese.<\/p>\n\n\n\n<h3 class=\"wp-block-heading\">Documentazione richiesta<\/h3>\n\n\n\n<p>Per partecipare al test di ammissione \u00e8 necessario inviare tramite il<strong> <a href=\"https:\/\/businessschool.luiss.it\/application\/?pid=P-000249\" title=\"\">form online<\/a><\/strong> la seguente documentazione:<\/p>\n\n\n\n<ul class=\"wp-block-list\">\n<li>copia del certificato di laurea*<\/li>\n\n\n\n<li>CV<\/li>\n\n\n\n<li>copia di un documento di identit\u00e0<\/li>\n\n\n\n<li>fototessera digitale<\/li>\n\n\n\n<li>ricevuta di pagamento della quota di partecipazione alle selezioni pari a \u20ac 100 (non rimborsabile)<\/li>\n\n\n\n<li>eventuale Certificato TOEFL\/IELTS (opzionale)<\/li>\n\n\n\n<li>eventuale Certificato GMAT\/GRE (opzionale)<\/li>\n<\/ul>\n\n\n\n<p>I candidati con un titolo estero dovranno anche inviare la seguente documentazione aggiuntiva per la valutazione:<\/p>\n\n\n\n<ul class=\"wp-block-list\">\n<li>copia del certificato di laurea sia in lingua originale che in lingua inglese*<\/li>\n\n\n\n<li>transcript dei voti in lingua inglese<\/li>\n\n\n\n<li>diploma supplement (opzionale)<\/li>\n<\/ul>\n\n\n\n<p>* <em>i candidati non ancora in possesso del certificato di laurea potranno fornire l\u2019autocertificazione utilizzando il format Luiss Business School disponibile nella pagina web del programma.<\/em><\/p>\n\n\n\n<h3 class=\"wp-block-heading\">Pagamento della quota d\u2019accesso alle selezioni<\/h3>\n\n\n\n<p>Il pagamento della quota d\u2019accesso alle selezioni pu\u00f2 essere effettuato&nbsp;<strong>online<\/strong>&nbsp;contestualmente all\u2019application.<\/p>\n","protected":false},"excerpt":{"rendered":"<p>Per iscriversi all\u2019Executive Master \u00e8 necessario superare il test di ammissione che valuta le capacit\u00e0, la motivazione e il potenziale [&hellip;]<\/p>\n","protected":false},"author":13,"featured_media":0,"parent":0,"menu_order":0,"comment_status":"closed","ping_status":"closed","template":"","meta":{"_acf_changed":false,"footnotes":""},"categories":[],"tags":[],"docenti_teaching_area":[],"docenti_research_area":[],"tematiche":[],"lingue":[],"lunghezza_corsi":[],"class_list":["post-53","page","type-page","status-publish","hentry"],"acf":[],"aioseo_notices":[],"_links":{"self":[{"href":"https:\/\/businessschool.luiss.it\/executive-master-in-hr\/wp-json\/wp\/v2\/pages\/53","targetHints":{"allow":["GET"]}}],"collection":[{"href":"https:\/\/businessschool.luiss.it\/executive-master-in-hr\/wp-json\/wp\/v2\/pages"}],"about":[{"href":"https:\/\/businessschool.luiss.it\/executive-master-in-hr\/wp-json\/wp\/v2\/types\/page"}],"author":[{"embeddable":true,"href":"https:\/\/businessschool.luiss.it\/executive-master-in-hr\/wp-json\/wp\/v2\/users\/13"}],"replies":[{"embeddable":true,"href":"https:\/\/businessschool.luiss.it\/executive-master-in-hr\/wp-json\/wp\/v2\/comments?post=53"}],"version-history":[{"count":6,"href":"https:\/\/businessschool.luiss.it\/executive-master-in-hr\/wp-json\/wp\/v2\/pages\/53\/revisions"}],"predecessor-version":[{"id":196,"href":"https:\/\/businessschool.luiss.it\/executive-master-in-hr\/wp-json\/wp\/v2\/pages\/53\/revisions\/196"}],"wp:attachment":[{"href":"https:\/\/businessschool.luiss.it\/executive-master-in-hr\/wp-json\/wp\/v2\/media?parent=53"}],"wp:term":[{"taxonomy":"category","embeddable":true,"href":"https:\/\/businessschool.luiss.it\/executive-master-in-hr\/wp-json\/wp\/v2\/categories?post=53"},{"taxonomy":"post_tag","embeddable":true,"href":"https:\/\/businessschool.luiss.it\/executive-master-in-hr\/wp-json\/wp\/v2\/tags?post=53"},{"taxonomy":"docenti_teaching_area","embeddable":true,"href":"https:\/\/businessschool.luiss.it\/executive-master-in-hr\/wp-json\/wp\/v2\/docenti_teaching_area?post=53"},{"taxonomy":"docenti_research_area","embeddable":true,"href":"https:\/\/businessschool.luiss.it\/executive-master-in-hr\/wp-json\/wp\/v2\/docenti_research_area?post=53"},{"taxonomy":"tematiche","embeddable":true,"href":"https:\/\/businessschool.luiss.it\/executive-master-in-hr\/wp-json\/wp\/v2\/tematiche?post=53"},{"taxonomy":"lingue","embeddable":true,"href":"https:\/\/businessschool.luiss.it\/executive-master-in-hr\/wp-json\/wp\/v2\/lingue?post=53"},{"taxonomy":"lunghezza_corsi","embeddable":true,"href":"https:\/\/businessschool.luiss.it\/executive-master-in-hr\/wp-json\/wp\/v2\/lunghezza_corsi?post=53"}],"curies":[{"name":"wp","href":"https:\/\/api.w.org\/{rel}","templated":true}]}}