{"id":2,"date":"2020-06-15T15:01:15","date_gmt":"2020-06-15T13:01:15","guid":{"rendered":"https:\/\/businessschool.luiss.it\/executive-master-marketing-masa\/?page_id=2"},"modified":"2021-07-08T11:41:25","modified_gmt":"2021-07-08T09:41:25","slug":"pagina-di-esempio","status":"publish","type":"page","link":"https:\/\/businessschool.luiss.it\/executive-master-marketing-masa\/","title":{"rendered":"Overview"},"content":{"rendered":"<p>Il Major Marketing &amp; Sales \u00e8 un percorso specializzante, strutturato in modo tale da permettere ai partecipanti di entrare nel modo del Marketing e delle vendite, equipaggiati con le adeguate competenze e conoscenze.<\/p>\n<p>Le vendite acquisiscono un ruolo sempre pi\u00f9 strategico e non solo di tipo tattico; l\u2019approccio relazionale, evoluto rispetto a quello transazionale, determina quindi una sempre maggiore vicinanza ed in alcuni casi anche sovrapposizione tra marketing e sales.<\/p>\n<p>Nel corso delle lezioni si ricorrer\u00e0 a differenti \u201clinguaggi\u201d e si forniranno diverse \u201cchiavi di lettura\u201d grazie alla partecipazione di docenti del mondo accademico e di professionisti specializzati nelle singole tematiche di riferimento.<\/p>\n<p>La ricchezza del processo di apprendimento \u00e8 garantita dalla combinazione di attivit\u00e0 didattiche in aula, incontri con leader e top manager, laboratori, Coaching individuale e incontri di Career Advisory.<\/p>\n<h3>Obiettivi del Major in Marketing &amp; Sales<\/h3>\n<p>Il Master consente ai partecipanti di migliorare le proprie capacit\u00e0 di:<\/p>\n<ul>\n<li>comprendere il quadro generale entro il quale oggi le imprese sono chiamate a compiere le loro scelte di produzione;<\/li>\n<li>comprendere le logiche e gli strumenti che consentono ai manager di assumere, condurre e controllare scelte di mercato efficaci ed efficienti;<\/li>\n<li>acquisire le conoscenze e il metodo per ideare product offering efficaci;<\/li>\n<li>conoscere e comprendere le strutture del mercato e ispirare ad esse i comportamenti di marketing;<\/li>\n<li>acquisire dimestichezza con le dimensioni relazionali del marketing e conoscerne il potenziamento grazie al digitale;<\/li>\n<li>utilizzare fruttuosamente le tecnologie digitali, dai social ai big data, all\u2019interno dei programmi di marketing;<\/li>\n<li>conoscere il settore e il mercato e saperne misurare le performance;<\/li>\n<li>redigere un piano di marketing;<\/li>\n<li>fornire gli strumenti per migliorare le performance delle vendite;<\/li>\n<li>operare con una logica di omnicanalit\u00e0 in cui i canali di vendita online e offline vengono gestiti in maniera integrata;<\/li>\n<li>affinare tecniche che consentono di trasferire e comunicare il valore dei nostri prodotti e dei nostri servizi.<\/li>\n<\/ul>\n<h3>A chi \u00e8 rivolto<\/h3>\n<p>Il Master in Marketing \u2013 Major in Marketing &amp; Sales \u00e8 rivolto a professionisti che abbiano gi\u00e0 acquisito un\u2019esperienza lavorativa, non necessariamente nell\u2019Area Marketing &amp; Digital Marketing, e che desiderano acquisire il know-how necessario a gestire la comunicazione digitale, focalizzandone i protagonisti principali.<\/p>\n<p>Il Master risponde ad esigenze professionali di diversa natura e facilita il raggiungimento di importanti progressi nel proprio percorso di carriera di:<\/p>\n<ul>\n<li>Direttori Commerciali e Direttori Vendite che contribuiscono a definire piani e budget commerciali<\/li>\n<li>responsabili area vendite e sales manager;<\/li>\n<li>imprenditori e sturtupper;<\/li>\n<li>consulenti direzionali e di comunicazione;<\/li>\n<li>account e tecnici e di societ\u00e0 di servizi di marketing;<\/li>\n<li>dipendenti di aziende o istituzioni pubbliche.<\/li>\n<\/ul>\n<h3>Requisiti<\/h3>\n<p>Sono requisiti fondamentali per l\u2019ammissione:<\/p>\n<ul>\n<li>laurea di I livello o vecchio ordinamento*<\/li>\n<li>significativa esperienza di lavoro (non necessariamente nelle aree Marketing)<\/li>\n<li>buona conoscenza della lingua inglese<\/li>\n<li>forte motivazione<\/li>\n<\/ul>\n<p><em>* Coloro che, pur non essendo in possesso di un diploma di laurea, sono interessati ad approfondire le tematiche oggetto del Master, potranno frequentare l\u2019interno programma o parti di esso (singolo modulo o combinazione di moduli). In questo caso non sar\u00e0 rilasciato il diploma di Master, n\u00e9 i CFU ad esso connessi ma un attestato di partecipazione. Per maggiori informazioni sulle modalit\u00e0 di adesione scrivere a executive@luissbusinessschool.it.<\/em><\/p>\n<h3>CFU e Diploma<\/h3>\n<p>L\u2019Executive Master in Marketing \u2013 Major in Marketing &amp; Sales \u00e8 un master universitario di I livello. Al termine del percorso i partecipanti riceveranno il Diploma di Master e verranno rilasciati 60 Crediti Formativi Universitari (CFU).<\/p>\n<p>Per ottenere il Diploma e i CFU sar\u00e0 necessario frequentare almeno l\u201980% delle attivit\u00e0 di formazione, superare le verifiche periodiche e la valutazione della prova finale.<\/p>\n","protected":false},"excerpt":{"rendered":"<p>Il Major Marketing &amp; Sales \u00e8 un percorso specializzante, strutturato in modo tale da permettere ai partecipanti di entrare nel [&hellip;]<\/p>\n","protected":false},"author":1,"featured_media":0,"parent":0,"menu_order":0,"comment_status":"closed","ping_status":"open","template":"","meta":{"_acf_changed":false,"footnotes":""},"categories":[],"tags":[7,6,5,4,8,9,10,3],"docenti_teaching_area":[],"docenti_research_area":[],"tematiche":[],"lingue":[],"lunghezza_corsi":[],"class_list":["post-2","page","type-page","status-publish","hentry","tag-__conf_ex_0001001001030000003000000","tag-__conf_ex_0001001100030000003000000","tag-__conf_ex_0001010001030000003000000","tag-__conf_ex_0001010100030000003000000","tag-__conf_ex_1000001001030000003000000","tag-__conf_ex_1000001100030000003000000","tag-__conf_ex_1000010001030000003000000","tag-__conf_ex_1000010100030000003000000"],"acf":[],"aioseo_notices":[],"_links":{"self":[{"href":"https:\/\/businessschool.luiss.it\/executive-master-marketing-masa\/wp-json\/wp\/v2\/pages\/2","targetHints":{"allow":["GET"]}}],"collection":[{"href":"https:\/\/businessschool.luiss.it\/executive-master-marketing-masa\/wp-json\/wp\/v2\/pages"}],"about":[{"href":"https:\/\/businessschool.luiss.it\/executive-master-marketing-masa\/wp-json\/wp\/v2\/types\/page"}],"author":[{"embeddable":true,"href":"https:\/\/businessschool.luiss.it\/executive-master-marketing-masa\/wp-json\/wp\/v2\/users\/1"}],"replies":[{"embeddable":true,"href":"https:\/\/businessschool.luiss.it\/executive-master-marketing-masa\/wp-json\/wp\/v2\/comments?post=2"}],"version-history":[{"count":3,"href":"https:\/\/businessschool.luiss.it\/executive-master-marketing-masa\/wp-json\/wp\/v2\/pages\/2\/revisions"}],"predecessor-version":[{"id":180,"href":"https:\/\/businessschool.luiss.it\/executive-master-marketing-masa\/wp-json\/wp\/v2\/pages\/2\/revisions\/180"}],"wp:attachment":[{"href":"https:\/\/businessschool.luiss.it\/executive-master-marketing-masa\/wp-json\/wp\/v2\/media?parent=2"}],"wp:term":[{"taxonomy":"category","embeddable":true,"href":"https:\/\/businessschool.luiss.it\/executive-master-marketing-masa\/wp-json\/wp\/v2\/categories?post=2"},{"taxonomy":"post_tag","embeddable":true,"href":"https:\/\/businessschool.luiss.it\/executive-master-marketing-masa\/wp-json\/wp\/v2\/tags?post=2"},{"taxonomy":"docenti_teaching_area","embeddable":true,"href":"https:\/\/businessschool.luiss.it\/executive-master-marketing-masa\/wp-json\/wp\/v2\/docenti_teaching_area?post=2"},{"taxonomy":"docenti_research_area","embeddable":true,"href":"https:\/\/businessschool.luiss.it\/executive-master-marketing-masa\/wp-json\/wp\/v2\/docenti_research_area?post=2"},{"taxonomy":"tematiche","embeddable":true,"href":"https:\/\/businessschool.luiss.it\/executive-master-marketing-masa\/wp-json\/wp\/v2\/tematiche?post=2"},{"taxonomy":"lingue","embeddable":true,"href":"https:\/\/businessschool.luiss.it\/executive-master-marketing-masa\/wp-json\/wp\/v2\/lingue?post=2"},{"taxonomy":"lunghezza_corsi","embeddable":true,"href":"https:\/\/businessschool.luiss.it\/executive-master-marketing-masa\/wp-json\/wp\/v2\/lunghezza_corsi?post=2"}],"curies":[{"name":"wp","href":"https:\/\/api.w.org\/{rel}","templated":true}]}}