{"id":253,"date":"2024-09-13T09:28:05","date_gmt":"2024-09-13T07:28:05","guid":{"rendered":"https:\/\/businessschool.luiss.it\/executive-master-real-estate-finance\/?page_id=253"},"modified":"2025-04-08T11:18:43","modified_gmt":"2025-04-08T09:18:43","slug":"testimonianze-2","status":"publish","type":"page","link":"https:\/\/businessschool.luiss.it\/executive-master-real-estate-finance\/testimonianze-2\/","title":{"rendered":"Testimonianze"},"content":{"rendered":"\n<hr class=\"wp-block-separator has-alpha-channel-opacity\"\/>\n\n\n\n<div style=\"height:20px\" aria-hidden=\"true\" class=\"wp-block-spacer\"><\/div>\n\n\n\n<div class=\"wp-block-columns is-layout-flex wp-container-core-columns-is-layout-1 wp-block-columns-is-layout-flex\">\n<div class=\"wp-block-column is-layout-flow wp-block-column-is-layout-flow\" style=\"flex-basis:33.33%\">\n<figure class=\"wp-block-image size-large\"><img loading=\"lazy\" decoding=\"async\" width=\"1024\" height=\"1024\" src=\"https:\/\/businessschool.luiss.it\/executive-master-real-estate-finance\/wp-content\/uploads\/sites\/146\/2025\/04\/costanza_drudi-1024x1024.jpg\" alt=\"\" class=\"wp-image-304\" srcset=\"https:\/\/businessschool.luiss.it\/executive-master-real-estate-finance\/wp-content\/uploads\/sites\/146\/2025\/04\/costanza_drudi-1024x1024.jpg 1024w, https:\/\/businessschool.luiss.it\/executive-master-real-estate-finance\/wp-content\/uploads\/sites\/146\/2025\/04\/costanza_drudi-300x300.jpg 300w, https:\/\/businessschool.luiss.it\/executive-master-real-estate-finance\/wp-content\/uploads\/sites\/146\/2025\/04\/costanza_drudi-150x150.jpg 150w, https:\/\/businessschool.luiss.it\/executive-master-real-estate-finance\/wp-content\/uploads\/sites\/146\/2025\/04\/costanza_drudi-768x768.jpg 768w, https:\/\/businessschool.luiss.it\/executive-master-real-estate-finance\/wp-content\/uploads\/sites\/146\/2025\/04\/costanza_drudi-1536x1536.jpg 1536w, https:\/\/businessschool.luiss.it\/executive-master-real-estate-finance\/wp-content\/uploads\/sites\/146\/2025\/04\/costanza_drudi.jpg 1600w\" sizes=\"auto, (max-width: 1024px) 100vw, 1024px\" \/><\/figure>\n<\/div>\n\n\n\n<div class=\"wp-block-column is-layout-flow wp-block-column-is-layout-flow\" style=\"flex-basis:66.66%\">\n<p><strong>Costanza Drudi<\/strong>, <em>RE Asset Management Senior Specialist &#8211; Fondo Investimenti per la Valorizzazione &#8211; Fondo Sviluppo<br>CDP Real Asset SGR SpA<\/em><br><br>Mi sono iscritta al Master in Accounting e Finance \u2013 Major in Real Estate Finance con l\u2019obiettivo di incrementare le mie conoscenze in ambito finanziario, lavorando gi\u00e0 nel mondo del Real Estate. Con il tempo ho scoperto di aver imparato molto di pi\u00f9. La Luiss Business School offre un ambiente stimolante e internazionale, dove ho avuto l&#8217;opportunit\u00e0 di interagire con docenti esperti e professionisti del settore. Le lezioni sono state arricchite da case studies reali e da progetti pratici, che mi hanno aiutato a sviluppare una visione strategica e a migliorare le capacit\u00e0 analitiche. Uno degli aspetti pi\u00f9 preziosi del Master \u00e8 stata la rete di contatti che ho costruito.<\/p>\n<\/div>\n<\/div>\n\n\n\n<hr class=\"wp-block-separator has-alpha-channel-opacity\"\/>\n\n\n\n<div style=\"height:20px\" aria-hidden=\"true\" class=\"wp-block-spacer\"><\/div>\n\n\n\n<div class=\"wp-block-columns is-layout-flex wp-container-core-columns-is-layout-2 wp-block-columns-is-layout-flex\">\n<div class=\"wp-block-column is-layout-flow wp-block-column-is-layout-flow\" style=\"flex-basis:33.33%\">\n<figure class=\"wp-block-image size-large\"><img loading=\"lazy\" decoding=\"async\" width=\"1022\" height=\"1024\" src=\"https:\/\/businessschool.luiss.it\/executive-master-real-estate-finance\/wp-content\/uploads\/sites\/146\/2025\/04\/Christian-Dellacasa-scaled-e1744102678753-1022x1024.jpg\" alt=\"\" class=\"wp-image-311\" srcset=\"https:\/\/businessschool.luiss.it\/executive-master-real-estate-finance\/wp-content\/uploads\/sites\/146\/2025\/04\/Christian-Dellacasa-scaled-e1744102678753-1022x1024.jpg 1022w, https:\/\/businessschool.luiss.it\/executive-master-real-estate-finance\/wp-content\/uploads\/sites\/146\/2025\/04\/Christian-Dellacasa-scaled-e1744102678753-300x300.jpg 300w, https:\/\/businessschool.luiss.it\/executive-master-real-estate-finance\/wp-content\/uploads\/sites\/146\/2025\/04\/Christian-Dellacasa-scaled-e1744102678753-150x150.jpg 150w, https:\/\/businessschool.luiss.it\/executive-master-real-estate-finance\/wp-content\/uploads\/sites\/146\/2025\/04\/Christian-Dellacasa-scaled-e1744102678753-768x769.jpg 768w, https:\/\/businessschool.luiss.it\/executive-master-real-estate-finance\/wp-content\/uploads\/sites\/146\/2025\/04\/Christian-Dellacasa-scaled-e1744102678753.jpg 1180w\" sizes=\"auto, (max-width: 1022px) 100vw, 1022px\" \/><\/figure>\n<\/div>\n\n\n\n<div class=\"wp-block-column is-layout-flow wp-block-column-is-layout-flow\" style=\"flex-basis:66.66%\">\n<p><strong>Christian Dellacasa<\/strong>, <em>Head of Real Estate Development, Redbrick Investment Group &#8211; Rome<\/em><\/p>\n\n\n\n<div class=\"wp-block-group is-nowrap is-layout-flex wp-container-core-group-is-layout-1 wp-block-group-is-layout-flex\">\n<p>Il Master Executive in Real Estate Finance della Luiss Business School \u00e8 stato un punto di svolta nella mia carriera da real estate developer. Ho acquisito competenze economico-finanziarie fondamentali per analizzare e valorizzare asset immobiliari, completando la mia conoscenza dell&#8217;intera filiera del settore e i suoi modelli di business. Inoltre, il programma ha offerto un&#8217;opportunit\u00e0 unica di networking con docenti e professionisti leader del mercato, permettendomi di costruire relazioni strategiche utili per il mio sviluppo professionale.<\/p>\n<\/div>\n<\/div>\n<\/div>\n\n\n\n<hr class=\"wp-block-separator has-alpha-channel-opacity\"\/>\n\n\n\n<div style=\"height:20px\" aria-hidden=\"true\" class=\"wp-block-spacer\"><\/div>\n\n\n\n<figure class=\"wp-block-embed is-type-video is-provider-youtube wp-block-embed-youtube wp-embed-aspect-16-9 wp-has-aspect-ratio\"><div class=\"wp-block-embed__wrapper\">\n<iframe loading=\"lazy\" title=\"Real Estate Finance - Executive Master\" width=\"500\" height=\"281\" src=\"https:\/\/www.youtube.com\/embed\/cXDs_2jqsgo?feature=oembed\" frameborder=\"0\" allow=\"accelerometer; autoplay; clipboard-write; encrypted-media; gyroscope; picture-in-picture; web-share\" referrerpolicy=\"strict-origin-when-cross-origin\" allowfullscreen><\/iframe>\n<\/div><\/figure>\n\n\n\n<p><\/p>\n","protected":false},"excerpt":{"rendered":"<p>Costanza Drudi, RE Asset Management Senior Specialist &#8211; Fondo Investimenti per la Valorizzazione &#8211; Fondo SviluppoCDP Real Asset SGR SpA [&hellip;]<\/p>\n","protected":false},"author":5,"featured_media":0,"parent":0,"menu_order":0,"comment_status":"closed","ping_status":"closed","template":"","meta":{"_acf_changed":false,"footnotes":""},"categories":[],"tags":[],"docenti_teaching_area":[],"docenti_research_area":[],"tematiche":[],"lingue":[],"lunghezza_corsi":[],"class_list":["post-253","page","type-page","status-publish","hentry"],"acf":[],"aioseo_notices":[],"_links":{"self":[{"href":"https:\/\/businessschool.luiss.it\/executive-master-real-estate-finance\/wp-json\/wp\/v2\/pages\/253","targetHints":{"allow":["GET"]}}],"collection":[{"href":"https:\/\/businessschool.luiss.it\/executive-master-real-estate-finance\/wp-json\/wp\/v2\/pages"}],"about":[{"href":"https:\/\/businessschool.luiss.it\/executive-master-real-estate-finance\/wp-json\/wp\/v2\/types\/page"}],"author":[{"embeddable":true,"href":"https:\/\/businessschool.luiss.it\/executive-master-real-estate-finance\/wp-json\/wp\/v2\/users\/5"}],"replies":[{"embeddable":true,"href":"https:\/\/businessschool.luiss.it\/executive-master-real-estate-finance\/wp-json\/wp\/v2\/comments?post=253"}],"version-history":[{"count":5,"href":"https:\/\/businessschool.luiss.it\/executive-master-real-estate-finance\/wp-json\/wp\/v2\/pages\/253\/revisions"}],"predecessor-version":[{"id":326,"href":"https:\/\/businessschool.luiss.it\/executive-master-real-estate-finance\/wp-json\/wp\/v2\/pages\/253\/revisions\/326"}],"wp:attachment":[{"href":"https:\/\/businessschool.luiss.it\/executive-master-real-estate-finance\/wp-json\/wp\/v2\/media?parent=253"}],"wp:term":[{"taxonomy":"category","embeddable":true,"href":"https:\/\/businessschool.luiss.it\/executive-master-real-estate-finance\/wp-json\/wp\/v2\/categories?post=253"},{"taxonomy":"post_tag","embeddable":true,"href":"https:\/\/businessschool.luiss.it\/executive-master-real-estate-finance\/wp-json\/wp\/v2\/tags?post=253"},{"taxonomy":"docenti_teaching_area","embeddable":true,"href":"https:\/\/businessschool.luiss.it\/executive-master-real-estate-finance\/wp-json\/wp\/v2\/docenti_teaching_area?post=253"},{"taxonomy":"docenti_research_area","embeddable":true,"href":"https:\/\/businessschool.luiss.it\/executive-master-real-estate-finance\/wp-json\/wp\/v2\/docenti_research_area?post=253"},{"taxonomy":"tematiche","embeddable":true,"href":"https:\/\/businessschool.luiss.it\/executive-master-real-estate-finance\/wp-json\/wp\/v2\/tematiche?post=253"},{"taxonomy":"lingue","embeddable":true,"href":"https:\/\/businessschool.luiss.it\/executive-master-real-estate-finance\/wp-json\/wp\/v2\/lingue?post=253"},{"taxonomy":"lunghezza_corsi","embeddable":true,"href":"https:\/\/businessschool.luiss.it\/executive-master-real-estate-finance\/wp-json\/wp\/v2\/lunghezza_corsi?post=253"}],"curies":[{"name":"wp","href":"https:\/\/api.w.org\/{rel}","templated":true}]}}