{"id":13,"date":"2024-05-13T16:16:12","date_gmt":"2024-05-13T14:16:12","guid":{"rendered":"https:\/\/businessschool.luiss.it\/executive-programme-silver-economy\/?page_id=13"},"modified":"2024-05-13T16:16:13","modified_gmt":"2024-05-13T14:16:13","slug":"curriculum","status":"publish","type":"page","link":"https:\/\/businessschool.luiss.it\/executive-programme-silver-economy\/curriculum\/","title":{"rendered":"Curriculum"},"content":{"rendered":"\n<p>Il Programma ha una durata complessiva di\u00a0<strong>1 mese\u00a0<\/strong>ed \u00e8 organizzato secondo la formula\u00a0<strong>part-time<\/strong> <strong>weekend\u00a0<\/strong>che, concentrando l\u2019impegno dei partecipanti principalmente nei week-end, permette di conciliare l\u2019attivit\u00e0 formativa con la carriera professionale.\u00a0<\/p>\n\n\n\n<p>Si struttura in&nbsp;<strong>6 moduli<\/strong>, per un totale di 32 ore di formazione on campus.<\/p>\n\n\n\n<p><strong>Modulo 1: Silver Economy: cos\u2019\u00e8 e perch\u00e9 sar\u00e0 sempre pi\u00f9 centrale nell\u2019economia e nella societ\u00e0<\/strong><\/p>\n\n\n\n<p>Durata: 4 ore, 1 incontro.<\/p>\n\n\n\n<p><strong>Modulo 2: I nuovi percorsi professionali per gli over 55<\/strong><\/p>\n\n\n\n<p>Durata: 4 ore, 1 incontro.<\/p>\n\n\n\n<p><strong>Modulo 3: Nuovi mercati e opportunit\u00e0 di business<\/strong><\/p>\n\n\n\n<p>Durata: 8 ore, 2 incontri.<\/p>\n\n\n\n<p><strong>Modulo 4: L\u2019opzione della imprenditorialit\u00e0 e il mercato del venture capital<\/strong><\/p>\n\n\n\n<p>Durata: 8 ore, 2 incontri.<\/p>\n\n\n\n<p><strong>Modulo 5: Le opportunit\u00e0 di sviluppo per i silvers nell\u2019assistenza, sanit\u00e0 e benessere<\/strong><\/p>\n\n\n\n<p>Durata: 4 ore, 1 incontro.<\/p>\n\n\n\n<p><strong>Modulo 6: Le opportunit\u00e0 di sviluppo per i silvers nell\u2019economia ambientale e sociale<\/strong><\/p>\n\n\n\n<p>Durata: 4 ore, 1 incontro.<\/p>\n\n\n\n<p><strong>Calendario e sedi<\/strong><\/p>\n\n\n\n<p><strong>Sede Roma<\/strong><\/p>\n\n\n\n<p>Le lezioni si svolgono il venerd\u00ec dalle ore 16.30 alle ore 20:30 e il sabato dalle ore 9.00 alle ore 18.00 presso la Luiss Business School \u2013 Villa Blanc, Via Nomentana 216, 00162 Roma.<\/p>\n\n\n\n<p><em>Salvo disposizioni di legge che impediscano lo svolgimento degli incontri in presenza, per cui la Luiss Business School si riserva il diritto di modificare la modalit\u00e0 di erogazione degli stessi, questi si terranno presso le sedi indicate e previste per il programma in oggetto.<\/em><\/p>\n","protected":false},"excerpt":{"rendered":"<p>Il Programma ha una durata complessiva di\u00a01 mese\u00a0ed \u00e8 organizzato secondo la formula\u00a0part-time weekend\u00a0che, concentrando l\u2019impegno dei partecipanti principalmente nei [&hellip;]<\/p>\n","protected":false},"author":11,"featured_media":0,"parent":0,"menu_order":0,"comment_status":"closed","ping_status":"closed","template":"","meta":{"_acf_changed":false,"footnotes":""},"categories":[],"tags":[],"docenti_teaching_area":[],"docenti_research_area":[],"tematiche":[],"lingue":[],"lunghezza_corsi":[],"class_list":["post-13","page","type-page","status-publish","hentry"],"acf":[],"aioseo_notices":[],"_links":{"self":[{"href":"https:\/\/businessschool.luiss.it\/executive-programme-silver-economy\/wp-json\/wp\/v2\/pages\/13","targetHints":{"allow":["GET"]}}],"collection":[{"href":"https:\/\/businessschool.luiss.it\/executive-programme-silver-economy\/wp-json\/wp\/v2\/pages"}],"about":[{"href":"https:\/\/businessschool.luiss.it\/executive-programme-silver-economy\/wp-json\/wp\/v2\/types\/page"}],"author":[{"embeddable":true,"href":"https:\/\/businessschool.luiss.it\/executive-programme-silver-economy\/wp-json\/wp\/v2\/users\/11"}],"replies":[{"embeddable":true,"href":"https:\/\/businessschool.luiss.it\/executive-programme-silver-economy\/wp-json\/wp\/v2\/comments?post=13"}],"version-history":[{"count":1,"href":"https:\/\/businessschool.luiss.it\/executive-programme-silver-economy\/wp-json\/wp\/v2\/pages\/13\/revisions"}],"predecessor-version":[{"id":14,"href":"https:\/\/businessschool.luiss.it\/executive-programme-silver-economy\/wp-json\/wp\/v2\/pages\/13\/revisions\/14"}],"wp:attachment":[{"href":"https:\/\/businessschool.luiss.it\/executive-programme-silver-economy\/wp-json\/wp\/v2\/media?parent=13"}],"wp:term":[{"taxonomy":"category","embeddable":true,"href":"https:\/\/businessschool.luiss.it\/executive-programme-silver-economy\/wp-json\/wp\/v2\/categories?post=13"},{"taxonomy":"post_tag","embeddable":true,"href":"https:\/\/businessschool.luiss.it\/executive-programme-silver-economy\/wp-json\/wp\/v2\/tags?post=13"},{"taxonomy":"docenti_teaching_area","embeddable":true,"href":"https:\/\/businessschool.luiss.it\/executive-programme-silver-economy\/wp-json\/wp\/v2\/docenti_teaching_area?post=13"},{"taxonomy":"docenti_research_area","embeddable":true,"href":"https:\/\/businessschool.luiss.it\/executive-programme-silver-economy\/wp-json\/wp\/v2\/docenti_research_area?post=13"},{"taxonomy":"tematiche","embeddable":true,"href":"https:\/\/businessschool.luiss.it\/executive-programme-silver-economy\/wp-json\/wp\/v2\/tematiche?post=13"},{"taxonomy":"lingue","embeddable":true,"href":"https:\/\/businessschool.luiss.it\/executive-programme-silver-economy\/wp-json\/wp\/v2\/lingue?post=13"},{"taxonomy":"lunghezza_corsi","embeddable":true,"href":"https:\/\/businessschool.luiss.it\/executive-programme-silver-economy\/wp-json\/wp\/v2\/lunghezza_corsi?post=13"}],"curies":[{"name":"wp","href":"https:\/\/api.w.org\/{rel}","templated":true}]}}