{"id":593,"date":"2019-01-11T10:44:11","date_gmt":"2019-01-11T10:44:11","guid":{"rendered":"https:\/\/businessschool.luiss.it\/family-business-management\/?page_id=593"},"modified":"2025-05-23T11:34:42","modified_gmt":"2025-05-23T11:34:42","slug":"partner-2","status":"publish","type":"page","link":"https:\/\/businessschool.luiss.it\/family-business-management\/partner-2\/","title":{"rendered":"Partner"},"content":{"rendered":"\n<h3 class=\"wp-block-heading\">Academic Partner<\/h3>\n\n\n\n<h4 class=\"wp-block-heading\"><strong>IE Center for families in business<\/strong><\/h4>\n\n\n\n<p>The IE Center for Families in Business represents IE\u2019s commitment to adding value to business families on a global scale.<\/p>\n\n\n\n<p>This process relies on over a decade of excellence in research in the field of family businesses, a management team with extensive experience and effective training in classrooms where leaders of great business families have studied. An authentic community of strategic reflection, whose vision extends from the family to the world.<\/p>\n\n\n\n<p>All of this is complemented by IE\u2019s pragmatic focus, and enriched by the emphasis on the humanities, digital transformation and entrepreneurship.<\/p>\n\n\n\n<figure class=\"wp-block-image\"><img decoding=\"async\" src=\"https:\/\/businessschool.luiss.it\/family-business-management\/wp-content\/uploads\/sites\/53\/2021\/07\/Picture-1.png\" alt=\"\"\/><\/figure>\n\n\n\n<h4 class=\"wp-block-heading\"><strong>I\u00c9SEG School of Management<\/strong><\/h4>\n\n\n\n<p>I\u00c9SEG School of Management is one of the top Business Schools in France, ranked 8<sup>th<\/sup> in France and 34<sup>th<\/sup> overall in the Financial Times Masters in Management 2021 ranking.<\/p>\n\n\n\n<p>As a French Grande \u00c9cole and member of the Conf\u00e9rence des Grandes \u00c9coles,&nbsp; I\u00c9SEG is part of the most prestigious higher education institutions in the country.<\/p>\n\n\n\n<p>I\u00c9SEG is part of Universit\u00e9 Catholique de Lille, which, by its organization, size, infrastructure, resources and quality is very similar to some famous British universities.<\/p>\n\n\n\n<p>Established in 1964 in Lille, the school has a second campus in Paris \u2013 La D\u00e9fense, Europe\u2019s biggest business hub. With its two campuses, the School counts more than 7100 students and 1000 Executives trained each year.<\/p>\n\n\n\n<figure class=\"wp-block-image\"><img decoding=\"async\" src=\"https:\/\/businessschool.luiss.it\/family-business-management\/wp-content\/uploads\/sites\/53\/2021\/07\/Picture-1.jpg\" alt=\"\"\/><\/figure>\n\n\n\n<h3 class=\"wp-block-heading\">Main Partner<\/h3>\n\n\n\n<h4 class=\"wp-block-heading\"><strong>Intesa Sanpaolo <\/strong><\/h4>\n\n\n\n<p>Intesa Sanpaolo, with \u20ac417 billion in loans and \u20ac1.4 trillion in customer financial assets at the end of March 2025, is the largest banking group in Italy, with a significant international presence. It is a European leader in wealth management, with a strong focus on digital and fintech. The Group will provide \u20ac115 billion of Impact lending by 2025 to support communities and the green transition, together with a \u20ac1.5 billion program (2023-2027) to help people in need. The Bank&#8217;s network of museums, the Gallerie d&#8217;Italia, hosts its owned artistic heritage and cultural projects of recognized value.<\/p>\n\n\n\n<figure class=\"wp-block-image is-resized\"><img decoding=\"async\" src=\"https:\/\/businessschool.luiss.it\/family-business-management\/wp-content\/uploads\/sites\/53\/2021\/07\/Picture-1-1.png\" alt=\"\" style=\"width:398px;height:46px\"\/><\/figure>\n","protected":false},"excerpt":{"rendered":"<p>Academic Partner IE Center for families in business The IE Center for Families in Business represents IE\u2019s commitment to adding [&hellip;]<\/p>\n","protected":false},"author":5,"featured_media":0,"parent":0,"menu_order":0,"comment_status":"closed","ping_status":"closed","template":"page-default.php","meta":{"_acf_changed":false,"footnotes":""},"categories":[],"tags":[],"docenti_teaching_area":[],"docenti_research_area":[],"tematiche":[],"lingue":[],"lunghezza_corsi":[],"class_list":["post-593","page","type-page","status-publish","hentry"],"acf":[],"aioseo_notices":[],"_links":{"self":[{"href":"https:\/\/businessschool.luiss.it\/family-business-management\/wp-json\/wp\/v2\/pages\/593","targetHints":{"allow":["GET"]}}],"collection":[{"href":"https:\/\/businessschool.luiss.it\/family-business-management\/wp-json\/wp\/v2\/pages"}],"about":[{"href":"https:\/\/businessschool.luiss.it\/family-business-management\/wp-json\/wp\/v2\/types\/page"}],"author":[{"embeddable":true,"href":"https:\/\/businessschool.luiss.it\/family-business-management\/wp-json\/wp\/v2\/users\/5"}],"replies":[{"embeddable":true,"href":"https:\/\/businessschool.luiss.it\/family-business-management\/wp-json\/wp\/v2\/comments?post=593"}],"version-history":[{"count":5,"href":"https:\/\/businessschool.luiss.it\/family-business-management\/wp-json\/wp\/v2\/pages\/593\/revisions"}],"predecessor-version":[{"id":962,"href":"https:\/\/businessschool.luiss.it\/family-business-management\/wp-json\/wp\/v2\/pages\/593\/revisions\/962"}],"wp:attachment":[{"href":"https:\/\/businessschool.luiss.it\/family-business-management\/wp-json\/wp\/v2\/media?parent=593"}],"wp:term":[{"taxonomy":"category","embeddable":true,"href":"https:\/\/businessschool.luiss.it\/family-business-management\/wp-json\/wp\/v2\/categories?post=593"},{"taxonomy":"post_tag","embeddable":true,"href":"https:\/\/businessschool.luiss.it\/family-business-management\/wp-json\/wp\/v2\/tags?post=593"},{"taxonomy":"docenti_teaching_area","embeddable":true,"href":"https:\/\/businessschool.luiss.it\/family-business-management\/wp-json\/wp\/v2\/docenti_teaching_area?post=593"},{"taxonomy":"docenti_research_area","embeddable":true,"href":"https:\/\/businessschool.luiss.it\/family-business-management\/wp-json\/wp\/v2\/docenti_research_area?post=593"},{"taxonomy":"tematiche","embeddable":true,"href":"https:\/\/businessschool.luiss.it\/family-business-management\/wp-json\/wp\/v2\/tematiche?post=593"},{"taxonomy":"lingue","embeddable":true,"href":"https:\/\/businessschool.luiss.it\/family-business-management\/wp-json\/wp\/v2\/lingue?post=593"},{"taxonomy":"lunghezza_corsi","embeddable":true,"href":"https:\/\/businessschool.luiss.it\/family-business-management\/wp-json\/wp\/v2\/lunghezza_corsi?post=593"}],"curies":[{"name":"wp","href":"https:\/\/api.w.org\/{rel}","templated":true}]}}