{"id":260,"date":"2017-10-17T07:41:48","date_gmt":"2017-10-17T07:41:48","guid":{"rendered":"https:\/\/businessschool.luiss.it\/five-stars-hotel-management\/?page_id=260"},"modified":"2024-05-24T15:41:21","modified_gmt":"2024-05-24T15:41:21","slug":"come-iscriversi","status":"publish","type":"page","link":"https:\/\/businessschool.luiss.it\/five-stars-hotel-management\/come-iscriversi\/","title":{"rendered":"Come iscriversi"},"content":{"rendered":"<h3>Ammissione e iscrizione<\/h3>\n<p>Per iscriversi al Corso in Five Stars Hotel Management \u00e8 necessario superare il test di ammissione che valuta le capacit\u00e0, la motivazione e il potenziale dei candidati. Il test pu\u00f2 essere sostenuto in sede oppure da remoto.<\/p>\n<p><i><span lang=\"IT\">Per uno sguardo approfondito sulla procedura di ammissione, leggi la scheda informativa del <\/span><\/i><a title=\"https:\/\/businessschool.luiss.it\/wp-content\/uploads\/2020\/03\/Admission-Process_ITA.pdf\" contenteditable=\"false\" href=\"https:\/\/businessschool.luiss.it\/wp-content\/uploads\/2020\/03\/Admission-Process_ITA.pdf\"><i><span lang=\"IT\">processo di ammissione<\/span><\/i><\/a><i><span lang=\"IT\"> della Luiss Business School.<\/span><\/i><\/p>\n<h3>Requisiti di ammissione<\/h3>\n<ul>\n<li>Laurati di I, II livello o con ordinamento a ciclo unico o diplomati con significativa esperienza nel settore dell\u2019hospitality<\/li>\n<li>Test di ammissione<\/li>\n<\/ul>\n<h3>Test di ammissione<\/h3>\n<p>Il test di ammissione al Corso in Five Stars Hotel Management \u00e8 composto da:<\/p>\n<ul>\n<li>test di lingua inglese: due test scritti con domande a risposta aperta e multipla (i candidati in possesso di un certificato TOEFL\/IELTS con elevato punteggio e in corso di validit\u00e0, possono essere esonerati dal test d\u2019inglese)<\/li>\n<li>test di logica induttiva, numerica e verbale: un test scritto con domande a risposta multipla (i candidati in possesso di un certificato GMAT\/GRE con elevato punteggio e in corso di validit\u00e0, possono essere esonerati dal test di logica)<\/li>\n<li>colloqui motivazionali<\/li>\n<\/ul>\n<h3>Documentazione richiesta<\/h3>\n<p>Per partecipare al test di ammissione \u00e8 necessario <a href=\"https:\/\/businessschool.luiss.it\/application\/?pid=P-000004\">compilare il form<\/a> e sar\u00e0 richiesta\u00a0la seguente documentazione:<\/p>\n<ul>\n<li>copia del certificato di laurea o certificato di diploma*<\/li>\n<li>CV<\/li>\n<li>copia di un documento di identit\u00e0<\/li>\n<li>fototessera digitale<\/li>\n<li>ricevuta di versamento della quota di partecipazione alle selezioni pari a \u20ac 100 (non rimborsabile)<\/li>\n<li>eventuale Certificato TOEFL\/IELTS (opzionale)<\/li>\n<li>eventuale Certificato GMAT\/GRE (opzionale)<\/li>\n<\/ul>\n<p>* <i>\u00a0i candidati non ancora in possesso del certificato di laurea potranno fornire l\u2019autocertificazione utilizzando il format Luiss Business School disponibile\u00a0<\/i><a title=\"https:\/\/businessschool.luiss.it\/wp-content\/uploads\/2021\/01\/Autocertificazione-2021.pdf\" contenteditable=\"false\" href=\"https:\/\/businessschool.luiss.it\/wp-content\/uploads\/2021\/01\/Autocertificazione-2021.pdf\"><b><i>QUI<\/i><\/b><\/a><i>.<\/i><\/p>\n<div>\n<h3>Pagamento della quota d\u2019accesso alle selezioni<\/h3>\n<\/div>\n<p>Il pagamento della quota d\u2019accesso alle selezioni pu\u00f2 essere effettuato <strong>online <\/strong>contestualmente all\u2019application.<\/p>\n\n\n<p><\/p>\n","protected":false},"excerpt":{"rendered":"<p>Ammissione e iscrizione Per iscriversi al Corso in Five Stars Hotel Management \u00e8 necessario superare il test di ammissione che [&hellip;]<\/p>\n","protected":false},"author":5,"featured_media":0,"parent":0,"menu_order":0,"comment_status":"closed","ping_status":"closed","template":"page-default.php","meta":{"_acf_changed":false,"footnotes":""},"categories":[],"tags":[],"docenti_teaching_area":[],"docenti_research_area":[],"tematiche":[],"lingue":[],"lunghezza_corsi":[],"class_list":["post-260","page","type-page","status-publish","hentry"],"acf":[],"aioseo_notices":[],"_links":{"self":[{"href":"https:\/\/businessschool.luiss.it\/five-stars-hotel-management\/wp-json\/wp\/v2\/pages\/260","targetHints":{"allow":["GET"]}}],"collection":[{"href":"https:\/\/businessschool.luiss.it\/five-stars-hotel-management\/wp-json\/wp\/v2\/pages"}],"about":[{"href":"https:\/\/businessschool.luiss.it\/five-stars-hotel-management\/wp-json\/wp\/v2\/types\/page"}],"author":[{"embeddable":true,"href":"https:\/\/businessschool.luiss.it\/five-stars-hotel-management\/wp-json\/wp\/v2\/users\/5"}],"replies":[{"embeddable":true,"href":"https:\/\/businessschool.luiss.it\/five-stars-hotel-management\/wp-json\/wp\/v2\/comments?post=260"}],"version-history":[{"count":6,"href":"https:\/\/businessschool.luiss.it\/five-stars-hotel-management\/wp-json\/wp\/v2\/pages\/260\/revisions"}],"predecessor-version":[{"id":472,"href":"https:\/\/businessschool.luiss.it\/five-stars-hotel-management\/wp-json\/wp\/v2\/pages\/260\/revisions\/472"}],"wp:attachment":[{"href":"https:\/\/businessschool.luiss.it\/five-stars-hotel-management\/wp-json\/wp\/v2\/media?parent=260"}],"wp:term":[{"taxonomy":"category","embeddable":true,"href":"https:\/\/businessschool.luiss.it\/five-stars-hotel-management\/wp-json\/wp\/v2\/categories?post=260"},{"taxonomy":"post_tag","embeddable":true,"href":"https:\/\/businessschool.luiss.it\/five-stars-hotel-management\/wp-json\/wp\/v2\/tags?post=260"},{"taxonomy":"docenti_teaching_area","embeddable":true,"href":"https:\/\/businessschool.luiss.it\/five-stars-hotel-management\/wp-json\/wp\/v2\/docenti_teaching_area?post=260"},{"taxonomy":"docenti_research_area","embeddable":true,"href":"https:\/\/businessschool.luiss.it\/five-stars-hotel-management\/wp-json\/wp\/v2\/docenti_research_area?post=260"},{"taxonomy":"tematiche","embeddable":true,"href":"https:\/\/businessschool.luiss.it\/five-stars-hotel-management\/wp-json\/wp\/v2\/tematiche?post=260"},{"taxonomy":"lingue","embeddable":true,"href":"https:\/\/businessschool.luiss.it\/five-stars-hotel-management\/wp-json\/wp\/v2\/lingue?post=260"},{"taxonomy":"lunghezza_corsi","embeddable":true,"href":"https:\/\/businessschool.luiss.it\/five-stars-hotel-management\/wp-json\/wp\/v2\/lunghezza_corsi?post=260"}],"curies":[{"name":"wp","href":"https:\/\/api.w.org\/{rel}","templated":true}]}}