{"id":5,"date":"2021-10-07T18:44:26","date_gmt":"2021-10-07T16:44:26","guid":{"rendered":"https:\/\/businessschool.luiss.it\/site-flex\/?page_id=4"},"modified":"2024-01-19T14:41:40","modified_gmt":"2024-01-19T13:41:40","slug":"overview","status":"publish","type":"page","link":"https:\/\/businessschool.luiss.it\/flex-bilancio-non-finance-manager\/","title":{"rendered":"Overview"},"content":{"rendered":"\n<p>Il Flex Executive Course in&nbsp;<strong>Lettura e analisi di Bilancio per non Finance Manager<\/strong>&nbsp;trasferisce le conoscenze fondamentali per la comprensione della logica dei valori di bilancio per consentire la comprensione della dinamica economico-finanziaria d\u2019impresa anche a chi non ha un background economico o finanziario.<\/p>\n\n\n\n<h3 class=\"wp-block-heading\">Obiettivi<\/h3>\n\n\n\n<p>L\u2019obiettivo principale \u00e8 far acquisire ai partecipanti conoscenze e competenze fondamentali per leggere e analizzare un Bilancio d\u2019esercizio considerando l\u2019impatto che concetti di sostenibilit\u00e0 possono avere sullo stesso. La metodologia utilizzata \u00e8 quella Flex con fornitura di digital learning materials -esercitazioni pratiche e casi aziendali- che poi verranno approfonditi durante le sessioni live online.<\/p>\n\n\n\n<p>Gli argomenti trattati saranno:<\/p>\n\n\n\n<ul class=\"wp-block-list\">\n<li>Comprendere la logica dei valori di Bilancio<\/li>\n\n\n\n<li>Analizzare, a partire dal Bilancio, i profili di redditivit\u00e0, solidit\u00e0, liquidit\u00e0 e sviluppo cogliendone le interrelazioni<\/li>\n\n\n\n<li>Interpretare le dimensioni economico-finanziarie dell\u2019impresa attraverso il Bilancio<\/li>\n\n\n\n<li>Presentare i risultati aziendali ai principali stakeholder interni (CdA, top management) ed esterni (azionisti, banche, finanziatori, clienti, fornitori)<\/li>\n\n\n\n<li>Valutare l\u2019impatto economico e finanziario delle decisioni aziendali<\/li>\n\n\n\n<li>Sviluppare un pensiero critico in riferimento all\u2019impatto che la sostenibilit\u00e0 ha sulle aziende<\/li>\n<\/ul>\n\n\n\n<h3 class=\"wp-block-heading\">A chi \u00e8 rivolto<\/h3>\n\n\n\n<p>Il corso si rivolge a manager appartenenti ad aree funzionali diverse dall\u2019Amministrazione, Finanza e Controllo che desiderano migliorare la capacit\u00e0 di leggere, analizzare e presentare le informazioni di natura economico-finanziaria. I destinatari del programma sono:<\/p>\n\n\n\n<ul class=\"wp-block-list\">\n<li>imprenditori e direttori generali;<\/li>\n\n\n\n<li>responsabili di business e di aree geografiche;<\/li>\n\n\n\n<li>dirigenti e responsabili di funzione (vendite, commerciale, marketing, produzione, logistica, ricerca e sviluppo, risorse umane, etc.).<\/li>\n<\/ul>\n\n\n\n<h3 class=\"wp-block-heading\">Attestato di partecipazione<\/h3>\n\n\n\n<p>Al termine del corso verr\u00e0 rilasciato un attestato di partecipazione a coloro che avranno frequentato almeno l\u201980% delle attivit\u00e0 di formazione previste dal programma.<\/p>\n","protected":false},"excerpt":{"rendered":"<p>Il Flex Executive Course in&nbsp;Lettura e analisi di Bilancio per non Finance Manager&nbsp;trasferisce le conoscenze fondamentali per la comprensione della [&hellip;]<\/p>\n","protected":false},"author":1,"featured_media":167,"parent":0,"menu_order":0,"comment_status":"closed","ping_status":"closed","template":"page-flex.php","meta":{"_acf_changed":false,"footnotes":""},"categories":[],"tags":[],"docenti_teaching_area":[],"docenti_research_area":[],"tematiche":[],"lingue":[],"lunghezza_corsi":[],"class_list":["post-5","page","type-page","status-publish","has-post-thumbnail","hentry"],"acf":[],"aioseo_notices":[],"_links":{"self":[{"href":"https:\/\/businessschool.luiss.it\/flex-bilancio-non-finance-manager\/wp-json\/wp\/v2\/pages\/5","targetHints":{"allow":["GET"]}}],"collection":[{"href":"https:\/\/businessschool.luiss.it\/flex-bilancio-non-finance-manager\/wp-json\/wp\/v2\/pages"}],"about":[{"href":"https:\/\/businessschool.luiss.it\/flex-bilancio-non-finance-manager\/wp-json\/wp\/v2\/types\/page"}],"author":[{"embeddable":true,"href":"https:\/\/businessschool.luiss.it\/flex-bilancio-non-finance-manager\/wp-json\/wp\/v2\/users\/1"}],"replies":[{"embeddable":true,"href":"https:\/\/businessschool.luiss.it\/flex-bilancio-non-finance-manager\/wp-json\/wp\/v2\/comments?post=5"}],"version-history":[{"count":5,"href":"https:\/\/businessschool.luiss.it\/flex-bilancio-non-finance-manager\/wp-json\/wp\/v2\/pages\/5\/revisions"}],"predecessor-version":[{"id":179,"href":"https:\/\/businessschool.luiss.it\/flex-bilancio-non-finance-manager\/wp-json\/wp\/v2\/pages\/5\/revisions\/179"}],"wp:featuredmedia":[{"embeddable":true,"href":"https:\/\/businessschool.luiss.it\/flex-bilancio-non-finance-manager\/wp-json\/wp\/v2\/media\/167"}],"wp:attachment":[{"href":"https:\/\/businessschool.luiss.it\/flex-bilancio-non-finance-manager\/wp-json\/wp\/v2\/media?parent=5"}],"wp:term":[{"taxonomy":"category","embeddable":true,"href":"https:\/\/businessschool.luiss.it\/flex-bilancio-non-finance-manager\/wp-json\/wp\/v2\/categories?post=5"},{"taxonomy":"post_tag","embeddable":true,"href":"https:\/\/businessschool.luiss.it\/flex-bilancio-non-finance-manager\/wp-json\/wp\/v2\/tags?post=5"},{"taxonomy":"docenti_teaching_area","embeddable":true,"href":"https:\/\/businessschool.luiss.it\/flex-bilancio-non-finance-manager\/wp-json\/wp\/v2\/docenti_teaching_area?post=5"},{"taxonomy":"docenti_research_area","embeddable":true,"href":"https:\/\/businessschool.luiss.it\/flex-bilancio-non-finance-manager\/wp-json\/wp\/v2\/docenti_research_area?post=5"},{"taxonomy":"tematiche","embeddable":true,"href":"https:\/\/businessschool.luiss.it\/flex-bilancio-non-finance-manager\/wp-json\/wp\/v2\/tematiche?post=5"},{"taxonomy":"lingue","embeddable":true,"href":"https:\/\/businessschool.luiss.it\/flex-bilancio-non-finance-manager\/wp-json\/wp\/v2\/lingue?post=5"},{"taxonomy":"lunghezza_corsi","embeddable":true,"href":"https:\/\/businessschool.luiss.it\/flex-bilancio-non-finance-manager\/wp-json\/wp\/v2\/lunghezza_corsi?post=5"}],"curies":[{"name":"wp","href":"https:\/\/api.w.org\/{rel}","templated":true}]}}