{"id":85,"date":"2022-02-02T12:19:11","date_gmt":"2022-02-02T11:19:11","guid":{"rendered":"https:\/\/businessschool.luiss.it\/site-flex\/?page_id=85"},"modified":"2024-01-19T14:42:46","modified_gmt":"2024-01-19T13:42:46","slug":"curriculum","status":"publish","type":"page","link":"https:\/\/businessschool.luiss.it\/flex-bilancio-non-finance-manager\/curriculum\/","title":{"rendered":"Curriculum"},"content":{"rendered":"\n<p>L&#8217;Executive Course si sviluppa in&nbsp;<strong>6 incontri serali<\/strong>, ciascuno tratta e approfondisce un tema del Bilancio, dell\u2019analisi di Bilancio e della creazione di valore.<\/p>\n\n\n\n<ul class=\"wp-block-list\">\n<li>Bilancio di esercizio: Conto Economico, Stato Patrimoniale e Rendiconto Finanziario<\/li>\n\n\n\n<li>La riclassificazione del Bilancio di esercizio per comprendere la situazione economica e la dinamica finanziaria<\/li>\n\n\n\n<li>L\u2019analisi dei profili di redditivit\u00e0, solidit\u00e0, liquidit\u00e0 e sviluppo<\/li>\n\n\n\n<li>La costruzione e l\u2019analisi del flusso di cassa e delle sue determinanti<\/li>\n\n\n\n<li>La valutazione della performance aziendali secondo la logica della creazione di valore<\/li>\n\n\n\n<li>Sostenibilit\u00e0 e Imprese: Efficienza energetica; Nuove professionalit\u00e0; Smart working tra rischi e opportunit\u00e0; Danni\u00a0 Greenwashing<\/li>\n<\/ul>\n\n\n\n<p>Per maggiori dettagli sul curriculum del programma <a href=\"https:\/\/businessschool.luiss.it\/flex-bilancio-non-finance-manager\/brochure\/\">scarica la brochure<\/a>.<\/p>\n","protected":false},"excerpt":{"rendered":"<p>L&#8217;Executive Course si sviluppa in&nbsp;6 incontri serali, ciascuno tratta e approfondisce un tema del Bilancio, dell\u2019analisi di Bilancio e della [&hellip;]<\/p>\n","protected":false},"author":1,"featured_media":0,"parent":0,"menu_order":0,"comment_status":"closed","ping_status":"closed","template":"","meta":{"_acf_changed":false,"footnotes":""},"categories":[],"tags":[],"docenti_teaching_area":[],"docenti_research_area":[],"tematiche":[],"lingue":[],"lunghezza_corsi":[],"class_list":["post-85","page","type-page","status-publish","hentry"],"acf":[],"aioseo_notices":[],"_links":{"self":[{"href":"https:\/\/businessschool.luiss.it\/flex-bilancio-non-finance-manager\/wp-json\/wp\/v2\/pages\/85","targetHints":{"allow":["GET"]}}],"collection":[{"href":"https:\/\/businessschool.luiss.it\/flex-bilancio-non-finance-manager\/wp-json\/wp\/v2\/pages"}],"about":[{"href":"https:\/\/businessschool.luiss.it\/flex-bilancio-non-finance-manager\/wp-json\/wp\/v2\/types\/page"}],"author":[{"embeddable":true,"href":"https:\/\/businessschool.luiss.it\/flex-bilancio-non-finance-manager\/wp-json\/wp\/v2\/users\/1"}],"replies":[{"embeddable":true,"href":"https:\/\/businessschool.luiss.it\/flex-bilancio-non-finance-manager\/wp-json\/wp\/v2\/comments?post=85"}],"version-history":[{"count":3,"href":"https:\/\/businessschool.luiss.it\/flex-bilancio-non-finance-manager\/wp-json\/wp\/v2\/pages\/85\/revisions"}],"predecessor-version":[{"id":181,"href":"https:\/\/businessschool.luiss.it\/flex-bilancio-non-finance-manager\/wp-json\/wp\/v2\/pages\/85\/revisions\/181"}],"wp:attachment":[{"href":"https:\/\/businessschool.luiss.it\/flex-bilancio-non-finance-manager\/wp-json\/wp\/v2\/media?parent=85"}],"wp:term":[{"taxonomy":"category","embeddable":true,"href":"https:\/\/businessschool.luiss.it\/flex-bilancio-non-finance-manager\/wp-json\/wp\/v2\/categories?post=85"},{"taxonomy":"post_tag","embeddable":true,"href":"https:\/\/businessschool.luiss.it\/flex-bilancio-non-finance-manager\/wp-json\/wp\/v2\/tags?post=85"},{"taxonomy":"docenti_teaching_area","embeddable":true,"href":"https:\/\/businessschool.luiss.it\/flex-bilancio-non-finance-manager\/wp-json\/wp\/v2\/docenti_teaching_area?post=85"},{"taxonomy":"docenti_research_area","embeddable":true,"href":"https:\/\/businessschool.luiss.it\/flex-bilancio-non-finance-manager\/wp-json\/wp\/v2\/docenti_research_area?post=85"},{"taxonomy":"tematiche","embeddable":true,"href":"https:\/\/businessschool.luiss.it\/flex-bilancio-non-finance-manager\/wp-json\/wp\/v2\/tematiche?post=85"},{"taxonomy":"lingue","embeddable":true,"href":"https:\/\/businessschool.luiss.it\/flex-bilancio-non-finance-manager\/wp-json\/wp\/v2\/lingue?post=85"},{"taxonomy":"lunghezza_corsi","embeddable":true,"href":"https:\/\/businessschool.luiss.it\/flex-bilancio-non-finance-manager\/wp-json\/wp\/v2\/lunghezza_corsi?post=85"}],"curies":[{"name":"wp","href":"https:\/\/api.w.org\/{rel}","templated":true}]}}