{"id":223,"date":"2025-03-05T11:35:50","date_gmt":"2025-03-05T10:35:50","guid":{"rendered":"https:\/\/businessschool.luiss.it\/flex-coaching\/?page_id=223"},"modified":"2025-03-05T11:35:50","modified_gmt":"2025-03-05T10:35:50","slug":"testimonianze","status":"publish","type":"page","link":"https:\/\/businessschool.luiss.it\/flex-coaching\/testimonianze\/","title":{"rendered":"Testimonianze"},"content":{"rendered":"\n<div class=\"wp-block-columns is-layout-flex wp-container-core-columns-is-layout-1 wp-block-columns-is-layout-flex\">\n<div class=\"wp-block-column is-layout-flow wp-block-column-is-layout-flow\" style=\"flex-basis:33.33%\">\n<figure class=\"wp-block-embed is-type-video is-provider-youtube wp-block-embed-youtube wp-embed-aspect-16-9 wp-has-aspect-ratio\"><div class=\"wp-block-embed__wrapper\">\n<iframe loading=\"lazy\" title=\"Coaching Insights - Flex Executive Coaching Programme #8  Gabriella Ferraro v2\" width=\"500\" height=\"281\" src=\"https:\/\/www.youtube.com\/embed\/v6_BHmVIquw?feature=oembed\" frameborder=\"0\" allow=\"accelerometer; autoplay; clipboard-write; encrypted-media; gyroscope; picture-in-picture; web-share\" referrerpolicy=\"strict-origin-when-cross-origin\" allowfullscreen><\/iframe>\n<\/div><\/figure>\n<\/div>\n\n\n\n<div class=\"wp-block-column is-layout-flow wp-block-column-is-layout-flow\" style=\"flex-basis:66.66%\">\n<p style=\"font-size:24px\"><strong>Gabriella Ferraro<\/strong>, <em>Executive Coach<\/em><\/p>\n\n\n\n<p>Nel mio percorso di crescita personale e professionale ho sempre fatto dei corsi di formazione molto tecnici per allenare le mie competenze tecniche. A un certo punto mi sono resa conto che mi mancava un punto di vista e ho pensato che il coaching potesse essere la risposta [&#8230;]. Credo di aver acquisito almeno due super poteri. Il primo \u00e8 quello dell\u2019ascolto attivo, sicuramente. Il secondo \u00e8 imparare a mettermi in secondo piano rispetto all\u2019altro.<\/p>\n<\/div>\n<\/div>\n\n\n\n<hr class=\"wp-block-separator has-alpha-channel-opacity is-style-wide\"\/>\n\n\n\n<div style=\"height:20px\" aria-hidden=\"true\" class=\"wp-block-spacer\"><\/div>\n\n\n\n<div class=\"wp-block-columns is-layout-flex wp-container-core-columns-is-layout-2 wp-block-columns-is-layout-flex\">\n<div class=\"wp-block-column is-layout-flow wp-block-column-is-layout-flow\" style=\"flex-basis:33.33%\">\n<figure class=\"wp-block-embed is-type-video is-provider-youtube wp-block-embed-youtube wp-embed-aspect-16-9 wp-has-aspect-ratio\"><div class=\"wp-block-embed__wrapper\">\n<iframe loading=\"lazy\" title=\"Coaching Insights - Flex Executive Coaching Programme #6 Fabio Meloni\" width=\"500\" height=\"281\" src=\"https:\/\/www.youtube.com\/embed\/iA6Ffnzmb5E?feature=oembed\" frameborder=\"0\" allow=\"accelerometer; autoplay; clipboard-write; encrypted-media; gyroscope; picture-in-picture; web-share\" referrerpolicy=\"strict-origin-when-cross-origin\" allowfullscreen><\/iframe>\n<\/div><\/figure>\n<\/div>\n\n\n\n<div class=\"wp-block-column is-layout-flow wp-block-column-is-layout-flow\" style=\"flex-basis:66.66%\">\n<p style=\"font-size:24px\"><strong>Fabio Meloni<\/strong>, <em>Psicologo psicoterapeuta<\/em><\/p>\n\n\n\n<p>Negli ultimi tempi ho notato che la domanda da parte dei miei clienti stava cominciando a cambiare. Oltre alla richiesta di cura, \u00e8 emersa una richiesta di orientamento di miglior bilanciamento tra la vita personale e la vita professionale, di miglioramento nell\u2019utilizzo delle risorse personali. Diventare coach mi permette di migliorare le tecniche di ascolto attivo e di migliorare anche la capacit\u00e0 di rimanere sullo sfondo, di dare centralit\u00e0 alla persona che ho davanti.<\/p>\n<\/div>\n<\/div>\n\n\n\n<hr class=\"wp-block-separator has-alpha-channel-opacity is-style-wide\"\/>\n\n\n\n<div style=\"height:20px\" aria-hidden=\"true\" class=\"wp-block-spacer\"><\/div>\n\n\n\n<div class=\"wp-block-columns is-layout-flex wp-container-core-columns-is-layout-3 wp-block-columns-is-layout-flex\">\n<div class=\"wp-block-column is-layout-flow wp-block-column-is-layout-flow\" style=\"flex-basis:33.33%\">\n<figure class=\"wp-block-embed is-type-video is-provider-youtube wp-block-embed-youtube wp-embed-aspect-16-9 wp-has-aspect-ratio\"><div class=\"wp-block-embed__wrapper\">\n<iframe loading=\"lazy\" title=\"Coaching Insights - Flex Executive Coaching Programme #7 Laura D\u2019Abbondanza\" width=\"500\" height=\"281\" src=\"https:\/\/www.youtube.com\/embed\/IuvrbPACE9o?feature=oembed\" frameborder=\"0\" allow=\"accelerometer; autoplay; clipboard-write; encrypted-media; gyroscope; picture-in-picture; web-share\" referrerpolicy=\"strict-origin-when-cross-origin\" allowfullscreen><\/iframe>\n<\/div><\/figure>\n<\/div>\n\n\n\n<div class=\"wp-block-column is-layout-flow wp-block-column-is-layout-flow\" style=\"flex-basis:66.66%\">\n<p style=\"font-size:24px\"><strong>Laura D\u2019Abbondanza<\/strong>, <em>Insegnante certificata, SIY Global<\/em><\/p>\n\n\n\n<p>Se apprendere significa acquisire nuove conoscenze e nuove abilit\u00e0 che ci mutano sicuramente apprendere l\u2019altro \u00e8 una delle esperienze di apprendimento pi\u00f9 importanti e anche pi\u00f9 impegnative che ci siano. Essere coach per me significa esserci con e per l\u2019altro nella modalit\u00e0 pi\u00f9 alta che ci possa essere. Esserci senza togliere nulla all\u2019atro, anzi restituendo all\u2019altro l\u2019immagine pi\u00f9 fedele a s\u00e9 [&#8230;]. Il coaching per me \u00e8 un modo non solo di onorare le relazioni ma anche di celebrarle.<\/p>\n<\/div>\n<\/div>\n","protected":false},"excerpt":{"rendered":"<p>Gabriella Ferraro, Executive Coach Nel mio percorso di crescita personale e professionale ho sempre fatto dei corsi di formazione molto [&hellip;]<\/p>\n","protected":false},"author":10,"featured_media":0,"parent":0,"menu_order":0,"comment_status":"closed","ping_status":"closed","template":"","meta":{"_acf_changed":false,"footnotes":""},"categories":[],"tags":[],"docenti_teaching_area":[],"docenti_research_area":[],"tematiche":[],"lingue":[],"lunghezza_corsi":[],"class_list":["post-223","page","type-page","status-publish","hentry"],"acf":[],"aioseo_notices":[],"_links":{"self":[{"href":"https:\/\/businessschool.luiss.it\/flex-coaching\/wp-json\/wp\/v2\/pages\/223","targetHints":{"allow":["GET"]}}],"collection":[{"href":"https:\/\/businessschool.luiss.it\/flex-coaching\/wp-json\/wp\/v2\/pages"}],"about":[{"href":"https:\/\/businessschool.luiss.it\/flex-coaching\/wp-json\/wp\/v2\/types\/page"}],"author":[{"embeddable":true,"href":"https:\/\/businessschool.luiss.it\/flex-coaching\/wp-json\/wp\/v2\/users\/10"}],"replies":[{"embeddable":true,"href":"https:\/\/businessschool.luiss.it\/flex-coaching\/wp-json\/wp\/v2\/comments?post=223"}],"version-history":[{"count":7,"href":"https:\/\/businessschool.luiss.it\/flex-coaching\/wp-json\/wp\/v2\/pages\/223\/revisions"}],"predecessor-version":[{"id":262,"href":"https:\/\/businessschool.luiss.it\/flex-coaching\/wp-json\/wp\/v2\/pages\/223\/revisions\/262"}],"wp:attachment":[{"href":"https:\/\/businessschool.luiss.it\/flex-coaching\/wp-json\/wp\/v2\/media?parent=223"}],"wp:term":[{"taxonomy":"category","embeddable":true,"href":"https:\/\/businessschool.luiss.it\/flex-coaching\/wp-json\/wp\/v2\/categories?post=223"},{"taxonomy":"post_tag","embeddable":true,"href":"https:\/\/businessschool.luiss.it\/flex-coaching\/wp-json\/wp\/v2\/tags?post=223"},{"taxonomy":"docenti_teaching_area","embeddable":true,"href":"https:\/\/businessschool.luiss.it\/flex-coaching\/wp-json\/wp\/v2\/docenti_teaching_area?post=223"},{"taxonomy":"docenti_research_area","embeddable":true,"href":"https:\/\/businessschool.luiss.it\/flex-coaching\/wp-json\/wp\/v2\/docenti_research_area?post=223"},{"taxonomy":"tematiche","embeddable":true,"href":"https:\/\/businessschool.luiss.it\/flex-coaching\/wp-json\/wp\/v2\/tematiche?post=223"},{"taxonomy":"lingue","embeddable":true,"href":"https:\/\/businessschool.luiss.it\/flex-coaching\/wp-json\/wp\/v2\/lingue?post=223"},{"taxonomy":"lunghezza_corsi","embeddable":true,"href":"https:\/\/businessschool.luiss.it\/flex-coaching\/wp-json\/wp\/v2\/lunghezza_corsi?post=223"}],"curies":[{"name":"wp","href":"https:\/\/api.w.org\/{rel}","templated":true}]}}