{"id":2,"date":"2021-09-21T11:47:06","date_gmt":"2021-09-21T09:47:06","guid":{"rendered":"https:\/\/businessschool.luiss.it\/flex-executive-programme-esg-sviluppo-sostenibile\/?page_id=2"},"modified":"2022-10-21T10:54:36","modified_gmt":"2022-10-21T08:54:36","slug":"partner","status":"publish","type":"page","link":"https:\/\/businessschool.luiss.it\/flex-executive-programme-esg-sviluppo-sostenibile\/partner\/","title":{"rendered":"Partner"},"content":{"rendered":"\n<figure class=\"wp-block-image size-large is-resized\"><img loading=\"lazy\" decoding=\"async\" src=\"https:\/\/businessschool.luiss.it\/flex-executive-programme-esg-sviluppo-sostenibile\/wp-content\/uploads\/sites\/191\/2022\/02\/AISEC-1.jpg\" alt=\"\" class=\"wp-image-91\" width=\"276\" height=\"209\" srcset=\"https:\/\/businessschool.luiss.it\/flex-executive-programme-esg-sviluppo-sostenibile\/wp-content\/uploads\/sites\/191\/2022\/02\/AISEC-1.jpg 591w, https:\/\/businessschool.luiss.it\/flex-executive-programme-esg-sviluppo-sostenibile\/wp-content\/uploads\/sites\/191\/2022\/02\/AISEC-1-300x228.jpg 300w\" sizes=\"auto, (max-width: 276px) 100vw, 276px\" \/><\/figure>\n\n\n\n<p><strong>AISEC&nbsp;<\/strong>(Associazione Italiana per lo Sviluppo dell\u2019Economia Circolare) \u00e8 un\u2019associazione non-profit fondata nel 2015 che ha l\u2019obiettivo di promuovere, diffondere e applicare il concetto di economia circolare sia a livello nazionale che internazionale.&nbsp;<\/p>\n\n\n\n<p>La missione di AISEC \u00e8 di essere un efficace punto di riferimento nazionale per le imprese, enti pubblici e privati, Istituzioni e centri di ricerca&nbsp; capace di fornire strumenti per favorire il modello di economia circolare. Per il raggiungimento di questo obiettivo offre ai suoi associati progettazione specifica e formazione.<\/p>\n\n\n\n<figure class=\"wp-block-image size-large is-resized\"><img loading=\"lazy\" decoding=\"async\" src=\"https:\/\/businessschool.luiss.it\/flex-executive-programme-esg-sviluppo-sostenibile\/wp-content\/uploads\/sites\/191\/2022\/02\/Unknown-4.png\" alt=\"\" class=\"wp-image-107\" width=\"304\" height=\"126\" srcset=\"https:\/\/businessschool.luiss.it\/flex-executive-programme-esg-sviluppo-sostenibile\/wp-content\/uploads\/sites\/191\/2022\/02\/Unknown-4.png 500w, https:\/\/businessschool.luiss.it\/flex-executive-programme-esg-sviluppo-sostenibile\/wp-content\/uploads\/sites\/191\/2022\/02\/Unknown-4-300x124.png 300w\" sizes=\"auto, (max-width: 304px) 100vw, 304px\" \/><\/figure>\n\n\n\n<p>Nata nel marzo 2004,&nbsp;<strong>Nedcommunity<\/strong>&nbsp;\u00e8 l\u2019associazione italiana degli amministratori non esecutivi e indipendenti, componenti degli organi di governo e controllo delle imprese. L\u2019associazione conta oggi circa 700 associati, dei quali almeno due terzi amministratori o sindaci di societ\u00e0 quotate o di grandi dimensioni e un terzo esperti di corporate governance. Con la sua opera, l\u2019associazione favorisce il continuo sviluppo della cultura della corporate governance al fine di valorizzare il ruolo degli amministratori di societ\u00e0, soprattutto di quelli indipendenti, interagendo con tutti gli organismi e le istituzioni, nazionali e internazionali, che perseguono finalit\u00e0 analoghe o complementari. Dal 2021 Nedcommunity \u00e8 associazione riconosciuta. Nedcommunity \u00e8 membro di ecoDa, European Confederation of Director&#8217;s Associations e partecipa attivamente ai lavori della community internazionale. <br><br><\/p>\n\n\n\n<figure class=\"wp-block-image size-large is-resized\"><img loading=\"lazy\" decoding=\"async\" src=\"https:\/\/businessschool.luiss.it\/flex-executive-programme-esg-sviluppo-sostenibile\/wp-content\/uploads\/sites\/191\/2022\/03\/sm-marchio-4c-1024x442.png\" alt=\"\" class=\"wp-image-156\" width=\"287\" height=\"124\" srcset=\"https:\/\/businessschool.luiss.it\/flex-executive-programme-esg-sviluppo-sostenibile\/wp-content\/uploads\/sites\/191\/2022\/03\/sm-marchio-4c-1024x442.png 1024w, https:\/\/businessschool.luiss.it\/flex-executive-programme-esg-sviluppo-sostenibile\/wp-content\/uploads\/sites\/191\/2022\/03\/sm-marchio-4c-300x130.png 300w, https:\/\/businessschool.luiss.it\/flex-executive-programme-esg-sviluppo-sostenibile\/wp-content\/uploads\/sites\/191\/2022\/03\/sm-marchio-4c-768x332.png 768w, https:\/\/businessschool.luiss.it\/flex-executive-programme-esg-sviluppo-sostenibile\/wp-content\/uploads\/sites\/191\/2022\/03\/sm-marchio-4c-1536x663.png 1536w, https:\/\/businessschool.luiss.it\/flex-executive-programme-esg-sviluppo-sostenibile\/wp-content\/uploads\/sites\/191\/2022\/03\/sm-marchio-4c.png 1591w\" sizes=\"auto, (max-width: 287px) 100vw, 287px\" \/><\/figure>\n\n\n\n<p><strong>Sustainability Makers<\/strong>&nbsp;\u00e8 l\u2019associazione italiana che<strong>&nbsp;riunisce le professionalit\u00e0&nbsp;che si dedicano alla definizione e alla realizzazione di strategie e progetti di sostenibilit\u00e0<\/strong>, nelle imprese e in altre organizzazioni: opera per&nbsp;<strong>qualificare e promuovere tali professionalit\u00e0&nbsp;<\/strong>con l\u2019obiettivo di accrescerne<strong>&nbsp;competenza e autorevolezza<\/strong>, attraverso attivit\u00e0 di formazione e networking, studi e ricerche, convegni, workshop e webinar.<\/p>\n\n\n\n<p>Nata nel 2006 come CSR Manager Network, nel 2021 modifica il proprio nome in&nbsp;<strong>Sustainability Makers \u2013 the professional network<\/strong>&nbsp;e oggi riunisce oltre 200 associati in rappresentanza di oltre 150 organizzazioni.&nbsp;<strong>\u00c8 rappresentante dell\u2019Italia nel Global Network del WBCSD<\/strong>&nbsp;\u2013 World Business Council for Sustainable Development.<\/p>\n","protected":false},"excerpt":{"rendered":"<p>AISEC&nbsp;(Associazione Italiana per lo Sviluppo dell\u2019Economia Circolare) \u00e8 un\u2019associazione non-profit fondata nel 2015 che ha l\u2019obiettivo di promuovere, diffondere e [&hellip;]<\/p>\n","protected":false},"author":1,"featured_media":0,"parent":0,"menu_order":0,"comment_status":"closed","ping_status":"open","template":"","meta":{"_acf_changed":false,"footnotes":""},"categories":[],"tags":[],"docenti_teaching_area":[],"docenti_research_area":[],"tematiche":[],"lingue":[],"lunghezza_corsi":[],"class_list":["post-2","page","type-page","status-publish","hentry"],"acf":[],"aioseo_notices":[],"_links":{"self":[{"href":"https:\/\/businessschool.luiss.it\/flex-executive-programme-esg-sviluppo-sostenibile\/wp-json\/wp\/v2\/pages\/2","targetHints":{"allow":["GET"]}}],"collection":[{"href":"https:\/\/businessschool.luiss.it\/flex-executive-programme-esg-sviluppo-sostenibile\/wp-json\/wp\/v2\/pages"}],"about":[{"href":"https:\/\/businessschool.luiss.it\/flex-executive-programme-esg-sviluppo-sostenibile\/wp-json\/wp\/v2\/types\/page"}],"author":[{"embeddable":true,"href":"https:\/\/businessschool.luiss.it\/flex-executive-programme-esg-sviluppo-sostenibile\/wp-json\/wp\/v2\/users\/1"}],"replies":[{"embeddable":true,"href":"https:\/\/businessschool.luiss.it\/flex-executive-programme-esg-sviluppo-sostenibile\/wp-json\/wp\/v2\/comments?post=2"}],"version-history":[{"count":6,"href":"https:\/\/businessschool.luiss.it\/flex-executive-programme-esg-sviluppo-sostenibile\/wp-json\/wp\/v2\/pages\/2\/revisions"}],"predecessor-version":[{"id":177,"href":"https:\/\/businessschool.luiss.it\/flex-executive-programme-esg-sviluppo-sostenibile\/wp-json\/wp\/v2\/pages\/2\/revisions\/177"}],"wp:attachment":[{"href":"https:\/\/businessschool.luiss.it\/flex-executive-programme-esg-sviluppo-sostenibile\/wp-json\/wp\/v2\/media?parent=2"}],"wp:term":[{"taxonomy":"category","embeddable":true,"href":"https:\/\/businessschool.luiss.it\/flex-executive-programme-esg-sviluppo-sostenibile\/wp-json\/wp\/v2\/categories?post=2"},{"taxonomy":"post_tag","embeddable":true,"href":"https:\/\/businessschool.luiss.it\/flex-executive-programme-esg-sviluppo-sostenibile\/wp-json\/wp\/v2\/tags?post=2"},{"taxonomy":"docenti_teaching_area","embeddable":true,"href":"https:\/\/businessschool.luiss.it\/flex-executive-programme-esg-sviluppo-sostenibile\/wp-json\/wp\/v2\/docenti_teaching_area?post=2"},{"taxonomy":"docenti_research_area","embeddable":true,"href":"https:\/\/businessschool.luiss.it\/flex-executive-programme-esg-sviluppo-sostenibile\/wp-json\/wp\/v2\/docenti_research_area?post=2"},{"taxonomy":"tematiche","embeddable":true,"href":"https:\/\/businessschool.luiss.it\/flex-executive-programme-esg-sviluppo-sostenibile\/wp-json\/wp\/v2\/tematiche?post=2"},{"taxonomy":"lingue","embeddable":true,"href":"https:\/\/businessschool.luiss.it\/flex-executive-programme-esg-sviluppo-sostenibile\/wp-json\/wp\/v2\/lingue?post=2"},{"taxonomy":"lunghezza_corsi","embeddable":true,"href":"https:\/\/businessschool.luiss.it\/flex-executive-programme-esg-sviluppo-sostenibile\/wp-json\/wp\/v2\/lunghezza_corsi?post=2"}],"curies":[{"name":"wp","href":"https:\/\/api.w.org\/{rel}","templated":true}]}}