{"id":32,"date":"2021-09-21T11:55:54","date_gmt":"2021-09-21T09:55:54","guid":{"rendered":"https:\/\/businessschool.luiss.it\/flex-executive-programme-esg-sviluppo-sostenibile\/?page_id=32"},"modified":"2026-03-11T09:51:25","modified_gmt":"2026-03-11T08:51:25","slug":"overview-2","status":"publish","type":"page","link":"https:\/\/businessschool.luiss.it\/flex-executive-programme-esg-sviluppo-sostenibile\/","title":{"rendered":"Overview"},"content":{"rendered":"\n<h3 class=\"wp-block-heading\">Obiettivi<\/h3>\n\n\n\n<p>L&#8217;<strong>Executive Programme in Soluzioni ESG: strumenti per la competitivit\u00e0 sostenibile d\u2019impresa<\/strong> mira a promuovere l\u2019integrazione della Sostenibilit\u00e0 nelle Strategie e nei modelli di Business insieme all\u2019implementazione di soluzioni concrete in azienda. Particolare attenzione \u00e8 dedicata alla definizione di indicatori e al monitoraggio delle performance in grado di impattare sul processo decisionale di aziende, investitori e regolatori, garantendo allo stesso tempo la necessaria comparazione e la definizione di utili benchmark.<\/p>\n\n\n\n<h3 class=\"wp-block-heading\">A chi \u00e8 rivolto<\/h3>\n\n\n\n<p>Il programma si rivolge a Manager, Imprenditori, Membri di Cda, Consulenti di societ\u00e0 pubbliche e private, referenti per i rapporti con gli stakeholder, Sustainability Manager e CSR manager, cos\u00ec come Operation Manager, professionisti di Marketing, comunicazione e Relazioni Esterne, nonch\u00e9 Controller, Accountant e Commercialisti.<\/p>\n\n\n\n<p>Pi\u00f9 in generale a chiunque sia interessato a comprendere come integrare sostenibilit\u00e0 fattori ESG nei modelli di business per definire una strategia purpose-driven.<\/p>\n\n\n\n<h3 class=\"wp-block-heading\">Attestato di partecipazione<\/h3>\n\n\n\n<p>Al termine del corso verr\u00e0 rilasciato un attestato di partecipazione a coloro che avranno frequentato almeno l\u201980% delle attivit\u00e0 di formazione previste dal programma.<\/p>\n","protected":false},"excerpt":{"rendered":"<p>Obiettivi L&#8217;Executive Programme in Soluzioni ESG: strumenti per la competitivit\u00e0 sostenibile d\u2019impresa mira a promuovere l\u2019integrazione della Sostenibilit\u00e0 nelle Strategie [&hellip;]<\/p>\n","protected":false},"author":13,"featured_media":0,"parent":0,"menu_order":0,"comment_status":"closed","ping_status":"closed","template":"page-flex.php","meta":{"_acf_changed":false,"footnotes":""},"categories":[],"tags":[],"docenti_teaching_area":[],"docenti_research_area":[],"tematiche":[],"lingue":[],"lunghezza_corsi":[],"class_list":["post-32","page","type-page","status-publish","hentry"],"acf":[],"aioseo_notices":[],"_links":{"self":[{"href":"https:\/\/businessschool.luiss.it\/flex-executive-programme-esg-sviluppo-sostenibile\/wp-json\/wp\/v2\/pages\/32","targetHints":{"allow":["GET"]}}],"collection":[{"href":"https:\/\/businessschool.luiss.it\/flex-executive-programme-esg-sviluppo-sostenibile\/wp-json\/wp\/v2\/pages"}],"about":[{"href":"https:\/\/businessschool.luiss.it\/flex-executive-programme-esg-sviluppo-sostenibile\/wp-json\/wp\/v2\/types\/page"}],"author":[{"embeddable":true,"href":"https:\/\/businessschool.luiss.it\/flex-executive-programme-esg-sviluppo-sostenibile\/wp-json\/wp\/v2\/users\/13"}],"replies":[{"embeddable":true,"href":"https:\/\/businessschool.luiss.it\/flex-executive-programme-esg-sviluppo-sostenibile\/wp-json\/wp\/v2\/comments?post=32"}],"version-history":[{"count":5,"href":"https:\/\/businessschool.luiss.it\/flex-executive-programme-esg-sviluppo-sostenibile\/wp-json\/wp\/v2\/pages\/32\/revisions"}],"predecessor-version":[{"id":242,"href":"https:\/\/businessschool.luiss.it\/flex-executive-programme-esg-sviluppo-sostenibile\/wp-json\/wp\/v2\/pages\/32\/revisions\/242"}],"wp:attachment":[{"href":"https:\/\/businessschool.luiss.it\/flex-executive-programme-esg-sviluppo-sostenibile\/wp-json\/wp\/v2\/media?parent=32"}],"wp:term":[{"taxonomy":"category","embeddable":true,"href":"https:\/\/businessschool.luiss.it\/flex-executive-programme-esg-sviluppo-sostenibile\/wp-json\/wp\/v2\/categories?post=32"},{"taxonomy":"post_tag","embeddable":true,"href":"https:\/\/businessschool.luiss.it\/flex-executive-programme-esg-sviluppo-sostenibile\/wp-json\/wp\/v2\/tags?post=32"},{"taxonomy":"docenti_teaching_area","embeddable":true,"href":"https:\/\/businessschool.luiss.it\/flex-executive-programme-esg-sviluppo-sostenibile\/wp-json\/wp\/v2\/docenti_teaching_area?post=32"},{"taxonomy":"docenti_research_area","embeddable":true,"href":"https:\/\/businessschool.luiss.it\/flex-executive-programme-esg-sviluppo-sostenibile\/wp-json\/wp\/v2\/docenti_research_area?post=32"},{"taxonomy":"tematiche","embeddable":true,"href":"https:\/\/businessschool.luiss.it\/flex-executive-programme-esg-sviluppo-sostenibile\/wp-json\/wp\/v2\/tematiche?post=32"},{"taxonomy":"lingue","embeddable":true,"href":"https:\/\/businessschool.luiss.it\/flex-executive-programme-esg-sviluppo-sostenibile\/wp-json\/wp\/v2\/lingue?post=32"},{"taxonomy":"lunghezza_corsi","embeddable":true,"href":"https:\/\/businessschool.luiss.it\/flex-executive-programme-esg-sviluppo-sostenibile\/wp-json\/wp\/v2\/lunghezza_corsi?post=32"}],"curies":[{"name":"wp","href":"https:\/\/api.w.org\/{rel}","templated":true}]}}