{"id":85,"date":"2022-02-02T12:19:11","date_gmt":"2022-02-02T11:19:11","guid":{"rendered":"https:\/\/businessschool.luiss.it\/site-flex\/?page_id=85"},"modified":"2025-03-18T17:15:37","modified_gmt":"2025-03-18T16:15:37","slug":"curriculum","status":"publish","type":"page","link":"https:\/\/businessschool.luiss.it\/flex-gestione-farmacie\/curriculum\/","title":{"rendered":"Curriculum"},"content":{"rendered":"\n<p>Il Programma \u00e8 composto da<strong>&nbsp;7 moduli&nbsp;<\/strong>cos\u00ec suddivisi:<\/p>\n\n\n\n<ul class=\"wp-block-list\">\n<li><strong>Modulo 1: Mercato del Farmaco, Distribuzione e GDO<\/strong><\/li>\n\n\n\n<li><strong>Modulo 2: Business Development delle Farmacie<\/strong><\/li>\n\n\n\n<li><strong>Modulo 3: Organizzazione, Gestione delle Risorse Umane e Leadership<\/strong><\/li>\n\n\n\n<li><strong>Modulo 4: Contabilit\u00e0 &amp; Fiscalit\u00e0<\/strong><\/li>\n\n\n\n<li><strong>Modulo 5: Gestione delle Relazioni con i Fornitori e Logistica<\/strong><\/li>\n\n\n\n<li><strong>Modulo 6: Nuove frontiere nella gestione delle Farmacie e Farmacie dei Servizi<\/strong><\/li>\n\n\n\n<li><strong>Modulo 7: Marketing &amp; Sales<\/strong><\/li>\n<\/ul>\n\n\n\n<p><em>Per maggiori dettagli sul curriculum del programma e dei singoli moduli scarica la brochure<\/em>.<\/p>\n\n\n\n<h3 class=\"wp-block-heading\">Calendario, Sedi e Frequenza<\/h3>\n\n\n\n<p>Il programma ha inizio <strong>a ottobre 2025<\/strong>.\u00a0<\/p>\n\n\n\n<p>Le sessioni si terranno il marted\u00ec e venerd\u00ec dalle 14:00 alle 16:00 e il sabato dalle 9:00 alle 18:00, prevalentemente in modalit\u00e0 distance learning, ad eccezzione del primo e l\u2019ultimo weekend formativo che si svolgeranno on campus presso il Milano Luiss Hub, Via Massimo D\u2019Azeglio 3, 20154 e presso la sede LIUC Business School, C.so Matteotti 22, 21053 Castellanza (VA).<\/p>\n\n\n\n<p><em>Per maggio dettagli sul calendario del programma <a href=\"https:\/\/businessschool.luiss.it\/flex-gestione-farmacie\/brochure\/\" title=\"\">scarica la brochure<\/a>.<\/em><\/p>\n","protected":false},"excerpt":{"rendered":"<p>Il Programma \u00e8 composto da&nbsp;7 moduli&nbsp;cos\u00ec suddivisi: Per maggiori dettagli sul curriculum del programma e dei singoli moduli scarica la [&hellip;]<\/p>\n","protected":false},"author":13,"featured_media":0,"parent":0,"menu_order":0,"comment_status":"closed","ping_status":"closed","template":"","meta":{"_acf_changed":false,"footnotes":""},"categories":[],"tags":[],"docenti_teaching_area":[],"docenti_research_area":[],"tematiche":[],"lingue":[],"lunghezza_corsi":[],"class_list":["post-85","page","type-page","status-publish","hentry"],"acf":[],"aioseo_notices":[],"_links":{"self":[{"href":"https:\/\/businessschool.luiss.it\/flex-gestione-farmacie\/wp-json\/wp\/v2\/pages\/85","targetHints":{"allow":["GET"]}}],"collection":[{"href":"https:\/\/businessschool.luiss.it\/flex-gestione-farmacie\/wp-json\/wp\/v2\/pages"}],"about":[{"href":"https:\/\/businessschool.luiss.it\/flex-gestione-farmacie\/wp-json\/wp\/v2\/types\/page"}],"author":[{"embeddable":true,"href":"https:\/\/businessschool.luiss.it\/flex-gestione-farmacie\/wp-json\/wp\/v2\/users\/13"}],"replies":[{"embeddable":true,"href":"https:\/\/businessschool.luiss.it\/flex-gestione-farmacie\/wp-json\/wp\/v2\/comments?post=85"}],"version-history":[{"count":6,"href":"https:\/\/businessschool.luiss.it\/flex-gestione-farmacie\/wp-json\/wp\/v2\/pages\/85\/revisions"}],"predecessor-version":[{"id":330,"href":"https:\/\/businessschool.luiss.it\/flex-gestione-farmacie\/wp-json\/wp\/v2\/pages\/85\/revisions\/330"}],"wp:attachment":[{"href":"https:\/\/businessschool.luiss.it\/flex-gestione-farmacie\/wp-json\/wp\/v2\/media?parent=85"}],"wp:term":[{"taxonomy":"category","embeddable":true,"href":"https:\/\/businessschool.luiss.it\/flex-gestione-farmacie\/wp-json\/wp\/v2\/categories?post=85"},{"taxonomy":"post_tag","embeddable":true,"href":"https:\/\/businessschool.luiss.it\/flex-gestione-farmacie\/wp-json\/wp\/v2\/tags?post=85"},{"taxonomy":"docenti_teaching_area","embeddable":true,"href":"https:\/\/businessschool.luiss.it\/flex-gestione-farmacie\/wp-json\/wp\/v2\/docenti_teaching_area?post=85"},{"taxonomy":"docenti_research_area","embeddable":true,"href":"https:\/\/businessschool.luiss.it\/flex-gestione-farmacie\/wp-json\/wp\/v2\/docenti_research_area?post=85"},{"taxonomy":"tematiche","embeddable":true,"href":"https:\/\/businessschool.luiss.it\/flex-gestione-farmacie\/wp-json\/wp\/v2\/tematiche?post=85"},{"taxonomy":"lingue","embeddable":true,"href":"https:\/\/businessschool.luiss.it\/flex-gestione-farmacie\/wp-json\/wp\/v2\/lingue?post=85"},{"taxonomy":"lunghezza_corsi","embeddable":true,"href":"https:\/\/businessschool.luiss.it\/flex-gestione-farmacie\/wp-json\/wp\/v2\/lunghezza_corsi?post=85"}],"curies":[{"name":"wp","href":"https:\/\/api.w.org\/{rel}","templated":true}]}}