{"id":91,"date":"2022-02-02T12:19:37","date_gmt":"2022-02-02T11:19:37","guid":{"rendered":"https:\/\/businessschool.luiss.it\/site-flex\/?page_id=91"},"modified":"2022-02-17T16:47:17","modified_gmt":"2022-02-17T15:47:17","slug":"partner","status":"publish","type":"page","link":"https:\/\/businessschool.luiss.it\/flex-real-estate-consultant\/partner\/","title":{"rendered":"Partner"},"content":{"rendered":"\n<figure class=\"wp-block-image size-large\"><img loading=\"lazy\" decoding=\"async\" width=\"283\" height=\"208\" src=\"https:\/\/businessschool.luiss.it\/flex-real-estate-consultant\/wp-content\/uploads\/sites\/209\/2022\/02\/FIABCI-ITALIA_logo.png\" alt=\"\" class=\"wp-image-124\"\/><\/figure>\n\n\n\n<p>FIABCI Italia \u00e8 il Capitolo Italiano di FIABCI International, associazione fondata nel 1977 che unisce, tra l&#8217;altro, circa 150 associazioni nazionali in 70 paesi. FIABCI ha come obiettivo quello di creare un network mondiale tra gli operatori immobiliari.<br>Il lavoro e l\u2019impegno di FIABCI Italia \u00e8 tutto rivolto a creare i presupposti e le condizioni per massimizzare l\u2019efficacia dei suoi membri nel fare business nel settore immobiliare, secondo criteri di professionalit\u00e0, eticit\u00e0, successo e redditivit\u00e0, e sostenere la competitivit\u00e0 e specializzazione dei suoi membri, grazie alla diffusione di visioni strategiche e conoscenze imprescindibili per muoversi con successo nel contesto sia locale che globale.<br><br><br><\/p>\n\n\n\n<figure class=\"wp-block-image size-large is-resized\"><img loading=\"lazy\" decoding=\"async\" src=\"https:\/\/businessschool.luiss.it\/flex-real-estate-consultant\/wp-content\/uploads\/sites\/209\/2022\/02\/logo_frimm.png\" alt=\"\" class=\"wp-image-125\" width=\"282\" height=\"104\" srcset=\"https:\/\/businessschool.luiss.it\/flex-real-estate-consultant\/wp-content\/uploads\/sites\/209\/2022\/02\/logo_frimm.png 761w, https:\/\/businessschool.luiss.it\/flex-real-estate-consultant\/wp-content\/uploads\/sites\/209\/2022\/02\/logo_frimm-300x112.png 300w\" sizes=\"auto, (max-width: 282px) 100vw, 282px\" \/><\/figure>\n\n\n\n<p>FRIMM \u00e8 il franchising immobiliare distinto dal Metodo Operativo FRIMM e dalla connessione al primo MLS italiano (MLS Agent RE, di propriet\u00e0 dell&#8217;azienda) che permette agli agenti immobiliari di collaborare con i colleghi per aumentare e velocizzare il proprio business a vantaggio dei clienti.<br>Con il suo terzo posto in Italia come network immobiliare per numero di punti vendita Aderenti, il marchio FRIMM non \u00e8 l&#8217;unico di propriet\u00e0 di Frimm S.p.A. Infatti l&#8217;azienda gestisce REplat (altro marchio di franchising immobiliare) e, come detto, MLS Agent RE, la prima piattaforma MLS (Multiple Listing Service) in Italia per la collaborazione tutelata tra agenti immobiliari, accessibile anche gratuitamente. A completare il quadro di attivit\u00e0 del Gruppo c&#8217;\u00e8 poi la divisione FRIMM Real Estate Investing, completamente dedicata alle operazioni di sviluppo immobiliare ovvero alla realizzazione di grandi complessi residenziali e a interventi di rigenerazione urbana nelle principali citt\u00e0 italiane.<\/p>\n","protected":false},"excerpt":{"rendered":"<p>FIABCI Italia \u00e8 il Capitolo Italiano di FIABCI International, associazione fondata nel 1977 che unisce, tra l&#8217;altro, circa 150 associazioni [&hellip;]<\/p>\n","protected":false},"author":1,"featured_media":0,"parent":0,"menu_order":0,"comment_status":"closed","ping_status":"closed","template":"","meta":{"_acf_changed":false,"footnotes":""},"categories":[],"tags":[],"docenti_teaching_area":[],"docenti_research_area":[],"tematiche":[],"lingue":[],"lunghezza_corsi":[],"class_list":["post-91","page","type-page","status-publish","hentry"],"acf":[],"aioseo_notices":[],"_links":{"self":[{"href":"https:\/\/businessschool.luiss.it\/flex-real-estate-consultant\/wp-json\/wp\/v2\/pages\/91","targetHints":{"allow":["GET"]}}],"collection":[{"href":"https:\/\/businessschool.luiss.it\/flex-real-estate-consultant\/wp-json\/wp\/v2\/pages"}],"about":[{"href":"https:\/\/businessschool.luiss.it\/flex-real-estate-consultant\/wp-json\/wp\/v2\/types\/page"}],"author":[{"embeddable":true,"href":"https:\/\/businessschool.luiss.it\/flex-real-estate-consultant\/wp-json\/wp\/v2\/users\/1"}],"replies":[{"embeddable":true,"href":"https:\/\/businessschool.luiss.it\/flex-real-estate-consultant\/wp-json\/wp\/v2\/comments?post=91"}],"version-history":[{"count":2,"href":"https:\/\/businessschool.luiss.it\/flex-real-estate-consultant\/wp-json\/wp\/v2\/pages\/91\/revisions"}],"predecessor-version":[{"id":127,"href":"https:\/\/businessschool.luiss.it\/flex-real-estate-consultant\/wp-json\/wp\/v2\/pages\/91\/revisions\/127"}],"wp:attachment":[{"href":"https:\/\/businessschool.luiss.it\/flex-real-estate-consultant\/wp-json\/wp\/v2\/media?parent=91"}],"wp:term":[{"taxonomy":"category","embeddable":true,"href":"https:\/\/businessschool.luiss.it\/flex-real-estate-consultant\/wp-json\/wp\/v2\/categories?post=91"},{"taxonomy":"post_tag","embeddable":true,"href":"https:\/\/businessschool.luiss.it\/flex-real-estate-consultant\/wp-json\/wp\/v2\/tags?post=91"},{"taxonomy":"docenti_teaching_area","embeddable":true,"href":"https:\/\/businessschool.luiss.it\/flex-real-estate-consultant\/wp-json\/wp\/v2\/docenti_teaching_area?post=91"},{"taxonomy":"docenti_research_area","embeddable":true,"href":"https:\/\/businessschool.luiss.it\/flex-real-estate-consultant\/wp-json\/wp\/v2\/docenti_research_area?post=91"},{"taxonomy":"tematiche","embeddable":true,"href":"https:\/\/businessschool.luiss.it\/flex-real-estate-consultant\/wp-json\/wp\/v2\/tematiche?post=91"},{"taxonomy":"lingue","embeddable":true,"href":"https:\/\/businessschool.luiss.it\/flex-real-estate-consultant\/wp-json\/wp\/v2\/lingue?post=91"},{"taxonomy":"lunghezza_corsi","embeddable":true,"href":"https:\/\/businessschool.luiss.it\/flex-real-estate-consultant\/wp-json\/wp\/v2\/lunghezza_corsi?post=91"}],"curies":[{"name":"wp","href":"https:\/\/api.w.org\/{rel}","templated":true}]}}