{"id":14,"date":"2024-05-22T17:47:59","date_gmt":"2024-05-22T15:47:59","guid":{"rendered":"https:\/\/businessschool.luiss.it\/fondimpresa\/?page_id=14"},"modified":"2024-06-05T15:18:58","modified_gmt":"2024-06-05T13:18:58","slug":"i-partner","status":"publish","type":"page","link":"https:\/\/businessschool.luiss.it\/fondimpresa\/i-partner\/","title":{"rendered":"I Partner"},"content":{"rendered":"\n<p>Il Progetto \u00e8 stato affidato ad un RTI formato da Luiss Guido Carli (Luiss Business School), Fondazione Giuseppe Di Vittorio, Fondazione ADAPT ed Eures Ricerche Economiche e Sociali.<\/p>\n\n\n\n<figure class=\"wp-block-image size-large is-resized\"><img loading=\"lazy\" decoding=\"async\" src=\"https:\/\/businessschool.luiss.it\/fondimpresa\/wp-content\/uploads\/sites\/289\/2024\/06\/DSC_2213-1024x684.jpg\" alt=\"Foto di uno dei convegni\" class=\"wp-image-136\" width=\"841\" height=\"562\" srcset=\"https:\/\/businessschool.luiss.it\/fondimpresa\/wp-content\/uploads\/sites\/289\/2024\/06\/DSC_2213-1024x684.jpg 1024w, https:\/\/businessschool.luiss.it\/fondimpresa\/wp-content\/uploads\/sites\/289\/2024\/06\/DSC_2213-300x200.jpg 300w, https:\/\/businessschool.luiss.it\/fondimpresa\/wp-content\/uploads\/sites\/289\/2024\/06\/DSC_2213-768x513.jpg 768w, https:\/\/businessschool.luiss.it\/fondimpresa\/wp-content\/uploads\/sites\/289\/2024\/06\/DSC_2213-1536x1025.jpg 1536w, https:\/\/businessschool.luiss.it\/fondimpresa\/wp-content\/uploads\/sites\/289\/2024\/06\/DSC_2213-2048x1367.jpg 2048w\" sizes=\"auto, (max-width: 841px) 100vw, 841px\" \/><\/figure>\n\n\n\n<p>L&#8217;insieme di competenze rappresentate dai Partner fornisce una sinergia preziosa di conoscenze accademiche, ricerca e consulenza nel settore sindacale e datoriale, focalizzate sull&#8217;analisi e sull&#8217;evoluzione del mondo del lavoro. Inoltre, il gruppo dispone di una ricca variet\u00e0 di risorse umane e strumentali, unite a un vasto bagaglio di know-how ed esperienze consolidate. Queste risorse, combinate, consentono ai membri del RTI di collaborare efficacemente per la realizzazione del progetto.<\/p>\n\n\n\n<div style=\"height:25px\" aria-hidden=\"true\" class=\"wp-block-spacer\"><\/div>\n\n\n\n<figure class=\"wp-block-image size-large is-resized\"><a href=\"https:\/\/www.luiss.it\"><img loading=\"lazy\" decoding=\"async\" src=\"https:\/\/businessschool.luiss.it\/fondimpresa\/wp-content\/uploads\/sites\/289\/2024\/05\/Luiss_logo-1024x186.png\" alt=\"Luiss (logo)\" class=\"wp-image-15\" width=\"259\" height=\"47\" srcset=\"https:\/\/businessschool.luiss.it\/fondimpresa\/wp-content\/uploads\/sites\/289\/2024\/05\/Luiss_logo-1024x186.png 1024w, https:\/\/businessschool.luiss.it\/fondimpresa\/wp-content\/uploads\/sites\/289\/2024\/05\/Luiss_logo-300x54.png 300w, https:\/\/businessschool.luiss.it\/fondimpresa\/wp-content\/uploads\/sites\/289\/2024\/05\/Luiss_logo-768x139.png 768w, https:\/\/businessschool.luiss.it\/fondimpresa\/wp-content\/uploads\/sites\/289\/2024\/05\/Luiss_logo-1536x278.png 1536w, https:\/\/businessschool.luiss.it\/fondimpresa\/wp-content\/uploads\/sites\/289\/2024\/05\/Luiss_logo-2048x371.png 2048w\" sizes=\"auto, (max-width: 259px) 100vw, 259px\" \/><\/a><\/figure>\n\n\n\n<p>La Luiss Libera Universit\u00e0 degli Studi Sociali Guido Carli \u00e8 una universit\u00e0 autonoma che comprende quattro Dipartimenti (Economia e Finanza, Impresa e Management, Giurisprudenza e Scienze Politiche) e cinque scuole (Luiss Business School, Luiss School of Government, Luiss School of European Political Economy, Luiss School of Law, Scuola Superiore di Giornalismo &#8220;Massimo Baldini&#8221;). Si distingue per le sue solide relazioni con universit\u00e0, aziende e istituzioni pubbliche e private. La Luiss Business School, il ramo dedicato alla formazione post-laurea ed esecutiva, alla ricerca applicata e alla consulenza per imprese e pubbliche amministrazioni, rappresenta un polo di conoscenza di alto valore aggiunto.<\/p>\n\n\n\n<figure class=\"wp-block-image size-large is-resized\"><a href=\"https:\/\/www.fondazionedivittorio.it\/it\"><img loading=\"lazy\" decoding=\"async\" src=\"https:\/\/businessschool.luiss.it\/fondimpresa\/wp-content\/uploads\/sites\/289\/2024\/05\/logo-FDV-vettoriale-1024x820.png\" alt=\"FDV (logo)\" class=\"wp-image-17\" width=\"211\" height=\"171\"\/><\/a><\/figure>\n\n\n\n<p>La Fondazione Giuseppe Di Vittorio, nata nel 2015 dalla fusione degli Istituti della CGIL focalizzati sulla ricerca e la formazione, si configura come un grande centro di ricerca e formazione pluralista e multifunzionale. Ereditando l&#8217;esperienza pluriennale dell&#8217;IRES (Istituto di Ricerche Economiche e Sociali), fondata dalla CGIL nel 1979, la Divisione Ricerca della Fondazione si impegna nella ricerca sul mondo del lavoro e sui suoi cambiamenti, con particolare attenzione all&#8217;istruzione, alla formazione e alle politiche attive del lavoro.<\/p>\n\n\n\n<figure class=\"wp-block-image size-large is-resized\"><a href=\"https:\/\/www.adapt.it\/fondazione-adapt\/\"><img loading=\"lazy\" decoding=\"async\" src=\"https:\/\/businessschool.luiss.it\/fondimpresa\/wp-content\/uploads\/sites\/289\/2024\/05\/fondazione-adapt-1024x724.png\" alt=\"Fondazione Adapt (logo)\" class=\"wp-image-18\" width=\"228\" height=\"162\" srcset=\"https:\/\/businessschool.luiss.it\/fondimpresa\/wp-content\/uploads\/sites\/289\/2024\/05\/fondazione-adapt-1024x724.png 1024w, https:\/\/businessschool.luiss.it\/fondimpresa\/wp-content\/uploads\/sites\/289\/2024\/05\/fondazione-adapt-300x212.png 300w, https:\/\/businessschool.luiss.it\/fondimpresa\/wp-content\/uploads\/sites\/289\/2024\/05\/fondazione-adapt-768x543.png 768w, https:\/\/businessschool.luiss.it\/fondimpresa\/wp-content\/uploads\/sites\/289\/2024\/05\/fondazione-adapt-1536x1086.png 1536w, https:\/\/businessschool.luiss.it\/fondimpresa\/wp-content\/uploads\/sites\/289\/2024\/05\/fondazione-adapt-2048x1448.png 2048w\" sizes=\"auto, (max-width: 228px) 100vw, 228px\" \/><\/a><\/figure>\n\n\n\n<p>La Fondazione ADAPT, istituita nel 2013 dall&#8217;ADAPT &#8211; Associazione per gli Studi Internazionali e Comparati sul Diritto del Lavoro e le Relazioni Industriali, si dedica all&#8217;alta formazione e alla ricerca. Il suo obiettivo principale \u00e8 sviluppare un approccio innovativo alla ricerca accademica, promuovere l&#8217;occupabilit\u00e0 dei giovani e facilitare il passaggio dall&#8217;universit\u00e0 al mondo del lavoro attraverso la collaborazione con imprese, sindacati e istituzioni. Organizza eventi accademici e scientifici, promuove la cooperazione nazionale e internazionale con altre istituzioni di ricerca e universit\u00e0, e offre programmi di alta formazione come le Scuole di Dottorato in diverse universit\u00e0 italiane.<\/p>\n\n\n\n<figure class=\"wp-block-image size-large is-resized\"><a href=\"https:\/\/www.eures.it\"><img loading=\"lazy\" decoding=\"async\" src=\"https:\/\/businessschool.luiss.it\/fondimpresa\/wp-content\/uploads\/sites\/289\/2024\/05\/Logo-Eures-1024x607.png\" alt=\"EU. R.E.S. (logo)\" class=\"wp-image-19\" width=\"234\" height=\"138\" srcset=\"https:\/\/businessschool.luiss.it\/fondimpresa\/wp-content\/uploads\/sites\/289\/2024\/05\/Logo-Eures-1024x607.png 1024w, https:\/\/businessschool.luiss.it\/fondimpresa\/wp-content\/uploads\/sites\/289\/2024\/05\/Logo-Eures-300x178.png 300w, https:\/\/businessschool.luiss.it\/fondimpresa\/wp-content\/uploads\/sites\/289\/2024\/05\/Logo-Eures-768x455.png 768w, https:\/\/businessschool.luiss.it\/fondimpresa\/wp-content\/uploads\/sites\/289\/2024\/05\/Logo-Eures-1536x911.png 1536w, https:\/\/businessschool.luiss.it\/fondimpresa\/wp-content\/uploads\/sites\/289\/2024\/05\/Logo-Eures-2048x1214.png 2048w\" sizes=\"auto, (max-width: 234px) 100vw, 234px\" \/><\/a><\/figure>\n\n\n\n<p>EURES \u00e8 un Istituto di Ricerche Economiche e Sociali attivo dal 1998 nell&#8217;ambito della ricerca economica, sociale e culturale, che utilizza metodologie quantitative e qualitative. Collabora con universit\u00e0, enti pubblici, associazioni di categoria e centri di ricerca, offrendo servizi e realizzando analisi istituzionali, con particolare attenzione all&#8217;analisi socio-economica a livello territoriale. Ha condotto studi tematici in collaborazione con associazioni di categoria per analizzare fenomeni e scenari macroeconomici attraverso indagini qualitative e quantitative.<\/p>\n","protected":false},"excerpt":{"rendered":"<p>Il Progetto \u00e8 stato affidato ad un RTI formato da Luiss Guido Carli (Luiss Business School), Fondazione Giuseppe Di Vittorio, [&hellip;]<\/p>\n","protected":false},"author":11,"featured_media":0,"parent":0,"menu_order":0,"comment_status":"closed","ping_status":"closed","template":"page-no-keyfacts.php","meta":{"_acf_changed":false,"footnotes":""},"categories":[],"tags":[],"docenti_teaching_area":[],"docenti_research_area":[],"tematiche":[],"lingue":[],"lunghezza_corsi":[],"class_list":["post-14","page","type-page","status-publish","hentry"],"acf":[],"aioseo_notices":[],"_links":{"self":[{"href":"https:\/\/businessschool.luiss.it\/fondimpresa\/wp-json\/wp\/v2\/pages\/14","targetHints":{"allow":["GET"]}}],"collection":[{"href":"https:\/\/businessschool.luiss.it\/fondimpresa\/wp-json\/wp\/v2\/pages"}],"about":[{"href":"https:\/\/businessschool.luiss.it\/fondimpresa\/wp-json\/wp\/v2\/types\/page"}],"author":[{"embeddable":true,"href":"https:\/\/businessschool.luiss.it\/fondimpresa\/wp-json\/wp\/v2\/users\/11"}],"replies":[{"embeddable":true,"href":"https:\/\/businessschool.luiss.it\/fondimpresa\/wp-json\/wp\/v2\/comments?post=14"}],"version-history":[{"count":6,"href":"https:\/\/businessschool.luiss.it\/fondimpresa\/wp-json\/wp\/v2\/pages\/14\/revisions"}],"predecessor-version":[{"id":168,"href":"https:\/\/businessschool.luiss.it\/fondimpresa\/wp-json\/wp\/v2\/pages\/14\/revisions\/168"}],"wp:attachment":[{"href":"https:\/\/businessschool.luiss.it\/fondimpresa\/wp-json\/wp\/v2\/media?parent=14"}],"wp:term":[{"taxonomy":"category","embeddable":true,"href":"https:\/\/businessschool.luiss.it\/fondimpresa\/wp-json\/wp\/v2\/categories?post=14"},{"taxonomy":"post_tag","embeddable":true,"href":"https:\/\/businessschool.luiss.it\/fondimpresa\/wp-json\/wp\/v2\/tags?post=14"},{"taxonomy":"docenti_teaching_area","embeddable":true,"href":"https:\/\/businessschool.luiss.it\/fondimpresa\/wp-json\/wp\/v2\/docenti_teaching_area?post=14"},{"taxonomy":"docenti_research_area","embeddable":true,"href":"https:\/\/businessschool.luiss.it\/fondimpresa\/wp-json\/wp\/v2\/docenti_research_area?post=14"},{"taxonomy":"tematiche","embeddable":true,"href":"https:\/\/businessschool.luiss.it\/fondimpresa\/wp-json\/wp\/v2\/tematiche?post=14"},{"taxonomy":"lingue","embeddable":true,"href":"https:\/\/businessschool.luiss.it\/fondimpresa\/wp-json\/wp\/v2\/lingue?post=14"},{"taxonomy":"lunghezza_corsi","embeddable":true,"href":"https:\/\/businessschool.luiss.it\/fondimpresa\/wp-json\/wp\/v2\/lunghezza_corsi?post=14"}],"curies":[{"name":"wp","href":"https:\/\/api.w.org\/{rel}","templated":true}]}}