{"id":5,"date":"2021-01-26T17:48:42","date_gmt":"2021-01-26T16:48:42","guid":{"rendered":"https:\/\/businessschool.luiss.it\/food-beverage-management\/curriculum\/"},"modified":"2025-01-23T15:56:54","modified_gmt":"2025-01-23T14:56:54","slug":"curriculum","status":"publish","type":"page","link":"https:\/\/businessschool.luiss.it\/food-beverage-management\/curriculum\/","title":{"rendered":"Curriculum"},"content":{"rendered":"\n<p><span data-contrast=\"none\">L\u2019Executive&nbsp;Programme&nbsp;in Food and Beverage&nbsp;si compone di 6 moduli, articolati in 13 incontri, per un totale di 91 ore di formazione.&nbsp;<\/span><span data-ccp-props=\"{&quot;201341983&quot;:1,&quot;335551550&quot;:6,&quot;335551620&quot;:6,&quot;335559685&quot;:1134,&quot;335559739&quot;:120,&quot;335559740&quot;:280}\">&nbsp;<\/span><\/p>\n\n\n\n<p><span data-contrast=\"none\">I moduli sono cos\u00ec suddivisi:<\/span><span data-ccp-props=\"{&quot;201341983&quot;:1,&quot;335551550&quot;:6,&quot;335551620&quot;:6,&quot;335559685&quot;:1134,&quot;335559739&quot;:120,&quot;335559740&quot;:280}\">&nbsp;<\/span><\/p>\n\n\n\n<ul class=\"wp-block-list\">\n<li><b><span data-contrast=\"none\">Modulo 1:&nbsp;<\/span><\/b><span data-contrast=\"none\">Overview&nbsp;sul settore F&amp;B<\/span><span data-ccp-props=\"{&quot;201341983&quot;:1,&quot;335551550&quot;:6,&quot;335551620&quot;:6,&quot;335559739&quot;:120,&quot;335559740&quot;:280}\">&nbsp;<\/span><\/li>\n\n\n\n<li><b><span data-contrast=\"none\">Modulo 2:<\/span><\/b><span data-contrast=\"none\">&nbsp;<\/span><span data-contrast=\"none\">Wine business&nbsp;<\/span><span data-ccp-props=\"{&quot;201341983&quot;:1,&quot;335551550&quot;:6,&quot;335551620&quot;:6,&quot;335559739&quot;:120,&quot;335559740&quot;:280}\">&nbsp;<\/span><\/li>\n\n\n\n<li><b><span data-contrast=\"none\">Modulo 3:<\/span><\/b><span data-contrast=\"none\">&nbsp;<\/span><span data-contrast=\"none\">Relazioni&nbsp;Interpersonali<\/span><span data-ccp-props=\"{&quot;201341983&quot;:1,&quot;335551550&quot;:6,&quot;335551620&quot;:6,&quot;335559739&quot;:120,&quot;335559740&quot;:280}\">&nbsp;<\/span><\/li>\n\n\n\n<li><b><span data-contrast=\"none\">Modulo 4:<\/span><\/b><span data-contrast=\"none\">&nbsp;<\/span><span data-contrast=\"none\">Food Cost &amp;&nbsp;Operation&nbsp;Management<\/span><span data-ccp-props=\"{&quot;201341983&quot;:1,&quot;335551550&quot;:6,&quot;335551620&quot;:6,&quot;335559739&quot;:120,&quot;335559740&quot;:280}\">&nbsp;<\/span><\/li>\n\n\n\n<li><b><span data-contrast=\"none\">Modulo 5:<\/span><\/b><span data-contrast=\"none\">&nbsp;<\/span><span data-contrast=\"none\">Gestione dei fornitori e logistica nella ristorazione<\/span><span data-ccp-props=\"{&quot;201341983&quot;:1,&quot;335551550&quot;:6,&quot;335551620&quot;:6,&quot;335559739&quot;:120,&quot;335559740&quot;:280}\">&nbsp;<\/span><\/li>\n\n\n\n<li><b><span data-contrast=\"none\">Modulo 6 :<\/span><\/b><span data-contrast=\"none\">&nbsp;<\/span><span data-contrast=\"none\">Marketing e Comunicazione<\/span><span data-ccp-props=\"{&quot;201341983&quot;:1,&quot;335551550&quot;:6,&quot;335551620&quot;:6,&quot;335559739&quot;:120,&quot;335559740&quot;:280}\">&nbsp;<\/span><\/li>\n<\/ul>\n\n\n\n<p><span data-contrast=\"none\">Per maggiori dettagli&nbsp;sul curriculum del programma&nbsp;<\/span><a href=\"https:\/\/businessschool.luiss.it\/brochure-food-beverage-management\/\"><span data-contrast=\"none\">scarica la brochure<\/span><\/a><span data-contrast=\"none\">.<\/span><span data-ccp-props=\"{&quot;201341983&quot;:1,&quot;335551550&quot;:6,&quot;335551620&quot;:6,&quot;335559685&quot;:1134,&quot;335559739&quot;:120,&quot;335559740&quot;:280}\">&nbsp;<\/span><\/p>\n\n\n\n<h3 class=\"wp-block-heading\"><span data-contrast=\"none\">Calendario, sedi e frequenza<\/span><span data-ccp-props=\"{&quot;201341983&quot;:1,&quot;335559685&quot;:1134,&quot;335559738&quot;:480,&quot;335559739&quot;:120,&quot;335559740&quot;:320}\">&nbsp;<\/span><\/h3>\n\n\n\n<p>L\u2019Executive Programme in Food and Beverage Management \u00e8 offerto in tre edizioni, quella di Roma, di Milano\u202fe di\u202fBelluno, e si svolge on campus con la possibilit\u00e0, su richiesta, di seguire online via streaming.<\/p>\n\n\n\n<p>Edizione Roma: Il programma inizier\u00e0 il 4 Marzo 2025 e si svolger\u00e0 presso la sede Luiss Business School di Roma: Villa Blanc, Via Nomentana 216, 00162 Roma. \u00c8 possibile seguire il programma anche a distanza.\u00a0\u00a0\u00a0<\/p>\n\n\n\n<p>Edizione Milano: Il programma inizia il giorno 21 Ottobre 2025 e si svolger\u00e0 presso il Milano Luiss Hub, Via Massimo D\u2019Azeglio, 3, 20154 Milano. \u00c8 possibile seguire il programma anche a distanza.&nbsp;<\/p>\n\n\n\n<p>Edizione Belluno: Il programma inizier\u00e0 il giorno 8 ottobre 2024 e si svolger\u00e0 presso il Luiss Hub Veneto delle Dolomiti Palazzo Bembo, Via Loreto 34 \u2013 32100 Belluno<\/p>\n","protected":false},"excerpt":{"rendered":"<p>L\u2019Executive&nbsp;Programme&nbsp;in Food and Beverage&nbsp;si compone di 6 moduli, articolati in 13 incontri, per un totale di 91 ore di formazione.&nbsp;&nbsp; [&hellip;]<\/p>\n","protected":false},"author":1,"featured_media":0,"parent":0,"menu_order":0,"comment_status":"closed","ping_status":"closed","template":"page-default.php","meta":{"_acf_changed":false,"footnotes":""},"categories":[],"tags":[],"docenti_teaching_area":[],"docenti_research_area":[],"tematiche":[],"lingue":[],"lunghezza_corsi":[],"class_list":["post-5","page","type-page","status-publish","hentry"],"acf":[],"aioseo_notices":[],"_links":{"self":[{"href":"https:\/\/businessschool.luiss.it\/food-beverage-management\/wp-json\/wp\/v2\/pages\/5","targetHints":{"allow":["GET"]}}],"collection":[{"href":"https:\/\/businessschool.luiss.it\/food-beverage-management\/wp-json\/wp\/v2\/pages"}],"about":[{"href":"https:\/\/businessschool.luiss.it\/food-beverage-management\/wp-json\/wp\/v2\/types\/page"}],"author":[{"embeddable":true,"href":"https:\/\/businessschool.luiss.it\/food-beverage-management\/wp-json\/wp\/v2\/users\/1"}],"replies":[{"embeddable":true,"href":"https:\/\/businessschool.luiss.it\/food-beverage-management\/wp-json\/wp\/v2\/comments?post=5"}],"version-history":[{"count":6,"href":"https:\/\/businessschool.luiss.it\/food-beverage-management\/wp-json\/wp\/v2\/pages\/5\/revisions"}],"predecessor-version":[{"id":93,"href":"https:\/\/businessschool.luiss.it\/food-beverage-management\/wp-json\/wp\/v2\/pages\/5\/revisions\/93"}],"wp:attachment":[{"href":"https:\/\/businessschool.luiss.it\/food-beverage-management\/wp-json\/wp\/v2\/media?parent=5"}],"wp:term":[{"taxonomy":"category","embeddable":true,"href":"https:\/\/businessschool.luiss.it\/food-beverage-management\/wp-json\/wp\/v2\/categories?post=5"},{"taxonomy":"post_tag","embeddable":true,"href":"https:\/\/businessschool.luiss.it\/food-beverage-management\/wp-json\/wp\/v2\/tags?post=5"},{"taxonomy":"docenti_teaching_area","embeddable":true,"href":"https:\/\/businessschool.luiss.it\/food-beverage-management\/wp-json\/wp\/v2\/docenti_teaching_area?post=5"},{"taxonomy":"docenti_research_area","embeddable":true,"href":"https:\/\/businessschool.luiss.it\/food-beverage-management\/wp-json\/wp\/v2\/docenti_research_area?post=5"},{"taxonomy":"tematiche","embeddable":true,"href":"https:\/\/businessschool.luiss.it\/food-beverage-management\/wp-json\/wp\/v2\/tematiche?post=5"},{"taxonomy":"lingue","embeddable":true,"href":"https:\/\/businessschool.luiss.it\/food-beverage-management\/wp-json\/wp\/v2\/lingue?post=5"},{"taxonomy":"lunghezza_corsi","embeddable":true,"href":"https:\/\/businessschool.luiss.it\/food-beverage-management\/wp-json\/wp\/v2\/lunghezza_corsi?post=5"}],"curies":[{"name":"wp","href":"https:\/\/api.w.org\/{rel}","templated":true}]}}