{"id":76,"date":"2017-03-17T11:18:41","date_gmt":"2017-03-17T11:18:41","guid":{"rendered":"https:\/\/businessschool.luiss.it\/generazione-cultura\/?page_id=76"},"modified":"2023-02-03T14:24:14","modified_gmt":"2023-02-03T14:24:14","slug":"home","status":"publish","type":"page","link":"https:\/\/businessschool.luiss.it\/generazione-cultura\/","title":{"rendered":"Home"},"content":{"rendered":"<p><img loading=\"lazy\" decoding=\"async\" class=\"alignnone size-full wp-image-122 img-responsive\" src=\"https:\/\/businessschool.luiss.it\/generazione-cultura\/wp-content\/uploads\/sites\/31\/2017\/03\/Quote_cairoli_definitivo.png\" alt=\"Quote_cairoli_definitivo\" width=\"918\" height=\"197\" srcset=\"https:\/\/businessschool.luiss.it\/generazione-cultura\/wp-content\/uploads\/sites\/31\/2017\/03\/Quote_cairoli_definitivo.png 918w, https:\/\/businessschool.luiss.it\/generazione-cultura\/wp-content\/uploads\/sites\/31\/2017\/03\/Quote_cairoli_definitivo-300x64.png 300w, https:\/\/businessschool.luiss.it\/generazione-cultura\/wp-content\/uploads\/sites\/31\/2017\/03\/Quote_cairoli_definitivo-768x165.png 768w\" sizes=\"auto, (max-width: 918px) 100vw, 918px\" \/><\/p>\n<hr>\n<p><img loading=\"lazy\" decoding=\"async\" class=\"alignnone size-full wp-image-123 img-responsive\" src=\"https:\/\/businessschool.luiss.it\/generazione-cultura\/wp-content\/uploads\/sites\/31\/2017\/03\/Quote_Boccardelli_definitivo.png\" alt=\"Quote_Boccardelli_definitivo\" width=\"918\" height=\"223\" srcset=\"https:\/\/businessschool.luiss.it\/generazione-cultura\/wp-content\/uploads\/sites\/31\/2017\/03\/Quote_Boccardelli_definitivo.png 918w, https:\/\/businessschool.luiss.it\/generazione-cultura\/wp-content\/uploads\/sites\/31\/2017\/03\/Quote_Boccardelli_definitivo-300x73.png 300w, https:\/\/businessschool.luiss.it\/generazione-cultura\/wp-content\/uploads\/sites\/31\/2017\/03\/Quote_Boccardelli_definitivo-768x187.png 768w\" sizes=\"auto, (max-width: 918px) 100vw, 918px\" \/><\/p>\n<hr>\n<p><strong>Il progetto Generazione Cultura<\/strong> ideato e sostenuto da <strong>Lottomatica<\/strong>, in collaborazione con la <strong>Luiss Business School<\/strong>, nasce con lo scopo di valorizzare la professionalit\u00e0 di giovani talenti e supportare le principali istituzioni culturali italiane.<\/p>\n<div class=\"columns\">\n<div class=\"column col-12\">\n<p>Generazione Cultura \u00e8 una delle iniziative a sostegno della comunit\u00e0 su cui il Lottomatica \u00e8 da sempre in prima linea con importanti progetti. Questa volta lo fa in modo innovativo: con un percorso formativo e professionale.<\/p>\n<\/div>\n<\/div>\n<div class=\"columns teaserSection\">\n<div class=\"column col-12\">\n<hr>\n<h3>&nbsp;I numeri<\/h3>\n<ul class=\"featureList\">\n<li><b>50&nbsp;<\/b>giovani neolaureati di talento<\/li>\n<li>circa <strong>200 ore<\/strong> in <strong>6<\/strong> settimane di alta formazione presso la Luiss Business School<\/li>\n<li><strong>6<\/strong> mesi di stage retribuito presso oltre 30 istituzioni culturali italiane<\/li>\n<\/ul>\n<hr>\n<h3>Obiettivi<\/h3>\n<ul class=\"featureList\">\n<li>Comprendere le dinamiche gestionali e organizzative del sistema artistico e culturale;<\/li>\n<li>Costruire un\u2019esperienza che consenta ai partecipanti di conoscere a fondo il sistema dell\u2019arte e della cultura;<\/li>\n<li>Sviluppare le capacit\u00e0 progettuali e imprenditoriali per avviare nuove idee di business.<\/li>\n<\/ul>\n<hr>\n<h3>A chi \u00e8 rivolto<\/h3>\n<p>A laureati magistrali in qualsiasi disciplina, o in possesso di un titolo universitario equivalente conseguito presso universit\u00e0 estere, con un&#8217;<strong>et\u00e0 massima<\/strong> <strong>di 27 anni<\/strong>, di <strong>nazionalit\u00e0 italiana<\/strong> e con una <strong>buona conoscenza della lingua inglese<\/strong> (valutata in sede di selezione).<\/p>\n<hr>\n<h3>Il programma<\/h3>\n<p><a href=\"https:\/\/businessschool.luiss.it\/generazione-cultura\/programma\/\">Il programma<\/a> \u00e8 articolato in 3 momenti:<\/p>\n<p>a. <strong>Formazione<\/strong> in aula per un totale di circa 200 ore di lezione sui seguenti temi: Digital Cultural Heritage, Marketing dell\u2019arte e della cultura, Entrepreneurship e Cultura, Cultural Project Management, Field Project.<br \/>\nb. <strong>Stage<\/strong> presso istituzioni culturali per una durata complessiva di 6 mesi a cui seguir\u00e0 un follow-up formativo.<br \/>\nc.<strong>&nbsp;Follow&nbsp;up<\/strong>&nbsp;<strong>e graduation day<\/strong> con l\u2019obiettivo di valutare l\u2019efficacia della formazione, verificare il livello di conoscenza raggiunto dagli argomenti trattati, comprendere l\u2019impatto del percorso formative sullo stage.<\/p>\n<hr>\n<h3>Calendario<\/h3>\n<p><strong>29 luglio 2019 \u2013 30 settembre 2019<\/strong>: validit\u00e0 bando<br \/>\n<strong>Entro fine ottobre 2019<\/strong>: test di ammissione e risultati<br \/>\n<strong>Novembre 2019 \u2013 Dicembre 2019<\/strong>: formazione in aula<br \/>\n<strong>Gennaio 2020 \u2013 Giugno 2020<\/strong>: stage<br \/>\n<strong>Luglio 2020<\/strong>: Follow up e Graduation Day<\/p>\n<\/div>\n<\/div>\n","protected":false},"excerpt":{"rendered":"<p>Il progetto Generazione Cultura ideato e sostenuto da Lottomatica, in collaborazione con la Luiss Business School, nasce con lo scopo [&hellip;]<\/p>\n","protected":false},"author":5,"featured_media":0,"parent":0,"menu_order":0,"comment_status":"closed","ping_status":"closed","template":"","meta":{"_acf_changed":false,"footnotes":""},"categories":[3],"tags":[],"docenti_teaching_area":[],"docenti_research_area":[],"tematiche":[],"lingue":[],"lunghezza_corsi":[],"class_list":["post-76","page","type-page","status-publish","hentry","category-no_dati_header"],"acf":[],"aioseo_notices":[],"_links":{"self":[{"href":"https:\/\/businessschool.luiss.it\/generazione-cultura\/wp-json\/wp\/v2\/pages\/76","targetHints":{"allow":["GET"]}}],"collection":[{"href":"https:\/\/businessschool.luiss.it\/generazione-cultura\/wp-json\/wp\/v2\/pages"}],"about":[{"href":"https:\/\/businessschool.luiss.it\/generazione-cultura\/wp-json\/wp\/v2\/types\/page"}],"author":[{"embeddable":true,"href":"https:\/\/businessschool.luiss.it\/generazione-cultura\/wp-json\/wp\/v2\/users\/5"}],"replies":[{"embeddable":true,"href":"https:\/\/businessschool.luiss.it\/generazione-cultura\/wp-json\/wp\/v2\/comments?post=76"}],"version-history":[{"count":3,"href":"https:\/\/businessschool.luiss.it\/generazione-cultura\/wp-json\/wp\/v2\/pages\/76\/revisions"}],"predecessor-version":[{"id":245,"href":"https:\/\/businessschool.luiss.it\/generazione-cultura\/wp-json\/wp\/v2\/pages\/76\/revisions\/245"}],"wp:attachment":[{"href":"https:\/\/businessschool.luiss.it\/generazione-cultura\/wp-json\/wp\/v2\/media?parent=76"}],"wp:term":[{"taxonomy":"category","embeddable":true,"href":"https:\/\/businessschool.luiss.it\/generazione-cultura\/wp-json\/wp\/v2\/categories?post=76"},{"taxonomy":"post_tag","embeddable":true,"href":"https:\/\/businessschool.luiss.it\/generazione-cultura\/wp-json\/wp\/v2\/tags?post=76"},{"taxonomy":"docenti_teaching_area","embeddable":true,"href":"https:\/\/businessschool.luiss.it\/generazione-cultura\/wp-json\/wp\/v2\/docenti_teaching_area?post=76"},{"taxonomy":"docenti_research_area","embeddable":true,"href":"https:\/\/businessschool.luiss.it\/generazione-cultura\/wp-json\/wp\/v2\/docenti_research_area?post=76"},{"taxonomy":"tematiche","embeddable":true,"href":"https:\/\/businessschool.luiss.it\/generazione-cultura\/wp-json\/wp\/v2\/tematiche?post=76"},{"taxonomy":"lingue","embeddable":true,"href":"https:\/\/businessschool.luiss.it\/generazione-cultura\/wp-json\/wp\/v2\/lingue?post=76"},{"taxonomy":"lunghezza_corsi","embeddable":true,"href":"https:\/\/businessschool.luiss.it\/generazione-cultura\/wp-json\/wp\/v2\/lunghezza_corsi?post=76"}],"curies":[{"name":"wp","href":"https:\/\/api.w.org\/{rel}","templated":true}]}}