{"id":80,"date":"2017-03-17T11:19:11","date_gmt":"2017-03-17T11:19:11","guid":{"rendered":"https:\/\/businessschool.luiss.it\/generazione-cultura\/?page_id=80"},"modified":"2021-07-01T14:21:40","modified_gmt":"2021-07-01T14:21:40","slug":"programma","status":"publish","type":"page","link":"https:\/\/businessschool.luiss.it\/generazione-cultura\/programma\/","title":{"rendered":"Programma"},"content":{"rendered":"<h3>Formazione in aula e follow up<\/h3>\n<p>La formazione si svolge in aula per un totale di circa 200 ore di lezione in 4-5 aree: Digital Cultural Heritage, Marketing dell\u2019arte e della cultura, Entrepreneurship e Cultura, Cultural Project Management, Field Project.<\/p>\n<p>Al termine dello stage i rispettivi gruppi di alunni tornano in aula per 3 giorni e intraprendono l&#8217;ultima fase dell\u2019iniziativa.<\/p>\n<p>Un follow up con l\u2019obiettivo di:<\/p>\n<ul class=\"featureList\">\n<li>valutare l\u2019efficacia della formazione<\/li>\n<li>valutare il livello di conoscenza raggiunto degli argomenti trattati<\/li>\n<li>valutare l\u2019impatto del percorso formativo sullo stage<\/li>\n<\/ul>\n<h3><span style=\"color: #000000;\"><strong>Dettagli<\/strong><\/span><\/h3>\n<p><strong>Dove<\/strong>: Campus Luiss Business School \u201cVilla Blanc\u201d Via Nomentana, 216, 00162 Roma<br \/>\n<strong>Durata<\/strong>: 200 ore nell&#8217;arco di 6 settimane con orario 9.30 &#8211; 18.00<br \/>\n<strong>Metodologia<\/strong>: esercitazioni individuali e di gruppo, laboratori applicativi, verifiche e test<br \/>\n<strong>Materiali didattici<\/strong>: disponibili sulla piattaforma Alumni di Generazione Cultura<br \/>\n<strong>Extra<\/strong>: accesso a tutte le facilities della Luiss Business School<\/p>\n<h3><span style=\"color: #000000;\"><strong>Cosa imparerai<\/strong><\/span><\/h3>\n<h4><b>Digital Cultural Heritage<\/b><\/h4>\n<p><strong>Obiettivi<br \/>\n<\/strong>Acquisizione delle conoscenze storiche, storico-artistiche, archeologiche, demo-etno-antropologiche e mediologiche necessarie per analizzare e interpretare correttamente il patrimonio culturale alla luce delle tecnologie digitali<\/p>\n<p><strong>Contenuti<br \/>\n<\/strong>&#8211; La rivoluzione digitale: dal web 1.0 al web 3.0<br \/>\n-Strumenti per migliorare l\u2019accesso ai materiali del patrimonio culturale in forma digitale.<br \/>\n-Tendenze emergenti nella descrizione e l\u2019accesso alla raccolta del patrimonio digitale in biblioteche, archivi e musei.<\/p>\n<p><strong>Successivamente alla fase di tirocinio sarai richiamato di nuovo in aula per un breve Follow up.<\/strong><br \/>\nGli obiettivi sono:<br \/>\n&#8211; valutare l&#8217;efficacia della formazione<br \/>\n&#8211; valutare il livello di conoscenza raggiunto degli argomenti trattati<br \/>\n&#8211; valutare l&#8217;impatto del percorso formativo sul tirocinio<\/p>\n<h4><strong>Marketing dell&#8217;arte e della cultura<\/strong><\/h4>\n<p><strong>Obiettivi<\/strong><br \/>\nTrasferire le conoscenze per capire il funzionamento del marketing in ambito culturale e per pianificare le giuste strategie di mercato<\/p>\n<p><strong>Contenuti<\/strong><br \/>\n&#8211; La filiera culturale<br \/>\n&#8211; Analisi e pianificazione strategica<br \/>\n&#8211; Marketing dei servizi<br \/>\n&#8211; Customer Satisfaction &amp; retention<br \/>\n&#8211; Marketing operativo per le attivit\u00e0 culturali<br \/>\n&#8211; Marketing territoriale e destination management<br \/>\n&#8211; La comunicazione nelle istituzioni culturali e artistiche<\/p>\n<h4><b>Entrepreneurship<\/b><b> e Cultura<\/b><\/h4>\n<p><strong>Obiettivi<\/strong><br \/>\nUn vero laboratorio imprenditoriale per le nuove idee di business, finalizzato allo sviluppo di un progetto imprenditoriale in ambito culturale con l\u2019assistenza di docenti e mentor esperti nel trasformare sfide e idee innovative in business plan e nuove iniziative<\/p>\n<p><strong>Contenuti<br \/>\n<\/strong>&#8211; Generazione e selezione di una nuova IDEA di business applicata al settore culturale<br \/>\n&#8211; Descrizione del prodotto\/servizio ideato<br \/>\n&#8211; Tipologia clienti potenziali<br \/>\n&#8211; Stakeholders potenziali<br \/>\n&#8211; Vendita, distribuzione, location<br \/>\n&#8211; Produzione e Fornitori<br \/>\n&#8211; Tecnologie di supporto<br \/>\n&#8211; Confronto con l\u2019esterno<\/p>\n<h4><strong>Cultural \u00a0Project Management<\/strong><\/h4>\n<p><strong>Obiettivi<\/strong><br \/>\nTrasferire i principali strumenti per sviluppare e gestire progetti culturali dal punto di vista artistico, economico e finanziario.<\/p>\n<p><strong>Contenuti<\/strong><br \/>\n&#8211; Strumenti e tecniche per la progettazione culturale<br \/>\n&#8211; Le caratteristiche di un progetto culturale<br \/>\n&#8211; Fondamenti della gestione per progetti: definizione, strategia, tipologia, ciclo di vita, logiche e strumenti<br \/>\n&#8211; La comunicazione di progetto<br \/>\n&#8211; Scelta del luogo e spazio<br \/>\n&#8211; Sponsorizzazione di un progetto o di evento culturale<br \/>\n&#8211; Partnership e coproduzioni<br \/>\n&#8211; Piano economico finanziario<\/p>\n<h4><strong>PROJECT FIELD<\/strong><\/h4>\n<p><strong>Obiettivi<\/strong><br \/>\nComprendere le dinamiche del settore artistico-culturale italiano e potenziare le proprie soft skill attraverso workshop e seminari.<\/p>\n<p><strong>Contenuti<\/strong><br \/>\n&#8211; Problem Solving a supporto delle decisioni d\u2019impresa<br \/>\n&#8211; Flessibilit\u00e0 e creativit\u00e0: come superare le rigidit\u00e0 organizzative<br \/>\n&#8211; Dinamiche di business nel settore artistico-culturale italiano<br \/>\n&#8211; Leadership style per la gestione delle organizzazioni culturali<br \/>\n&#8211; Time management nella gestione dei progetti culturali<\/p>\n<hr \/>\n<h3>Lo Stage<\/h3>\n<p>Lo stage formativo presso le istituzioni culturali avr\u00e0 una durata complessiva di 6 mesi. Lo stageur sar\u00e0 affiancato da un tutor e verr\u00e0 supportato nel processo di inserimento e di apprendimento delle dinamiche organizzative.<\/p>\n<p><i class=\"fa fa-tag\"><\/i><strong>Dettagli<\/strong><\/p>\n<p><strong>Dove<\/strong>: 1\/2 allievi in ciascuna delle oltre 30 istituzioni di Arte e Cultura<br \/>\n<strong>Durata<\/strong>: 6 mesi secondo l\u2019orario lavorativo di ciascun istituto<br \/>\n<strong>Progetto<\/strong>: definito ad hoc con l\u2019istituzione partner<br \/>\n<strong>Metodologia<\/strong>: affiancamento con tutoring per inserimento nella realt\u00e0 specifica<br \/>\n<strong>Extra<\/strong>: report mensile descrittivo delle attivit\u00e0 svolte e dei tempi impiegati<\/p>\n<p>Lo stage verr\u00e0 retribuito con un contributo economico pari a \u20ac 3.000,00.<\/p>\n<h4>Istituzioni<\/h4>\n<table class=\"table institutionsTable table-striped table-hover\">\n<thead>\n<tr>\n<th>Regione<\/th>\n<th>Citt\u00e0<\/th>\n<th>Istituzione<\/th>\n<th><\/th>\n<\/tr>\n<\/thead>\n<tbody>\n<tr>\n<td class=\"institutionsClickableCell\">Basilicata<\/td>\n<td class=\"institutionsClickableCell\">Matera<\/td>\n<td class=\"institutionsClickableCell\">Fondazione Matera \u2013 Basilicata 2019<\/td>\n<td><\/td>\n<\/tr>\n<tr>\n<td class=\"institutionsClickableCell\">Campania<\/td>\n<td class=\"institutionsClickableCell\">Ercolano (NA)<\/td>\n<td class=\"institutionsClickableCell\">Parco Archeologico di Ercolano<\/td>\n<td><\/td>\n<\/tr>\n<tr>\n<td class=\"institutionsClickableCell\">Campania<\/td>\n<td class=\"institutionsClickableCell\">Napoli<\/td>\n<td class=\"institutionsClickableCell\">Polo Museale della Campania<\/td>\n<td><\/td>\n<\/tr>\n<tr>\n<td class=\"institutionsClickableCell\">Campania<\/td>\n<td class=\"institutionsClickableCell\">Caserta<\/td>\n<td class=\"institutionsClickableCell\">Reggia di Caserta<\/td>\n<td><\/td>\n<\/tr>\n<tr>\n<td class=\"institutionsClickableCell\">Campania<\/td>\n<td class=\"institutionsClickableCell\">Napoli<\/td>\n<td class=\"institutionsClickableCell\">Pompei<\/td>\n<td><\/td>\n<\/tr>\n<tr>\n<td class=\"institutionsClickableCell\">Emilia Romagna<\/td>\n<td class=\"institutionsClickableCell\">Bologna<\/td>\n<td class=\"institutionsClickableCell\">Teatro Comunale di Bologna<\/td>\n<td><\/td>\n<\/tr>\n<tr>\n<td class=\"institutionsClickableCell\">Friuli Venezia Giulia<\/td>\n<td class=\"institutionsClickableCell\">Aquileia (UD)<\/td>\n<td class=\"institutionsClickableCell\">Fondazione Aquileia<\/td>\n<td><\/td>\n<\/tr>\n<tr>\n<td class=\"institutionsClickableCell\">Lazio<\/td>\n<td class=\"institutionsClickableCell\">Tivoli (RM)<\/td>\n<td class=\"institutionsClickableCell\">Villa Adriana e Villa d\u2019Este<\/td>\n<td><\/td>\n<\/tr>\n<tr>\n<td class=\"institutionsClickableCell\">Lazio<\/td>\n<td class=\"institutionsClickableCell\">Roma<\/td>\n<td class=\"institutionsClickableCell\">Galleria Nazionale d\u2019Arte Moderna e Contemporanea<\/td>\n<td><\/td>\n<\/tr>\n<tr>\n<td class=\"institutionsClickableCell\">Lazio<\/td>\n<td class=\"institutionsClickableCell\">Roma<\/td>\n<td class=\"institutionsClickableCell\">Fondazione Teatro dell\u2019Opera di Roma<\/td>\n<td><\/td>\n<\/tr>\n<tr>\n<td class=\"institutionsClickableCell\">Lazio<\/td>\n<td class=\"institutionsClickableCell\">Roma<\/td>\n<td class=\"institutionsClickableCell\">Gallerie Nazionali d\u2019Arte Antica<\/td>\n<td><\/td>\n<\/tr>\n<tr>\n<td class=\"institutionsClickableCell\">Lazio<\/td>\n<td class=\"institutionsClickableCell\">Roma<\/td>\n<td class=\"institutionsClickableCell\">Scuderie del Quirinale<\/td>\n<td><\/td>\n<\/tr>\n<tr>\n<td class=\"institutionsClickableCell\">Lazio<\/td>\n<td class=\"institutionsClickableCell\">Roma<\/td>\n<td class=\"institutionsClickableCell\">ALES<\/td>\n<td><\/td>\n<\/tr>\n<tr>\n<td class=\"institutionsClickableCell\">Lazio<\/td>\n<td class=\"institutionsClickableCell\">Roma<\/td>\n<td class=\"institutionsClickableCell\">Parco Archeologico del Colosseo<\/td>\n<td><\/td>\n<\/tr>\n<tr>\n<td class=\"institutionsClickableCell\">Lazio<\/td>\n<td class=\"institutionsClickableCell\">Roma<\/td>\n<td class=\"institutionsClickableCell\">Museo Nazionale Romano<\/td>\n<td><\/td>\n<\/tr>\n<tr>\n<td class=\"institutionsClickableCell\">Lazio<\/td>\n<td class=\"institutionsClickableCell\">Roma<\/td>\n<td class=\"institutionsClickableCell\">Associazione Parchi e Giardini d\u2019Italia<\/td>\n<td><\/td>\n<\/tr>\n<tr>\n<td class=\"institutionsClickableCell\">Lazio<\/td>\n<td class=\"institutionsClickableCell\">Roma<\/td>\n<td class=\"institutionsClickableCell\">Istituto Luce-Cinecitt\u00e0<\/td>\n<td><\/td>\n<\/tr>\n<tr>\n<td class=\"institutionsClickableCell\">Liguria<\/td>\n<td class=\"institutionsClickableCell\">Genova<\/td>\n<td class=\"institutionsClickableCell\">Palazzo Reale di Genova<\/td>\n<td><\/td>\n<\/tr>\n<tr>\n<td class=\"institutionsClickableCell\">Lombardia<\/td>\n<td class=\"institutionsClickableCell\">Milano<\/td>\n<td class=\"institutionsClickableCell\">La Triennale di Milano<\/td>\n<td><\/td>\n<\/tr>\n<tr>\n<td class=\"institutionsClickableCell\">Lombardia<\/td>\n<td class=\"institutionsClickableCell\">Milano<\/td>\n<td class=\"institutionsClickableCell\">Polo Museale della Lombardia<\/td>\n<td><\/td>\n<\/tr>\n<tr>\n<td class=\"institutionsClickableCell\">Piemonte<\/td>\n<td class=\"institutionsClickableCell\">Torino<\/td>\n<td class=\"institutionsClickableCell\">Musei Reali di Torino<\/td>\n<td><\/td>\n<\/tr>\n<tr>\n<td class=\"institutionsClickableCell\">Piemonte<\/td>\n<td class=\"institutionsClickableCell\">Torino<\/td>\n<td class=\"institutionsClickableCell\">Fondazione Museo delle Antichit\u00e0 Egizie di Torino<\/td>\n<td><\/td>\n<\/tr>\n<tr>\n<td class=\"institutionsClickableCell\">Piemonte<\/td>\n<td class=\"institutionsClickableCell\">Torino<\/td>\n<td class=\"institutionsClickableCell\">Polo del \u2018900<\/td>\n<td><\/td>\n<\/tr>\n<tr>\n<td class=\"institutionsClickableCell\">Puglia<\/td>\n<td class=\"institutionsClickableCell\">Taranto<\/td>\n<td class=\"institutionsClickableCell\">MArTA \u2013 Museo Nazionale Archeologico di Taranto<\/td>\n<td><\/td>\n<\/tr>\n<tr>\n<td class=\"institutionsClickableCell\">Puglia<\/td>\n<td class=\"institutionsClickableCell\">Bari<\/td>\n<td class=\"institutionsClickableCell\">Polo Museale della Puglia<\/td>\n<td><\/td>\n<\/tr>\n<tr>\n<td class=\"institutionsClickableCell\">Sicilia<\/td>\n<td class=\"institutionsClickableCell\">Agrigento<\/td>\n<td class=\"institutionsClickableCell\">Parco Valle dei Templi<\/td>\n<td><\/td>\n<\/tr>\n<tr>\n<td class=\"institutionsClickableCell\">Sicilia<\/td>\n<td class=\"institutionsClickableCell\">Palermo<\/td>\n<td class=\"institutionsClickableCell\">Fondazione Federico II<\/td>\n<td><\/td>\n<\/tr>\n<tr>\n<td class=\"institutionsClickableCell\">Sicilia<\/td>\n<td class=\"institutionsClickableCell\">Taormina<\/td>\n<td class=\"institutionsClickableCell\">Parco Archeologico di Naxos<\/td>\n<td><\/td>\n<\/tr>\n<tr>\n<td class=\"institutionsClickableCell\">Toscana<\/td>\n<td class=\"institutionsClickableCell\">Firenze<\/td>\n<td class=\"institutionsClickableCell\">Gli Uffizi<\/td>\n<td><\/td>\n<\/tr>\n<tr>\n<td class=\"institutionsClickableCell\">Toscana<\/td>\n<td class=\"institutionsClickableCell\">Firenze<\/td>\n<td class=\"institutionsClickableCell\">Musei del Bargello<\/td>\n<td><\/td>\n<\/tr>\n<tr>\n<td class=\"institutionsClickableCell\">Umbria<\/td>\n<td class=\"institutionsClickableCell\">Spoleto (PG)<\/td>\n<td class=\"institutionsClickableCell\">Festival dei Due Mondi<\/td>\n<td><\/td>\n<\/tr>\n<tr>\n<td class=\"institutionsClickableCell\">Veneto<\/td>\n<td class=\"institutionsClickableCell\">Venezia<\/td>\n<td class=\"institutionsClickableCell\">Museo Archeologico di Venezia<\/td>\n<td><\/td>\n<\/tr>\n<tr>\n<td class=\"institutionsClickableCell\">Veneto<\/td>\n<td class=\"institutionsClickableCell\">Venezia<\/td>\n<td class=\"institutionsClickableCell\">Gallerie dell\u2019Accademia di Venezia<\/td>\n<td><\/td>\n<\/tr>\n<tr>\n<td class=\"institutionsClickableCell\">Veneto<\/td>\n<td class=\"institutionsClickableCell\">Venezia<\/td>\n<td class=\"institutionsClickableCell\">Collezione Peggy Guggenheim<\/td>\n<td><\/td>\n<\/tr>\n<tr>\n<td class=\"institutionsClickableCell\">Veneto<\/td>\n<td class=\"institutionsClickableCell\">Venezia<\/td>\n<td class=\"institutionsClickableCell\">La Biennale di Venezia<\/td>\n<td><\/td>\n<\/tr>\n<\/tbody>\n<\/table>\n<p><strong>Per\u00a0maggiori dettagli<a href=\"https:\/\/www.generazionecultura.it\/#step5\"> clicca qui\u00a0<\/a><\/strong><\/p>\n","protected":false},"excerpt":{"rendered":"<p>Formazione in aula e follow up La formazione si svolge in aula per un totale di circa 200 ore di [&hellip;]<\/p>\n","protected":false},"author":5,"featured_media":0,"parent":0,"menu_order":0,"comment_status":"closed","ping_status":"closed","template":"","meta":{"_acf_changed":false,"footnotes":""},"categories":[1],"tags":[],"docenti_teaching_area":[],"docenti_research_area":[],"tematiche":[],"lingue":[],"lunghezza_corsi":[],"class_list":["post-80","page","type-page","status-publish","hentry","category-uncategorized"],"acf":[],"aioseo_notices":[],"_links":{"self":[{"href":"https:\/\/businessschool.luiss.it\/generazione-cultura\/wp-json\/wp\/v2\/pages\/80","targetHints":{"allow":["GET"]}}],"collection":[{"href":"https:\/\/businessschool.luiss.it\/generazione-cultura\/wp-json\/wp\/v2\/pages"}],"about":[{"href":"https:\/\/businessschool.luiss.it\/generazione-cultura\/wp-json\/wp\/v2\/types\/page"}],"author":[{"embeddable":true,"href":"https:\/\/businessschool.luiss.it\/generazione-cultura\/wp-json\/wp\/v2\/users\/5"}],"replies":[{"embeddable":true,"href":"https:\/\/businessschool.luiss.it\/generazione-cultura\/wp-json\/wp\/v2\/comments?post=80"}],"version-history":[{"count":2,"href":"https:\/\/businessschool.luiss.it\/generazione-cultura\/wp-json\/wp\/v2\/pages\/80\/revisions"}],"predecessor-version":[{"id":236,"href":"https:\/\/businessschool.luiss.it\/generazione-cultura\/wp-json\/wp\/v2\/pages\/80\/revisions\/236"}],"wp:attachment":[{"href":"https:\/\/businessschool.luiss.it\/generazione-cultura\/wp-json\/wp\/v2\/media?parent=80"}],"wp:term":[{"taxonomy":"category","embeddable":true,"href":"https:\/\/businessschool.luiss.it\/generazione-cultura\/wp-json\/wp\/v2\/categories?post=80"},{"taxonomy":"post_tag","embeddable":true,"href":"https:\/\/businessschool.luiss.it\/generazione-cultura\/wp-json\/wp\/v2\/tags?post=80"},{"taxonomy":"docenti_teaching_area","embeddable":true,"href":"https:\/\/businessschool.luiss.it\/generazione-cultura\/wp-json\/wp\/v2\/docenti_teaching_area?post=80"},{"taxonomy":"docenti_research_area","embeddable":true,"href":"https:\/\/businessschool.luiss.it\/generazione-cultura\/wp-json\/wp\/v2\/docenti_research_area?post=80"},{"taxonomy":"tematiche","embeddable":true,"href":"https:\/\/businessschool.luiss.it\/generazione-cultura\/wp-json\/wp\/v2\/tematiche?post=80"},{"taxonomy":"lingue","embeddable":true,"href":"https:\/\/businessschool.luiss.it\/generazione-cultura\/wp-json\/wp\/v2\/lingue?post=80"},{"taxonomy":"lunghezza_corsi","embeddable":true,"href":"https:\/\/businessschool.luiss.it\/generazione-cultura\/wp-json\/wp\/v2\/lunghezza_corsi?post=80"}],"curies":[{"name":"wp","href":"https:\/\/api.w.org\/{rel}","templated":true}]}}