{"id":82,"date":"2017-03-17T11:19:50","date_gmt":"2017-03-17T11:19:50","guid":{"rendered":"https:\/\/businessschool.luiss.it\/generazione-cultura\/?page_id=82"},"modified":"2021-07-01T14:21:44","modified_gmt":"2021-07-01T14:21:44","slug":"faq","status":"publish","type":"page","link":"https:\/\/businessschool.luiss.it\/generazione-cultura\/faq\/","title":{"rendered":"FAQ"},"content":{"rendered":"<h3 id=\"faq0\" class=\"_mPS2id-t mPS2id-target\">A chi \u00e8 rivolto?<\/h3>\n<p>Possono partecipare alle selezioni del programma tutti gli studenti di nazionalit\u00e0 italiana che rispettano i seguenti requisiti:<br \/>\n\u2022 laureati magistrali in qualsiasi disciplina, nonch\u00e9 coloro che siano in possesso di un titolo universitario equivalente conseguito presso universit\u00e0 estere congiuntamente all\u2019attestato di comparabilit\u00e0 rilasciato dal CIMEA oppure alla dichiarazione di valore rilasciata dal consolato italiano sito nel Paese in cui il titolo \u00e8 stato conseguito;<br \/>\n\u2022 Et\u00e0 massima di 27 anni;<br \/>\n\u2022 Buona conoscenza della lingua inglese (valutata in sede di selezione).<\/p>\n<hr \/>\n<h3 id=\"faq1\" class=\"_mPS2id-t mPS2id-target\">Come posso partecipare al programma?<\/h3>\n<p>I candidati dovranno effettuare \u201cDomanda di ammissione\u201d presentando domanda di ammissione debitamente compilata online nel periodo di apertura bando.<br \/>\nAlla domanda di ammissione alla selezione dovranno essere obbligatoriamente allegati tramite procedura di uploading i seguenti documenti:<br \/>\na) Fotocopia di un documento d\u2019identit\u00e0;<br \/>\nb) Fotocopia del certificato di laurea riportante la lista degli esami sostenuti o autocertificazione ai sensi del D.P.R. 445\/2000;<br \/>\nc) Curriculum vitae et studiorum;<br \/>\nd) Altri titoli valutabili ai fini dell\u2019ammissione o autocertificazione ai sensi D.P.R. 445\/2000.<\/p>\n<hr \/>\n<h3 id=\"faq2\" class=\"_mPS2id-t mPS2id-target\">Quando sapr\u00f2 la destinazione dello stage?<\/h3>\n<p>La destinazione \u00e8 frutto di valutazioni della Commissione dell\u2019iniziativa e sar\u00e0 comunicata durante il periodo di formazione per consentire ai candidati di trovare una sistemazione presso la citt\u00e0 di destinazione.<\/p>\n<hr \/>\n<h3 id=\"faq3\" class=\"_mPS2id-t mPS2id-target\">Quando e come ricever\u00f2 la borsa di studio?<\/h3>\n<p>L\u2019iniziativa prevede il finanziamento della quota totale del corso di formazione e un rimborso spese di 3.000\u20ac a candidato per tutto il periodo del tirocinio (6 mesi) erogato in due tranche da 1500\u20ac una a met\u00e0 tirocinio e l\u2019altra alla fine. Durante il programma ti verranno chiesti gli estremi di un conto bancario o postale dove accreditare gli importi. Nel caso in cui non avessi un conto bancario o postale, provvedi all\u2019acquisto di una carta prepagata e ricaricabile con IBAN (es. PayPal) prima di procedere al perfezionamento dell\u2019iscrizione.<\/p>\n<p><strong>Si precisa che:<\/strong><br \/>\n\u2022 La partecipazione al tirocinio \u00e8 obbligatoria per l\u2019intera durata, pena la mancata erogazione della borsa di studio;<br \/>\n\u2022 che le borse di studio concesse nell\u2019ambito del programma non sono compatibili con rapporti di lavoro dipendente.<\/p>\n<hr \/>\n<h3 id=\"faq4\" class=\"_mPS2id-t mPS2id-target\">Durante le fasi di questo progetto posso essere sospeso o perdere il diritto a farne parte?<\/h3>\n<p>I partecipanti all\u2019iniziativa hanno dei doveri:<\/p>\n<p>\u2022 Tutti gli allievi iscritti al programma sono tenuti a soddisfare gli impegni formativi assunti per l\u2019iscrizione. Sono inoltre tenuti ad osservare comportamenti rispettosi del proficuo svolgimento delle attivit\u00e0 didattiche e formative e del regolare svolgimento delle prove di verifica del profitto, dell\u2019integrit\u00e0 personale, nonch\u00e9 della dignit\u00e0 altrui e dell\u2019integrit\u00e0 del decoro dei luoghi nei quali si svolge l\u2019insegnamento. La violazione dei doveri di comportamento di cui sopra comporta la responsabilit\u00e0 disciplinare dello studente senza pregiudizio delle eventuali ulteriori sanzioni di legge;<br \/>\n\u2022 La frequenza alla formazione in aula e alla sessione di Follow up \u00e8 obbligatoria, osservando un rigoroso rispetto degli orari di lezione;<br \/>\n\u2022 La partecipazione al tirocinio \u00e8 obbligatoria per l\u2019intera durata, pena la mancata erogazione della borsa di studio;<br \/>\n\u2022 Lo studente \u00e8 tenuto a rendersi disponibile all\u2019accertamento della presenza secondo le modalit\u00e0 stabilite.<\/p>\n<hr \/>\n<h3>Ricever\u00f2 conferma in caso di accettazione della mia candidatura e in caso di superamento delle selezioni?<\/h3>\n<p>Se il candidato rispetta i requisiti verr\u00e0 ammesso alle selezioni. Al termine di ciascuna selezione i candidati riceveranno nota, tramite l\u2019utilizzo di posta elettronica fornito, della loro ammissione o meno alle selezioni. Cos\u00ec come riceveranno conferma di aver superato o meno le selezioni.<\/p>\n<hr \/>\n<h3 id=\"faq6\" class=\"_mPS2id-t mPS2id-target\">Entro quando saranno noti i risultati delle selezioni ?<\/h3>\n<p>Entro la data indicata nel bando.<\/p>\n<hr \/>\n<h3 id=\"faq7\" class=\"_mPS2id-t mPS2id-target\">Quando si chiuderanno le iscrizioni al programma?<\/h3>\n<p>Le iscrizioni al bando si chiuderanno entro la data indicata nel bando. Le candidature al di fuori dei mesi di apertura dei bandi non verranno accettate.<\/p>\n<p><strong>Precisazioni:<\/strong><br \/>\nAver partecipato ai bandi precedenti non preclude la partecipazione\u00a0alla nuova edizione.<\/p>\n<hr \/>\n<h3 id=\"faq8\" class=\"_mPS2id-t mPS2id-target\">Se nel compilare l&#8217;application alla form mi accorgo di aver sbagliato alcuni dati devo ripetere tutto il processo di iscrizione?<\/h3>\n<p>Il form effettua alcuni controlli durante la compilazione ma non ha responsabilit\u00e0 di ogni genere di errore di battitura dell\u2019utente. Se pertanto ti accorgi di aver inserito dati errati devi rieffettuare l\u2019iscrizione.<\/p>\n<hr \/>\n<h3 id=\"faq9\" class=\"_mPS2id-t mPS2id-target\">Chi decide chi ammettere?<\/h3>\n<p>Una Commissione appositamente nominata dalla Direzione del programma, \u00e8 incaricata di valutare i titoli presentati dai candidati e di svolgere i colloqui individuali.<\/p>\n<hr \/>\n<h3 id=\"faq10\" class=\"_mPS2id-t mPS2id-target\">Al termine dell&#8217;iniziativa ricever\u00f2 attestati o altri riconoscimenti?<\/h3>\n<p>Viene rilasciato un attestato di frequenza al corso.<\/p>\n<hr \/>\n<h3 id=\"faq11\" class=\"_mPS2id-t mPS2id-target\">Dopo lo stage sar\u00f2 assunto?<\/h3>\n<p>No, non c\u2019\u00e8 nessun obbligo e non sono previsti dall\u2019iniziativa e dalle realt\u00e0 che vi partecipano impegni in tal senso.<\/p>\n<hr \/>\n<h3 class=\"_mPS2id-t mPS2id-target\">Se rispetto alcuni dei requisiti ma non tutti sono ammissibile?<\/h3>\n<p>No, tutti i requisiti e gli step di iscrizione al bando sono vincolanti per essere ammessi alle selezioni.<\/p>\n<hr \/>\n<h3 id=\"faq13\" class=\"_mPS2id-t mPS2id-target\">Che succede se non posso svolgere lo stage nella sede che mi \u00e8 stata assegnata?<\/h3>\n<p>Verranno valutati i singoli casi all\u2019occorrenza.<\/p>\n<hr \/>\n<h3 id=\"faq14\" class=\"_mPS2id-t mPS2id-target\">Come e quando sapr\u00f2 la destinazione\/sede dello stage?<\/h3>\n<p>Lo studente riceve notizia della destinazione assegnatagli durante il mese di formazione in aula.<\/p>\n<hr \/>\n<h3 id=\"faq15\" class=\"_mPS2id-t mPS2id-target\">Come sapr\u00f2 se sono stato selezionato?<\/h3>\n<p>Ci sono due momenti in cui gli organizzatori comunicheranno con gli aspiranti alunni:<br \/>\n1. La convocazione del candidato alla fase delle selezioni successiva all\u2019iscrizione al bando in cui il candidato verr\u00e0 convocato via e-mail in Luiss Business School per il test ed i colloqui.<br \/>\n2. Il superamento della fase di selezione di cui i candidati riceveranno nota, tramite e-mail (fornita in fase di candidatura al bando), della loro ammissione.<\/p>\n<p><strong>Attenzione!<\/strong>\u00a0dopo la conferma di buon esito della selezione riceverai un\u2019e-mail contenente un link al modulo di Domanda di iscrizione on line da compilare entro 3 giorni dalla ricezione dell&#8217;e-mail, firmare in calce, scannerizzare e spedire via email, a pena di decadenza, alla casella email:\u00a0<a href=\"mailto:generazionecultura@luiss.it\">generazionecultura@luiss.it<\/a>\u00a0.<\/p>\n<hr \/>\n<h3 id=\"faq16\" class=\"_mPS2id-t mPS2id-target\">Cosa viene finanziato e cosa \u00e8 a mie spese?<\/h3>\n<p>Il progetto \u00e8 promosso e sponsorizzato da IGT con un finanziamento della quota totale del corso e un rimborso spese di 3000\u20ac a candidato per tutto il periodo del tirocinio (6 mesi) erogato in due tranche da 1500\u20ac una a met\u00e0 tirocinio e l\u2019altra alla fine.<\/p>\n<p>Si precisa:<br \/>\n\u2022 La partecipazione al tirocinio \u00e8 obbligatoria per l\u2019intera durata, pena la mancata erogazione della borsa di studio;<br \/>\n\u2022 che le borse di studio concesse nell\u2019ambito del programma non sono compatibili con rapporti di lavoro dipendente.<\/p>\n<p>Sono a carico dei partecipanti le spese di trasferimento, vitto e alloggio per il soggiorno a Roma (nelle fasi di formazione in aula, Follow up e Tutoring on demand) e per il soggiorno nella sede di svolgimento del tirocinio.<\/p>\n<hr \/>\n<h3 id=\"faq17\" class=\"_mPS2id-t mPS2id-target\">Quali sono le tempistiche dell&#8217;iniziativa?<\/h3>\n<p>Le tempistiche dell\u2019iniziativa saranno rese note con la pubblicazione del nuovo bando.<\/p>\n<hr \/>\n<h3 id=\"faq18\" class=\"_mPS2id-t mPS2id-target\">Posso seguire i corsi in remoto?<\/h3>\n<p>I corsi richiedono la frequenza delle lezioni in aula.<\/p>\n<hr \/>\n<h3 id=\"faq19\" class=\"_mPS2id-t mPS2id-target\">Quali sono i criteri di selezione, o scelta destinazione?<\/h3>\n<p>L\u2019ammissione al programma \u00e8 subordinata ad una preventiva positiva valutazione del curriculum. Gli ammessi (fino ad un massimo di 320) al processo di selezione dovranno sostenere un test di conoscenza della lingua inglese e un test d&#8217;ammissione volto a misurare le competenze nel ragionamento verbale, numerico e astratto dei candidati selezionati. I candidati che supereranno un test (fino ad un massimo di 220) svolgeranno un colloquio motivazionale\/attitudinale per valutare le capacit\u00e0, la motivazione e il potenziale dei candidati.<\/p>\n<hr \/>\n<h3 id=\"faq20\" class=\"_mPS2id-t mPS2id-target\">Come faccio ad essere sicuro che l&#8217;iscrizione al bando sia andata a buon fine?<\/h3>\n<p>Al termine dell\u2019iscrizione al bando riceverai una e-mail di ricevuta che attester\u00e0 l\u2019invio di quello che hai compilato e allegato nel form. Questa e-mail non significa per\u00f2 che i dati ed i documenti da te allegati siano corretti. Presta attenzione in fase di compilamento della domanda di ammissione!<\/p>\n<hr \/>\n<h3 id=\"faq21\" class=\"_mPS2id-t mPS2id-target\">Posso cambiare gruppo qualora abbia delle indisponibilit\u00e0 per il primo o il secondo periodo?<\/h3>\n<p>No, ogni selezione e ammissione \u00e8 relativa ai periodi di riferimento del bando.<\/p>\n<hr \/>\n<h3 id=\"faq22\" class=\"_mPS2id-t mPS2id-target\">Posso scegliere se far parte del primo o secondo gruppo di candidati?<\/h3>\n<p>No, ogni selezione e ammissione \u00e8 relativa ai periodi di riferimento del bando.<\/p>\n<hr \/>\n<h3 id=\"faq23\" class=\"_mPS2id-t mPS2id-target\">Posso scegliere la destinazione dello stage?<\/h3>\n<p>No, non sar\u00e0 possibile farlo. La destinazione \u00e8 frutto di valutazioni della Commissione dell\u2019iniziativa e sar\u00e0 comunicata durante il periodo di formazione per consentire ai candidati di trovare una sistemazione presso la citt\u00e0 di destinazione.<\/p>\n<hr \/>\n<h3 id=\"faq24\" class=\"_mPS2id-t mPS2id-target\">Cosa succede dopo che ho inoltrato la domanda di ammissione al bando?<\/h3>\n<p>Nel mese successivo al bando, verificata la correttezza dei documenti inviati e i requisiti, il candidato viene invitato a partecipare alla \u201cfase di selezione\u201d (test e colloqui).<br \/>\nSe il candidato supera la selezione, dovr\u00e0 perfezionare l\u2019iscrizione on-line seguendo le indicazioni dell\u2019email di conferma, ed inviando anche una copia scannerizzata e firmata della \u201cDomanda di iscrizione\u201d compilata on-line entro 3 giorni dalla ricezione dell\u2019email a\u00a0<a href=\"mailto:generazionecultura@luiss.it\">generazionecultura@luiss.it<\/a>.<\/p>\n<hr \/>\n<h3 id=\"faq23\" class=\"_mPS2id-t mPS2id-target\">Come posso ridurre le dimensioni dei documenti da caricare durante il processo di iscrizione?<\/h3>\n<p>&#8211; salvarli modificando le impostazioni del programma che hai utilizzato per salvare l&#8217;immagine o effettuare la scansione, scegliendo di ridurre leggermente la qualit\u00e0 a vantaggio delle dimensioni del file;<br \/>\n&#8211; utilizzare alcuni dei tanti servizi disponibili online per il ridimensionamento delle immagini o dei PDF; a titolo di esempio:<br \/>\n<a href=\"http:\/\/www.picresize.com\/\" target=\"_blank\" rel=\"noopener\">http:\/\/www.picresize.com\/<\/a>\u00a0(ridimensionamento immagini)<br \/>\n<a href=\"https:\/\/pdfresizer.com\/\" target=\"_blank\" rel=\"noopener\">https:\/\/pdfresizer.com\/<\/a>\u00a0(ridimensionamento PDF)<\/p>\n","protected":false},"excerpt":{"rendered":"<p>A chi \u00e8 rivolto? Possono partecipare alle selezioni del programma tutti gli studenti di nazionalit\u00e0 italiana che rispettano i seguenti [&hellip;]<\/p>\n","protected":false},"author":5,"featured_media":0,"parent":0,"menu_order":0,"comment_status":"closed","ping_status":"closed","template":"","meta":{"_acf_changed":false,"footnotes":""},"categories":[1],"tags":[],"docenti_teaching_area":[],"docenti_research_area":[],"tematiche":[],"lingue":[],"lunghezza_corsi":[],"class_list":["post-82","page","type-page","status-publish","hentry","category-uncategorized"],"acf":[],"aioseo_notices":[],"_links":{"self":[{"href":"https:\/\/businessschool.luiss.it\/generazione-cultura\/wp-json\/wp\/v2\/pages\/82","targetHints":{"allow":["GET"]}}],"collection":[{"href":"https:\/\/businessschool.luiss.it\/generazione-cultura\/wp-json\/wp\/v2\/pages"}],"about":[{"href":"https:\/\/businessschool.luiss.it\/generazione-cultura\/wp-json\/wp\/v2\/types\/page"}],"author":[{"embeddable":true,"href":"https:\/\/businessschool.luiss.it\/generazione-cultura\/wp-json\/wp\/v2\/users\/5"}],"replies":[{"embeddable":true,"href":"https:\/\/businessschool.luiss.it\/generazione-cultura\/wp-json\/wp\/v2\/comments?post=82"}],"version-history":[{"count":2,"href":"https:\/\/businessschool.luiss.it\/generazione-cultura\/wp-json\/wp\/v2\/pages\/82\/revisions"}],"predecessor-version":[{"id":238,"href":"https:\/\/businessschool.luiss.it\/generazione-cultura\/wp-json\/wp\/v2\/pages\/82\/revisions\/238"}],"wp:attachment":[{"href":"https:\/\/businessschool.luiss.it\/generazione-cultura\/wp-json\/wp\/v2\/media?parent=82"}],"wp:term":[{"taxonomy":"category","embeddable":true,"href":"https:\/\/businessschool.luiss.it\/generazione-cultura\/wp-json\/wp\/v2\/categories?post=82"},{"taxonomy":"post_tag","embeddable":true,"href":"https:\/\/businessschool.luiss.it\/generazione-cultura\/wp-json\/wp\/v2\/tags?post=82"},{"taxonomy":"docenti_teaching_area","embeddable":true,"href":"https:\/\/businessschool.luiss.it\/generazione-cultura\/wp-json\/wp\/v2\/docenti_teaching_area?post=82"},{"taxonomy":"docenti_research_area","embeddable":true,"href":"https:\/\/businessschool.luiss.it\/generazione-cultura\/wp-json\/wp\/v2\/docenti_research_area?post=82"},{"taxonomy":"tematiche","embeddable":true,"href":"https:\/\/businessschool.luiss.it\/generazione-cultura\/wp-json\/wp\/v2\/tematiche?post=82"},{"taxonomy":"lingue","embeddable":true,"href":"https:\/\/businessschool.luiss.it\/generazione-cultura\/wp-json\/wp\/v2\/lingue?post=82"},{"taxonomy":"lunghezza_corsi","embeddable":true,"href":"https:\/\/businessschool.luiss.it\/generazione-cultura\/wp-json\/wp\/v2\/lunghezza_corsi?post=82"}],"curies":[{"name":"wp","href":"https:\/\/api.w.org\/{rel}","templated":true}]}}