{"id":84,"date":"2017-03-17T11:20:06","date_gmt":"2017-03-17T11:20:06","guid":{"rendered":"https:\/\/businessschool.luiss.it\/generazione-cultura\/?page_id=84"},"modified":"2021-07-01T14:21:23","modified_gmt":"2021-07-01T14:21:23","slug":"partners","status":"publish","type":"page","link":"https:\/\/businessschool.luiss.it\/generazione-cultura\/partners\/","title":{"rendered":"Partners"},"content":{"rendered":"<h3>I valori<\/h3>\n<p>Generazione Cultura \u00e8 un progetto interamente finanziato da IGT e sviluppato in collaborazione con Luiss Business School, MiBACT e oltre 30 istituzioni culturali sparse sul territorio nazionale.<br \/>\nE\u2019 un\u2019importante iniziativa per valorizzare la professionalit\u00e0 di giovani talenti offrendo loro mezzi e supporto per mettere in gioco il proprio valore, e supportare le istituzioni culturali di questo Paese in un processo di innovazione che pu\u00f2 essere fertilizzato solo da chi rappresenta il futuro della sua classe manageriale. Generazione Cultura rientra in una serie di iniziative volte al sostegno della comunit\u00e0 in cui viviamo e su cui IGT \u00e8 da sempre in prima linea con importanti iniziative culturali.<\/p>\n<hr \/>\n<h3>Ideato e sostenuto da<\/h3>\n<p>IGT \u00e8 un\u2019azienda leader a livello mondiale nel settore del gioco regolamentato.<\/p>\n<p>Offriamo esperienze di gioco coinvolgenti e sostenibili per i giocatori attraverso tutti i canali di vendita e i giochi regolamentati, dalle gaming machine alle lotterie, dalle scommesse online al gioco digitale.<\/p>\n<p>Grazie a l\u2019ampia gamma di contenuti, l\u2019investimento in innovazione, gli insight dei giocatori, l\u2019expertise nella produzione e una tecnologia all\u2019avanguardia, i nostri prodotti offrono una esperienza di gioco unica, che intrattiene i giocatori e guida la nostra crescita.\u00a0 Siamo presenti in pi\u00f9 di 100 paesi in tutto il mondo, dove, grazie al lavoro di pi\u00f9 di 11000 dipendenti, creiamo valore grazie ai pi\u00f9 elevati standard in termini di servizio, integrit\u00e0 e responsabilit\u00e0, e stabiliamo relazioni con i governi e le istituzioni.<\/p>\n<p style=\"text-align: justify;\">In Italia IGT \u00e8 concessionario statale di tutte le Lotterie e dei servizi commerciali e finanziari.<\/p>\n<hr \/>\n<h3 style=\"text-align: justify;\">In collaborazione con<\/h3>\n<p><img loading=\"lazy\" decoding=\"async\" class=\"align= left alignnone wp-image-109 img-responsive\" src=\"https:\/\/businessschool.luiss.it\/generazione-cultura\/wp-content\/uploads\/sites\/31\/2017\/03\/LuissEquis.png\" alt=\"LuissEquis\" width=\"229\" height=\"51\" srcset=\"https:\/\/businessschool.luiss.it\/generazione-cultura\/wp-content\/uploads\/sites\/31\/2017\/03\/LuissEquis.png 404w, https:\/\/businessschool.luiss.it\/generazione-cultura\/wp-content\/uploads\/sites\/31\/2017\/03\/LuissEquis-300x68.png 300w\" sizes=\"auto, (max-width: 229px) 100vw, 229px\" \/>\u00a0Luiss Business School \u00e8 la Scuola di Business e Management dell\u2019Universit\u00e0 Luiss Guido Carli. Forte del legame con Confindustria e con le principali aziende ed istituzioni italiane, Luiss Business School si avvale del contributo dei docenti dell\u2019Ateneo e del know-how e dell\u2019esperienza di professionals di primo piano del mondo delle imprese, della consulenza, della finanza, delle libere professioni, oltre alla collaborazione di rappresentanti di altre universit\u00e0 e scuole internazionali di formazione.<\/p>\n","protected":false},"excerpt":{"rendered":"<p>I valori Generazione Cultura \u00e8 un progetto interamente finanziato da IGT e sviluppato in collaborazione con Luiss Business School, MiBACT [&hellip;]<\/p>\n","protected":false},"author":5,"featured_media":0,"parent":0,"menu_order":0,"comment_status":"closed","ping_status":"closed","template":"","meta":{"_acf_changed":false,"footnotes":""},"categories":[1],"tags":[],"docenti_teaching_area":[],"docenti_research_area":[],"tematiche":[],"lingue":[],"lunghezza_corsi":[],"class_list":["post-84","page","type-page","status-publish","hentry","category-uncategorized"],"acf":[],"aioseo_notices":[],"_links":{"self":[{"href":"https:\/\/businessschool.luiss.it\/generazione-cultura\/wp-json\/wp\/v2\/pages\/84","targetHints":{"allow":["GET"]}}],"collection":[{"href":"https:\/\/businessschool.luiss.it\/generazione-cultura\/wp-json\/wp\/v2\/pages"}],"about":[{"href":"https:\/\/businessschool.luiss.it\/generazione-cultura\/wp-json\/wp\/v2\/types\/page"}],"author":[{"embeddable":true,"href":"https:\/\/businessschool.luiss.it\/generazione-cultura\/wp-json\/wp\/v2\/users\/5"}],"replies":[{"embeddable":true,"href":"https:\/\/businessschool.luiss.it\/generazione-cultura\/wp-json\/wp\/v2\/comments?post=84"}],"version-history":[{"count":2,"href":"https:\/\/businessschool.luiss.it\/generazione-cultura\/wp-json\/wp\/v2\/pages\/84\/revisions"}],"predecessor-version":[{"id":232,"href":"https:\/\/businessschool.luiss.it\/generazione-cultura\/wp-json\/wp\/v2\/pages\/84\/revisions\/232"}],"wp:attachment":[{"href":"https:\/\/businessschool.luiss.it\/generazione-cultura\/wp-json\/wp\/v2\/media?parent=84"}],"wp:term":[{"taxonomy":"category","embeddable":true,"href":"https:\/\/businessschool.luiss.it\/generazione-cultura\/wp-json\/wp\/v2\/categories?post=84"},{"taxonomy":"post_tag","embeddable":true,"href":"https:\/\/businessschool.luiss.it\/generazione-cultura\/wp-json\/wp\/v2\/tags?post=84"},{"taxonomy":"docenti_teaching_area","embeddable":true,"href":"https:\/\/businessschool.luiss.it\/generazione-cultura\/wp-json\/wp\/v2\/docenti_teaching_area?post=84"},{"taxonomy":"docenti_research_area","embeddable":true,"href":"https:\/\/businessschool.luiss.it\/generazione-cultura\/wp-json\/wp\/v2\/docenti_research_area?post=84"},{"taxonomy":"tematiche","embeddable":true,"href":"https:\/\/businessschool.luiss.it\/generazione-cultura\/wp-json\/wp\/v2\/tematiche?post=84"},{"taxonomy":"lingue","embeddable":true,"href":"https:\/\/businessschool.luiss.it\/generazione-cultura\/wp-json\/wp\/v2\/lingue?post=84"},{"taxonomy":"lunghezza_corsi","embeddable":true,"href":"https:\/\/businessschool.luiss.it\/generazione-cultura\/wp-json\/wp\/v2\/lunghezza_corsi?post=84"}],"curies":[{"name":"wp","href":"https:\/\/api.w.org\/{rel}","templated":true}]}}