{"id":6,"date":"2023-07-14T09:21:38","date_gmt":"2023-07-14T07:21:38","guid":{"rendered":"https:\/\/businessschool.luiss.it\/gestione-governo-pmi-nuove-sfide\/?page_id=6"},"modified":"2023-07-14T09:30:20","modified_gmt":"2023-07-14T07:30:20","slug":"overview","status":"publish","type":"page","link":"https:\/\/businessschool.luiss.it\/gestione-governo-pmi-nuove-sfide\/","title":{"rendered":"Overview"},"content":{"rendered":"\n<p>L\u2019Executive Programme <strong>Gestione e Governo delle PMI: Le Nuove Sfide<\/strong> \u00e8 un programma pensato per coloro che vogliono sviluppare la propria professionalit\u00e0 e fare un salto di qualit\u00e0 nella gestione della propria Impresa.<\/p>\n\n\n\n<p>\u00c8 un percorso volto a formare leader innovativi, che abbiano un impatto duraturo all\u2019interno delle organizzazioni in cui operano. Attraverso un\u2019esperienza di apprendimento agile e immersiva, il Corso fornisce le competenze e gli strumenti di management strategico necessari per affrontare la crescente complessit\u00e0 del mondo imprenditoriale in continua evoluzione.<\/p>\n\n\n\n<p>Al termine del programma i partecipanti avranno acquisito:<\/p>\n\n\n\n<ul class=\"wp-block-list\">\n<li>Competenze utili a gestire in maniera tempestiva le sfide della governance e della sostenibilit\u00e0, nonch\u00e9 quelle legate al passaggio da una leadership familiare a una manageriale.<\/li>\n\n\n\n<li>Best practice e competenze utili a disegnare, mappare e riprogettare l\u2019organizzazione e le sue strutture, per favorirne la managerializzazione e gestire il cambiamento<\/li>\n\n\n\n<li>Un set di strumenti utili a traghettare l\u2019organizzazione attraverso le sfide del contesto competitivo, rendendoli in grado di interpretarne le dinamiche per prendere decisioni strategiche che generino un vantaggio competitivo sostenibile nel lungo periodo.<\/li>\n\n\n\n<li>Strumentazione per la gestione finanziaria e la valutazione delle alternative utili a guidare una crescita sana dal punto di vista finanziario.<\/li>\n<\/ul>\n\n\n\n<h3 class=\"wp-block-heading\">Obiettivi<\/h3>\n\n\n\n<p>Il programma ha l\u2019obiettivo di supportare le PMI nelle sfide e nelle opportunit\u00e0 dettate dal contesto competitivo attuale, fornendo ai partecipanti un set di strumenti e competenze immediatamente applicabili e utili a guidare il complesso processo di cambiamento e riorganizzazione imposti dalle sfide della crescita, dai rischi globali e dalla trasformazione digitale.<\/p>\n\n\n\n<h3 class=\"wp-block-heading\">A chi \u00e8 rivolto<\/h3>\n\n\n\n<p>Il programma si rivolge a Professionisti, Imprenditori e Manager che operano in Piccole e Medie Imprese, ovvero responsabili di qualsiasi funzione che rivestono un ruolo attivo nella gestione o nella definizione della strategia aziendale.<\/p>\n\n\n\n<h3 class=\"wp-block-heading\">Attestato di partecipazione<\/h3>\n\n\n\n<p>Al termine delle attivit\u00e0 didattiche verr\u00e0 rilasciato un attestato di partecipazione a coloro che avranno frequentato almeno l\u201980% delle attivit\u00e0 di formazione previste dal programma.<\/p>\n","protected":false},"excerpt":{"rendered":"<p>L\u2019Executive Programme Gestione e Governo delle PMI: Le Nuove Sfide \u00e8 un programma pensato per coloro che vogliono sviluppare la [&hellip;]<\/p>\n","protected":false},"author":13,"featured_media":0,"parent":0,"menu_order":0,"comment_status":"closed","ping_status":"closed","template":"","meta":{"_acf_changed":false,"footnotes":""},"categories":[],"tags":[],"docenti_teaching_area":[],"docenti_research_area":[],"tematiche":[],"lingue":[],"lunghezza_corsi":[],"class_list":["post-6","page","type-page","status-publish","hentry"],"acf":[],"aioseo_notices":[],"_links":{"self":[{"href":"https:\/\/businessschool.luiss.it\/gestione-governo-pmi-nuove-sfide\/wp-json\/wp\/v2\/pages\/6","targetHints":{"allow":["GET"]}}],"collection":[{"href":"https:\/\/businessschool.luiss.it\/gestione-governo-pmi-nuove-sfide\/wp-json\/wp\/v2\/pages"}],"about":[{"href":"https:\/\/businessschool.luiss.it\/gestione-governo-pmi-nuove-sfide\/wp-json\/wp\/v2\/types\/page"}],"author":[{"embeddable":true,"href":"https:\/\/businessschool.luiss.it\/gestione-governo-pmi-nuove-sfide\/wp-json\/wp\/v2\/users\/13"}],"replies":[{"embeddable":true,"href":"https:\/\/businessschool.luiss.it\/gestione-governo-pmi-nuove-sfide\/wp-json\/wp\/v2\/comments?post=6"}],"version-history":[{"count":2,"href":"https:\/\/businessschool.luiss.it\/gestione-governo-pmi-nuove-sfide\/wp-json\/wp\/v2\/pages\/6\/revisions"}],"predecessor-version":[{"id":37,"href":"https:\/\/businessschool.luiss.it\/gestione-governo-pmi-nuove-sfide\/wp-json\/wp\/v2\/pages\/6\/revisions\/37"}],"wp:attachment":[{"href":"https:\/\/businessschool.luiss.it\/gestione-governo-pmi-nuove-sfide\/wp-json\/wp\/v2\/media?parent=6"}],"wp:term":[{"taxonomy":"category","embeddable":true,"href":"https:\/\/businessschool.luiss.it\/gestione-governo-pmi-nuove-sfide\/wp-json\/wp\/v2\/categories?post=6"},{"taxonomy":"post_tag","embeddable":true,"href":"https:\/\/businessschool.luiss.it\/gestione-governo-pmi-nuove-sfide\/wp-json\/wp\/v2\/tags?post=6"},{"taxonomy":"docenti_teaching_area","embeddable":true,"href":"https:\/\/businessschool.luiss.it\/gestione-governo-pmi-nuove-sfide\/wp-json\/wp\/v2\/docenti_teaching_area?post=6"},{"taxonomy":"docenti_research_area","embeddable":true,"href":"https:\/\/businessschool.luiss.it\/gestione-governo-pmi-nuove-sfide\/wp-json\/wp\/v2\/docenti_research_area?post=6"},{"taxonomy":"tematiche","embeddable":true,"href":"https:\/\/businessschool.luiss.it\/gestione-governo-pmi-nuove-sfide\/wp-json\/wp\/v2\/tematiche?post=6"},{"taxonomy":"lingue","embeddable":true,"href":"https:\/\/businessschool.luiss.it\/gestione-governo-pmi-nuove-sfide\/wp-json\/wp\/v2\/lingue?post=6"},{"taxonomy":"lunghezza_corsi","embeddable":true,"href":"https:\/\/businessschool.luiss.it\/gestione-governo-pmi-nuove-sfide\/wp-json\/wp\/v2\/lunghezza_corsi?post=6"}],"curies":[{"name":"wp","href":"https:\/\/api.w.org\/{rel}","templated":true}]}}