{"id":37,"date":"2025-03-19T09:40:04","date_gmt":"2025-03-19T08:40:04","guid":{"rendered":"https:\/\/businessschool.luiss.it\/governance-relazioni-istituzionali-strumenti-finanziari\/?page_id=37"},"modified":"2025-10-30T10:45:00","modified_gmt":"2025-10-30T09:45:00","slug":"curriculum","status":"publish","type":"page","link":"https:\/\/businessschool.luiss.it\/governance-relazioni-istituzionali-strumenti-finanziari\/curriculum\/","title":{"rendered":"Curriculum"},"content":{"rendered":"\n<p>Il Programma \u00e8 composto da<strong>&nbsp;6 moduli,&nbsp;<\/strong>ed \u00e8 organizzato secondo la formula&nbsp;<strong>weekend (sabato 9:00-18)<\/strong>&nbsp;che permette di conciliare l\u2019attivit\u00e0 formativa con la carriera professionale.&nbsp;<\/p>\n\n\n\n<p>La struttura del corso consente altres\u00ec di poter approfondire solo argomenti specifici in linea con determinate esigenze formative e professionali.&nbsp;<\/p>\n\n\n\n<h3 class=\"wp-block-heading\">Programma<\/h3>\n\n\n\n<h4 class=\"wp-block-heading\">Modulo 1: Strategie e assetti istituzionali dell\u2019Unione Europea<\/h4>\n\n\n\n<p><strong>Argomenti:<\/strong><\/p>\n\n\n\n<ul class=\"wp-block-list\">\n<li>Dinamiche istituzionali e interazioni tra gli stakeholder dell\u2019UE: individuazione delle proxy relative ai ruoli e alle funzioni dei principali attori coinvolti nei processi decisionali, incluse le istituzioni, le lobby, le associazioni di categoria, le ONG e le rappresentanze nazionali, con particolare attenzione alle strategie di advocacy e influenza nelle politiche europee.<\/li>\n\n\n\n<li>Strategie di governance, modalit\u00e0 di interazione tra i diversi livelli istituzionali e strumenti di partecipazione degli stakeholder nei processi legislativi e regolatori nell\u2019ambito delle competenze e delle funzioni delle istituzioni chiave dell\u2019UE.<\/li>\n<\/ul>\n\n\n\n<h4 class=\"wp-block-heading\">Modulo 2: Processi decisionali e governance dell\u2019UE e recepimento locale<\/h4>\n\n\n\n<p><strong>Argomenti modulo 2<\/strong><\/p>\n\n\n\n<ul class=\"wp-block-list\">\n<li>Analisi dei principali strumenti legislativi ed esplorazione dell\u2019EU Ordinary Legislative Procedure.<\/li>\n\n\n\n<li>Implementazione e governance delle normative europee: best practice nell\u2019attuazione delle normative europee e della sorveglianza della Commissione.<\/li>\n\n\n\n<li>Recepimento a livello nazionale (Stato membro):&nbsp;approfondimento sui meccanismi attraverso cui le direttive europee vengono recepite nei singoli ordinamenti nazionali, con focus sul ruolo delle autorit\u00e0 centrali. Analisi delle tempistiche, criticit\u00e0 e margini di discrezionalit\u00e0 nell&#8217;attuazione da parte degli Stati membri.<\/li>\n\n\n\n<li>Esercitazione sulla creazione di emendamenti normativi relativi a specifici settori, applicando strategie di negoziazione e tecniche di lobbying per influenzare l\u2019iter decisionale europeo.<\/li>\n<\/ul>\n\n\n\n<h4 class=\"wp-block-heading\">Modulo 3: Relazioni istituzionali e Comunicazione<\/h4>\n\n\n\n<p><strong>Argomenti:<\/strong><\/p>\n\n\n\n<ul class=\"wp-block-list\">\n<li>Avvio e programmazione delle strategie di Public Affairs<\/li>\n\n\n\n<li>Studio delle principali tecniche e strumenti di comunicazione istituzionale efficace<\/li>\n<\/ul>\n\n\n\n<h4 class=\"wp-block-heading\">Modulo 4: Priorit\u00e0 strategiche e dossier chiave della nuova Commissione Europea<\/h4>\n\n\n\n<p><strong>Argomenti:<\/strong><\/p>\n\n\n\n<ul class=\"wp-block-list\">\n<li>I 4 dossier identificati come prioritari dalla nuova Commissione Europea (e.g. competitivit\u00e0, difesa, innovazione tecnologica ed energia).<\/li>\n\n\n\n<li>Dinamiche di interazione tra le istituzioni UE, gli Stati membri e gli stakeholder nella definizione e nell\u2019implementazione di tali dossier.<\/li>\n<\/ul>\n\n\n\n<h4 class=\"wp-block-heading\">Modulo 5: Strategie di Advocacy presso le istituzioni comunitarie e best practices<\/h4>\n\n\n\n<p><strong>Argomenti:<\/strong><\/p>\n\n\n\n<ul class=\"wp-block-list\">\n<li>Principi Fondamentali del Lobbying e Advocacy nell\u2019UE<\/li>\n\n\n\n<li>Advocacy Aziendale e integrazione con le strategie di sostenibilit\u00e0 e CSR<\/li>\n\n\n\n<li>Engagement degli Stakeholder chiave per costruire alleanze pubblico-privato<\/li>\n\n\n\n<li>Strumenti di Lobbying e Advocacy: Position Paper e Consultazioni<\/li>\n\n\n\n<li>Comunicazione Strategica e Tecniche di Negoziazione efficace in contesti complessi e multistakeholder<\/li>\n\n\n\n<li>Analisi di best practices e casi di successo: metodologie consolidate, approcci innovativi e applicazione pratica dei principi analizzati<\/li>\n<\/ul>\n\n\n\n<h4 class=\"wp-block-heading\">Modulo 6: Fondi, strumenti finanziari e programmi europei: Origine, Funzionamento e Opportunit\u00e0 di Finanziamento<\/h4>\n\n\n\n<p><strong>Argomenti:<\/strong><\/p>\n\n\n\n<ul class=\"wp-block-list\">\n<li>Quadro Finanziario Pluriennale (QFP);<\/li>\n\n\n\n<li>European Investment Bank (EIB): Ruolo e Funzioni della EIB; Programmi di Finanziamento della EIB (focus su infrastrutture, energie rinnovabili, innovazione tecnologica e sviluppo sostenibile)<\/li>\n\n\n\n<li>Euroepan Investment Fund (EIF): Funzionamento del EIF; Programmi e Strumenti<\/li>\n\n\n\n<li>Strategie per la partecipazione ai bandi: Best practices per la redazione di progetti finanziabili, la preparazione di offerte e la gestione delle richieste di finanziamento<\/li>\n<\/ul>\n\n\n\n<h3 class=\"wp-block-heading\">Calendario, Sedi e Frequenza<\/h3>\n\n\n\n<p>Calendario e Sedi<\/p>\n\n\n\n<p>Orario e Sede<\/p>\n\n\n\n<p>Le lezioni si svolgeranno il sabato ore 10:00 \u2013 17:00 presso la Luiss Business School \u2013 Villa Blanc, <strong>Via Nomentana 216<\/strong>, 00162 <strong>Roma.<\/strong><\/p>\n\n\n\n<figure class=\"wp-block-table is-style-stripes\"><table class=\"has-fixed-layout\"><tbody><tr><td><strong>EXECUTIVE PROGRAMME IN Governance, relazioni istituzionali e strumenti finanziari<\/strong><\/td><td colspan=\"2\"><strong>DURATA<\/strong>: <strong>6 incontri<\/strong><\/td><td><strong>DATE<\/strong> <strong>(25 ott. 2025 \u2013 24 gen. 2026)<\/strong><\/td><td><strong>ORARIO<\/strong><\/td><\/tr><tr><td><strong>Modulo 1<\/strong> \u2013 Strategie e assetti istituzionali dell\u2019Unione Europea<\/td><td colspan=\"2\">&nbsp; 1 incontro<\/td><td>Sabato 25 ott. 2025<\/td><td>&nbsp; 10:00 \u2013 17:00<\/td><\/tr><tr><td><strong>Modulo 2<\/strong> \u2013 Processi decisionali e governance dell\u2019UE e recepimento locale<\/td><td colspan=\"2\">&nbsp; 1 incontro<\/td><td>Sabato 15 nov. 2025<\/td><td>&nbsp; 10:00 \u2013 17:00<\/td><\/tr><tr><td><strong>Modulo 3<\/strong> \u2013 Relazioni istituzionali e Comunicazione<\/td><td colspan=\"2\">&nbsp; 1 incontro<\/td><td>Sabato 29 nov. 2025<\/td><td>&nbsp; 10:00 \u2013 17:00<\/td><\/tr><tr><td><strong>Modulo 4<\/strong> \u2013 Priorit\u00e0 strategiche e dossier chiave della nuova Commissione Europea<\/td><td colspan=\"2\">&nbsp; 1 incontro<\/td><td>Sabato 13 dic. 2025<\/td><td>&nbsp; 10:00 \u2013 17:00<\/td><\/tr><tr><td><strong>Modulo 5<\/strong> \u2013 Strategie di Advocacy presso le istituzioni comunitarie e best practices<\/td><td colspan=\"2\">&nbsp; 1 incontro<\/td><td>Sabato 10 gen. 2026<\/td><td>&nbsp; 10:00 \u2013 17:00<\/td><\/tr><tr><td><strong>Modulo 6<\/strong> \u2013 Fondi, strumenti finanziari e programmi europei: Origine, Funzionamento e Opportunit\u00e0 di Finanziamento<\/td><td colspan=\"2\">&nbsp; 1 incontro<\/td><td>Sabato 24 gen. 2026<\/td><td>&nbsp; 10:00 \u2013 17:00<\/td><\/tr><\/tbody><\/table><\/figure>\n\n\n\n<p><em>Salvo disposizioni di legge che impediscano lo svolgimento degli incontri in presenza, per cui la Scuola si riserva il diritto di modificare la modalit\u00e0 di erogazione degli stessi, questi si terranno presso le sedi indicate e previste per il programma in oggetto.<\/em><\/p>\n","protected":false},"excerpt":{"rendered":"<p>Il Programma \u00e8 composto da&nbsp;6 moduli,&nbsp;ed \u00e8 organizzato secondo la formula&nbsp;weekend (sabato 9:00-18)&nbsp;che permette di conciliare l\u2019attivit\u00e0 formativa con la [&hellip;]<\/p>\n","protected":false},"author":5,"featured_media":0,"parent":0,"menu_order":0,"comment_status":"closed","ping_status":"closed","template":"","meta":{"_acf_changed":false,"footnotes":""},"categories":[],"tags":[],"docenti_teaching_area":[],"docenti_research_area":[],"tematiche":[],"lingue":[],"lunghezza_corsi":[],"class_list":["post-37","page","type-page","status-publish","hentry"],"acf":[],"aioseo_notices":[],"_links":{"self":[{"href":"https:\/\/businessschool.luiss.it\/governance-relazioni-istituzionali-strumenti-finanziari\/wp-json\/wp\/v2\/pages\/37","targetHints":{"allow":["GET"]}}],"collection":[{"href":"https:\/\/businessschool.luiss.it\/governance-relazioni-istituzionali-strumenti-finanziari\/wp-json\/wp\/v2\/pages"}],"about":[{"href":"https:\/\/businessschool.luiss.it\/governance-relazioni-istituzionali-strumenti-finanziari\/wp-json\/wp\/v2\/types\/page"}],"author":[{"embeddable":true,"href":"https:\/\/businessschool.luiss.it\/governance-relazioni-istituzionali-strumenti-finanziari\/wp-json\/wp\/v2\/users\/5"}],"replies":[{"embeddable":true,"href":"https:\/\/businessschool.luiss.it\/governance-relazioni-istituzionali-strumenti-finanziari\/wp-json\/wp\/v2\/comments?post=37"}],"version-history":[{"count":6,"href":"https:\/\/businessschool.luiss.it\/governance-relazioni-istituzionali-strumenti-finanziari\/wp-json\/wp\/v2\/pages\/37\/revisions"}],"predecessor-version":[{"id":120,"href":"https:\/\/businessschool.luiss.it\/governance-relazioni-istituzionali-strumenti-finanziari\/wp-json\/wp\/v2\/pages\/37\/revisions\/120"}],"wp:attachment":[{"href":"https:\/\/businessschool.luiss.it\/governance-relazioni-istituzionali-strumenti-finanziari\/wp-json\/wp\/v2\/media?parent=37"}],"wp:term":[{"taxonomy":"category","embeddable":true,"href":"https:\/\/businessschool.luiss.it\/governance-relazioni-istituzionali-strumenti-finanziari\/wp-json\/wp\/v2\/categories?post=37"},{"taxonomy":"post_tag","embeddable":true,"href":"https:\/\/businessschool.luiss.it\/governance-relazioni-istituzionali-strumenti-finanziari\/wp-json\/wp\/v2\/tags?post=37"},{"taxonomy":"docenti_teaching_area","embeddable":true,"href":"https:\/\/businessschool.luiss.it\/governance-relazioni-istituzionali-strumenti-finanziari\/wp-json\/wp\/v2\/docenti_teaching_area?post=37"},{"taxonomy":"docenti_research_area","embeddable":true,"href":"https:\/\/businessschool.luiss.it\/governance-relazioni-istituzionali-strumenti-finanziari\/wp-json\/wp\/v2\/docenti_research_area?post=37"},{"taxonomy":"tematiche","embeddable":true,"href":"https:\/\/businessschool.luiss.it\/governance-relazioni-istituzionali-strumenti-finanziari\/wp-json\/wp\/v2\/tematiche?post=37"},{"taxonomy":"lingue","embeddable":true,"href":"https:\/\/businessschool.luiss.it\/governance-relazioni-istituzionali-strumenti-finanziari\/wp-json\/wp\/v2\/lingue?post=37"},{"taxonomy":"lunghezza_corsi","embeddable":true,"href":"https:\/\/businessschool.luiss.it\/governance-relazioni-istituzionali-strumenti-finanziari\/wp-json\/wp\/v2\/lunghezza_corsi?post=37"}],"curies":[{"name":"wp","href":"https:\/\/api.w.org\/{rel}","templated":true}]}}